{"id":44721,"date":"2024-02-14T05:20:16","date_gmt":"2024-02-14T04:20:16","guid":{"rendered":"https:\/\/truusk.store\/product\/parasollstall-hopfallbart-portabelt-kan-fyllas-med-upp-till-50-kg-sand-svart\/"},"modified":"2026-03-12T09:23:21","modified_gmt":"2026-03-12T08:23:21","slug":"truusk-parasollstall-hopfallbart-portabelt-kan-fyllas-med-upp-till-50-kg-sand-svart","status":"publish","type":"product","link":"https:\/\/truusk.store\/sv\/produkt\/truusk-parasollstall-hopfallbart-portabelt-kan-fyllas-med-upp-till-50-kg-sand-svart\/","title":{"rendered":"TRUUSK Parasollst\u00e4ll &#8211; Hopf\u00e4llbart &#8211; Portabelt &#8211; Kan Fyllas Med Upp Till 50 Kg Sand &#8211; Svart"},"content":{"rendered":"<p>Detta tv\u00e5delade parasollst\u00e4ll i en praktisk, b\u00e4rbar design \u00e4r alltid d\u00e4r f\u00f6r att tynga ner ditt parasoll och h\u00e5lla det uppr\u00e4tt, \u00e4ven i vind och v\u00e4der. N\u00e4r den inte anv\u00e4nds \u00e4r den liten och l\u00e4tt tills du fyller den med sand att anv\u00e4nda. Med den medf\u00f6ljande spaden och de stora \u00f6ppningarna med kardborre \u00e4r det inga som helst problem att fylla p\u00e5 med sand. Det h\u00f6gkvalitativa 600D oxfordtyget med PVC-bel\u00e4ggning \u00e4r robust och l\u00e4ttsk\u00f6tt och tack vare handtagen \u00e4r placeringen n\u00e4r den \u00e4r fylld ocks\u00e5 mycket enkel.<\/p>\n<h3>Beskrivning:<\/h3>\n<ul>\n<li>3-delat paraplyst\u00e4ll, best\u00e5ende av 2 p\u00e5sar och 1 plastskyffel<\/li>\n<li>Sands\u00e4ck tillverkad av h\u00f6gkvalitativt 600D oxfordtyg med PVC-bel\u00e4ggning: v\u00e4derbest\u00e4ndig och h\u00e5llbar<\/li>\n<li>2 stora \u00f6ppningar med kardborref\u00e4sten f\u00f6r snabb och ren p\u00e5fyllning och t\u00f6mning<\/li>\n<li>Kan fyllas med sand upp till 50 kg<\/li>\n<li>2 sidohandtag f\u00f6r enkel positionering<\/li>\n<li>Vikbar f\u00f6r platsbesparande f\u00f6rvaring<\/li>\n<\/ul>\n<h3>Teknisk data:<\/h3>\n<ul>\n<li>Material: Oxfordduk, PP-plast<\/li>\n<li>Svart f\u00e4rg<\/li>\n<li>\u00d6vergripande m\u00e5tt: L50 x B25 x H18 cm<\/li>\n<li>M\u00e5tt p\u00e5 spaden: L24 x B8 x H6 cm,<\/li>\n<li>Paraplyh\u00e5llarens diameter: 8 cm<\/li>\n<\/ul>\n<h3>Leveransens omfattning:<\/h3>\n<ul>\n<li>1 x 2 st. Paraplyst\u00e4ll<\/li>\n<li>1 x spade<\/li>\n<\/ul>\n","protected":false},"excerpt":{"rendered":"<p>Detta tv\u00e5delade parasollst\u00e4ll i en praktisk, b\u00e4rbar design \u00e4r alltid d\u00e4r f\u00f6r att tynga ner ditt parasoll och h\u00e5lla det&#8230;<\/p>\n","protected":false},"featured_media":44722,"template":"","meta":[],"product_brand":[],"product_cat":[723,472,471,435],"product_tag":[],"class_list":{"0":"post-44721","1":"product","2":"type-product","3":"status-publish","4":"has-post-thumbnail","6":"product_cat-paraplystall","7":"product_cat-parasoller","8":"product_cat-solskydd-integritetsskydd","9":"product_cat-tradgard-och-terrass","11":"first","12":"instock","13":"sale","14":"taxable","15":"shipping-taxable","16":"purchasable","17":"product-type-simple"},"yoast_head":"<!-- This site is optimized with the Yoast SEO plugin v25.4 - https:\/\/yoast.com\/wordpress\/plugins\/seo\/ -->\n<title>TRUUSK Parasollst\u00e4ll - Hopf\u00e4llbart - Portabelt - Kan Fyllas Med Upp Till 50 Kg Sand - Svart - TRUUSK - Hem, Tr\u00e4dg\u00e5rd &amp; Fritid<\/title>\n<meta name=\"robots\" content=\"index, follow, max-snippet:-1, max-image-preview:large, max-video-preview:-1\" \/>\n<link rel=\"canonical\" href=\"https:\/\/truusk.store\/sv\/produkt\/truusk-parasollstall-hopfallbart-portabelt-kan-fyllas-med-upp-till-50-kg-sand-svart\/\" \/>\n<meta property=\"og:locale\" content=\"sv_SE\" \/>\n<meta property=\"og:type\" content=\"article\" \/>\n<meta property=\"og:title\" content=\"TRUUSK Parasollst\u00e4ll - Hopf\u00e4llbart - Portabelt - Kan Fyllas Med Upp Till 50 Kg Sand - Svart - TRUUSK - Hem, Tr\u00e4dg\u00e5rd &amp; Fritid\" \/>\n<meta property=\"og:description\" content=\"Detta tv\u00e5delade parasollst\u00e4ll i en praktisk, b\u00e4rbar design \u00e4r alltid d\u00e4r f\u00f6r att tynga ner ditt parasoll och h\u00e5lla det...\" \/>\n<meta property=\"og:url\" content=\"https:\/\/truusk.store\/sv\/produkt\/truusk-parasollstall-hopfallbart-portabelt-kan-fyllas-med-upp-till-50-kg-sand-svart\/\" \/>\n<meta property=\"og:site_name\" content=\"TRUUSK - Hem, Tr\u00e4dg\u00e5rd &amp; Fritid\" \/>\n<meta property=\"article:modified_time\" content=\"2026-03-12T08:23:21+00:00\" \/>\n<meta property=\"og:image\" content=\"https:\/\/i0.wp.com\/truusk.se\/wp-content\/uploads\/2024\/02\/parasollstall-hopfallbart-portabelt-kan-fyllas-med-upp-till-50-kg-sand-svart.webp?fit=800%2C800&ssl=1\" \/>\n\t<meta property=\"og:image:width\" content=\"800\" \/>\n\t<meta property=\"og:image:height\" content=\"800\" \/>\n\t<meta property=\"og:image:type\" content=\"image\/webp\" \/>\n<meta name=\"twitter:card\" content=\"summary_large_image\" \/>\n<meta name=\"twitter:label1\" content=\"Ber\u00e4knad l\u00e4stid\" \/>\n\t<meta name=\"twitter:data1\" content=\"1 minut\" \/>\n<!-- \/ Yoast SEO plugin. -->","yoast_head_json":{"title":"TRUUSK Parasollst\u00e4ll - Hopf\u00e4llbart - Portabelt - Kan Fyllas Med Upp Till 50 Kg Sand - Svart - TRUUSK - Hem, Tr\u00e4dg\u00e5rd &amp; Fritid","robots":{"index":"index","follow":"follow","max-snippet":"max-snippet:-1","max-image-preview":"max-image-preview:large","max-video-preview":"max-video-preview:-1"},"canonical":"https:\/\/truusk.store\/sv\/produkt\/truusk-parasollstall-hopfallbart-portabelt-kan-fyllas-med-upp-till-50-kg-sand-svart\/","og_locale":"sv_SE","og_type":"article","og_title":"TRUUSK Parasollst\u00e4ll - Hopf\u00e4llbart - Portabelt - Kan Fyllas Med Upp Till 50 Kg Sand - Svart - TRUUSK - Hem, Tr\u00e4dg\u00e5rd &amp; Fritid","og_description":"Detta tv\u00e5delade parasollst\u00e4ll i en praktisk, b\u00e4rbar design \u00e4r alltid d\u00e4r f\u00f6r att tynga ner ditt parasoll och h\u00e5lla det...","og_url":"https:\/\/truusk.store\/sv\/produkt\/truusk-parasollstall-hopfallbart-portabelt-kan-fyllas-med-upp-till-50-kg-sand-svart\/","og_site_name":"TRUUSK - Hem, Tr\u00e4dg\u00e5rd &amp; Fritid","article_modified_time":"2026-03-12T08:23:21+00:00","og_image":[{"width":800,"height":800,"url":"https:\/\/i0.wp.com\/truusk.se\/wp-content\/uploads\/2024\/02\/parasollstall-hopfallbart-portabelt-kan-fyllas-med-upp-till-50-kg-sand-svart.webp?fit=800%2C800&ssl=1","type":"image\/webp"}],"twitter_card":"summary_large_image","twitter_misc":{"Ber\u00e4knad l\u00e4stid":"1 minut"},"schema":{"@context":"https:\/\/schema.org","@graph":[{"@type":"WebPage","@id":"https:\/\/truusk.store\/sv\/produkt\/truusk-parasollstall-hopfallbart-portabelt-kan-fyllas-med-upp-till-50-kg-sand-svart\/","url":"https:\/\/truusk.store\/sv\/produkt\/truusk-parasollstall-hopfallbart-portabelt-kan-fyllas-med-upp-till-50-kg-sand-svart\/","name":"TRUUSK Parasollst\u00e4ll - Hopf\u00e4llbart - Portabelt - Kan Fyllas Med Upp Till 50 Kg Sand - Svart - TRUUSK - Hem, Tr\u00e4dg\u00e5rd &amp; Fritid","isPartOf":{"@id":"https:\/\/truusk.store\/sv\/#website"},"primaryImageOfPage":{"@id":"https:\/\/truusk.store\/sv\/produkt\/truusk-parasollstall-hopfallbart-portabelt-kan-fyllas-med-upp-till-50-kg-sand-svart\/#primaryimage"},"image":{"@id":"https:\/\/truusk.store\/sv\/produkt\/truusk-parasollstall-hopfallbart-portabelt-kan-fyllas-med-upp-till-50-kg-sand-svart\/#primaryimage"},"thumbnailUrl":"https:\/\/i0.wp.com\/truusk.store\/wp-content\/uploads\/2024\/02\/parasollstall-hopfallbart-portabelt-kan-fyllas-med-upp-till-50-kg-sand-svart.webp?fit=800%2C800&ssl=1","datePublished":"2024-02-14T04:20:16+00:00","dateModified":"2026-03-12T08:23:21+00:00","breadcrumb":{"@id":"https:\/\/truusk.store\/sv\/produkt\/truusk-parasollstall-hopfallbart-portabelt-kan-fyllas-med-upp-till-50-kg-sand-svart\/#breadcrumb"},"inLanguage":"sv-SE","potentialAction":[{"@type":"ReadAction","target":["https:\/\/truusk.store\/sv\/produkt\/truusk-parasollstall-hopfallbart-portabelt-kan-fyllas-med-upp-till-50-kg-sand-svart\/"]}]},{"@type":"ImageObject","inLanguage":"sv-SE","@id":"https:\/\/truusk.store\/sv\/produkt\/truusk-parasollstall-hopfallbart-portabelt-kan-fyllas-med-upp-till-50-kg-sand-svart\/#primaryimage","url":"https:\/\/i0.wp.com\/truusk.store\/wp-content\/uploads\/2024\/02\/parasollstall-hopfallbart-portabelt-kan-fyllas-med-upp-till-50-kg-sand-svart.webp?fit=800%2C800&ssl=1","contentUrl":"https:\/\/i0.wp.com\/truusk.store\/wp-content\/uploads\/2024\/02\/parasollstall-hopfallbart-portabelt-kan-fyllas-med-upp-till-50-kg-sand-svart.webp?fit=800%2C800&ssl=1","width":800,"height":800,"caption":"Parasollst\u00e4ll, Hopf\u00e4llbart, Portabelt, Kan Fyllas Med Upp Till 50 Kg Sand, Svart 1"},{"@type":"BreadcrumbList","@id":"https:\/\/truusk.store\/sv\/produkt\/truusk-parasollstall-hopfallbart-portabelt-kan-fyllas-med-upp-till-50-kg-sand-svart\/#breadcrumb","itemListElement":[{"@type":"ListItem","position":1,"name":"Home","item":"https:\/\/truusk.store\/sv\/"},{"@type":"ListItem","position":2,"name":"Shop","item":"https:\/\/truusk.store\/shop\/"},{"@type":"ListItem","position":3,"name":"TRUUSK Parasollst\u00e4ll &#8211; Hopf\u00e4llbart &#8211; Portabelt &#8211; Kan Fyllas Med Upp Till 50 Kg Sand &#8211; Svart"}]},{"@type":"WebSite","@id":"https:\/\/truusk.store\/sv\/#website","url":"https:\/\/truusk.store\/sv\/","name":"TRUUSK - Hem, Tr\u00e4dg\u00e5rd & Fritid","description":"","publisher":{"@id":"https:\/\/truusk.store\/sv\/#organization"},"potentialAction":[{"@type":"SearchAction","target":{"@type":"EntryPoint","urlTemplate":"https:\/\/truusk.store\/sv\/?s={search_term_string}"},"query-input":{"@type":"PropertyValueSpecification","valueRequired":true,"valueName":"search_term_string"}}],"inLanguage":"sv-SE"},{"@type":"Organization","@id":"https:\/\/truusk.store\/sv\/#organization","name":"TRUUSK - Hem, Tr\u00e4dg\u00e5rd & Fritid","url":"https:\/\/truusk.store\/sv\/","logo":{"@type":"ImageObject","inLanguage":"sv-SE","@id":"https:\/\/truusk.store\/sv\/#\/schema\/logo\/image\/","url":"https:\/\/i0.wp.com\/truusk.store\/wp-content\/uploads\/2026\/03\/cropped-TRUUSK.png?fit=2032%2C917&ssl=1","contentUrl":"https:\/\/i0.wp.com\/truusk.store\/wp-content\/uploads\/2026\/03\/cropped-TRUUSK.png?fit=2032%2C917&ssl=1","width":2032,"height":917,"caption":"TRUUSK - Hem, Tr\u00e4dg\u00e5rd & Fritid"},"image":{"@id":"https:\/\/truusk.store\/sv\/#\/schema\/logo\/image\/"}}]}},"jetpack_sharing_enabled":true,"_links":{"self":[{"href":"https:\/\/truusk.store\/sv\/wp-json\/wp\/v2\/product\/44721","targetHints":{"allow":["GET"]}}],"collection":[{"href":"https:\/\/truusk.store\/sv\/wp-json\/wp\/v2\/product"}],"about":[{"href":"https:\/\/truusk.store\/sv\/wp-json\/wp\/v2\/types\/product"}],"wp:featuredmedia":[{"embeddable":true,"href":"https:\/\/truusk.store\/sv\/wp-json\/wp\/v2\/media\/44722"}],"wp:attachment":[{"href":"https:\/\/truusk.store\/sv\/wp-json\/wp\/v2\/media?parent=44721"}],"wp:term":[{"taxonomy":"product_brand","embeddable":true,"href":"https:\/\/truusk.store\/sv\/wp-json\/wp\/v2\/product_brand?post=44721"},{"taxonomy":"product_cat","embeddable":true,"href":"https:\/\/truusk.store\/sv\/wp-json\/wp\/v2\/product_cat?post=44721"},{"taxonomy":"product_tag","embeddable":true,"href":"https:\/\/truusk.store\/sv\/wp-json\/wp\/v2\/product_tag?post=44721"}],"curies":[{"name":"wp","href":"https:\/\/api.w.org\/{rel}","templated":true}]}}