{"id":44731,"date":"2024-02-14T05:20:39","date_gmt":"2024-02-14T04:20:39","guid":{"rendered":"https:\/\/truusk.store\/product\/kattgrotta-katthus-inklusive-lekboll-tvattbar-kudde-355-cm-x-355-cm-x-425-cm\/"},"modified":"2026-03-12T09:23:21","modified_gmt":"2026-03-12T08:23:21","slug":"truusk-kattgrotta-katthus-med-lekboll-tvattbar-kudde-355-x-355-x-425-cm","status":"publish","type":"product","link":"https:\/\/truusk.store\/sv\/produkt\/truusk-kattgrotta-katthus-med-lekboll-tvattbar-kudde-355-x-355-x-425-cm\/","title":{"rendered":"TRUUSK Kattgrotta &#8211; Katthus med Lekboll &#8211; Tv\u00e4ttbar Kudde &#8211; 35,5 x 35,5 x 42,5 cm"},"content":{"rendered":"<p>Ge ditt husdjur ett eget boende med denna s\u00f6ta kattgrotta. Den moderna designen kompletterar din befintliga inredning och kan anv\u00e4ndas i vardagsrum, familjerum, hallar, sovrum eller vilket annat rum som helst i huset. Denna slutna kattgrotta \u00e4r den perfekta tillflyktsorten f\u00f6r din katt att krypa ihop, ta en tupplur och leka. Den mjuka kudden erbjuder ultimat komfort. Dina katter kommer s\u00e4kert att \u00e4lska denna katts\u00e4ng som kombinerar form och funktion.<\/p>\n<h3>Beskrivning:<\/h3>\n<ul>\n<li>Kattgrotta i s\u00f6t design<\/li>\n<li>En mjuk, tv\u00e4ttbar kudde ing\u00e5r f\u00f6r extra komfort.<\/li>\n<li>Kattformad d\u00f6rr med en h\u00e4ngande kula<\/li>\n<li>Handtag f\u00f6r enkel r\u00f6relse<\/li>\n<li>Skrapmatta f\u00f6r kloh\u00e4lsa<\/li>\n<li>Halkskyddande golvmattor skyddar golvet<\/li>\n<li>L\u00e4mplig f\u00f6r katter under 5 kg<\/li>\n<li>Enkel montering<\/li>\n<\/ul>\n<h3>Teknisk data:<\/h3>\n<ul>\n<li>F\u00e4rg: kr\u00e4mvit, gr\u00e5<\/li>\n<li>Material: MDF, linneimitation (100% polyester), plysch, sisal<\/li>\n<li>\u00d6vergripande m\u00e5tt: 35,5W x 35,5W x 42,5H cm<\/li>\n<li>Produktdata inuti: 32L x 32W x 34H cm<\/li>\n<li>Produktdata f\u00f6r d\u00f6rren: 19 cm<\/li>\n<li>Kudde produktdetaljer: 33L x 33W x 1H cm<\/li>\n<li>Produktdata f\u00f6r skrapmattan: 21,5W x 22H cm<\/li>\n<li>Benh\u00f6jd: 5 cm<\/li>\n<\/ul>\n<h3>Leveransens omfattning:<\/h3>\n<ul>\n<li>1 x Katthus<\/li>\n<li>1 x Instruktioner<\/li>\n<\/ul>\n","protected":false},"excerpt":{"rendered":"<p>Ge ditt husdjur ett eget boende med denna s\u00f6ta kattgrotta. Den moderna designen kompletterar din befintliga inredning och kan anv\u00e4ndas&#8230;<\/p>\n","protected":false},"featured_media":44732,"template":"","meta":[],"product_brand":[],"product_cat":[573,590,588],"product_tag":[],"class_list":{"0":"post-44731","1":"product","2":"type-product","3":"status-publish","4":"has-post-thumbnail","6":"product_cat-husdjursmaterial","7":"product_cat-kattgrottor-kattsangar","8":"product_cat-katttillbehor","10":"first","11":"instock","12":"sale","13":"taxable","14":"shipping-taxable","15":"purchasable","16":"product-type-simple"},"yoast_head":"<!-- This site is optimized with the Yoast SEO plugin v25.4 - https:\/\/yoast.com\/wordpress\/plugins\/seo\/ -->\n<title>TRUUSK Kattgrotta - Katthus med Lekboll - Tv\u00e4ttbar Kudde - 35,5 x 35,5 x 42,5 cm - TRUUSK - Hem, Tr\u00e4dg\u00e5rd &amp; Fritid<\/title>\n<meta name=\"robots\" content=\"index, follow, max-snippet:-1, max-image-preview:large, max-video-preview:-1\" \/>\n<link rel=\"canonical\" href=\"https:\/\/truusk.store\/sv\/produkt\/truusk-kattgrotta-katthus-med-lekboll-tvattbar-kudde-355-x-355-x-425-cm\/\" \/>\n<meta property=\"og:locale\" content=\"sv_SE\" \/>\n<meta property=\"og:type\" content=\"article\" \/>\n<meta property=\"og:title\" content=\"TRUUSK Kattgrotta - Katthus med Lekboll - Tv\u00e4ttbar Kudde - 35,5 x 35,5 x 42,5 cm - TRUUSK - Hem, Tr\u00e4dg\u00e5rd &amp; Fritid\" \/>\n<meta property=\"og:description\" content=\"Ge ditt husdjur ett eget boende med denna s\u00f6ta kattgrotta. Den moderna designen kompletterar din befintliga inredning och kan anv\u00e4ndas...\" \/>\n<meta property=\"og:url\" content=\"https:\/\/truusk.store\/sv\/produkt\/truusk-kattgrotta-katthus-med-lekboll-tvattbar-kudde-355-x-355-x-425-cm\/\" \/>\n<meta property=\"og:site_name\" content=\"TRUUSK - Hem, Tr\u00e4dg\u00e5rd &amp; Fritid\" \/>\n<meta property=\"article:modified_time\" content=\"2026-03-12T08:23:21+00:00\" \/>\n<meta property=\"og:image\" content=\"https:\/\/i0.wp.com\/truusk.se\/wp-content\/uploads\/2024\/02\/kattgrotta-katthus-inklusive-lekboll-tvattbar-kudde-355-cm-x-355-cm-x-425-cm.webp?fit=800%2C800&ssl=1\" \/>\n\t<meta property=\"og:image:width\" content=\"800\" \/>\n\t<meta property=\"og:image:height\" content=\"800\" \/>\n\t<meta property=\"og:image:type\" content=\"image\/webp\" \/>\n<meta name=\"twitter:card\" content=\"summary_large_image\" \/>\n<meta name=\"twitter:label1\" content=\"Ber\u00e4knad l\u00e4stid\" \/>\n\t<meta name=\"twitter:data1\" content=\"1 minut\" \/>\n<!-- \/ Yoast SEO plugin. -->","yoast_head_json":{"title":"TRUUSK Kattgrotta - Katthus med Lekboll - Tv\u00e4ttbar Kudde - 35,5 x 35,5 x 42,5 cm - TRUUSK - Hem, Tr\u00e4dg\u00e5rd &amp; Fritid","robots":{"index":"index","follow":"follow","max-snippet":"max-snippet:-1","max-image-preview":"max-image-preview:large","max-video-preview":"max-video-preview:-1"},"canonical":"https:\/\/truusk.store\/sv\/produkt\/truusk-kattgrotta-katthus-med-lekboll-tvattbar-kudde-355-x-355-x-425-cm\/","og_locale":"sv_SE","og_type":"article","og_title":"TRUUSK Kattgrotta - Katthus med Lekboll - Tv\u00e4ttbar Kudde - 35,5 x 35,5 x 42,5 cm - TRUUSK - Hem, Tr\u00e4dg\u00e5rd &amp; Fritid","og_description":"Ge ditt husdjur ett eget boende med denna s\u00f6ta kattgrotta. Den moderna designen kompletterar din befintliga inredning och kan anv\u00e4ndas...","og_url":"https:\/\/truusk.store\/sv\/produkt\/truusk-kattgrotta-katthus-med-lekboll-tvattbar-kudde-355-x-355-x-425-cm\/","og_site_name":"TRUUSK - Hem, Tr\u00e4dg\u00e5rd &amp; Fritid","article_modified_time":"2026-03-12T08:23:21+00:00","og_image":[{"width":800,"height":800,"url":"https:\/\/i0.wp.com\/truusk.se\/wp-content\/uploads\/2024\/02\/kattgrotta-katthus-inklusive-lekboll-tvattbar-kudde-355-cm-x-355-cm-x-425-cm.webp?fit=800%2C800&ssl=1","type":"image\/webp"}],"twitter_card":"summary_large_image","twitter_misc":{"Ber\u00e4knad l\u00e4stid":"1 minut"},"schema":{"@context":"https:\/\/schema.org","@graph":[{"@type":"WebPage","@id":"https:\/\/truusk.store\/sv\/produkt\/truusk-kattgrotta-katthus-med-lekboll-tvattbar-kudde-355-x-355-x-425-cm\/","url":"https:\/\/truusk.store\/sv\/produkt\/truusk-kattgrotta-katthus-med-lekboll-tvattbar-kudde-355-x-355-x-425-cm\/","name":"TRUUSK Kattgrotta - Katthus med Lekboll - Tv\u00e4ttbar Kudde - 35,5 x 35,5 x 42,5 cm - TRUUSK - Hem, Tr\u00e4dg\u00e5rd &amp; Fritid","isPartOf":{"@id":"https:\/\/truusk.store\/sv\/#website"},"primaryImageOfPage":{"@id":"https:\/\/truusk.store\/sv\/produkt\/truusk-kattgrotta-katthus-med-lekboll-tvattbar-kudde-355-x-355-x-425-cm\/#primaryimage"},"image":{"@id":"https:\/\/truusk.store\/sv\/produkt\/truusk-kattgrotta-katthus-med-lekboll-tvattbar-kudde-355-x-355-x-425-cm\/#primaryimage"},"thumbnailUrl":"https:\/\/i0.wp.com\/truusk.store\/wp-content\/uploads\/2024\/02\/kattgrotta-katthus-inklusive-lekboll-tvattbar-kudde-355-cm-x-355-cm-x-425-cm.webp?fit=800%2C800&ssl=1","datePublished":"2024-02-14T04:20:39+00:00","dateModified":"2026-03-12T08:23:21+00:00","breadcrumb":{"@id":"https:\/\/truusk.store\/sv\/produkt\/truusk-kattgrotta-katthus-med-lekboll-tvattbar-kudde-355-x-355-x-425-cm\/#breadcrumb"},"inLanguage":"sv-SE","potentialAction":[{"@type":"ReadAction","target":["https:\/\/truusk.store\/sv\/produkt\/truusk-kattgrotta-katthus-med-lekboll-tvattbar-kudde-355-x-355-x-425-cm\/"]}]},{"@type":"ImageObject","inLanguage":"sv-SE","@id":"https:\/\/truusk.store\/sv\/produkt\/truusk-kattgrotta-katthus-med-lekboll-tvattbar-kudde-355-x-355-x-425-cm\/#primaryimage","url":"https:\/\/i0.wp.com\/truusk.store\/wp-content\/uploads\/2024\/02\/kattgrotta-katthus-inklusive-lekboll-tvattbar-kudde-355-cm-x-355-cm-x-425-cm.webp?fit=800%2C800&ssl=1","contentUrl":"https:\/\/i0.wp.com\/truusk.store\/wp-content\/uploads\/2024\/02\/kattgrotta-katthus-inklusive-lekboll-tvattbar-kudde-355-cm-x-355-cm-x-425-cm.webp?fit=800%2C800&ssl=1","width":800,"height":800,"caption":"Kattgrotta, Katthus, Inklusive Lekboll, Tv\u00e4ttbar Kudde, 35,5 Cm X 35,5 Cm X 42,5 Cm 1"},{"@type":"BreadcrumbList","@id":"https:\/\/truusk.store\/sv\/produkt\/truusk-kattgrotta-katthus-med-lekboll-tvattbar-kudde-355-x-355-x-425-cm\/#breadcrumb","itemListElement":[{"@type":"ListItem","position":1,"name":"Home","item":"https:\/\/truusk.store\/sv\/"},{"@type":"ListItem","position":2,"name":"Shop","item":"https:\/\/truusk.store\/shop\/"},{"@type":"ListItem","position":3,"name":"TRUUSK Kattgrotta &#8211; Katthus med Lekboll &#8211; Tv\u00e4ttbar Kudde &#8211; 35,5 x 35,5 x 42,5 cm"}]},{"@type":"WebSite","@id":"https:\/\/truusk.store\/sv\/#website","url":"https:\/\/truusk.store\/sv\/","name":"TRUUSK - Hem, Tr\u00e4dg\u00e5rd & Fritid","description":"","publisher":{"@id":"https:\/\/truusk.store\/sv\/#organization"},"potentialAction":[{"@type":"SearchAction","target":{"@type":"EntryPoint","urlTemplate":"https:\/\/truusk.store\/sv\/?s={search_term_string}"},"query-input":{"@type":"PropertyValueSpecification","valueRequired":true,"valueName":"search_term_string"}}],"inLanguage":"sv-SE"},{"@type":"Organization","@id":"https:\/\/truusk.store\/sv\/#organization","name":"TRUUSK - Hem, Tr\u00e4dg\u00e5rd & Fritid","url":"https:\/\/truusk.store\/sv\/","logo":{"@type":"ImageObject","inLanguage":"sv-SE","@id":"https:\/\/truusk.store\/sv\/#\/schema\/logo\/image\/","url":"https:\/\/i0.wp.com\/truusk.store\/wp-content\/uploads\/2026\/03\/cropped-TRUUSK.png?fit=2032%2C917&ssl=1","contentUrl":"https:\/\/i0.wp.com\/truusk.store\/wp-content\/uploads\/2026\/03\/cropped-TRUUSK.png?fit=2032%2C917&ssl=1","width":2032,"height":917,"caption":"TRUUSK - Hem, Tr\u00e4dg\u00e5rd & Fritid"},"image":{"@id":"https:\/\/truusk.store\/sv\/#\/schema\/logo\/image\/"}}]}},"jetpack_sharing_enabled":true,"_links":{"self":[{"href":"https:\/\/truusk.store\/sv\/wp-json\/wp\/v2\/product\/44731","targetHints":{"allow":["GET"]}}],"collection":[{"href":"https:\/\/truusk.store\/sv\/wp-json\/wp\/v2\/product"}],"about":[{"href":"https:\/\/truusk.store\/sv\/wp-json\/wp\/v2\/types\/product"}],"wp:featuredmedia":[{"embeddable":true,"href":"https:\/\/truusk.store\/sv\/wp-json\/wp\/v2\/media\/44732"}],"wp:attachment":[{"href":"https:\/\/truusk.store\/sv\/wp-json\/wp\/v2\/media?parent=44731"}],"wp:term":[{"taxonomy":"product_brand","embeddable":true,"href":"https:\/\/truusk.store\/sv\/wp-json\/wp\/v2\/product_brand?post=44731"},{"taxonomy":"product_cat","embeddable":true,"href":"https:\/\/truusk.store\/sv\/wp-json\/wp\/v2\/product_cat?post=44731"},{"taxonomy":"product_tag","embeddable":true,"href":"https:\/\/truusk.store\/sv\/wp-json\/wp\/v2\/product_tag?post=44731"}],"curies":[{"name":"wp","href":"https:\/\/api.w.org\/{rel}","templated":true}]}}