{"id":44761,"date":"2024-02-14T05:21:44","date_gmt":"2024-02-14T04:21:44","guid":{"rendered":"https:\/\/truusk.store\/product\/katthus-med-skrapyta-inklusive-lekboll-kattgrotta-65-cm-x-41-cm-x-455h-cm-brun-vit-beige\/"},"modified":"2026-03-12T09:23:22","modified_gmt":"2026-03-12T08:23:22","slug":"truusk-katthus-med-skrapyta-lekboll-ingar-kattgrotta-65-cm-x-41-cm-x-455-cm-brun-vit-beige","status":"publish","type":"product","link":"https:\/\/truusk.store\/sv\/produkt\/truusk-katthus-med-skrapyta-lekboll-ingar-kattgrotta-65-cm-x-41-cm-x-455-cm-brun-vit-beige\/","title":{"rendered":"TRUUSK Katthus med Skrapyta &#8211; Lekboll ing\u00e5r &#8211; Kattgrotta &#8211; 65 cm x 41 cm x 45,5 cm &#8211; Brun\/Vit\/Beige"},"content":{"rendered":"<p>Ge ditt husdjur ett eget boende med detta katthus. Den moderna designen kompletterar din befintliga inredning och kan anv\u00e4ndas i vardagsrum, hallar, sovrum eller vilket annat rum som helst i huset. Detta skyddade g\u00f6mst\u00e4lle \u00e4r den idealiska platsen f\u00f6r kattungar att krypa ihop, sova och leka. Den mjuka, tv\u00e4ttbara kudden garanterar ultimat komfort. Katter kommer s\u00e4kert att \u00e4lska detta katthus, som kombinerar design och funktionalitet.<\/p>\n<h3>Beskrivning:<\/h3>\n<ul>\n<li>Den s\u00f6ta designen kompletterar din heminredning<\/li>\n<li>En mjuk, tv\u00e4ttbar kudde ing\u00e5r f\u00f6r extra komfort.<\/li>\n<li>Tv\u00e5 d\u00f6rrar, den kattformade luckan har en h\u00e4ngkula<\/li>\n<li>Skrapmatta f\u00f6r kloh\u00e4lsa<\/li>\n<li>L\u00e4mplig f\u00f6r katter under 5 kg<\/li>\n<li>Enkel montering kr\u00e4vs<\/li>\n<\/ul>\n<h3>Teknisk data:<\/h3>\n<ul>\n<li>F\u00e4rg: gr\u00e5, gr\u00e4ddvit<\/li>\n<li>Material: MDF, linneimitation, plysch, sisal<\/li>\n<li>\u00d6vergripande m\u00e5tt: 65L x 41W x 45,5H cm (inklusive takfot)<\/li>\n<li>Produktdata inuti: 59L x 34,5W x 44H cm<\/li>\n<li>D\u00f6rrproduktdetaljer: B\u00f6jd: 19W x 20H cm, Kattform: 20 cm<\/li>\n<li>Kudde produktspecifikationer: 60,5L x 35W x 1H cm<\/li>\n<li>Produktdata skrapmatta: 20,5W x 21H cm<\/li>\n<\/ul>\n<h3>Leveransens omfattning:<\/h3>\n<ul>\n<li>1 x Katthus<\/li>\n<li>1 x Instruktioner<\/li>\n<\/ul>\n","protected":false},"excerpt":{"rendered":"<p>Ge ditt husdjur ett eget boende med detta katthus. Den moderna designen kompletterar din befintliga inredning och kan anv\u00e4ndas i&#8230;<\/p>\n","protected":false},"featured_media":44762,"template":"","meta":[],"product_brand":[],"product_cat":[573,590,588],"product_tag":[],"class_list":{"0":"post-44761","1":"product","2":"type-product","3":"status-publish","4":"has-post-thumbnail","6":"product_cat-husdjursmaterial","7":"product_cat-kattgrottor-kattsangar","8":"product_cat-katttillbehor","10":"first","11":"instock","12":"sale","13":"taxable","14":"shipping-taxable","15":"purchasable","16":"product-type-simple"},"yoast_head":"<!-- This site is optimized with the Yoast SEO plugin v25.4 - https:\/\/yoast.com\/wordpress\/plugins\/seo\/ -->\n<title>TRUUSK Katthus med Skrapyta - Lekboll ing\u00e5r - Kattgrotta - 65 cm x 41 cm x 45,5 cm - Brun\/Vit\/Beige - TRUUSK - Hem, Tr\u00e4dg\u00e5rd &amp; Fritid<\/title>\n<meta name=\"robots\" content=\"index, follow, max-snippet:-1, max-image-preview:large, max-video-preview:-1\" \/>\n<link rel=\"canonical\" href=\"https:\/\/truusk.store\/sv\/produkt\/truusk-katthus-med-skrapyta-lekboll-ingar-kattgrotta-65-cm-x-41-cm-x-455-cm-brun-vit-beige\/\" \/>\n<meta property=\"og:locale\" content=\"sv_SE\" \/>\n<meta property=\"og:type\" content=\"article\" \/>\n<meta property=\"og:title\" content=\"TRUUSK Katthus med Skrapyta - Lekboll ing\u00e5r - Kattgrotta - 65 cm x 41 cm x 45,5 cm - Brun\/Vit\/Beige - TRUUSK - Hem, Tr\u00e4dg\u00e5rd &amp; Fritid\" \/>\n<meta property=\"og:description\" content=\"Ge ditt husdjur ett eget boende med detta katthus. Den moderna designen kompletterar din befintliga inredning och kan anv\u00e4ndas i...\" \/>\n<meta property=\"og:url\" content=\"https:\/\/truusk.store\/sv\/produkt\/truusk-katthus-med-skrapyta-lekboll-ingar-kattgrotta-65-cm-x-41-cm-x-455-cm-brun-vit-beige\/\" \/>\n<meta property=\"og:site_name\" content=\"TRUUSK - Hem, Tr\u00e4dg\u00e5rd &amp; Fritid\" \/>\n<meta property=\"article:modified_time\" content=\"2026-03-12T08:23:22+00:00\" \/>\n<meta property=\"og:image\" content=\"https:\/\/i0.wp.com\/truusk.se\/wp-content\/uploads\/2024\/02\/katthus-med-skrapyta-inklusive-lekboll-kattgrotta-65-cm-x-41-cm-x-455h-cm-brun-vit-beige.webp?fit=800%2C800&ssl=1\" \/>\n\t<meta property=\"og:image:width\" content=\"800\" \/>\n\t<meta property=\"og:image:height\" content=\"800\" \/>\n\t<meta property=\"og:image:type\" content=\"image\/webp\" \/>\n<meta name=\"twitter:card\" content=\"summary_large_image\" \/>\n<meta name=\"twitter:label1\" content=\"Ber\u00e4knad l\u00e4stid\" \/>\n\t<meta name=\"twitter:data1\" content=\"1 minut\" \/>\n<!-- \/ Yoast SEO plugin. -->","yoast_head_json":{"title":"TRUUSK Katthus med Skrapyta - Lekboll ing\u00e5r - Kattgrotta - 65 cm x 41 cm x 45,5 cm - Brun\/Vit\/Beige - TRUUSK - Hem, Tr\u00e4dg\u00e5rd &amp; Fritid","robots":{"index":"index","follow":"follow","max-snippet":"max-snippet:-1","max-image-preview":"max-image-preview:large","max-video-preview":"max-video-preview:-1"},"canonical":"https:\/\/truusk.store\/sv\/produkt\/truusk-katthus-med-skrapyta-lekboll-ingar-kattgrotta-65-cm-x-41-cm-x-455-cm-brun-vit-beige\/","og_locale":"sv_SE","og_type":"article","og_title":"TRUUSK Katthus med Skrapyta - Lekboll ing\u00e5r - Kattgrotta - 65 cm x 41 cm x 45,5 cm - Brun\/Vit\/Beige - TRUUSK - Hem, Tr\u00e4dg\u00e5rd &amp; Fritid","og_description":"Ge ditt husdjur ett eget boende med detta katthus. Den moderna designen kompletterar din befintliga inredning och kan anv\u00e4ndas i...","og_url":"https:\/\/truusk.store\/sv\/produkt\/truusk-katthus-med-skrapyta-lekboll-ingar-kattgrotta-65-cm-x-41-cm-x-455-cm-brun-vit-beige\/","og_site_name":"TRUUSK - Hem, Tr\u00e4dg\u00e5rd &amp; Fritid","article_modified_time":"2026-03-12T08:23:22+00:00","og_image":[{"width":800,"height":800,"url":"https:\/\/i0.wp.com\/truusk.se\/wp-content\/uploads\/2024\/02\/katthus-med-skrapyta-inklusive-lekboll-kattgrotta-65-cm-x-41-cm-x-455h-cm-brun-vit-beige.webp?fit=800%2C800&ssl=1","type":"image\/webp"}],"twitter_card":"summary_large_image","twitter_misc":{"Ber\u00e4knad l\u00e4stid":"1 minut"},"schema":{"@context":"https:\/\/schema.org","@graph":[{"@type":"WebPage","@id":"https:\/\/truusk.store\/sv\/produkt\/truusk-katthus-med-skrapyta-lekboll-ingar-kattgrotta-65-cm-x-41-cm-x-455-cm-brun-vit-beige\/","url":"https:\/\/truusk.store\/sv\/produkt\/truusk-katthus-med-skrapyta-lekboll-ingar-kattgrotta-65-cm-x-41-cm-x-455-cm-brun-vit-beige\/","name":"TRUUSK Katthus med Skrapyta - Lekboll ing\u00e5r - Kattgrotta - 65 cm x 41 cm x 45,5 cm - Brun\/Vit\/Beige - TRUUSK - Hem, Tr\u00e4dg\u00e5rd &amp; Fritid","isPartOf":{"@id":"https:\/\/truusk.store\/sv\/#website"},"primaryImageOfPage":{"@id":"https:\/\/truusk.store\/sv\/produkt\/truusk-katthus-med-skrapyta-lekboll-ingar-kattgrotta-65-cm-x-41-cm-x-455-cm-brun-vit-beige\/#primaryimage"},"image":{"@id":"https:\/\/truusk.store\/sv\/produkt\/truusk-katthus-med-skrapyta-lekboll-ingar-kattgrotta-65-cm-x-41-cm-x-455-cm-brun-vit-beige\/#primaryimage"},"thumbnailUrl":"https:\/\/i0.wp.com\/truusk.store\/wp-content\/uploads\/2024\/02\/katthus-med-skrapyta-inklusive-lekboll-kattgrotta-65-cm-x-41-cm-x-455h-cm-brun-vit-beige.webp?fit=800%2C800&ssl=1","datePublished":"2024-02-14T04:21:44+00:00","dateModified":"2026-03-12T08:23:22+00:00","breadcrumb":{"@id":"https:\/\/truusk.store\/sv\/produkt\/truusk-katthus-med-skrapyta-lekboll-ingar-kattgrotta-65-cm-x-41-cm-x-455-cm-brun-vit-beige\/#breadcrumb"},"inLanguage":"sv-SE","potentialAction":[{"@type":"ReadAction","target":["https:\/\/truusk.store\/sv\/produkt\/truusk-katthus-med-skrapyta-lekboll-ingar-kattgrotta-65-cm-x-41-cm-x-455-cm-brun-vit-beige\/"]}]},{"@type":"ImageObject","inLanguage":"sv-SE","@id":"https:\/\/truusk.store\/sv\/produkt\/truusk-katthus-med-skrapyta-lekboll-ingar-kattgrotta-65-cm-x-41-cm-x-455-cm-brun-vit-beige\/#primaryimage","url":"https:\/\/i0.wp.com\/truusk.store\/wp-content\/uploads\/2024\/02\/katthus-med-skrapyta-inklusive-lekboll-kattgrotta-65-cm-x-41-cm-x-455h-cm-brun-vit-beige.webp?fit=800%2C800&ssl=1","contentUrl":"https:\/\/i0.wp.com\/truusk.store\/wp-content\/uploads\/2024\/02\/katthus-med-skrapyta-inklusive-lekboll-kattgrotta-65-cm-x-41-cm-x-455h-cm-brun-vit-beige.webp?fit=800%2C800&ssl=1","width":800,"height":800,"caption":"Katthus Med Skrapyta, Inklusive Lekboll, Kattgrotta, 65 Cm X 41 Cm X 45,5H Cm, Brun + Vit + Beige 1"},{"@type":"BreadcrumbList","@id":"https:\/\/truusk.store\/sv\/produkt\/truusk-katthus-med-skrapyta-lekboll-ingar-kattgrotta-65-cm-x-41-cm-x-455-cm-brun-vit-beige\/#breadcrumb","itemListElement":[{"@type":"ListItem","position":1,"name":"Home","item":"https:\/\/truusk.store\/sv\/"},{"@type":"ListItem","position":2,"name":"Shop","item":"https:\/\/truusk.store\/shop\/"},{"@type":"ListItem","position":3,"name":"TRUUSK Katthus med Skrapyta &#8211; Lekboll ing\u00e5r &#8211; Kattgrotta &#8211; 65 cm x 41 cm x 45,5 cm &#8211; Brun\/Vit\/Beige"}]},{"@type":"WebSite","@id":"https:\/\/truusk.store\/sv\/#website","url":"https:\/\/truusk.store\/sv\/","name":"TRUUSK - Hem, Tr\u00e4dg\u00e5rd & Fritid","description":"","publisher":{"@id":"https:\/\/truusk.store\/sv\/#organization"},"potentialAction":[{"@type":"SearchAction","target":{"@type":"EntryPoint","urlTemplate":"https:\/\/truusk.store\/sv\/?s={search_term_string}"},"query-input":{"@type":"PropertyValueSpecification","valueRequired":true,"valueName":"search_term_string"}}],"inLanguage":"sv-SE"},{"@type":"Organization","@id":"https:\/\/truusk.store\/sv\/#organization","name":"TRUUSK - Hem, Tr\u00e4dg\u00e5rd & Fritid","url":"https:\/\/truusk.store\/sv\/","logo":{"@type":"ImageObject","inLanguage":"sv-SE","@id":"https:\/\/truusk.store\/sv\/#\/schema\/logo\/image\/","url":"https:\/\/i0.wp.com\/truusk.store\/wp-content\/uploads\/2026\/03\/cropped-TRUUSK.png?fit=2032%2C917&ssl=1","contentUrl":"https:\/\/i0.wp.com\/truusk.store\/wp-content\/uploads\/2026\/03\/cropped-TRUUSK.png?fit=2032%2C917&ssl=1","width":2032,"height":917,"caption":"TRUUSK - Hem, Tr\u00e4dg\u00e5rd & Fritid"},"image":{"@id":"https:\/\/truusk.store\/sv\/#\/schema\/logo\/image\/"}}]}},"jetpack_sharing_enabled":true,"_links":{"self":[{"href":"https:\/\/truusk.store\/sv\/wp-json\/wp\/v2\/product\/44761","targetHints":{"allow":["GET"]}}],"collection":[{"href":"https:\/\/truusk.store\/sv\/wp-json\/wp\/v2\/product"}],"about":[{"href":"https:\/\/truusk.store\/sv\/wp-json\/wp\/v2\/types\/product"}],"wp:featuredmedia":[{"embeddable":true,"href":"https:\/\/truusk.store\/sv\/wp-json\/wp\/v2\/media\/44762"}],"wp:attachment":[{"href":"https:\/\/truusk.store\/sv\/wp-json\/wp\/v2\/media?parent=44761"}],"wp:term":[{"taxonomy":"product_brand","embeddable":true,"href":"https:\/\/truusk.store\/sv\/wp-json\/wp\/v2\/product_brand?post=44761"},{"taxonomy":"product_cat","embeddable":true,"href":"https:\/\/truusk.store\/sv\/wp-json\/wp\/v2\/product_cat?post=44761"},{"taxonomy":"product_tag","embeddable":true,"href":"https:\/\/truusk.store\/sv\/wp-json\/wp\/v2\/product_tag?post=44761"}],"curies":[{"name":"wp","href":"https:\/\/api.w.org\/{rel}","templated":true}]}}