{"id":44771,"date":"2024-02-14T05:22:04","date_gmt":"2024-02-14T04:22:04","guid":{"rendered":"https:\/\/truusk.store\/product\/bordsbenset-2-stalben-72-x-60-cm-forborrade-hal-industriell-design-stal-svart\/"},"modified":"2026-03-12T09:23:23","modified_gmt":"2026-03-12T08:23:23","slug":"truusk-bordsbenset-2-stalben-72-x-60-cm-forborrade-hal-industriell-design-stal-svart","status":"publish","type":"product","link":"https:\/\/truusk.store\/sv\/produkt\/truusk-bordsbenset-2-stalben-72-x-60-cm-forborrade-hal-industriell-design-stal-svart\/","title":{"rendered":"TRUUSK Bordsbenset &#8211; 2 St\u00e5lben &#8211; 72 X 60 cm &#8211; F\u00f6rborrade H\u00e5l &#8211; Industriell Design &#8211; St\u00e5l &#8211; Svart"},"content":{"rendered":"<p>F\u00f6rvandla ditt gamla bord till ett konstverk med v\u00e5ra m\u00e5ngsidiga bordsben av robust st\u00e5l! Med sin industriella stil tillf\u00f6r de det lilla extra till alla rum och erbjuder oslagbar h\u00e5llbarhet och stabilitet f\u00f6r ditt favoritbord. Enkel montering s\u00e4kerst\u00e4ller snabb omvandling och ett sofistikerat utseende. Med dessa ben kan du skapa en stilfull och funktionell milj\u00f6 samtidigt som du f\u00f6rst\u00e4rker din \u00e4lskade gamla m\u00f6bel p\u00e5 ett sofistikerat s\u00e4tt.<\/p>\n<h3>Beskrivning:<\/h3>\n<ul>\n<li>Tydliga linjer med svart finish p\u00e5minner om industriell design<\/li>\n<li>M\u00e5lad st\u00e5lram som rymmer upp till 60kg<\/li>\n<li>4 golvskydd p\u00e5 undersidan skyddar ditt golv fr\u00e5n skador<\/li>\n<li>Idealisk f\u00f6r matbord, konsoler, skrivbord och bardiskar<\/li>\n<li>F\u00f6rborrade h\u00e5l f\u00f6r snabb montering<\/li>\n<\/ul>\n<h3>Teknisk data:<\/h3>\n<ul>\n<li>Svart f\u00e4rg<\/li>\n<li>Material: st\u00e5l<\/li>\n<li>\u00d6vergripande m\u00e5tt: 60L x 8W x 72H cm<\/li>\n<li>Lastkapacitet: 60 kg<\/li>\n<\/ul>\n<h3>Leveransens omfattning:<\/h3>\n<ul>\n<li>2 x bordsben<\/li>\n<li>1 x monteringssats<\/li>\n<li>4 x Golvskydd<\/li>\n<li>1 x manuell<\/li>\n<\/ul>\n","protected":false},"excerpt":{"rendered":"<p>F\u00f6rvandla ditt gamla bord till ett konstverk med v\u00e5ra m\u00e5ngsidiga bordsben av robust st\u00e5l! Med sin industriella stil tillf\u00f6r de&#8230;<\/p>\n","protected":false},"featured_media":44772,"template":"","meta":[],"product_brand":[],"product_cat":[485,501],"product_tag":[],"class_list":{"0":"post-44771","1":"product","2":"type-product","3":"status-publish","4":"has-post-thumbnail","6":"product_cat-hus-bo","7":"product_cat-tabeller","9":"first","10":"instock","11":"sale","12":"taxable","13":"shipping-taxable","14":"purchasable","15":"product-type-simple"},"yoast_head":"<!-- This site is optimized with the Yoast SEO plugin v25.4 - https:\/\/yoast.com\/wordpress\/plugins\/seo\/ -->\n<title>TRUUSK Bordsbenset - 2 St\u00e5lben - 72 X 60 cm - F\u00f6rborrade H\u00e5l - Industriell Design - St\u00e5l - Svart - TRUUSK - Hem, Tr\u00e4dg\u00e5rd &amp; Fritid<\/title>\n<meta name=\"robots\" content=\"index, follow, max-snippet:-1, max-image-preview:large, max-video-preview:-1\" \/>\n<link rel=\"canonical\" href=\"https:\/\/truusk.store\/sv\/produkt\/truusk-bordsbenset-2-stalben-72-x-60-cm-forborrade-hal-industriell-design-stal-svart\/\" \/>\n<meta property=\"og:locale\" content=\"sv_SE\" \/>\n<meta property=\"og:type\" content=\"article\" \/>\n<meta property=\"og:title\" content=\"TRUUSK Bordsbenset - 2 St\u00e5lben - 72 X 60 cm - F\u00f6rborrade H\u00e5l - Industriell Design - St\u00e5l - Svart - TRUUSK - Hem, Tr\u00e4dg\u00e5rd &amp; Fritid\" \/>\n<meta property=\"og:description\" content=\"F\u00f6rvandla ditt gamla bord till ett konstverk med v\u00e5ra m\u00e5ngsidiga bordsben av robust st\u00e5l! Med sin industriella stil tillf\u00f6r de...\" \/>\n<meta property=\"og:url\" content=\"https:\/\/truusk.store\/sv\/produkt\/truusk-bordsbenset-2-stalben-72-x-60-cm-forborrade-hal-industriell-design-stal-svart\/\" \/>\n<meta property=\"og:site_name\" content=\"TRUUSK - Hem, Tr\u00e4dg\u00e5rd &amp; Fritid\" \/>\n<meta property=\"article:modified_time\" content=\"2026-03-12T08:23:23+00:00\" \/>\n<meta property=\"og:image\" content=\"https:\/\/i0.wp.com\/truusk.se\/wp-content\/uploads\/2024\/02\/bordsbenset-2-stalben-72-x-60-cm-forborrade-hal-industriell-design-stal-svart.webp?fit=800%2C800&ssl=1\" \/>\n\t<meta property=\"og:image:width\" content=\"800\" \/>\n\t<meta property=\"og:image:height\" content=\"800\" \/>\n\t<meta property=\"og:image:type\" content=\"image\/webp\" \/>\n<meta name=\"twitter:card\" content=\"summary_large_image\" \/>\n<meta name=\"twitter:label1\" content=\"Ber\u00e4knad l\u00e4stid\" \/>\n\t<meta name=\"twitter:data1\" content=\"1 minut\" \/>\n<!-- \/ Yoast SEO plugin. -->","yoast_head_json":{"title":"TRUUSK Bordsbenset - 2 St\u00e5lben - 72 X 60 cm - F\u00f6rborrade H\u00e5l - Industriell Design - St\u00e5l - Svart - TRUUSK - Hem, Tr\u00e4dg\u00e5rd &amp; Fritid","robots":{"index":"index","follow":"follow","max-snippet":"max-snippet:-1","max-image-preview":"max-image-preview:large","max-video-preview":"max-video-preview:-1"},"canonical":"https:\/\/truusk.store\/sv\/produkt\/truusk-bordsbenset-2-stalben-72-x-60-cm-forborrade-hal-industriell-design-stal-svart\/","og_locale":"sv_SE","og_type":"article","og_title":"TRUUSK Bordsbenset - 2 St\u00e5lben - 72 X 60 cm - F\u00f6rborrade H\u00e5l - Industriell Design - St\u00e5l - Svart - TRUUSK - Hem, Tr\u00e4dg\u00e5rd &amp; Fritid","og_description":"F\u00f6rvandla ditt gamla bord till ett konstverk med v\u00e5ra m\u00e5ngsidiga bordsben av robust st\u00e5l! Med sin industriella stil tillf\u00f6r de...","og_url":"https:\/\/truusk.store\/sv\/produkt\/truusk-bordsbenset-2-stalben-72-x-60-cm-forborrade-hal-industriell-design-stal-svart\/","og_site_name":"TRUUSK - Hem, Tr\u00e4dg\u00e5rd &amp; Fritid","article_modified_time":"2026-03-12T08:23:23+00:00","og_image":[{"width":800,"height":800,"url":"https:\/\/i0.wp.com\/truusk.se\/wp-content\/uploads\/2024\/02\/bordsbenset-2-stalben-72-x-60-cm-forborrade-hal-industriell-design-stal-svart.webp?fit=800%2C800&ssl=1","type":"image\/webp"}],"twitter_card":"summary_large_image","twitter_misc":{"Ber\u00e4knad l\u00e4stid":"1 minut"},"schema":{"@context":"https:\/\/schema.org","@graph":[{"@type":"WebPage","@id":"https:\/\/truusk.store\/sv\/produkt\/truusk-bordsbenset-2-stalben-72-x-60-cm-forborrade-hal-industriell-design-stal-svart\/","url":"https:\/\/truusk.store\/sv\/produkt\/truusk-bordsbenset-2-stalben-72-x-60-cm-forborrade-hal-industriell-design-stal-svart\/","name":"TRUUSK Bordsbenset - 2 St\u00e5lben - 72 X 60 cm - F\u00f6rborrade H\u00e5l - Industriell Design - St\u00e5l - Svart - TRUUSK - Hem, Tr\u00e4dg\u00e5rd &amp; Fritid","isPartOf":{"@id":"https:\/\/truusk.store\/sv\/#website"},"primaryImageOfPage":{"@id":"https:\/\/truusk.store\/sv\/produkt\/truusk-bordsbenset-2-stalben-72-x-60-cm-forborrade-hal-industriell-design-stal-svart\/#primaryimage"},"image":{"@id":"https:\/\/truusk.store\/sv\/produkt\/truusk-bordsbenset-2-stalben-72-x-60-cm-forborrade-hal-industriell-design-stal-svart\/#primaryimage"},"thumbnailUrl":"https:\/\/i0.wp.com\/truusk.store\/wp-content\/uploads\/2024\/02\/bordsbenset-2-stalben-72-x-60-cm-forborrade-hal-industriell-design-stal-svart.webp?fit=800%2C800&ssl=1","datePublished":"2024-02-14T04:22:04+00:00","dateModified":"2026-03-12T08:23:23+00:00","breadcrumb":{"@id":"https:\/\/truusk.store\/sv\/produkt\/truusk-bordsbenset-2-stalben-72-x-60-cm-forborrade-hal-industriell-design-stal-svart\/#breadcrumb"},"inLanguage":"sv-SE","potentialAction":[{"@type":"ReadAction","target":["https:\/\/truusk.store\/sv\/produkt\/truusk-bordsbenset-2-stalben-72-x-60-cm-forborrade-hal-industriell-design-stal-svart\/"]}]},{"@type":"ImageObject","inLanguage":"sv-SE","@id":"https:\/\/truusk.store\/sv\/produkt\/truusk-bordsbenset-2-stalben-72-x-60-cm-forborrade-hal-industriell-design-stal-svart\/#primaryimage","url":"https:\/\/i0.wp.com\/truusk.store\/wp-content\/uploads\/2024\/02\/bordsbenset-2-stalben-72-x-60-cm-forborrade-hal-industriell-design-stal-svart.webp?fit=800%2C800&ssl=1","contentUrl":"https:\/\/i0.wp.com\/truusk.store\/wp-content\/uploads\/2024\/02\/bordsbenset-2-stalben-72-x-60-cm-forborrade-hal-industriell-design-stal-svart.webp?fit=800%2C800&ssl=1","width":800,"height":800,"caption":"Bordsbenset, 2 St\u00e5lben, 72 X 60 Cm, F\u00f6rborrade H\u00e5l, Industriell Design, St\u00e5l, Svart 1"},{"@type":"BreadcrumbList","@id":"https:\/\/truusk.store\/sv\/produkt\/truusk-bordsbenset-2-stalben-72-x-60-cm-forborrade-hal-industriell-design-stal-svart\/#breadcrumb","itemListElement":[{"@type":"ListItem","position":1,"name":"Home","item":"https:\/\/truusk.store\/sv\/"},{"@type":"ListItem","position":2,"name":"Shop","item":"https:\/\/truusk.store\/shop\/"},{"@type":"ListItem","position":3,"name":"TRUUSK Bordsbenset &#8211; 2 St\u00e5lben &#8211; 72 X 60 cm &#8211; F\u00f6rborrade H\u00e5l &#8211; Industriell Design &#8211; St\u00e5l &#8211; Svart"}]},{"@type":"WebSite","@id":"https:\/\/truusk.store\/sv\/#website","url":"https:\/\/truusk.store\/sv\/","name":"TRUUSK - Hem, Tr\u00e4dg\u00e5rd & Fritid","description":"","publisher":{"@id":"https:\/\/truusk.store\/sv\/#organization"},"potentialAction":[{"@type":"SearchAction","target":{"@type":"EntryPoint","urlTemplate":"https:\/\/truusk.store\/sv\/?s={search_term_string}"},"query-input":{"@type":"PropertyValueSpecification","valueRequired":true,"valueName":"search_term_string"}}],"inLanguage":"sv-SE"},{"@type":"Organization","@id":"https:\/\/truusk.store\/sv\/#organization","name":"TRUUSK - Hem, Tr\u00e4dg\u00e5rd & Fritid","url":"https:\/\/truusk.store\/sv\/","logo":{"@type":"ImageObject","inLanguage":"sv-SE","@id":"https:\/\/truusk.store\/sv\/#\/schema\/logo\/image\/","url":"https:\/\/i0.wp.com\/truusk.store\/wp-content\/uploads\/2026\/03\/cropped-TRUUSK.png?fit=2032%2C917&ssl=1","contentUrl":"https:\/\/i0.wp.com\/truusk.store\/wp-content\/uploads\/2026\/03\/cropped-TRUUSK.png?fit=2032%2C917&ssl=1","width":2032,"height":917,"caption":"TRUUSK - Hem, Tr\u00e4dg\u00e5rd & Fritid"},"image":{"@id":"https:\/\/truusk.store\/sv\/#\/schema\/logo\/image\/"}}]}},"jetpack_sharing_enabled":true,"_links":{"self":[{"href":"https:\/\/truusk.store\/sv\/wp-json\/wp\/v2\/product\/44771","targetHints":{"allow":["GET"]}}],"collection":[{"href":"https:\/\/truusk.store\/sv\/wp-json\/wp\/v2\/product"}],"about":[{"href":"https:\/\/truusk.store\/sv\/wp-json\/wp\/v2\/types\/product"}],"wp:featuredmedia":[{"embeddable":true,"href":"https:\/\/truusk.store\/sv\/wp-json\/wp\/v2\/media\/44772"}],"wp:attachment":[{"href":"https:\/\/truusk.store\/sv\/wp-json\/wp\/v2\/media?parent=44771"}],"wp:term":[{"taxonomy":"product_brand","embeddable":true,"href":"https:\/\/truusk.store\/sv\/wp-json\/wp\/v2\/product_brand?post=44771"},{"taxonomy":"product_cat","embeddable":true,"href":"https:\/\/truusk.store\/sv\/wp-json\/wp\/v2\/product_cat?post=44771"},{"taxonomy":"product_tag","embeddable":true,"href":"https:\/\/truusk.store\/sv\/wp-json\/wp\/v2\/product_tag?post=44771"}],"curies":[{"name":"wp","href":"https:\/\/api.w.org\/{rel}","templated":true}]}}