{"id":44791,"date":"2024-02-14T05:22:49","date_gmt":"2024-02-14T04:22:49","guid":{"rendered":"https:\/\/truusk.store\/product\/avslappningsstol-med-pall-vridbart-fallbart-ryggstod-stalstomme-svart\/"},"modified":"2026-03-12T09:24:07","modified_gmt":"2026-03-12T08:24:07","slug":"truusk-avslappningsstol-med-pall-vridbart-ryggstod-fallbart-stalstomme-svart","status":"publish","type":"product","link":"https:\/\/truusk.store\/sv\/produkt\/truusk-avslappningsstol-med-pall-vridbart-ryggstod-fallbart-stalstomme-svart\/","title":{"rendered":"TRUUSK Avslappningsstol med Pall &#8211; Vridbart Ryggst\u00f6d &#8211; F\u00e4llbart &#8211; St\u00e5lstomme &#8211; Svart"},"content":{"rendered":"<p>\u00c4ntligen unna dig en bekv\u00e4m paus med denna f\u00e5t\u00f6lj. Ett gener\u00f6st, lutande ryggst\u00f6d med vadderat nackst\u00f6d ger dig perfekt st\u00f6d. Den runtomg\u00e5ende mjuka stoppningen s\u00e4kerst\u00e4ller varaktig komfort och det smidiga konstl\u00e4dret ger en elegant touch. Med en lutning p\u00e5 upp till 135, erbjuder denna f\u00e5t\u00f6lj den perfekta milj\u00f6n f\u00f6r din avkoppling. Anv\u00e4nd pallen f\u00f6r att s\u00e4tta upp f\u00f6tterna och avsluta din vardag.<\/p>\n<h3>Beskrivning:<\/h3>\n<ul>\n<li>Set med en tjockt vadderad fotpall f\u00f6r att s\u00e4tta upp f\u00f6tterna<\/li>\n<li>Stolens ryggst\u00f6d kan lutas upp till 135\u00b0 f\u00f6r \u00f6kad komfort, styrt av ett l\u00e4tt\u00e5tkomligt handtag<\/li>\n<li>Imiterat l\u00e4der \u00e4r slitstarkt och l\u00e4ttsk\u00f6tt, l\u00e4mpligt f\u00f6r h\u00f6gtrafikerade omr\u00e5den<\/li>\n<li>Gener\u00f6s stoppning och mjuka armst\u00f6d f\u00f6r optimal komfort<\/li>\n<li>Pulverlackerad st\u00e5lram f\u00f6r h\u00f6g sp\u00e4nst<\/li>\n<li>Stolen kan vridas 360 f\u00f6r maximal r\u00f6relsefrihet<\/li>\n<li>Djupa s\u00f6mmar p\u00e5 fodralen i konstl\u00e4der utstr\u00e5lar modern charm<\/li>\n<li>Montering kr\u00e4vs<\/li>\n<\/ul>\n<h3>Teknisk data:<\/h3>\n<ul>\n<li>Svart f\u00e4rg<\/li>\n<li>Material: konstl\u00e4der, skum, st\u00e5l, flerskiktsbr\u00e4da<\/li>\n<li>St\u00e5ende m\u00e5tt: 75W x 84D x 101H cm<\/li>\n<li>Liggyta: 75W x 105D x 95H cm<\/li>\n<li>Pallens m\u00e5tt: 45W x 45D x 43H cm<\/li>\n<li>Sitsstorlek: 52W x 48D x 45H cm<\/li>\n<li>S\u00e4tesstoppningstjocklek: 10 cm<\/li>\n<li>Ryggst\u00f6dsstorlek: 73L x 63W x 13D cm<\/li>\n<li>Minsta avst\u00e5nd till v\u00e4gg: 60 cm<\/li>\n<li>Lastkapacitet: 120 kg (sits), 60 kg (fotpall)<\/li>\n<\/ul>\n<h3>Leveransens omfattning:<\/h3>\n<ul>\n<li>1 x Liggstol<\/li>\n<li>1 x fotpall<\/li>\n<li>1 x Instruktioner<\/li>\n<\/ul>\n","protected":false},"excerpt":{"rendered":"<p>\u00c4ntligen unna dig en bekv\u00e4m paus med denna f\u00e5t\u00f6lj. Ett gener\u00f6st, lutande ryggst\u00f6d med vadderat nackst\u00f6d ger dig perfekt st\u00f6d&#8230;.<\/p>\n","protected":false},"featured_media":44792,"template":"","meta":[],"product_brand":[],"product_cat":[521,485,524],"product_tag":[],"class_list":{"0":"post-44791","1":"product","2":"type-product","3":"status-publish","4":"has-post-thumbnail","6":"product_cat-fatolj","7":"product_cat-hus-bo","8":"product_cat-relaxstol-med-pall","10":"first","11":"instock","12":"sale","13":"taxable","14":"shipping-taxable","15":"purchasable","16":"product-type-simple"},"yoast_head":"<!-- This site is optimized with the Yoast SEO plugin v25.4 - https:\/\/yoast.com\/wordpress\/plugins\/seo\/ -->\n<title>TRUUSK Avslappningsstol med Pall - Vridbart Ryggst\u00f6d - F\u00e4llbart - St\u00e5lstomme - Svart - TRUUSK - Hem, Tr\u00e4dg\u00e5rd &amp; Fritid<\/title>\n<meta name=\"robots\" content=\"index, follow, max-snippet:-1, max-image-preview:large, max-video-preview:-1\" \/>\n<link rel=\"canonical\" href=\"https:\/\/truusk.store\/sv\/produkt\/truusk-avslappningsstol-med-pall-vridbart-ryggstod-fallbart-stalstomme-svart\/\" \/>\n<meta property=\"og:locale\" content=\"sv_SE\" \/>\n<meta property=\"og:type\" content=\"article\" \/>\n<meta property=\"og:title\" content=\"TRUUSK Avslappningsstol med Pall - Vridbart Ryggst\u00f6d - F\u00e4llbart - St\u00e5lstomme - Svart - TRUUSK - Hem, Tr\u00e4dg\u00e5rd &amp; Fritid\" \/>\n<meta property=\"og:description\" content=\"\u00c4ntligen unna dig en bekv\u00e4m paus med denna f\u00e5t\u00f6lj. Ett gener\u00f6st, lutande ryggst\u00f6d med vadderat nackst\u00f6d ger dig perfekt st\u00f6d....\" \/>\n<meta property=\"og:url\" content=\"https:\/\/truusk.store\/sv\/produkt\/truusk-avslappningsstol-med-pall-vridbart-ryggstod-fallbart-stalstomme-svart\/\" \/>\n<meta property=\"og:site_name\" content=\"TRUUSK - Hem, Tr\u00e4dg\u00e5rd &amp; Fritid\" \/>\n<meta property=\"article:modified_time\" content=\"2026-03-12T08:24:07+00:00\" \/>\n<meta property=\"og:image\" content=\"https:\/\/i0.wp.com\/truusk.se\/wp-content\/uploads\/2024\/02\/avslappningsstol-med-pall-vridbart-fallbart-ryggstod-stalstomme-svart.webp?fit=800%2C800&ssl=1\" \/>\n\t<meta property=\"og:image:width\" content=\"800\" \/>\n\t<meta property=\"og:image:height\" content=\"800\" \/>\n\t<meta property=\"og:image:type\" content=\"image\/webp\" \/>\n<meta name=\"twitter:card\" content=\"summary_large_image\" \/>\n<meta name=\"twitter:label1\" content=\"Ber\u00e4knad l\u00e4stid\" \/>\n\t<meta name=\"twitter:data1\" content=\"1 minut\" \/>\n<!-- \/ Yoast SEO plugin. -->","yoast_head_json":{"title":"TRUUSK Avslappningsstol med Pall - Vridbart Ryggst\u00f6d - F\u00e4llbart - St\u00e5lstomme - Svart - TRUUSK - Hem, Tr\u00e4dg\u00e5rd &amp; Fritid","robots":{"index":"index","follow":"follow","max-snippet":"max-snippet:-1","max-image-preview":"max-image-preview:large","max-video-preview":"max-video-preview:-1"},"canonical":"https:\/\/truusk.store\/sv\/produkt\/truusk-avslappningsstol-med-pall-vridbart-ryggstod-fallbart-stalstomme-svart\/","og_locale":"sv_SE","og_type":"article","og_title":"TRUUSK Avslappningsstol med Pall - Vridbart Ryggst\u00f6d - F\u00e4llbart - St\u00e5lstomme - Svart - TRUUSK - Hem, Tr\u00e4dg\u00e5rd &amp; Fritid","og_description":"\u00c4ntligen unna dig en bekv\u00e4m paus med denna f\u00e5t\u00f6lj. Ett gener\u00f6st, lutande ryggst\u00f6d med vadderat nackst\u00f6d ger dig perfekt st\u00f6d....","og_url":"https:\/\/truusk.store\/sv\/produkt\/truusk-avslappningsstol-med-pall-vridbart-ryggstod-fallbart-stalstomme-svart\/","og_site_name":"TRUUSK - Hem, Tr\u00e4dg\u00e5rd &amp; Fritid","article_modified_time":"2026-03-12T08:24:07+00:00","og_image":[{"width":800,"height":800,"url":"https:\/\/i0.wp.com\/truusk.se\/wp-content\/uploads\/2024\/02\/avslappningsstol-med-pall-vridbart-fallbart-ryggstod-stalstomme-svart.webp?fit=800%2C800&ssl=1","type":"image\/webp"}],"twitter_card":"summary_large_image","twitter_misc":{"Ber\u00e4knad l\u00e4stid":"1 minut"},"schema":{"@context":"https:\/\/schema.org","@graph":[{"@type":"WebPage","@id":"https:\/\/truusk.store\/sv\/produkt\/truusk-avslappningsstol-med-pall-vridbart-ryggstod-fallbart-stalstomme-svart\/","url":"https:\/\/truusk.store\/sv\/produkt\/truusk-avslappningsstol-med-pall-vridbart-ryggstod-fallbart-stalstomme-svart\/","name":"TRUUSK Avslappningsstol med Pall - Vridbart Ryggst\u00f6d - F\u00e4llbart - St\u00e5lstomme - Svart - TRUUSK - Hem, Tr\u00e4dg\u00e5rd &amp; Fritid","isPartOf":{"@id":"https:\/\/truusk.store\/sv\/#website"},"primaryImageOfPage":{"@id":"https:\/\/truusk.store\/sv\/produkt\/truusk-avslappningsstol-med-pall-vridbart-ryggstod-fallbart-stalstomme-svart\/#primaryimage"},"image":{"@id":"https:\/\/truusk.store\/sv\/produkt\/truusk-avslappningsstol-med-pall-vridbart-ryggstod-fallbart-stalstomme-svart\/#primaryimage"},"thumbnailUrl":"https:\/\/i0.wp.com\/truusk.store\/wp-content\/uploads\/2024\/02\/avslappningsstol-med-pall-vridbart-fallbart-ryggstod-stalstomme-svart.webp?fit=800%2C800&ssl=1","datePublished":"2024-02-14T04:22:49+00:00","dateModified":"2026-03-12T08:24:07+00:00","breadcrumb":{"@id":"https:\/\/truusk.store\/sv\/produkt\/truusk-avslappningsstol-med-pall-vridbart-ryggstod-fallbart-stalstomme-svart\/#breadcrumb"},"inLanguage":"sv-SE","potentialAction":[{"@type":"ReadAction","target":["https:\/\/truusk.store\/sv\/produkt\/truusk-avslappningsstol-med-pall-vridbart-ryggstod-fallbart-stalstomme-svart\/"]}]},{"@type":"ImageObject","inLanguage":"sv-SE","@id":"https:\/\/truusk.store\/sv\/produkt\/truusk-avslappningsstol-med-pall-vridbart-ryggstod-fallbart-stalstomme-svart\/#primaryimage","url":"https:\/\/i0.wp.com\/truusk.store\/wp-content\/uploads\/2024\/02\/avslappningsstol-med-pall-vridbart-fallbart-ryggstod-stalstomme-svart.webp?fit=800%2C800&ssl=1","contentUrl":"https:\/\/i0.wp.com\/truusk.store\/wp-content\/uploads\/2024\/02\/avslappningsstol-med-pall-vridbart-fallbart-ryggstod-stalstomme-svart.webp?fit=800%2C800&ssl=1","width":800,"height":800,"caption":"Avslappningsstol Med Pall, Vridbart, F\u00e4llbart Ryggst\u00f6d, St\u00e5lstomme, Svart 1"},{"@type":"BreadcrumbList","@id":"https:\/\/truusk.store\/sv\/produkt\/truusk-avslappningsstol-med-pall-vridbart-ryggstod-fallbart-stalstomme-svart\/#breadcrumb","itemListElement":[{"@type":"ListItem","position":1,"name":"Home","item":"https:\/\/truusk.store\/sv\/"},{"@type":"ListItem","position":2,"name":"Shop","item":"https:\/\/truusk.store\/shop\/"},{"@type":"ListItem","position":3,"name":"TRUUSK Avslappningsstol med Pall &#8211; Vridbart Ryggst\u00f6d &#8211; F\u00e4llbart &#8211; St\u00e5lstomme &#8211; Svart"}]},{"@type":"WebSite","@id":"https:\/\/truusk.store\/sv\/#website","url":"https:\/\/truusk.store\/sv\/","name":"TRUUSK - Hem, Tr\u00e4dg\u00e5rd & Fritid","description":"","publisher":{"@id":"https:\/\/truusk.store\/sv\/#organization"},"potentialAction":[{"@type":"SearchAction","target":{"@type":"EntryPoint","urlTemplate":"https:\/\/truusk.store\/sv\/?s={search_term_string}"},"query-input":{"@type":"PropertyValueSpecification","valueRequired":true,"valueName":"search_term_string"}}],"inLanguage":"sv-SE"},{"@type":"Organization","@id":"https:\/\/truusk.store\/sv\/#organization","name":"TRUUSK - Hem, Tr\u00e4dg\u00e5rd & Fritid","url":"https:\/\/truusk.store\/sv\/","logo":{"@type":"ImageObject","inLanguage":"sv-SE","@id":"https:\/\/truusk.store\/sv\/#\/schema\/logo\/image\/","url":"https:\/\/i0.wp.com\/truusk.store\/wp-content\/uploads\/2026\/03\/cropped-TRUUSK.png?fit=2032%2C917&ssl=1","contentUrl":"https:\/\/i0.wp.com\/truusk.store\/wp-content\/uploads\/2026\/03\/cropped-TRUUSK.png?fit=2032%2C917&ssl=1","width":2032,"height":917,"caption":"TRUUSK - Hem, Tr\u00e4dg\u00e5rd & Fritid"},"image":{"@id":"https:\/\/truusk.store\/sv\/#\/schema\/logo\/image\/"}}]}},"jetpack_sharing_enabled":true,"_links":{"self":[{"href":"https:\/\/truusk.store\/sv\/wp-json\/wp\/v2\/product\/44791","targetHints":{"allow":["GET"]}}],"collection":[{"href":"https:\/\/truusk.store\/sv\/wp-json\/wp\/v2\/product"}],"about":[{"href":"https:\/\/truusk.store\/sv\/wp-json\/wp\/v2\/types\/product"}],"wp:featuredmedia":[{"embeddable":true,"href":"https:\/\/truusk.store\/sv\/wp-json\/wp\/v2\/media\/44792"}],"wp:attachment":[{"href":"https:\/\/truusk.store\/sv\/wp-json\/wp\/v2\/media?parent=44791"}],"wp:term":[{"taxonomy":"product_brand","embeddable":true,"href":"https:\/\/truusk.store\/sv\/wp-json\/wp\/v2\/product_brand?post=44791"},{"taxonomy":"product_cat","embeddable":true,"href":"https:\/\/truusk.store\/sv\/wp-json\/wp\/v2\/product_cat?post=44791"},{"taxonomy":"product_tag","embeddable":true,"href":"https:\/\/truusk.store\/sv\/wp-json\/wp\/v2\/product_tag?post=44791"}],"curies":[{"name":"wp","href":"https:\/\/api.w.org\/{rel}","templated":true}]}}