{"id":44832,"date":"2024-02-14T05:24:15","date_gmt":"2024-02-14T04:24:15","guid":{"rendered":"https:\/\/truusk.store\/product\/barstol-set-med-2-barstolar-i-industriell-design-metallram-fotstod-42-x-42-x-65-cm\/"},"modified":"2026-03-12T09:24:16","modified_gmt":"2026-03-12T08:24:16","slug":"truusk-barstol-set-2-barstolar-i-industriell-design-metallram-fotstod-42-x-42-x-65-cm-snygg-och-praktisk-idealisk-for","status":"publish","type":"product","link":"https:\/\/truusk.store\/sv\/produkt\/truusk-barstol-set-2-barstolar-i-industriell-design-metallram-fotstod-42-x-42-x-65-cm-snygg-och-praktisk-idealisk-for\/","title":{"rendered":"TRUUSK Barstol Set &#8211; 2 Barstolar i Industriell Design &#8211; Metallram &#8211; Fotst\u00f6d &#8211; 42 x 42 x 65 cm &#8211; Snygg och Praktisk &#8211; Idealisk f\u00f6r"},"content":{"rendered":"<p>Med dessa barstolar blir varje rum ett smakst\u00e4lle. Den robusta st\u00e5lramen garanterar stabilitet och har ett bekv\u00e4mt fotst\u00f6d. De bekv\u00e4ma, stabila s\u00e4tena med tr\u00e4look \u00e4r extremt t\u00e5liga och \u00e4r ett vackert blickf\u00e5ng f\u00f6r alla som gillar industriell design. Med en sitth\u00f6jd p\u00e5 65 cm passar dessa pallar perfekt till bord och b\u00e4nkar med en h\u00f6jd p\u00e5 89 till 99 cm. Nu st\u00e5r ingenting i v\u00e4gen f\u00f6r snygg dricks- och matgl\u00e4dje!<\/p>\n<h3>Beskrivning:<\/h3>\n<ul>\n<li>Industriell design \u00e4r ett blickf\u00e5ng<\/li>\n<li>Set med tv\u00e5 barstolar f\u00f6r en matchande look<\/li>\n<li>L\u00e4mplig f\u00f6r bord och bardiskar med en h\u00f6jd p\u00e5 89 till 99 cm<\/li>\n<li>Fotst\u00f6det hj\u00e4lper till att bibeh\u00e5lla en avslappnad h\u00e5llning<\/li>\n<li>Den pulverlackerade st\u00e5lramen g\u00f6r den robust och h\u00e5llbar<\/li>\n<li>De halkfria f\u00f6tterna f\u00f6rhindrar repor p\u00e5 golvet<\/li>\n<li>Montering kr\u00e4vs<\/li>\n<\/ul>\n<h3>Teknisk data:<\/h3>\n<ul>\n<li>F\u00e4rg: Rustik brun+svart<\/li>\n<li>Material: sp\u00e5nskiva, st\u00e5l<\/li>\n<li>Totala m\u00e5tt: 42L x 42W x 65H cm<\/li>\n<li>Sitsstorlek: 30 x 65H cm<\/li>\n<li>H\u00f6jd p\u00e5 fotst\u00f6den: 21 cm<\/li>\n<li>L\u00e4mplig bordsh\u00f6jd: 89-99 cm<\/li>\n<li>Lastkapacitet: 120 kg<\/li>\n<\/ul>\n<h3>Leveransens omfattning:<\/h3>\n<ul>\n<li>2 x pallar<\/li>\n<li>1 x manuell<\/li>\n<\/ul>\n","protected":false},"excerpt":{"rendered":"<p>Med dessa barstolar blir varje rum ett smakst\u00e4lle. Den robusta st\u00e5lramen garanterar stabilitet och har ett bekv\u00e4mt fotst\u00f6d. De bekv\u00e4ma,&#8230;<\/p>\n","protected":false},"featured_media":44833,"template":"","meta":[],"product_brand":[],"product_cat":[544,485,542],"product_tag":[],"class_list":{"0":"post-44832","1":"product","2":"type-product","3":"status-publish","4":"has-post-thumbnail","6":"product_cat-barstol","7":"product_cat-hus-bo","8":"product_cat-pall","10":"first","11":"instock","12":"sale","13":"taxable","14":"shipping-taxable","15":"purchasable","16":"product-type-simple"},"yoast_head":"<!-- This site is optimized with the Yoast SEO plugin v25.4 - https:\/\/yoast.com\/wordpress\/plugins\/seo\/ -->\n<title>TRUUSK Barstol Set - 2 Barstolar i Industriell Design - Metallram - Fotst\u00f6d - 42 x 42 x 65 cm - Snygg och Praktisk - Idealisk f\u00f6r - TRUUSK - Hem, Tr\u00e4dg\u00e5rd &amp; Fritid<\/title>\n<meta name=\"robots\" content=\"index, follow, max-snippet:-1, max-image-preview:large, max-video-preview:-1\" \/>\n<link rel=\"canonical\" href=\"https:\/\/truusk.store\/sv\/produkt\/truusk-barstol-set-2-barstolar-i-industriell-design-metallram-fotstod-42-x-42-x-65-cm-snygg-och-praktisk-idealisk-for\/\" \/>\n<meta property=\"og:locale\" content=\"sv_SE\" \/>\n<meta property=\"og:type\" content=\"article\" \/>\n<meta property=\"og:title\" content=\"TRUUSK Barstol Set - 2 Barstolar i Industriell Design - Metallram - Fotst\u00f6d - 42 x 42 x 65 cm - Snygg och Praktisk - Idealisk f\u00f6r - TRUUSK - Hem, Tr\u00e4dg\u00e5rd &amp; Fritid\" \/>\n<meta property=\"og:description\" content=\"Med dessa barstolar blir varje rum ett smakst\u00e4lle. Den robusta st\u00e5lramen garanterar stabilitet och har ett bekv\u00e4mt fotst\u00f6d. De bekv\u00e4ma,...\" \/>\n<meta property=\"og:url\" content=\"https:\/\/truusk.store\/sv\/produkt\/truusk-barstol-set-2-barstolar-i-industriell-design-metallram-fotstod-42-x-42-x-65-cm-snygg-och-praktisk-idealisk-for\/\" \/>\n<meta property=\"og:site_name\" content=\"TRUUSK - Hem, Tr\u00e4dg\u00e5rd &amp; Fritid\" \/>\n<meta property=\"article:modified_time\" content=\"2026-03-12T08:24:16+00:00\" \/>\n<meta property=\"og:image\" content=\"https:\/\/i0.wp.com\/truusk.se\/wp-content\/uploads\/2024\/02\/barstol-set-med-2-barstolar-i-industriell-design-metallram-fotstod-42-x-42-x-65-cm.webp?fit=800%2C800&ssl=1\" \/>\n\t<meta property=\"og:image:width\" content=\"800\" \/>\n\t<meta property=\"og:image:height\" content=\"800\" \/>\n\t<meta property=\"og:image:type\" content=\"image\/webp\" \/>\n<meta name=\"twitter:card\" content=\"summary_large_image\" \/>\n<meta name=\"twitter:label1\" content=\"Ber\u00e4knad l\u00e4stid\" \/>\n\t<meta name=\"twitter:data1\" content=\"1 minut\" \/>\n<!-- \/ Yoast SEO plugin. -->","yoast_head_json":{"title":"TRUUSK Barstol Set - 2 Barstolar i Industriell Design - Metallram - Fotst\u00f6d - 42 x 42 x 65 cm - Snygg och Praktisk - Idealisk f\u00f6r - TRUUSK - Hem, Tr\u00e4dg\u00e5rd &amp; Fritid","robots":{"index":"index","follow":"follow","max-snippet":"max-snippet:-1","max-image-preview":"max-image-preview:large","max-video-preview":"max-video-preview:-1"},"canonical":"https:\/\/truusk.store\/sv\/produkt\/truusk-barstol-set-2-barstolar-i-industriell-design-metallram-fotstod-42-x-42-x-65-cm-snygg-och-praktisk-idealisk-for\/","og_locale":"sv_SE","og_type":"article","og_title":"TRUUSK Barstol Set - 2 Barstolar i Industriell Design - Metallram - Fotst\u00f6d - 42 x 42 x 65 cm - Snygg och Praktisk - Idealisk f\u00f6r - TRUUSK - Hem, Tr\u00e4dg\u00e5rd &amp; Fritid","og_description":"Med dessa barstolar blir varje rum ett smakst\u00e4lle. Den robusta st\u00e5lramen garanterar stabilitet och har ett bekv\u00e4mt fotst\u00f6d. De bekv\u00e4ma,...","og_url":"https:\/\/truusk.store\/sv\/produkt\/truusk-barstol-set-2-barstolar-i-industriell-design-metallram-fotstod-42-x-42-x-65-cm-snygg-och-praktisk-idealisk-for\/","og_site_name":"TRUUSK - Hem, Tr\u00e4dg\u00e5rd &amp; Fritid","article_modified_time":"2026-03-12T08:24:16+00:00","og_image":[{"width":800,"height":800,"url":"https:\/\/i0.wp.com\/truusk.se\/wp-content\/uploads\/2024\/02\/barstol-set-med-2-barstolar-i-industriell-design-metallram-fotstod-42-x-42-x-65-cm.webp?fit=800%2C800&ssl=1","type":"image\/webp"}],"twitter_card":"summary_large_image","twitter_misc":{"Ber\u00e4knad l\u00e4stid":"1 minut"},"schema":{"@context":"https:\/\/schema.org","@graph":[{"@type":"WebPage","@id":"https:\/\/truusk.store\/sv\/produkt\/truusk-barstol-set-2-barstolar-i-industriell-design-metallram-fotstod-42-x-42-x-65-cm-snygg-och-praktisk-idealisk-for\/","url":"https:\/\/truusk.store\/sv\/produkt\/truusk-barstol-set-2-barstolar-i-industriell-design-metallram-fotstod-42-x-42-x-65-cm-snygg-och-praktisk-idealisk-for\/","name":"TRUUSK Barstol Set - 2 Barstolar i Industriell Design - Metallram - Fotst\u00f6d - 42 x 42 x 65 cm - Snygg och Praktisk - Idealisk f\u00f6r - TRUUSK - Hem, Tr\u00e4dg\u00e5rd &amp; Fritid","isPartOf":{"@id":"https:\/\/truusk.store\/sv\/#website"},"primaryImageOfPage":{"@id":"https:\/\/truusk.store\/sv\/produkt\/truusk-barstol-set-2-barstolar-i-industriell-design-metallram-fotstod-42-x-42-x-65-cm-snygg-och-praktisk-idealisk-for\/#primaryimage"},"image":{"@id":"https:\/\/truusk.store\/sv\/produkt\/truusk-barstol-set-2-barstolar-i-industriell-design-metallram-fotstod-42-x-42-x-65-cm-snygg-och-praktisk-idealisk-for\/#primaryimage"},"thumbnailUrl":"https:\/\/i0.wp.com\/truusk.store\/wp-content\/uploads\/2024\/02\/barstol-set-med-2-barstolar-i-industriell-design-metallram-fotstod-42-x-42-x-65-cm.webp?fit=800%2C800&ssl=1","datePublished":"2024-02-14T04:24:15+00:00","dateModified":"2026-03-12T08:24:16+00:00","breadcrumb":{"@id":"https:\/\/truusk.store\/sv\/produkt\/truusk-barstol-set-2-barstolar-i-industriell-design-metallram-fotstod-42-x-42-x-65-cm-snygg-och-praktisk-idealisk-for\/#breadcrumb"},"inLanguage":"sv-SE","potentialAction":[{"@type":"ReadAction","target":["https:\/\/truusk.store\/sv\/produkt\/truusk-barstol-set-2-barstolar-i-industriell-design-metallram-fotstod-42-x-42-x-65-cm-snygg-och-praktisk-idealisk-for\/"]}]},{"@type":"ImageObject","inLanguage":"sv-SE","@id":"https:\/\/truusk.store\/sv\/produkt\/truusk-barstol-set-2-barstolar-i-industriell-design-metallram-fotstod-42-x-42-x-65-cm-snygg-och-praktisk-idealisk-for\/#primaryimage","url":"https:\/\/i0.wp.com\/truusk.store\/wp-content\/uploads\/2024\/02\/barstol-set-med-2-barstolar-i-industriell-design-metallram-fotstod-42-x-42-x-65-cm.webp?fit=800%2C800&ssl=1","contentUrl":"https:\/\/i0.wp.com\/truusk.store\/wp-content\/uploads\/2024\/02\/barstol-set-med-2-barstolar-i-industriell-design-metallram-fotstod-42-x-42-x-65-cm.webp?fit=800%2C800&ssl=1","width":800,"height":800,"caption":"Barstol Set Med 2 Barstolar I Industriell Design, Metallram, Fotst\u00f6d, 42 X 42 X 65 Cm 1"},{"@type":"BreadcrumbList","@id":"https:\/\/truusk.store\/sv\/produkt\/truusk-barstol-set-2-barstolar-i-industriell-design-metallram-fotstod-42-x-42-x-65-cm-snygg-och-praktisk-idealisk-for\/#breadcrumb","itemListElement":[{"@type":"ListItem","position":1,"name":"Home","item":"https:\/\/truusk.store\/sv\/"},{"@type":"ListItem","position":2,"name":"Shop","item":"https:\/\/truusk.store\/shop\/"},{"@type":"ListItem","position":3,"name":"TRUUSK Barstol Set &#8211; 2 Barstolar i Industriell Design &#8211; Metallram &#8211; Fotst\u00f6d &#8211; 42 x 42 x 65 cm &#8211; Snygg och Praktisk &#8211; Idealisk f\u00f6r"}]},{"@type":"WebSite","@id":"https:\/\/truusk.store\/sv\/#website","url":"https:\/\/truusk.store\/sv\/","name":"TRUUSK - Hem, Tr\u00e4dg\u00e5rd & Fritid","description":"","publisher":{"@id":"https:\/\/truusk.store\/sv\/#organization"},"potentialAction":[{"@type":"SearchAction","target":{"@type":"EntryPoint","urlTemplate":"https:\/\/truusk.store\/sv\/?s={search_term_string}"},"query-input":{"@type":"PropertyValueSpecification","valueRequired":true,"valueName":"search_term_string"}}],"inLanguage":"sv-SE"},{"@type":"Organization","@id":"https:\/\/truusk.store\/sv\/#organization","name":"TRUUSK - Hem, Tr\u00e4dg\u00e5rd & Fritid","url":"https:\/\/truusk.store\/sv\/","logo":{"@type":"ImageObject","inLanguage":"sv-SE","@id":"https:\/\/truusk.store\/sv\/#\/schema\/logo\/image\/","url":"https:\/\/i0.wp.com\/truusk.store\/wp-content\/uploads\/2026\/03\/cropped-TRUUSK.png?fit=2032%2C917&ssl=1","contentUrl":"https:\/\/i0.wp.com\/truusk.store\/wp-content\/uploads\/2026\/03\/cropped-TRUUSK.png?fit=2032%2C917&ssl=1","width":2032,"height":917,"caption":"TRUUSK - Hem, Tr\u00e4dg\u00e5rd & Fritid"},"image":{"@id":"https:\/\/truusk.store\/sv\/#\/schema\/logo\/image\/"}}]}},"jetpack_sharing_enabled":true,"_links":{"self":[{"href":"https:\/\/truusk.store\/sv\/wp-json\/wp\/v2\/product\/44832","targetHints":{"allow":["GET"]}}],"collection":[{"href":"https:\/\/truusk.store\/sv\/wp-json\/wp\/v2\/product"}],"about":[{"href":"https:\/\/truusk.store\/sv\/wp-json\/wp\/v2\/types\/product"}],"wp:featuredmedia":[{"embeddable":true,"href":"https:\/\/truusk.store\/sv\/wp-json\/wp\/v2\/media\/44833"}],"wp:attachment":[{"href":"https:\/\/truusk.store\/sv\/wp-json\/wp\/v2\/media?parent=44832"}],"wp:term":[{"taxonomy":"product_brand","embeddable":true,"href":"https:\/\/truusk.store\/sv\/wp-json\/wp\/v2\/product_brand?post=44832"},{"taxonomy":"product_cat","embeddable":true,"href":"https:\/\/truusk.store\/sv\/wp-json\/wp\/v2\/product_cat?post=44832"},{"taxonomy":"product_tag","embeddable":true,"href":"https:\/\/truusk.store\/sv\/wp-json\/wp\/v2\/product_tag?post=44832"}],"curies":[{"name":"wp","href":"https:\/\/api.w.org\/{rel}","templated":true}]}}