{"id":44891,"date":"2024-02-14T05:26:49","date_gmt":"2024-02-14T04:26:49","guid":{"rendered":"https:\/\/truusk.store\/product\/hundkoja-utomhus-hundkoja-inklusive-veranda-vaderbestandig-124-cm-x-112-cm-x-105-cm-gra-vit\/"},"modified":"2026-03-12T09:24:21","modified_gmt":"2026-03-12T08:24:21","slug":"truusk-hundkoja-med-veranda-vaderbestandig-124-cm-x-112-cm-x-105-cm-gra-vit","status":"publish","type":"product","link":"https:\/\/truusk.store\/sv\/produkt\/truusk-hundkoja-med-veranda-vaderbestandig-124-cm-x-112-cm-x-105-cm-gra-vit\/","title":{"rendered":"TRUUSK Hundkoja med Veranda &#8211; V\u00e4derbest\u00e4ndig &#8211; 124 cm x 112 cm x 105 cm &#8211; Gr\u00e5 + Vit"},"content":{"rendered":"<p>Med detta stora hundhus kan du \u00e4ven ge din hund ett hem utomhus. Hundhuset i timmerstuga har ett stort vardagsrum och veranda, vilket ger din hund gott om utrymme att koppla av och sola. Hundhuset med d\u00f6rr har ett sidof\u00f6nster f\u00f6r god luftcirkulation. Ett bitumentak skyddar din hund mot d\u00e5ligt v\u00e4der. Ge ditt husdjur ett snyggt nytt hem med detta extra stora hundhus.<\/p>\n<h3>Beskrivning:<\/h3>\n<ul>\n<li>Detta hundhus i timmerstuga \u00e4r ett attraktivt tillskott till tr\u00e4dg\u00e5rden, uteplatsen eller andra utomhusomr\u00e5den<\/li>\n<li>Best\u00e5r av en huvuddel och en stor terrass d\u00e4r du kan sola och vila<\/li>\n<li>Hundhusets asfaltstak t\u00e5l l\u00e4tt v\u00e4der<\/li>\n<li>Det upph\u00f6jda golvet skyddar mot fuktigt gr\u00e4s. Detta h\u00e5ller dina hundar skyddade fr\u00e5n insekter och fukt<\/li>\n<li>Sm\u00e5djurshusets fr\u00e4mre f\u00f6nster och \u00f6ppna d\u00f6rr s\u00e4kerst\u00e4ller b\u00e4ttre luftcirkulation<\/li>\n<li>L\u00e4mplig f\u00f6r medelstora till stora hundar upp till 24 kg<\/li>\n<li>Montering kr\u00e4vs<\/li>\n<\/ul>\n<h3>Teknisk data:<\/h3>\n<ul>\n<li>F\u00e4rg: Svart+Gr\u00e5+Vit<\/li>\n<li>Material: gran<\/li>\n<li>\u00d6vergripande m\u00e5tt: 124W x 112D x 105H cm<\/li>\n<li>Huvudhusets m\u00e5tt: 117W x 71D x 102H cm<\/li>\n<li>D\u00f6rrstorlek: 40W x 53H cm. F\u00f6nsterstorlek: 29,5W x 19,5H cm. Verandastorlek: 124L x 39,5W cm<\/li>\n<li>Huvudhusets h\u00f6jd fr\u00e5n marken: 3 cm<\/li>\n<li>Lastkapacitet: 80 kg (stora vardagsrum), 50 kg (veranda)<\/li>\n<\/ul>\n<h3>Leveransens omfattning:<\/h3>\n<ul>\n<li>1 x hundhus<\/li>\n<li>1 x bruksanvisning<\/li>\n<\/ul>\n","protected":false},"excerpt":{"rendered":"<p>Med detta stora hundhus kan du \u00e4ven ge din hund ett hem utomhus. Hundhuset i timmerstuga har ett stort vardagsrum&#8230;<\/p>\n","protected":false},"featured_media":44892,"template":"","meta":[],"product_brand":[],"product_cat":[584,574,573],"product_tag":[],"class_list":{"0":"post-44891","1":"product","2":"type-product","3":"status-publish","4":"has-post-thumbnail","6":"product_cat-hundkojor","7":"product_cat-hundtillbehor","8":"product_cat-husdjursmaterial","10":"first","11":"instock","12":"sale","13":"taxable","14":"shipping-taxable","15":"purchasable","16":"product-type-simple"},"yoast_head":"<!-- This site is optimized with the Yoast SEO plugin v25.4 - https:\/\/yoast.com\/wordpress\/plugins\/seo\/ -->\n<title>TRUUSK Hundkoja med Veranda - V\u00e4derbest\u00e4ndig - 124 cm x 112 cm x 105 cm - Gr\u00e5 + Vit - TRUUSK - Hem, Tr\u00e4dg\u00e5rd &amp; Fritid<\/title>\n<meta name=\"robots\" content=\"index, follow, max-snippet:-1, max-image-preview:large, max-video-preview:-1\" \/>\n<link rel=\"canonical\" href=\"https:\/\/truusk.store\/sv\/produkt\/truusk-hundkoja-med-veranda-vaderbestandig-124-cm-x-112-cm-x-105-cm-gra-vit\/\" \/>\n<meta property=\"og:locale\" content=\"sv_SE\" \/>\n<meta property=\"og:type\" content=\"article\" \/>\n<meta property=\"og:title\" content=\"TRUUSK Hundkoja med Veranda - V\u00e4derbest\u00e4ndig - 124 cm x 112 cm x 105 cm - Gr\u00e5 + Vit - TRUUSK - Hem, Tr\u00e4dg\u00e5rd &amp; Fritid\" \/>\n<meta property=\"og:description\" content=\"Med detta stora hundhus kan du \u00e4ven ge din hund ett hem utomhus. Hundhuset i timmerstuga har ett stort vardagsrum...\" \/>\n<meta property=\"og:url\" content=\"https:\/\/truusk.store\/sv\/produkt\/truusk-hundkoja-med-veranda-vaderbestandig-124-cm-x-112-cm-x-105-cm-gra-vit\/\" \/>\n<meta property=\"og:site_name\" content=\"TRUUSK - Hem, Tr\u00e4dg\u00e5rd &amp; Fritid\" \/>\n<meta property=\"article:modified_time\" content=\"2026-03-12T08:24:21+00:00\" \/>\n<meta property=\"og:image\" content=\"https:\/\/i0.wp.com\/truusk.se\/wp-content\/uploads\/2024\/02\/hundkoja-utomhus-hundkoja-inklusive-veranda-vaderbestandig-124-cm-x-112-cm-x-105-cm-gra-vit.webp?fit=800%2C800&ssl=1\" \/>\n\t<meta property=\"og:image:width\" content=\"800\" \/>\n\t<meta property=\"og:image:height\" content=\"800\" \/>\n\t<meta property=\"og:image:type\" content=\"image\/webp\" \/>\n<meta name=\"twitter:card\" content=\"summary_large_image\" \/>\n<meta name=\"twitter:label1\" content=\"Ber\u00e4knad l\u00e4stid\" \/>\n\t<meta name=\"twitter:data1\" content=\"1 minut\" \/>\n<!-- \/ Yoast SEO plugin. -->","yoast_head_json":{"title":"TRUUSK Hundkoja med Veranda - V\u00e4derbest\u00e4ndig - 124 cm x 112 cm x 105 cm - Gr\u00e5 + Vit - TRUUSK - Hem, Tr\u00e4dg\u00e5rd &amp; Fritid","robots":{"index":"index","follow":"follow","max-snippet":"max-snippet:-1","max-image-preview":"max-image-preview:large","max-video-preview":"max-video-preview:-1"},"canonical":"https:\/\/truusk.store\/sv\/produkt\/truusk-hundkoja-med-veranda-vaderbestandig-124-cm-x-112-cm-x-105-cm-gra-vit\/","og_locale":"sv_SE","og_type":"article","og_title":"TRUUSK Hundkoja med Veranda - V\u00e4derbest\u00e4ndig - 124 cm x 112 cm x 105 cm - Gr\u00e5 + Vit - TRUUSK - Hem, Tr\u00e4dg\u00e5rd &amp; Fritid","og_description":"Med detta stora hundhus kan du \u00e4ven ge din hund ett hem utomhus. Hundhuset i timmerstuga har ett stort vardagsrum...","og_url":"https:\/\/truusk.store\/sv\/produkt\/truusk-hundkoja-med-veranda-vaderbestandig-124-cm-x-112-cm-x-105-cm-gra-vit\/","og_site_name":"TRUUSK - Hem, Tr\u00e4dg\u00e5rd &amp; Fritid","article_modified_time":"2026-03-12T08:24:21+00:00","og_image":[{"width":800,"height":800,"url":"https:\/\/i0.wp.com\/truusk.se\/wp-content\/uploads\/2024\/02\/hundkoja-utomhus-hundkoja-inklusive-veranda-vaderbestandig-124-cm-x-112-cm-x-105-cm-gra-vit.webp?fit=800%2C800&ssl=1","type":"image\/webp"}],"twitter_card":"summary_large_image","twitter_misc":{"Ber\u00e4knad l\u00e4stid":"1 minut"},"schema":{"@context":"https:\/\/schema.org","@graph":[{"@type":"WebPage","@id":"https:\/\/truusk.store\/sv\/produkt\/truusk-hundkoja-med-veranda-vaderbestandig-124-cm-x-112-cm-x-105-cm-gra-vit\/","url":"https:\/\/truusk.store\/sv\/produkt\/truusk-hundkoja-med-veranda-vaderbestandig-124-cm-x-112-cm-x-105-cm-gra-vit\/","name":"TRUUSK Hundkoja med Veranda - V\u00e4derbest\u00e4ndig - 124 cm x 112 cm x 105 cm - Gr\u00e5 + Vit - TRUUSK - Hem, Tr\u00e4dg\u00e5rd &amp; Fritid","isPartOf":{"@id":"https:\/\/truusk.store\/sv\/#website"},"primaryImageOfPage":{"@id":"https:\/\/truusk.store\/sv\/produkt\/truusk-hundkoja-med-veranda-vaderbestandig-124-cm-x-112-cm-x-105-cm-gra-vit\/#primaryimage"},"image":{"@id":"https:\/\/truusk.store\/sv\/produkt\/truusk-hundkoja-med-veranda-vaderbestandig-124-cm-x-112-cm-x-105-cm-gra-vit\/#primaryimage"},"thumbnailUrl":"https:\/\/i0.wp.com\/truusk.store\/wp-content\/uploads\/2024\/02\/hundkoja-utomhus-hundkoja-inklusive-veranda-vaderbestandig-124-cm-x-112-cm-x-105-cm-gra-vit.webp?fit=800%2C800&ssl=1","datePublished":"2024-02-14T04:26:49+00:00","dateModified":"2026-03-12T08:24:21+00:00","breadcrumb":{"@id":"https:\/\/truusk.store\/sv\/produkt\/truusk-hundkoja-med-veranda-vaderbestandig-124-cm-x-112-cm-x-105-cm-gra-vit\/#breadcrumb"},"inLanguage":"sv-SE","potentialAction":[{"@type":"ReadAction","target":["https:\/\/truusk.store\/sv\/produkt\/truusk-hundkoja-med-veranda-vaderbestandig-124-cm-x-112-cm-x-105-cm-gra-vit\/"]}]},{"@type":"ImageObject","inLanguage":"sv-SE","@id":"https:\/\/truusk.store\/sv\/produkt\/truusk-hundkoja-med-veranda-vaderbestandig-124-cm-x-112-cm-x-105-cm-gra-vit\/#primaryimage","url":"https:\/\/i0.wp.com\/truusk.store\/wp-content\/uploads\/2024\/02\/hundkoja-utomhus-hundkoja-inklusive-veranda-vaderbestandig-124-cm-x-112-cm-x-105-cm-gra-vit.webp?fit=800%2C800&ssl=1","contentUrl":"https:\/\/i0.wp.com\/truusk.store\/wp-content\/uploads\/2024\/02\/hundkoja-utomhus-hundkoja-inklusive-veranda-vaderbestandig-124-cm-x-112-cm-x-105-cm-gra-vit.webp?fit=800%2C800&ssl=1","width":800,"height":800,"caption":"Hundkoja Utomhus Hundkoja, Inklusive Veranda, V\u00e4derbest\u00e4ndig, 124 Cm X 112 Cm X 105 Cm, Gr\u00e5 + Vit 1"},{"@type":"BreadcrumbList","@id":"https:\/\/truusk.store\/sv\/produkt\/truusk-hundkoja-med-veranda-vaderbestandig-124-cm-x-112-cm-x-105-cm-gra-vit\/#breadcrumb","itemListElement":[{"@type":"ListItem","position":1,"name":"Home","item":"https:\/\/truusk.store\/sv\/"},{"@type":"ListItem","position":2,"name":"Shop","item":"https:\/\/truusk.store\/shop\/"},{"@type":"ListItem","position":3,"name":"TRUUSK Hundkoja med Veranda &#8211; V\u00e4derbest\u00e4ndig &#8211; 124 cm x 112 cm x 105 cm &#8211; Gr\u00e5 + Vit"}]},{"@type":"WebSite","@id":"https:\/\/truusk.store\/sv\/#website","url":"https:\/\/truusk.store\/sv\/","name":"TRUUSK - Hem, Tr\u00e4dg\u00e5rd & Fritid","description":"","publisher":{"@id":"https:\/\/truusk.store\/sv\/#organization"},"potentialAction":[{"@type":"SearchAction","target":{"@type":"EntryPoint","urlTemplate":"https:\/\/truusk.store\/sv\/?s={search_term_string}"},"query-input":{"@type":"PropertyValueSpecification","valueRequired":true,"valueName":"search_term_string"}}],"inLanguage":"sv-SE"},{"@type":"Organization","@id":"https:\/\/truusk.store\/sv\/#organization","name":"TRUUSK - Hem, Tr\u00e4dg\u00e5rd & Fritid","url":"https:\/\/truusk.store\/sv\/","logo":{"@type":"ImageObject","inLanguage":"sv-SE","@id":"https:\/\/truusk.store\/sv\/#\/schema\/logo\/image\/","url":"https:\/\/i0.wp.com\/truusk.store\/wp-content\/uploads\/2026\/03\/cropped-TRUUSK.png?fit=2032%2C917&ssl=1","contentUrl":"https:\/\/i0.wp.com\/truusk.store\/wp-content\/uploads\/2026\/03\/cropped-TRUUSK.png?fit=2032%2C917&ssl=1","width":2032,"height":917,"caption":"TRUUSK - Hem, Tr\u00e4dg\u00e5rd & Fritid"},"image":{"@id":"https:\/\/truusk.store\/sv\/#\/schema\/logo\/image\/"}}]}},"jetpack_sharing_enabled":true,"_links":{"self":[{"href":"https:\/\/truusk.store\/sv\/wp-json\/wp\/v2\/product\/44891","targetHints":{"allow":["GET"]}}],"collection":[{"href":"https:\/\/truusk.store\/sv\/wp-json\/wp\/v2\/product"}],"about":[{"href":"https:\/\/truusk.store\/sv\/wp-json\/wp\/v2\/types\/product"}],"wp:featuredmedia":[{"embeddable":true,"href":"https:\/\/truusk.store\/sv\/wp-json\/wp\/v2\/media\/44892"}],"wp:attachment":[{"href":"https:\/\/truusk.store\/sv\/wp-json\/wp\/v2\/media?parent=44891"}],"wp:term":[{"taxonomy":"product_brand","embeddable":true,"href":"https:\/\/truusk.store\/sv\/wp-json\/wp\/v2\/product_brand?post=44891"},{"taxonomy":"product_cat","embeddable":true,"href":"https:\/\/truusk.store\/sv\/wp-json\/wp\/v2\/product_cat?post=44891"},{"taxonomy":"product_tag","embeddable":true,"href":"https:\/\/truusk.store\/sv\/wp-json\/wp\/v2\/product_tag?post=44891"}],"curies":[{"name":"wp","href":"https:\/\/api.w.org\/{rel}","templated":true}]}}