{"id":44952,"date":"2024-02-14T05:29:08","date_gmt":"2024-02-14T04:29:08","guid":{"rendered":"https:\/\/truusk.store\/product\/konsolbord-med-2-hyllplan-hallbord-hallkonsol-svart\/"},"modified":"2026-03-12T09:24:22","modified_gmt":"2026-03-12T08:24:22","slug":"truusk-konsolbord-med-2-hyllplan-svart-hallbord-hallkonsol-modern-design-praktisk-for-hallen-enkel-montering","status":"publish","type":"product","link":"https:\/\/truusk.store\/sv\/produkt\/truusk-konsolbord-med-2-hyllplan-svart-hallbord-hallkonsol-modern-design-praktisk-for-hallen-enkel-montering\/","title":{"rendered":"TRUUSK Konsolbord Med 2 Hyllplan &#8211; Svart Hallbord &#8211; Hallkonsol &#8211; Modern Design &#8211; Praktisk f\u00f6r Hallen &#8211; Enkel Montering"},"content":{"rendered":"<p>Letar du efter ett smart f\u00f6rvaringsalternativ och en dekorativ uppdatering f\u00f6r din entr\u00e9? En konsol \u00e4r en snygg l\u00f6sning p\u00e5 ditt problem. V\u00e5rt hallbord har en rymlig hylla som \u00e4r idealisk f\u00f6r att visa foton och smycken. Dessutom erbjuder \u00f6ppna hyllor plats f\u00f6r f\u00f6rvaringsl\u00e5dor och en m\u00e4ngd olika f\u00f6rem\u00e5l. F\u00f6rb\u00e4ttra den inbjudande atmosf\u00e4ren i ditt entr\u00e9omr\u00e5de med v\u00e5rt moderna och eleganta hallbord.<\/p>\n<h3>Beskrivning:<\/h3>\n<ul>\n<li>6 mm tjock glasskiva ger plats f\u00f6r saker du vill visa upp, s\u00e5som vaser, foton etc<\/li>\n<li>Mellanhylla och bottenhyllor ger plats f\u00f6r m\u00f6ssor, halsdukar, f\u00f6rvaringsl\u00e5dor med mera<\/li>\n<li>Den m\u00e5lade st\u00e5lramen \u00e4r stabil och l\u00e4mplig f\u00f6r dagligt bruk<\/li>\n<li>S\u00e4kerhetsband p\u00e5 baksidan som du kan f\u00e4sta p\u00e5 v\u00e4ggen f\u00f6r s\u00e4kerhet<\/li>\n<li>Justerbara f\u00f6tter h\u00e5ller bordet stabilt \u00e4ven p\u00e5 oj\u00e4mna golv<\/li>\n<li>Enkel montering kr\u00e4vs<\/li>\n<\/ul>\n<h3>Teknisk data:<\/h3>\n<ul>\n<li>Svart f\u00e4rg<\/li>\n<li>Material: H\u00e4rdat glas, st\u00e5l, sp\u00e5nskiva<\/li>\n<li>Totala m\u00e5tt: 100L x 30W x 78Hcm<\/li>\n<li>Storlek p\u00e5 f\u00f6rvaringsfacket (medium): 94W x 27,5W x 6,8Hcm<\/li>\n<li>Hyllstorlek: 96,7L x 26,7Bcm<\/li>\n<li>Hyllh\u00f6jd: 19cm\/41cm<\/li>\n<li>Hyllornas lastkapacitet: 10 kg<\/li>\n<li>Total viktkapacitet: 30 kg<\/li>\n<\/ul>\n<h3>Leveransens omfattning:<\/h3>\n<ul>\n<li>Konsolbord med f\u00f6rvaringsutrymme<\/li>\n<li>Instruktioner<\/li>\n<\/ul>\n","protected":false},"excerpt":{"rendered":"<p>Letar du efter ett smart f\u00f6rvaringsalternativ och en dekorativ uppdatering f\u00f6r din entr\u00e9? En konsol \u00e4r en snygg l\u00f6sning p\u00e5&#8230;<\/p>\n","protected":false},"featured_media":44953,"template":"","meta":[],"product_brand":[],"product_cat":[485,514,501],"product_tag":[],"class_list":{"0":"post-44952","1":"product","2":"type-product","3":"status-publish","4":"has-post-thumbnail","6":"product_cat-hus-bo","7":"product_cat-konsolbord","8":"product_cat-tabeller","10":"first","11":"instock","12":"sale","13":"taxable","14":"shipping-taxable","15":"purchasable","16":"product-type-simple"},"yoast_head":"<!-- This site is optimized with the Yoast SEO plugin v25.4 - https:\/\/yoast.com\/wordpress\/plugins\/seo\/ -->\n<title>TRUUSK Konsolbord Med 2 Hyllplan - Svart Hallbord - Hallkonsol - Modern Design - Praktisk f\u00f6r Hallen - Enkel Montering - TRUUSK - Hem, Tr\u00e4dg\u00e5rd &amp; Fritid<\/title>\n<meta name=\"robots\" content=\"index, follow, max-snippet:-1, max-image-preview:large, max-video-preview:-1\" \/>\n<link rel=\"canonical\" href=\"https:\/\/truusk.store\/sv\/produkt\/truusk-konsolbord-med-2-hyllplan-svart-hallbord-hallkonsol-modern-design-praktisk-for-hallen-enkel-montering\/\" \/>\n<meta property=\"og:locale\" content=\"sv_SE\" \/>\n<meta property=\"og:type\" content=\"article\" \/>\n<meta property=\"og:title\" content=\"TRUUSK Konsolbord Med 2 Hyllplan - Svart Hallbord - Hallkonsol - Modern Design - Praktisk f\u00f6r Hallen - Enkel Montering - TRUUSK - Hem, Tr\u00e4dg\u00e5rd &amp; Fritid\" \/>\n<meta property=\"og:description\" content=\"Letar du efter ett smart f\u00f6rvaringsalternativ och en dekorativ uppdatering f\u00f6r din entr\u00e9? En konsol \u00e4r en snygg l\u00f6sning p\u00e5...\" \/>\n<meta property=\"og:url\" content=\"https:\/\/truusk.store\/sv\/produkt\/truusk-konsolbord-med-2-hyllplan-svart-hallbord-hallkonsol-modern-design-praktisk-for-hallen-enkel-montering\/\" \/>\n<meta property=\"og:site_name\" content=\"TRUUSK - Hem, Tr\u00e4dg\u00e5rd &amp; Fritid\" \/>\n<meta property=\"article:modified_time\" content=\"2026-03-12T08:24:22+00:00\" \/>\n<meta property=\"og:image\" content=\"https:\/\/i0.wp.com\/truusk.se\/wp-content\/uploads\/2024\/02\/konsolbord-med-2-hyllplan-hallbord-hallkonsol-svart.webp?fit=800%2C800&ssl=1\" \/>\n\t<meta property=\"og:image:width\" content=\"800\" \/>\n\t<meta property=\"og:image:height\" content=\"800\" \/>\n\t<meta property=\"og:image:type\" content=\"image\/webp\" \/>\n<meta name=\"twitter:card\" content=\"summary_large_image\" \/>\n<meta name=\"twitter:label1\" content=\"Ber\u00e4knad l\u00e4stid\" \/>\n\t<meta name=\"twitter:data1\" content=\"1 minut\" \/>\n<!-- \/ Yoast SEO plugin. -->","yoast_head_json":{"title":"TRUUSK Konsolbord Med 2 Hyllplan - Svart Hallbord - Hallkonsol - Modern Design - Praktisk f\u00f6r Hallen - Enkel Montering - TRUUSK - Hem, Tr\u00e4dg\u00e5rd &amp; Fritid","robots":{"index":"index","follow":"follow","max-snippet":"max-snippet:-1","max-image-preview":"max-image-preview:large","max-video-preview":"max-video-preview:-1"},"canonical":"https:\/\/truusk.store\/sv\/produkt\/truusk-konsolbord-med-2-hyllplan-svart-hallbord-hallkonsol-modern-design-praktisk-for-hallen-enkel-montering\/","og_locale":"sv_SE","og_type":"article","og_title":"TRUUSK Konsolbord Med 2 Hyllplan - Svart Hallbord - Hallkonsol - Modern Design - Praktisk f\u00f6r Hallen - Enkel Montering - TRUUSK - Hem, Tr\u00e4dg\u00e5rd &amp; Fritid","og_description":"Letar du efter ett smart f\u00f6rvaringsalternativ och en dekorativ uppdatering f\u00f6r din entr\u00e9? En konsol \u00e4r en snygg l\u00f6sning p\u00e5...","og_url":"https:\/\/truusk.store\/sv\/produkt\/truusk-konsolbord-med-2-hyllplan-svart-hallbord-hallkonsol-modern-design-praktisk-for-hallen-enkel-montering\/","og_site_name":"TRUUSK - Hem, Tr\u00e4dg\u00e5rd &amp; Fritid","article_modified_time":"2026-03-12T08:24:22+00:00","og_image":[{"width":800,"height":800,"url":"https:\/\/i0.wp.com\/truusk.se\/wp-content\/uploads\/2024\/02\/konsolbord-med-2-hyllplan-hallbord-hallkonsol-svart.webp?fit=800%2C800&ssl=1","type":"image\/webp"}],"twitter_card":"summary_large_image","twitter_misc":{"Ber\u00e4knad l\u00e4stid":"1 minut"},"schema":{"@context":"https:\/\/schema.org","@graph":[{"@type":"WebPage","@id":"https:\/\/truusk.store\/sv\/produkt\/truusk-konsolbord-med-2-hyllplan-svart-hallbord-hallkonsol-modern-design-praktisk-for-hallen-enkel-montering\/","url":"https:\/\/truusk.store\/sv\/produkt\/truusk-konsolbord-med-2-hyllplan-svart-hallbord-hallkonsol-modern-design-praktisk-for-hallen-enkel-montering\/","name":"TRUUSK Konsolbord Med 2 Hyllplan - Svart Hallbord - Hallkonsol - Modern Design - Praktisk f\u00f6r Hallen - Enkel Montering - TRUUSK - Hem, Tr\u00e4dg\u00e5rd &amp; Fritid","isPartOf":{"@id":"https:\/\/truusk.store\/sv\/#website"},"primaryImageOfPage":{"@id":"https:\/\/truusk.store\/sv\/produkt\/truusk-konsolbord-med-2-hyllplan-svart-hallbord-hallkonsol-modern-design-praktisk-for-hallen-enkel-montering\/#primaryimage"},"image":{"@id":"https:\/\/truusk.store\/sv\/produkt\/truusk-konsolbord-med-2-hyllplan-svart-hallbord-hallkonsol-modern-design-praktisk-for-hallen-enkel-montering\/#primaryimage"},"thumbnailUrl":"https:\/\/i0.wp.com\/truusk.store\/wp-content\/uploads\/2024\/02\/konsolbord-med-2-hyllplan-hallbord-hallkonsol-svart.webp?fit=800%2C800&ssl=1","datePublished":"2024-02-14T04:29:08+00:00","dateModified":"2026-03-12T08:24:22+00:00","breadcrumb":{"@id":"https:\/\/truusk.store\/sv\/produkt\/truusk-konsolbord-med-2-hyllplan-svart-hallbord-hallkonsol-modern-design-praktisk-for-hallen-enkel-montering\/#breadcrumb"},"inLanguage":"sv-SE","potentialAction":[{"@type":"ReadAction","target":["https:\/\/truusk.store\/sv\/produkt\/truusk-konsolbord-med-2-hyllplan-svart-hallbord-hallkonsol-modern-design-praktisk-for-hallen-enkel-montering\/"]}]},{"@type":"ImageObject","inLanguage":"sv-SE","@id":"https:\/\/truusk.store\/sv\/produkt\/truusk-konsolbord-med-2-hyllplan-svart-hallbord-hallkonsol-modern-design-praktisk-for-hallen-enkel-montering\/#primaryimage","url":"https:\/\/i0.wp.com\/truusk.store\/wp-content\/uploads\/2024\/02\/konsolbord-med-2-hyllplan-hallbord-hallkonsol-svart.webp?fit=800%2C800&ssl=1","contentUrl":"https:\/\/i0.wp.com\/truusk.store\/wp-content\/uploads\/2024\/02\/konsolbord-med-2-hyllplan-hallbord-hallkonsol-svart.webp?fit=800%2C800&ssl=1","width":800,"height":800,"caption":"Konsolbord Med 2 Hyllplan, Hallbord, Hallkonsol, Svart 1"},{"@type":"BreadcrumbList","@id":"https:\/\/truusk.store\/sv\/produkt\/truusk-konsolbord-med-2-hyllplan-svart-hallbord-hallkonsol-modern-design-praktisk-for-hallen-enkel-montering\/#breadcrumb","itemListElement":[{"@type":"ListItem","position":1,"name":"Home","item":"https:\/\/truusk.store\/sv\/"},{"@type":"ListItem","position":2,"name":"Shop","item":"https:\/\/truusk.store\/shop\/"},{"@type":"ListItem","position":3,"name":"TRUUSK Konsolbord Med 2 Hyllplan &#8211; Svart Hallbord &#8211; Hallkonsol &#8211; Modern Design &#8211; Praktisk f\u00f6r Hallen &#8211; Enkel Montering"}]},{"@type":"WebSite","@id":"https:\/\/truusk.store\/sv\/#website","url":"https:\/\/truusk.store\/sv\/","name":"TRUUSK - Hem, Tr\u00e4dg\u00e5rd & Fritid","description":"","publisher":{"@id":"https:\/\/truusk.store\/sv\/#organization"},"potentialAction":[{"@type":"SearchAction","target":{"@type":"EntryPoint","urlTemplate":"https:\/\/truusk.store\/sv\/?s={search_term_string}"},"query-input":{"@type":"PropertyValueSpecification","valueRequired":true,"valueName":"search_term_string"}}],"inLanguage":"sv-SE"},{"@type":"Organization","@id":"https:\/\/truusk.store\/sv\/#organization","name":"TRUUSK - Hem, Tr\u00e4dg\u00e5rd & Fritid","url":"https:\/\/truusk.store\/sv\/","logo":{"@type":"ImageObject","inLanguage":"sv-SE","@id":"https:\/\/truusk.store\/sv\/#\/schema\/logo\/image\/","url":"https:\/\/i0.wp.com\/truusk.store\/wp-content\/uploads\/2026\/03\/cropped-TRUUSK.png?fit=2032%2C917&ssl=1","contentUrl":"https:\/\/i0.wp.com\/truusk.store\/wp-content\/uploads\/2026\/03\/cropped-TRUUSK.png?fit=2032%2C917&ssl=1","width":2032,"height":917,"caption":"TRUUSK - Hem, Tr\u00e4dg\u00e5rd & Fritid"},"image":{"@id":"https:\/\/truusk.store\/sv\/#\/schema\/logo\/image\/"}}]}},"jetpack_sharing_enabled":true,"_links":{"self":[{"href":"https:\/\/truusk.store\/sv\/wp-json\/wp\/v2\/product\/44952","targetHints":{"allow":["GET"]}}],"collection":[{"href":"https:\/\/truusk.store\/sv\/wp-json\/wp\/v2\/product"}],"about":[{"href":"https:\/\/truusk.store\/sv\/wp-json\/wp\/v2\/types\/product"}],"wp:featuredmedia":[{"embeddable":true,"href":"https:\/\/truusk.store\/sv\/wp-json\/wp\/v2\/media\/44953"}],"wp:attachment":[{"href":"https:\/\/truusk.store\/sv\/wp-json\/wp\/v2\/media?parent=44952"}],"wp:term":[{"taxonomy":"product_brand","embeddable":true,"href":"https:\/\/truusk.store\/sv\/wp-json\/wp\/v2\/product_brand?post=44952"},{"taxonomy":"product_cat","embeddable":true,"href":"https:\/\/truusk.store\/sv\/wp-json\/wp\/v2\/product_cat?post=44952"},{"taxonomy":"product_tag","embeddable":true,"href":"https:\/\/truusk.store\/sv\/wp-json\/wp\/v2\/product_tag?post=44952"}],"curies":[{"name":"wp","href":"https:\/\/api.w.org\/{rel}","templated":true}]}}