{"id":44994,"date":"2024-02-14T05:30:34","date_gmt":"2024-02-14T04:30:34","guid":{"rendered":"https:\/\/truusk.store\/product\/basketstativ-justerbar-korghojd-23-29-m-nedre-stotstang-fyllbar-bas-rod-svart\/"},"modified":"2026-03-12T09:24:23","modified_gmt":"2026-03-12T08:24:23","slug":"truusk-basketstall-justerbar-korgshojd-23-29-m-nedre-stotstang-fyllbar-bas-rod-svart","status":"publish","type":"product","link":"https:\/\/truusk.store\/sv\/produkt\/truusk-basketstall-justerbar-korgshojd-23-29-m-nedre-stotstang-fyllbar-bas-rod-svart\/","title":{"rendered":"TRUUSK Basketst\u00e4ll &#8211; Justerbar Korgsh\u00f6jd 2,3-2,9 M &#8211; Nedre St\u00f6tst\u00e5ng &#8211; Fyllbar Bas &#8211; R\u00f6d + Svart"},"content":{"rendered":"<p>Njut av att spela basket med detta basketst\u00e4ll. Den \u00e4r justerbar i h\u00f6jdled och passar d\u00e4rf\u00f6r alla \u00e5ldersgrupper &#8211; s\u00e5 att alla kan spela. Utrustad med en robust st\u00e5lram, en robust ryggbr\u00e4da och ett moget basketn\u00e4t, erbjuder stativet en professionell spelupplevelse. Basen kommer att fyllas med vatten eller sand f\u00f6r att s\u00e4kerst\u00e4lla kompromissl\u00f6s stabilitet. Tack vare hjulen kan stativet ocks\u00e5 enkelt flyttas \u00f6verallt.<\/p>\n<h3>Beskrivning:<\/h3>\n<ul>\n<li>Utdragbart stativ med handtag, l\u00e4mplig f\u00f6r olika \u00e5ldrar och kompetensniv\u00e5er<\/li>\n<li>Solid st\u00e5lram och bakpanel i plast &#8211; stark och h\u00e5llbar<\/li>\n<li>Basen kan fyllas med sand eller vatten och ger ett stadigt underlag<\/li>\n<li>Nedre anslagsplatta \u00f6kar stabiliteten och f\u00f6rb\u00e4ttrar spelupplevelsen<\/li>\n<li>Smidigt l\u00f6pande hjul f\u00f6r h\u00f6g r\u00f6rlighet<\/li>\n<li>Montering kr\u00e4vs<\/li>\n<\/ul>\n<h3>Teknisk data:<\/h3>\n<ul>\n<li>F\u00e4rg: Svart+r\u00f6d<\/li>\n<li>Material: St\u00e5l, PC och PE<\/li>\n<li>M\u00e5tt p\u00e5 bakv\u00e4gg: 107L x 70H cm<\/li>\n<li>M\u00e5tt bas: 111L x 70,5W x 14,5H cm<\/li>\n<li>M\u00e5tt p\u00e5 korgring: 45 cm<\/li>\n<li>Totalh\u00f6jd: 293-350 cm<\/li>\n<li>Korgh\u00f6jd: 236-293 cm<\/li>\n<li>Fyllningskapacitet f\u00f6r basen: 30 kg vatten eller 40 kg sand<\/li>\n<\/ul>\n<h3>Leveransens omfattning:<\/h3>\n<ul>\n<li>1 x basketst\u00e4ll<\/li>\n<li>1 x manuell<\/li>\n<\/ul>\n","protected":false},"excerpt":{"rendered":"<p>Njut av att spela basket med detta basketst\u00e4ll. Den \u00e4r justerbar i h\u00f6jdled och passar d\u00e4rf\u00f6r alla \u00e5ldersgrupper &#8211; s\u00e5&#8230;<\/p>\n","protected":false},"featured_media":44995,"template":"","meta":[],"product_brand":[],"product_cat":[669,647],"product_tag":[],"class_list":{"0":"post-44994","1":"product","2":"type-product","3":"status-publish","4":"has-post-thumbnail","6":"product_cat-bollsporter","7":"product_cat-sport-fritid","9":"first","10":"instock","11":"sale","12":"taxable","13":"shipping-taxable","14":"purchasable","15":"product-type-simple"},"yoast_head":"<!-- This site is optimized with the Yoast SEO plugin v25.4 - https:\/\/yoast.com\/wordpress\/plugins\/seo\/ -->\n<title>TRUUSK Basketst\u00e4ll - Justerbar Korgsh\u00f6jd 2,3-2,9 M - Nedre St\u00f6tst\u00e5ng - Fyllbar Bas - R\u00f6d + Svart - TRUUSK - Hem, Tr\u00e4dg\u00e5rd &amp; Fritid<\/title>\n<meta name=\"robots\" content=\"index, follow, max-snippet:-1, max-image-preview:large, max-video-preview:-1\" \/>\n<link rel=\"canonical\" href=\"https:\/\/truusk.store\/sv\/produkt\/truusk-basketstall-justerbar-korgshojd-23-29-m-nedre-stotstang-fyllbar-bas-rod-svart\/\" \/>\n<meta property=\"og:locale\" content=\"sv_SE\" \/>\n<meta property=\"og:type\" content=\"article\" \/>\n<meta property=\"og:title\" content=\"TRUUSK Basketst\u00e4ll - Justerbar Korgsh\u00f6jd 2,3-2,9 M - Nedre St\u00f6tst\u00e5ng - Fyllbar Bas - R\u00f6d + Svart - TRUUSK - Hem, Tr\u00e4dg\u00e5rd &amp; Fritid\" \/>\n<meta property=\"og:description\" content=\"Njut av att spela basket med detta basketst\u00e4ll. Den \u00e4r justerbar i h\u00f6jdled och passar d\u00e4rf\u00f6r alla \u00e5ldersgrupper &#8211; s\u00e5...\" \/>\n<meta property=\"og:url\" content=\"https:\/\/truusk.store\/sv\/produkt\/truusk-basketstall-justerbar-korgshojd-23-29-m-nedre-stotstang-fyllbar-bas-rod-svart\/\" \/>\n<meta property=\"og:site_name\" content=\"TRUUSK - Hem, Tr\u00e4dg\u00e5rd &amp; Fritid\" \/>\n<meta property=\"article:modified_time\" content=\"2026-03-12T08:24:23+00:00\" \/>\n<meta property=\"og:image\" content=\"https:\/\/i0.wp.com\/truusk.se\/wp-content\/uploads\/2024\/02\/basketstativ-justerbar-korghojd-23-29-m-nedre-stotstang-fyllbar-bas-rod-svart.webp?fit=800%2C800&ssl=1\" \/>\n\t<meta property=\"og:image:width\" content=\"800\" \/>\n\t<meta property=\"og:image:height\" content=\"800\" \/>\n\t<meta property=\"og:image:type\" content=\"image\/webp\" \/>\n<meta name=\"twitter:card\" content=\"summary_large_image\" \/>\n<meta name=\"twitter:label1\" content=\"Ber\u00e4knad l\u00e4stid\" \/>\n\t<meta name=\"twitter:data1\" content=\"1 minut\" \/>\n<!-- \/ Yoast SEO plugin. -->","yoast_head_json":{"title":"TRUUSK Basketst\u00e4ll - Justerbar Korgsh\u00f6jd 2,3-2,9 M - Nedre St\u00f6tst\u00e5ng - Fyllbar Bas - R\u00f6d + Svart - TRUUSK - Hem, Tr\u00e4dg\u00e5rd &amp; Fritid","robots":{"index":"index","follow":"follow","max-snippet":"max-snippet:-1","max-image-preview":"max-image-preview:large","max-video-preview":"max-video-preview:-1"},"canonical":"https:\/\/truusk.store\/sv\/produkt\/truusk-basketstall-justerbar-korgshojd-23-29-m-nedre-stotstang-fyllbar-bas-rod-svart\/","og_locale":"sv_SE","og_type":"article","og_title":"TRUUSK Basketst\u00e4ll - Justerbar Korgsh\u00f6jd 2,3-2,9 M - Nedre St\u00f6tst\u00e5ng - Fyllbar Bas - R\u00f6d + Svart - TRUUSK - Hem, Tr\u00e4dg\u00e5rd &amp; Fritid","og_description":"Njut av att spela basket med detta basketst\u00e4ll. Den \u00e4r justerbar i h\u00f6jdled och passar d\u00e4rf\u00f6r alla \u00e5ldersgrupper &#8211; s\u00e5...","og_url":"https:\/\/truusk.store\/sv\/produkt\/truusk-basketstall-justerbar-korgshojd-23-29-m-nedre-stotstang-fyllbar-bas-rod-svart\/","og_site_name":"TRUUSK - Hem, Tr\u00e4dg\u00e5rd &amp; Fritid","article_modified_time":"2026-03-12T08:24:23+00:00","og_image":[{"width":800,"height":800,"url":"https:\/\/i0.wp.com\/truusk.se\/wp-content\/uploads\/2024\/02\/basketstativ-justerbar-korghojd-23-29-m-nedre-stotstang-fyllbar-bas-rod-svart.webp?fit=800%2C800&ssl=1","type":"image\/webp"}],"twitter_card":"summary_large_image","twitter_misc":{"Ber\u00e4knad l\u00e4stid":"1 minut"},"schema":{"@context":"https:\/\/schema.org","@graph":[{"@type":"WebPage","@id":"https:\/\/truusk.store\/sv\/produkt\/truusk-basketstall-justerbar-korgshojd-23-29-m-nedre-stotstang-fyllbar-bas-rod-svart\/","url":"https:\/\/truusk.store\/sv\/produkt\/truusk-basketstall-justerbar-korgshojd-23-29-m-nedre-stotstang-fyllbar-bas-rod-svart\/","name":"TRUUSK Basketst\u00e4ll - Justerbar Korgsh\u00f6jd 2,3-2,9 M - Nedre St\u00f6tst\u00e5ng - Fyllbar Bas - R\u00f6d + Svart - TRUUSK - Hem, Tr\u00e4dg\u00e5rd &amp; Fritid","isPartOf":{"@id":"https:\/\/truusk.store\/sv\/#website"},"primaryImageOfPage":{"@id":"https:\/\/truusk.store\/sv\/produkt\/truusk-basketstall-justerbar-korgshojd-23-29-m-nedre-stotstang-fyllbar-bas-rod-svart\/#primaryimage"},"image":{"@id":"https:\/\/truusk.store\/sv\/produkt\/truusk-basketstall-justerbar-korgshojd-23-29-m-nedre-stotstang-fyllbar-bas-rod-svart\/#primaryimage"},"thumbnailUrl":"https:\/\/i0.wp.com\/truusk.store\/wp-content\/uploads\/2024\/02\/basketstativ-justerbar-korghojd-23-29-m-nedre-stotstang-fyllbar-bas-rod-svart.webp?fit=800%2C800&ssl=1","datePublished":"2024-02-14T04:30:34+00:00","dateModified":"2026-03-12T08:24:23+00:00","breadcrumb":{"@id":"https:\/\/truusk.store\/sv\/produkt\/truusk-basketstall-justerbar-korgshojd-23-29-m-nedre-stotstang-fyllbar-bas-rod-svart\/#breadcrumb"},"inLanguage":"sv-SE","potentialAction":[{"@type":"ReadAction","target":["https:\/\/truusk.store\/sv\/produkt\/truusk-basketstall-justerbar-korgshojd-23-29-m-nedre-stotstang-fyllbar-bas-rod-svart\/"]}]},{"@type":"ImageObject","inLanguage":"sv-SE","@id":"https:\/\/truusk.store\/sv\/produkt\/truusk-basketstall-justerbar-korgshojd-23-29-m-nedre-stotstang-fyllbar-bas-rod-svart\/#primaryimage","url":"https:\/\/i0.wp.com\/truusk.store\/wp-content\/uploads\/2024\/02\/basketstativ-justerbar-korghojd-23-29-m-nedre-stotstang-fyllbar-bas-rod-svart.webp?fit=800%2C800&ssl=1","contentUrl":"https:\/\/i0.wp.com\/truusk.store\/wp-content\/uploads\/2024\/02\/basketstativ-justerbar-korghojd-23-29-m-nedre-stotstang-fyllbar-bas-rod-svart.webp?fit=800%2C800&ssl=1","width":800,"height":800,"caption":"Basketstativ, Justerbar Korgh\u00f6jd 2,3-2,9 M, Nedre St\u00f6tst\u00e5ng, Fyllbar Bas, R\u00f6d + Svart 1"},{"@type":"BreadcrumbList","@id":"https:\/\/truusk.store\/sv\/produkt\/truusk-basketstall-justerbar-korgshojd-23-29-m-nedre-stotstang-fyllbar-bas-rod-svart\/#breadcrumb","itemListElement":[{"@type":"ListItem","position":1,"name":"Home","item":"https:\/\/truusk.store\/sv\/"},{"@type":"ListItem","position":2,"name":"Shop","item":"https:\/\/truusk.store\/shop\/"},{"@type":"ListItem","position":3,"name":"TRUUSK Basketst\u00e4ll &#8211; Justerbar Korgsh\u00f6jd 2,3-2,9 M &#8211; Nedre St\u00f6tst\u00e5ng &#8211; Fyllbar Bas &#8211; R\u00f6d + Svart"}]},{"@type":"WebSite","@id":"https:\/\/truusk.store\/sv\/#website","url":"https:\/\/truusk.store\/sv\/","name":"TRUUSK - Hem, Tr\u00e4dg\u00e5rd & Fritid","description":"","publisher":{"@id":"https:\/\/truusk.store\/sv\/#organization"},"potentialAction":[{"@type":"SearchAction","target":{"@type":"EntryPoint","urlTemplate":"https:\/\/truusk.store\/sv\/?s={search_term_string}"},"query-input":{"@type":"PropertyValueSpecification","valueRequired":true,"valueName":"search_term_string"}}],"inLanguage":"sv-SE"},{"@type":"Organization","@id":"https:\/\/truusk.store\/sv\/#organization","name":"TRUUSK - Hem, Tr\u00e4dg\u00e5rd & Fritid","url":"https:\/\/truusk.store\/sv\/","logo":{"@type":"ImageObject","inLanguage":"sv-SE","@id":"https:\/\/truusk.store\/sv\/#\/schema\/logo\/image\/","url":"https:\/\/i0.wp.com\/truusk.store\/wp-content\/uploads\/2026\/03\/cropped-TRUUSK.png?fit=2032%2C917&ssl=1","contentUrl":"https:\/\/i0.wp.com\/truusk.store\/wp-content\/uploads\/2026\/03\/cropped-TRUUSK.png?fit=2032%2C917&ssl=1","width":2032,"height":917,"caption":"TRUUSK - Hem, Tr\u00e4dg\u00e5rd & Fritid"},"image":{"@id":"https:\/\/truusk.store\/sv\/#\/schema\/logo\/image\/"}}]}},"jetpack_sharing_enabled":true,"_links":{"self":[{"href":"https:\/\/truusk.store\/sv\/wp-json\/wp\/v2\/product\/44994","targetHints":{"allow":["GET"]}}],"collection":[{"href":"https:\/\/truusk.store\/sv\/wp-json\/wp\/v2\/product"}],"about":[{"href":"https:\/\/truusk.store\/sv\/wp-json\/wp\/v2\/types\/product"}],"wp:featuredmedia":[{"embeddable":true,"href":"https:\/\/truusk.store\/sv\/wp-json\/wp\/v2\/media\/44995"}],"wp:attachment":[{"href":"https:\/\/truusk.store\/sv\/wp-json\/wp\/v2\/media?parent=44994"}],"wp:term":[{"taxonomy":"product_brand","embeddable":true,"href":"https:\/\/truusk.store\/sv\/wp-json\/wp\/v2\/product_brand?post=44994"},{"taxonomy":"product_cat","embeddable":true,"href":"https:\/\/truusk.store\/sv\/wp-json\/wp\/v2\/product_cat?post=44994"},{"taxonomy":"product_tag","embeddable":true,"href":"https:\/\/truusk.store\/sv\/wp-json\/wp\/v2\/product_tag?post=44994"}],"curies":[{"name":"wp","href":"https:\/\/api.w.org\/{rel}","templated":true}]}}