{"id":45031,"date":"2024-02-14T05:32:04","date_gmt":"2024-02-14T04:32:04","guid":{"rendered":"https:\/\/truusk.store\/product\/kycklingbox-honsgard-walk-in-lasbar-dorr-for-10-12-kycklingar-280-cm-x-380-cm-x-195-cm-gra\/"},"modified":"2026-03-12T09:24:23","modified_gmt":"2026-03-12T08:24:23","slug":"truusk-kycklingbox-honsgard-lasbar-dorr-for-10-12-kycklingar-280x380x195-cm-gra","status":"publish","type":"product","link":"https:\/\/truusk.store\/sv\/produkt\/truusk-kycklingbox-honsgard-lasbar-dorr-for-10-12-kycklingar-280x380x195-cm-gra\/","title":{"rendered":"TRUUSK Kycklingbox H\u00f6nsg\u00e5rd &#8211; L\u00e5sbar D\u00f6rr &#8211; F\u00f6r 10-12 Kycklingar &#8211; 280x380x195 cm &#8211; Gr\u00e5"},"content":{"rendered":"<p>Den t\u00e4ckta milj\u00f6n i v\u00e5r h\u00f6nsg\u00e5rd ger dina kycklingar ett bekv\u00e4mare liv och ger dig tillr\u00e4ckligt med utrymme att r\u00f6ra p\u00e5 dig. H\u00e5ll dina djur svala, torra och skyddade fr\u00e5n regn och \u00f6verhettning. V\u00e5rt h\u00f6nshus i metall \u00e4r tillr\u00e4ckligt starkt f\u00f6r att klara de tuffaste v\u00e4derf\u00f6rh\u00e5llandena. Belagd tr\u00e5d och galvaniserat st\u00e5l i utomhussk\u00e5pet hindrar rovdjur fr\u00e5n att komma in i stallet samtidigt som det s\u00e4kerst\u00e4ller b\u00e4ttre luftcirkulation.<\/p>\n<h3>Beskrivning:<\/h3>\n<ul>\n<li>Uteh\u00f6ljets skuggiga tak h\u00e5ller djuren svala, torra och skyddade fr\u00e5n regn och UV-str\u00e5lar<\/li>\n<li>Den h\u00f6ga h\u00f6jden till\u00e5ter \u00e4gare att g\u00e5 in och ut ur stallet<\/li>\n<li>Plastbelagd st\u00e5ltr\u00e5d skyddar dina djur<\/li>\n<li>L\u00e5sbar d\u00f6rr f\u00f6r att h\u00e5lla kycklingarna s\u00e4kra<\/li>\n<li>Kan f\u00e4stas p\u00e5 ett h\u00f6nshus i tr\u00e4<\/li>\n<li>Montering kr\u00e4vs<\/li>\n<\/ul>\n<h3>Teknisk data:<\/h3>\n<ul>\n<li>silver<\/li>\n<li>Material: Galvaniserat st\u00e5l, Doppat st\u00e5l, PE<\/li>\n<li>Totala m\u00e5tt: 280L x 380W x 195H cm<\/li>\n<li>Takfotsh\u00f6jd: 115 cm<\/li>\n<li>Kapellm\u00e5tt: 350L x 190W cm<\/li>\n<li>Tr storlek: 60W x 165H cm<\/li>\n<li>Maskstorlek: 45L x 25B mm<\/li>\n<li>L\u00e4mpligt antal kycklingar: 10-12<\/li>\n<\/ul>\n<h3>Leveransens omfattning:<\/h3>\n<ul>\n<li>1 x h\u00f6nshus<\/li>\n<li>1 x Instruktioner<\/li>\n<\/ul>\n","protected":false},"excerpt":{"rendered":"<p>Den t\u00e4ckta milj\u00f6n i v\u00e5r h\u00f6nsg\u00e5rd ger dina kycklingar ett bekv\u00e4mare liv och ger dig tillr\u00e4ckligt med utrymme att r\u00f6ra&#8230;<\/p>\n","protected":false},"featured_media":45032,"template":"","meta":[],"product_brand":[],"product_cat":[601,602,573],"product_tag":[],"class_list":{"0":"post-45031","1":"product","2":"type-product","3":"status-publish","4":"has-post-thumbnail","6":"product_cat-fageltillbehor","7":"product_cat-honshus","8":"product_cat-husdjursmaterial","10":"first","11":"instock","12":"sale","13":"taxable","14":"shipping-taxable","15":"purchasable","16":"product-type-simple"},"yoast_head":"<!-- This site is optimized with the Yoast SEO plugin v25.4 - https:\/\/yoast.com\/wordpress\/plugins\/seo\/ -->\n<title>TRUUSK Kycklingbox H\u00f6nsg\u00e5rd - L\u00e5sbar D\u00f6rr - F\u00f6r 10-12 Kycklingar - 280x380x195 cm - Gr\u00e5 - TRUUSK - Hem, Tr\u00e4dg\u00e5rd &amp; Fritid<\/title>\n<meta name=\"robots\" content=\"index, follow, max-snippet:-1, max-image-preview:large, max-video-preview:-1\" \/>\n<link rel=\"canonical\" href=\"https:\/\/truusk.store\/sv\/produkt\/truusk-kycklingbox-honsgard-lasbar-dorr-for-10-12-kycklingar-280x380x195-cm-gra\/\" \/>\n<meta property=\"og:locale\" content=\"sv_SE\" \/>\n<meta property=\"og:type\" content=\"article\" \/>\n<meta property=\"og:title\" content=\"TRUUSK Kycklingbox H\u00f6nsg\u00e5rd - L\u00e5sbar D\u00f6rr - F\u00f6r 10-12 Kycklingar - 280x380x195 cm - Gr\u00e5 - TRUUSK - Hem, Tr\u00e4dg\u00e5rd &amp; Fritid\" \/>\n<meta property=\"og:description\" content=\"Den t\u00e4ckta milj\u00f6n i v\u00e5r h\u00f6nsg\u00e5rd ger dina kycklingar ett bekv\u00e4mare liv och ger dig tillr\u00e4ckligt med utrymme att r\u00f6ra...\" \/>\n<meta property=\"og:url\" content=\"https:\/\/truusk.store\/sv\/produkt\/truusk-kycklingbox-honsgard-lasbar-dorr-for-10-12-kycklingar-280x380x195-cm-gra\/\" \/>\n<meta property=\"og:site_name\" content=\"TRUUSK - Hem, Tr\u00e4dg\u00e5rd &amp; Fritid\" \/>\n<meta property=\"article:modified_time\" content=\"2026-03-12T08:24:23+00:00\" \/>\n<meta property=\"og:image\" content=\"https:\/\/i0.wp.com\/truusk.se\/wp-content\/uploads\/2024\/02\/kycklingbox-honsgard-walk-in-lasbar-dorr-for-10-12-kycklingar-280-cm-x-380-cm-x-195-cm-gra.webp?fit=800%2C800&ssl=1\" \/>\n\t<meta property=\"og:image:width\" content=\"800\" \/>\n\t<meta property=\"og:image:height\" content=\"800\" \/>\n\t<meta property=\"og:image:type\" content=\"image\/webp\" \/>\n<meta name=\"twitter:card\" content=\"summary_large_image\" \/>\n<meta name=\"twitter:label1\" content=\"Ber\u00e4knad l\u00e4stid\" \/>\n\t<meta name=\"twitter:data1\" content=\"1 minut\" \/>\n<!-- \/ Yoast SEO plugin. -->","yoast_head_json":{"title":"TRUUSK Kycklingbox H\u00f6nsg\u00e5rd - L\u00e5sbar D\u00f6rr - F\u00f6r 10-12 Kycklingar - 280x380x195 cm - Gr\u00e5 - TRUUSK - Hem, Tr\u00e4dg\u00e5rd &amp; Fritid","robots":{"index":"index","follow":"follow","max-snippet":"max-snippet:-1","max-image-preview":"max-image-preview:large","max-video-preview":"max-video-preview:-1"},"canonical":"https:\/\/truusk.store\/sv\/produkt\/truusk-kycklingbox-honsgard-lasbar-dorr-for-10-12-kycklingar-280x380x195-cm-gra\/","og_locale":"sv_SE","og_type":"article","og_title":"TRUUSK Kycklingbox H\u00f6nsg\u00e5rd - L\u00e5sbar D\u00f6rr - F\u00f6r 10-12 Kycklingar - 280x380x195 cm - Gr\u00e5 - TRUUSK - Hem, Tr\u00e4dg\u00e5rd &amp; Fritid","og_description":"Den t\u00e4ckta milj\u00f6n i v\u00e5r h\u00f6nsg\u00e5rd ger dina kycklingar ett bekv\u00e4mare liv och ger dig tillr\u00e4ckligt med utrymme att r\u00f6ra...","og_url":"https:\/\/truusk.store\/sv\/produkt\/truusk-kycklingbox-honsgard-lasbar-dorr-for-10-12-kycklingar-280x380x195-cm-gra\/","og_site_name":"TRUUSK - Hem, Tr\u00e4dg\u00e5rd &amp; Fritid","article_modified_time":"2026-03-12T08:24:23+00:00","og_image":[{"width":800,"height":800,"url":"https:\/\/i0.wp.com\/truusk.se\/wp-content\/uploads\/2024\/02\/kycklingbox-honsgard-walk-in-lasbar-dorr-for-10-12-kycklingar-280-cm-x-380-cm-x-195-cm-gra.webp?fit=800%2C800&ssl=1","type":"image\/webp"}],"twitter_card":"summary_large_image","twitter_misc":{"Ber\u00e4knad l\u00e4stid":"1 minut"},"schema":{"@context":"https:\/\/schema.org","@graph":[{"@type":"WebPage","@id":"https:\/\/truusk.store\/sv\/produkt\/truusk-kycklingbox-honsgard-lasbar-dorr-for-10-12-kycklingar-280x380x195-cm-gra\/","url":"https:\/\/truusk.store\/sv\/produkt\/truusk-kycklingbox-honsgard-lasbar-dorr-for-10-12-kycklingar-280x380x195-cm-gra\/","name":"TRUUSK Kycklingbox H\u00f6nsg\u00e5rd - L\u00e5sbar D\u00f6rr - F\u00f6r 10-12 Kycklingar - 280x380x195 cm - Gr\u00e5 - TRUUSK - Hem, Tr\u00e4dg\u00e5rd &amp; Fritid","isPartOf":{"@id":"https:\/\/truusk.store\/sv\/#website"},"primaryImageOfPage":{"@id":"https:\/\/truusk.store\/sv\/produkt\/truusk-kycklingbox-honsgard-lasbar-dorr-for-10-12-kycklingar-280x380x195-cm-gra\/#primaryimage"},"image":{"@id":"https:\/\/truusk.store\/sv\/produkt\/truusk-kycklingbox-honsgard-lasbar-dorr-for-10-12-kycklingar-280x380x195-cm-gra\/#primaryimage"},"thumbnailUrl":"https:\/\/i0.wp.com\/truusk.store\/wp-content\/uploads\/2024\/02\/kycklingbox-honsgard-walk-in-lasbar-dorr-for-10-12-kycklingar-280-cm-x-380-cm-x-195-cm-gra.webp?fit=800%2C800&ssl=1","datePublished":"2024-02-14T04:32:04+00:00","dateModified":"2026-03-12T08:24:23+00:00","breadcrumb":{"@id":"https:\/\/truusk.store\/sv\/produkt\/truusk-kycklingbox-honsgard-lasbar-dorr-for-10-12-kycklingar-280x380x195-cm-gra\/#breadcrumb"},"inLanguage":"sv-SE","potentialAction":[{"@type":"ReadAction","target":["https:\/\/truusk.store\/sv\/produkt\/truusk-kycklingbox-honsgard-lasbar-dorr-for-10-12-kycklingar-280x380x195-cm-gra\/"]}]},{"@type":"ImageObject","inLanguage":"sv-SE","@id":"https:\/\/truusk.store\/sv\/produkt\/truusk-kycklingbox-honsgard-lasbar-dorr-for-10-12-kycklingar-280x380x195-cm-gra\/#primaryimage","url":"https:\/\/i0.wp.com\/truusk.store\/wp-content\/uploads\/2024\/02\/kycklingbox-honsgard-walk-in-lasbar-dorr-for-10-12-kycklingar-280-cm-x-380-cm-x-195-cm-gra.webp?fit=800%2C800&ssl=1","contentUrl":"https:\/\/i0.wp.com\/truusk.store\/wp-content\/uploads\/2024\/02\/kycklingbox-honsgard-walk-in-lasbar-dorr-for-10-12-kycklingar-280-cm-x-380-cm-x-195-cm-gra.webp?fit=800%2C800&ssl=1","width":800,"height":800,"caption":"Kycklingbox H\u00f6nsg\u00e5rd, Walk-in, L\u00e5sbar D\u00f6rr, F\u00f6r 10-12 Kycklingar, 280 Cm X 380 Cm X 195 Cm, Gr\u00e5 1"},{"@type":"BreadcrumbList","@id":"https:\/\/truusk.store\/sv\/produkt\/truusk-kycklingbox-honsgard-lasbar-dorr-for-10-12-kycklingar-280x380x195-cm-gra\/#breadcrumb","itemListElement":[{"@type":"ListItem","position":1,"name":"Home","item":"https:\/\/truusk.store\/sv\/"},{"@type":"ListItem","position":2,"name":"Shop","item":"https:\/\/truusk.store\/shop\/"},{"@type":"ListItem","position":3,"name":"TRUUSK Kycklingbox H\u00f6nsg\u00e5rd &#8211; L\u00e5sbar D\u00f6rr &#8211; F\u00f6r 10-12 Kycklingar &#8211; 280x380x195 cm &#8211; Gr\u00e5"}]},{"@type":"WebSite","@id":"https:\/\/truusk.store\/sv\/#website","url":"https:\/\/truusk.store\/sv\/","name":"TRUUSK - Hem, Tr\u00e4dg\u00e5rd & Fritid","description":"","publisher":{"@id":"https:\/\/truusk.store\/sv\/#organization"},"potentialAction":[{"@type":"SearchAction","target":{"@type":"EntryPoint","urlTemplate":"https:\/\/truusk.store\/sv\/?s={search_term_string}"},"query-input":{"@type":"PropertyValueSpecification","valueRequired":true,"valueName":"search_term_string"}}],"inLanguage":"sv-SE"},{"@type":"Organization","@id":"https:\/\/truusk.store\/sv\/#organization","name":"TRUUSK - Hem, Tr\u00e4dg\u00e5rd & Fritid","url":"https:\/\/truusk.store\/sv\/","logo":{"@type":"ImageObject","inLanguage":"sv-SE","@id":"https:\/\/truusk.store\/sv\/#\/schema\/logo\/image\/","url":"https:\/\/i0.wp.com\/truusk.store\/wp-content\/uploads\/2026\/03\/cropped-TRUUSK.png?fit=2032%2C917&ssl=1","contentUrl":"https:\/\/i0.wp.com\/truusk.store\/wp-content\/uploads\/2026\/03\/cropped-TRUUSK.png?fit=2032%2C917&ssl=1","width":2032,"height":917,"caption":"TRUUSK - Hem, Tr\u00e4dg\u00e5rd & Fritid"},"image":{"@id":"https:\/\/truusk.store\/sv\/#\/schema\/logo\/image\/"}}]}},"jetpack_sharing_enabled":true,"_links":{"self":[{"href":"https:\/\/truusk.store\/sv\/wp-json\/wp\/v2\/product\/45031","targetHints":{"allow":["GET"]}}],"collection":[{"href":"https:\/\/truusk.store\/sv\/wp-json\/wp\/v2\/product"}],"about":[{"href":"https:\/\/truusk.store\/sv\/wp-json\/wp\/v2\/types\/product"}],"wp:featuredmedia":[{"embeddable":true,"href":"https:\/\/truusk.store\/sv\/wp-json\/wp\/v2\/media\/45032"}],"wp:attachment":[{"href":"https:\/\/truusk.store\/sv\/wp-json\/wp\/v2\/media?parent=45031"}],"wp:term":[{"taxonomy":"product_brand","embeddable":true,"href":"https:\/\/truusk.store\/sv\/wp-json\/wp\/v2\/product_brand?post=45031"},{"taxonomy":"product_cat","embeddable":true,"href":"https:\/\/truusk.store\/sv\/wp-json\/wp\/v2\/product_cat?post=45031"},{"taxonomy":"product_tag","embeddable":true,"href":"https:\/\/truusk.store\/sv\/wp-json\/wp\/v2\/product_tag?post=45031"}],"curies":[{"name":"wp","href":"https:\/\/api.w.org\/{rel}","templated":true}]}}