{"id":45144,"date":"2024-02-14T05:37:15","date_gmt":"2024-02-14T04:37:15","guid":{"rendered":"https:\/\/truusk.store\/product\/multifunktionsvagn-med-1-lada-1-hylla-4-hjul-koksvagn-svart\/"},"modified":"2026-03-12T09:24:30","modified_gmt":"2026-03-12T08:24:30","slug":"truusk-multifunktionsvagn-1-lada-1-hylla-4-hjul-koksvagn-svart","status":"publish","type":"product","link":"https:\/\/truusk.store\/sv\/produkt\/truusk-multifunktionsvagn-1-lada-1-hylla-4-hjul-koksvagn-svart\/","title":{"rendered":"TRUUSK Multifunktionsvagn &#8211; 1 L\u00e5da &#8211; 1 Hylla &#8211; 4 Hjul &#8211; K\u00f6ksvagn &#8211; Svart"},"content":{"rendered":"<p>Denna vagn \u00e4r kompakt, vilket g\u00f6r den idealisk f\u00f6r sm\u00e5 utrymmen som beh\u00f6ver mer f\u00f6rvaringsutrymme. Den nedre hyllan, l\u00e5dan, sidokrokarna och den lilla korgen ger gott om plats f\u00f6r olika tillbeh\u00f6r. Utrustad med greppv\u00e4nliga handtag f\u00f6r smidig r\u00f6relse. Fyra mjukt rullande hjul och parkeringsbromsar g\u00f6r att du kan flytta vagnen var du \u00e4n beh\u00f6ver den. Den kan anv\u00e4ndas som serveringsvagn, k\u00f6ksvagn och multifunktionsvagn. En praktisk f\u00f6rvaringsl\u00f6sning f\u00f6r ditt hem.<\/p>\n<h3>Beskrivning:<\/h3>\n<ul>\n<li>En utdragbar l\u00e5da och hylla f\u00f6r tillbeh\u00f6r och tillbeh\u00f6r<\/li>\n<li>En f\u00f6rvaringskorg och 3 krokar kan f\u00e4stas till v\u00e4nster eller h\u00f6ger efter behov<\/li>\n<li>4 mjukt l\u00f6pande hjul s\u00e4kerst\u00e4ller r\u00f6rlighet, varav tv\u00e5 \u00e4r l\u00e5sbara<\/li>\n<li>Utrustad med handtag f\u00f6r enkel skjutning<\/li>\n<li>Utrustad med l\u00e5dhandtag f\u00f6r enkel \u00f6ppning och st\u00e4ngning av l\u00e5dan<\/li>\n<li>Metallramen s\u00e4kerst\u00e4ller robusthet och \u00e4r l\u00e4tt att reng\u00f6ra<\/li>\n<li>Montering kr\u00e4vs<\/li>\n<\/ul>\n<h3>Teknisk data:<\/h3>\n<ul>\n<li>Svart f\u00e4rg<\/li>\n<li>Material: plast, st\u00e5l<\/li>\n<li>\u00d6vergripande m\u00e5tt: 61L x 32,6W x 58,5Hcm<\/li>\n<li>Bordsskivans storlek: 48W x 29,5D x 2Hcm<\/li>\n<li>L\u00e5dstorlek: 47W x 29D x 9Hcm<\/li>\n<li>Nedre hyllstorlek: 48W x 32,6D x 25Hcm<\/li>\n<li>H\u00e4ngande korgstorlek: 23W x 5,3D x 9,5Hcm<\/li>\n<li>Viktkapacitet: 10,6 kg (full), 3 kg (varje niv\u00e5), 1 kg (korg), 0,2 kg (krok)<\/li>\n<\/ul>\n<h3>Leveransens omfattning:<\/h3>\n<ul>\n<li>1 x vagn<\/li>\n<li>1 x manuell<\/li>\n<\/ul>\n","protected":false},"excerpt":{"rendered":"<p>Denna vagn \u00e4r kompakt, vilket g\u00f6r den idealisk f\u00f6r sm\u00e5 utrymmen som beh\u00f6ver mer f\u00f6rvaringsutrymme. Den nedre hyllan, l\u00e5dan, sidokrokarna&#8230;<\/p>\n","protected":false},"featured_media":45145,"template":"","meta":[],"product_brand":[],"product_cat":[485,503,501],"product_tag":[],"class_list":{"0":"post-45144","1":"product","2":"type-product","3":"status-publish","4":"has-post-thumbnail","6":"product_cat-hus-bo","7":"product_cat-serveringsvagn","8":"product_cat-tabeller","10":"first","11":"instock","12":"sale","13":"taxable","14":"shipping-taxable","15":"purchasable","16":"product-type-simple"},"yoast_head":"<!-- This site is optimized with the Yoast SEO plugin v25.4 - https:\/\/yoast.com\/wordpress\/plugins\/seo\/ -->\n<title>TRUUSK Multifunktionsvagn - 1 L\u00e5da - 1 Hylla - 4 Hjul - K\u00f6ksvagn - Svart - TRUUSK - Hem, Tr\u00e4dg\u00e5rd &amp; Fritid<\/title>\n<meta name=\"robots\" content=\"index, follow, max-snippet:-1, max-image-preview:large, max-video-preview:-1\" \/>\n<link rel=\"canonical\" href=\"https:\/\/truusk.store\/sv\/produkt\/truusk-multifunktionsvagn-1-lada-1-hylla-4-hjul-koksvagn-svart\/\" \/>\n<meta property=\"og:locale\" content=\"sv_SE\" \/>\n<meta property=\"og:type\" content=\"article\" \/>\n<meta property=\"og:title\" content=\"TRUUSK Multifunktionsvagn - 1 L\u00e5da - 1 Hylla - 4 Hjul - K\u00f6ksvagn - Svart - TRUUSK - Hem, Tr\u00e4dg\u00e5rd &amp; Fritid\" \/>\n<meta property=\"og:description\" content=\"Denna vagn \u00e4r kompakt, vilket g\u00f6r den idealisk f\u00f6r sm\u00e5 utrymmen som beh\u00f6ver mer f\u00f6rvaringsutrymme. Den nedre hyllan, l\u00e5dan, sidokrokarna...\" \/>\n<meta property=\"og:url\" content=\"https:\/\/truusk.store\/sv\/produkt\/truusk-multifunktionsvagn-1-lada-1-hylla-4-hjul-koksvagn-svart\/\" \/>\n<meta property=\"og:site_name\" content=\"TRUUSK - Hem, Tr\u00e4dg\u00e5rd &amp; Fritid\" \/>\n<meta property=\"article:modified_time\" content=\"2026-03-12T08:24:30+00:00\" \/>\n<meta property=\"og:image\" content=\"https:\/\/i0.wp.com\/truusk.se\/wp-content\/uploads\/2024\/02\/multifunktionsvagn-med-1-lada-1-hylla-4-hjul-koksvagn-svart.webp?fit=800%2C800&ssl=1\" \/>\n\t<meta property=\"og:image:width\" content=\"800\" \/>\n\t<meta property=\"og:image:height\" content=\"800\" \/>\n\t<meta property=\"og:image:type\" content=\"image\/webp\" \/>\n<meta name=\"twitter:card\" content=\"summary_large_image\" \/>\n<meta name=\"twitter:label1\" content=\"Ber\u00e4knad l\u00e4stid\" \/>\n\t<meta name=\"twitter:data1\" content=\"1 minut\" \/>\n<!-- \/ Yoast SEO plugin. -->","yoast_head_json":{"title":"TRUUSK Multifunktionsvagn - 1 L\u00e5da - 1 Hylla - 4 Hjul - K\u00f6ksvagn - Svart - TRUUSK - Hem, Tr\u00e4dg\u00e5rd &amp; Fritid","robots":{"index":"index","follow":"follow","max-snippet":"max-snippet:-1","max-image-preview":"max-image-preview:large","max-video-preview":"max-video-preview:-1"},"canonical":"https:\/\/truusk.store\/sv\/produkt\/truusk-multifunktionsvagn-1-lada-1-hylla-4-hjul-koksvagn-svart\/","og_locale":"sv_SE","og_type":"article","og_title":"TRUUSK Multifunktionsvagn - 1 L\u00e5da - 1 Hylla - 4 Hjul - K\u00f6ksvagn - Svart - TRUUSK - Hem, Tr\u00e4dg\u00e5rd &amp; Fritid","og_description":"Denna vagn \u00e4r kompakt, vilket g\u00f6r den idealisk f\u00f6r sm\u00e5 utrymmen som beh\u00f6ver mer f\u00f6rvaringsutrymme. Den nedre hyllan, l\u00e5dan, sidokrokarna...","og_url":"https:\/\/truusk.store\/sv\/produkt\/truusk-multifunktionsvagn-1-lada-1-hylla-4-hjul-koksvagn-svart\/","og_site_name":"TRUUSK - Hem, Tr\u00e4dg\u00e5rd &amp; Fritid","article_modified_time":"2026-03-12T08:24:30+00:00","og_image":[{"width":800,"height":800,"url":"https:\/\/i0.wp.com\/truusk.se\/wp-content\/uploads\/2024\/02\/multifunktionsvagn-med-1-lada-1-hylla-4-hjul-koksvagn-svart.webp?fit=800%2C800&ssl=1","type":"image\/webp"}],"twitter_card":"summary_large_image","twitter_misc":{"Ber\u00e4knad l\u00e4stid":"1 minut"},"schema":{"@context":"https:\/\/schema.org","@graph":[{"@type":"WebPage","@id":"https:\/\/truusk.store\/sv\/produkt\/truusk-multifunktionsvagn-1-lada-1-hylla-4-hjul-koksvagn-svart\/","url":"https:\/\/truusk.store\/sv\/produkt\/truusk-multifunktionsvagn-1-lada-1-hylla-4-hjul-koksvagn-svart\/","name":"TRUUSK Multifunktionsvagn - 1 L\u00e5da - 1 Hylla - 4 Hjul - K\u00f6ksvagn - Svart - TRUUSK - Hem, Tr\u00e4dg\u00e5rd &amp; Fritid","isPartOf":{"@id":"https:\/\/truusk.store\/sv\/#website"},"primaryImageOfPage":{"@id":"https:\/\/truusk.store\/sv\/produkt\/truusk-multifunktionsvagn-1-lada-1-hylla-4-hjul-koksvagn-svart\/#primaryimage"},"image":{"@id":"https:\/\/truusk.store\/sv\/produkt\/truusk-multifunktionsvagn-1-lada-1-hylla-4-hjul-koksvagn-svart\/#primaryimage"},"thumbnailUrl":"https:\/\/i0.wp.com\/truusk.store\/wp-content\/uploads\/2024\/02\/multifunktionsvagn-med-1-lada-1-hylla-4-hjul-koksvagn-svart.webp?fit=800%2C800&ssl=1","datePublished":"2024-02-14T04:37:15+00:00","dateModified":"2026-03-12T08:24:30+00:00","breadcrumb":{"@id":"https:\/\/truusk.store\/sv\/produkt\/truusk-multifunktionsvagn-1-lada-1-hylla-4-hjul-koksvagn-svart\/#breadcrumb"},"inLanguage":"sv-SE","potentialAction":[{"@type":"ReadAction","target":["https:\/\/truusk.store\/sv\/produkt\/truusk-multifunktionsvagn-1-lada-1-hylla-4-hjul-koksvagn-svart\/"]}]},{"@type":"ImageObject","inLanguage":"sv-SE","@id":"https:\/\/truusk.store\/sv\/produkt\/truusk-multifunktionsvagn-1-lada-1-hylla-4-hjul-koksvagn-svart\/#primaryimage","url":"https:\/\/i0.wp.com\/truusk.store\/wp-content\/uploads\/2024\/02\/multifunktionsvagn-med-1-lada-1-hylla-4-hjul-koksvagn-svart.webp?fit=800%2C800&ssl=1","contentUrl":"https:\/\/i0.wp.com\/truusk.store\/wp-content\/uploads\/2024\/02\/multifunktionsvagn-med-1-lada-1-hylla-4-hjul-koksvagn-svart.webp?fit=800%2C800&ssl=1","width":800,"height":800,"caption":"Multifunktionsvagn Med 1 L\u00e5da, 1 Hylla, 4 Hjul, K\u00f6ksvagn, Svart 1"},{"@type":"BreadcrumbList","@id":"https:\/\/truusk.store\/sv\/produkt\/truusk-multifunktionsvagn-1-lada-1-hylla-4-hjul-koksvagn-svart\/#breadcrumb","itemListElement":[{"@type":"ListItem","position":1,"name":"Home","item":"https:\/\/truusk.store\/sv\/"},{"@type":"ListItem","position":2,"name":"Shop","item":"https:\/\/truusk.store\/shop\/"},{"@type":"ListItem","position":3,"name":"TRUUSK Multifunktionsvagn &#8211; 1 L\u00e5da &#8211; 1 Hylla &#8211; 4 Hjul &#8211; K\u00f6ksvagn &#8211; Svart"}]},{"@type":"WebSite","@id":"https:\/\/truusk.store\/sv\/#website","url":"https:\/\/truusk.store\/sv\/","name":"TRUUSK - Hem, Tr\u00e4dg\u00e5rd & Fritid","description":"","publisher":{"@id":"https:\/\/truusk.store\/sv\/#organization"},"potentialAction":[{"@type":"SearchAction","target":{"@type":"EntryPoint","urlTemplate":"https:\/\/truusk.store\/sv\/?s={search_term_string}"},"query-input":{"@type":"PropertyValueSpecification","valueRequired":true,"valueName":"search_term_string"}}],"inLanguage":"sv-SE"},{"@type":"Organization","@id":"https:\/\/truusk.store\/sv\/#organization","name":"TRUUSK - Hem, Tr\u00e4dg\u00e5rd & Fritid","url":"https:\/\/truusk.store\/sv\/","logo":{"@type":"ImageObject","inLanguage":"sv-SE","@id":"https:\/\/truusk.store\/sv\/#\/schema\/logo\/image\/","url":"https:\/\/i0.wp.com\/truusk.store\/wp-content\/uploads\/2026\/03\/cropped-TRUUSK.png?fit=2032%2C917&ssl=1","contentUrl":"https:\/\/i0.wp.com\/truusk.store\/wp-content\/uploads\/2026\/03\/cropped-TRUUSK.png?fit=2032%2C917&ssl=1","width":2032,"height":917,"caption":"TRUUSK - Hem, Tr\u00e4dg\u00e5rd & Fritid"},"image":{"@id":"https:\/\/truusk.store\/sv\/#\/schema\/logo\/image\/"}}]}},"jetpack_sharing_enabled":true,"_links":{"self":[{"href":"https:\/\/truusk.store\/sv\/wp-json\/wp\/v2\/product\/45144","targetHints":{"allow":["GET"]}}],"collection":[{"href":"https:\/\/truusk.store\/sv\/wp-json\/wp\/v2\/product"}],"about":[{"href":"https:\/\/truusk.store\/sv\/wp-json\/wp\/v2\/types\/product"}],"wp:featuredmedia":[{"embeddable":true,"href":"https:\/\/truusk.store\/sv\/wp-json\/wp\/v2\/media\/45145"}],"wp:attachment":[{"href":"https:\/\/truusk.store\/sv\/wp-json\/wp\/v2\/media?parent=45144"}],"wp:term":[{"taxonomy":"product_brand","embeddable":true,"href":"https:\/\/truusk.store\/sv\/wp-json\/wp\/v2\/product_brand?post=45144"},{"taxonomy":"product_cat","embeddable":true,"href":"https:\/\/truusk.store\/sv\/wp-json\/wp\/v2\/product_cat?post=45144"},{"taxonomy":"product_tag","embeddable":true,"href":"https:\/\/truusk.store\/sv\/wp-json\/wp\/v2\/product_tag?post=45144"}],"curies":[{"name":"wp","href":"https:\/\/api.w.org\/{rel}","templated":true}]}}