{"id":45154,"date":"2024-02-14T05:37:33","date_gmt":"2024-02-14T04:37:33","guid":{"rendered":"https:\/\/truusk.store\/product\/industriell-design-konsol-bord-sidobord-skank-1-lada-brun-svart\/"},"modified":"2026-03-12T09:24:30","modified_gmt":"2026-03-12T08:24:30","slug":"truusk-industriell-design-konsol-bord-sidobord-skank-1-lada-brun-svart","status":"publish","type":"product","link":"https:\/\/truusk.store\/sv\/produkt\/truusk-industriell-design-konsol-bord-sidobord-skank-1-lada-brun-svart\/","title":{"rendered":"TRUUSK Industriell Design Konsol Bord &#8211; Sidobord Sk\u00e4nk 1 L\u00e5da &#8211; Brun + Svart"},"content":{"rendered":"<p>V\u00e5rt konsolbord har en hylla f\u00f6r att lagra foton, krimskrams etc. och en l\u00e5da f\u00f6r att f\u00f6rvara olika f\u00f6rem\u00e5l utom synh\u00e5ll. Tillverkad av tr\u00e4material och robust st\u00e5l, m\u00f6blerna \u00e4r stabila och l\u00e4tta att sk\u00f6ta. Den kompakta designen passar i varje h\u00f6rn av ditt hem och sparar utrymme. Med detta vackra hallbord kan du l\u00e4gga till industriell chic till din entr\u00e9, vardagsrum och sovrum.<\/p>\n<h3>Beskrivning:<\/h3>\n<ul>\n<li>Naturligt tr\u00e4look och en svart st\u00e5lram f\u00f6r en industriell chic<\/li>\n<li>L\u00e5dan erbjuder f\u00f6rvaringsutrymme f\u00f6r personliga f\u00f6rem\u00e5l<\/li>\n<li>Du kan visa saker som vaser, foton etc. p\u00e5 bordsskivan<\/li>\n<li>Handtag i aluminiumlegering f\u00f6r enkel \u00f6ppning och st\u00e4ngning<\/li>\n<li>Golvskydden kan skydda ditt golv fr\u00e5n repor<\/li>\n<li>Ytan \u00e4r melaminbelagd, sl\u00e4t och l\u00e4tt att reng\u00f6ra<\/li>\n<li>Det upph\u00f6jda golvet m\u00f6jligg\u00f6r enkel reng\u00f6ring<\/li>\n<li>Enkel montering kr\u00e4vs<\/li>\n<\/ul>\n<h3>Teknisk data:<\/h3>\n<ul>\n<li>F\u00e4rg: Natur+svart<\/li>\n<li>Material: sp\u00e5nskiva, st\u00e5l<\/li>\n<li>Totala m\u00e5tt: 80L x 30W x 76H cm<\/li>\n<li>Innerm\u00e5tt p\u00e5 l\u00e5dorna: 71,5L x 23,5W x 8,5H cm<\/li>\n<li>Benh\u00f6jd: 56 cm<\/li>\n<li>Viktkapacitet: 20 kg (totalt), 5 kg (l\u00e5da)<\/li>\n<\/ul>\n<h3>Leveransens omfattning:<\/h3>\n<ul>\n<li>1 x konsolbord<\/li>\n<li>1 x Instruktioner<\/li>\n<\/ul>\n","protected":false},"excerpt":{"rendered":"<p>V\u00e5rt konsolbord har en hylla f\u00f6r att lagra foton, krimskrams etc. och en l\u00e5da f\u00f6r att f\u00f6rvara olika f\u00f6rem\u00e5l utom&#8230;<\/p>\n","protected":false},"featured_media":45155,"template":"","meta":[],"product_brand":[],"product_cat":[485,514,501],"product_tag":[],"class_list":{"0":"post-45154","1":"product","2":"type-product","3":"status-publish","4":"has-post-thumbnail","6":"product_cat-hus-bo","7":"product_cat-konsolbord","8":"product_cat-tabeller","10":"first","11":"instock","12":"sale","13":"taxable","14":"shipping-taxable","15":"purchasable","16":"product-type-simple"},"yoast_head":"<!-- This site is optimized with the Yoast SEO plugin v25.4 - https:\/\/yoast.com\/wordpress\/plugins\/seo\/ -->\n<title>TRUUSK Industriell Design Konsol Bord - Sidobord Sk\u00e4nk 1 L\u00e5da - Brun + Svart - TRUUSK - Hem, Tr\u00e4dg\u00e5rd &amp; Fritid<\/title>\n<meta name=\"robots\" content=\"index, follow, max-snippet:-1, max-image-preview:large, max-video-preview:-1\" \/>\n<link rel=\"canonical\" href=\"https:\/\/truusk.store\/sv\/produkt\/truusk-industriell-design-konsol-bord-sidobord-skank-1-lada-brun-svart\/\" \/>\n<meta property=\"og:locale\" content=\"sv_SE\" \/>\n<meta property=\"og:type\" content=\"article\" \/>\n<meta property=\"og:title\" content=\"TRUUSK Industriell Design Konsol Bord - Sidobord Sk\u00e4nk 1 L\u00e5da - Brun + Svart - TRUUSK - Hem, Tr\u00e4dg\u00e5rd &amp; Fritid\" \/>\n<meta property=\"og:description\" content=\"V\u00e5rt konsolbord har en hylla f\u00f6r att lagra foton, krimskrams etc. och en l\u00e5da f\u00f6r att f\u00f6rvara olika f\u00f6rem\u00e5l utom...\" \/>\n<meta property=\"og:url\" content=\"https:\/\/truusk.store\/sv\/produkt\/truusk-industriell-design-konsol-bord-sidobord-skank-1-lada-brun-svart\/\" \/>\n<meta property=\"og:site_name\" content=\"TRUUSK - Hem, Tr\u00e4dg\u00e5rd &amp; Fritid\" \/>\n<meta property=\"article:modified_time\" content=\"2026-03-12T08:24:30+00:00\" \/>\n<meta property=\"og:image\" content=\"https:\/\/i0.wp.com\/truusk.se\/wp-content\/uploads\/2024\/02\/industriell-design-konsol-bord-sidobord-skank-1-lada-brun-svart.webp?fit=800%2C800&ssl=1\" \/>\n\t<meta property=\"og:image:width\" content=\"800\" \/>\n\t<meta property=\"og:image:height\" content=\"800\" \/>\n\t<meta property=\"og:image:type\" content=\"image\/webp\" \/>\n<meta name=\"twitter:card\" content=\"summary_large_image\" \/>\n<meta name=\"twitter:label1\" content=\"Ber\u00e4knad l\u00e4stid\" \/>\n\t<meta name=\"twitter:data1\" content=\"1 minut\" \/>\n<!-- \/ Yoast SEO plugin. -->","yoast_head_json":{"title":"TRUUSK Industriell Design Konsol Bord - Sidobord Sk\u00e4nk 1 L\u00e5da - Brun + Svart - TRUUSK - Hem, Tr\u00e4dg\u00e5rd &amp; Fritid","robots":{"index":"index","follow":"follow","max-snippet":"max-snippet:-1","max-image-preview":"max-image-preview:large","max-video-preview":"max-video-preview:-1"},"canonical":"https:\/\/truusk.store\/sv\/produkt\/truusk-industriell-design-konsol-bord-sidobord-skank-1-lada-brun-svart\/","og_locale":"sv_SE","og_type":"article","og_title":"TRUUSK Industriell Design Konsol Bord - Sidobord Sk\u00e4nk 1 L\u00e5da - Brun + Svart - TRUUSK - Hem, Tr\u00e4dg\u00e5rd &amp; Fritid","og_description":"V\u00e5rt konsolbord har en hylla f\u00f6r att lagra foton, krimskrams etc. och en l\u00e5da f\u00f6r att f\u00f6rvara olika f\u00f6rem\u00e5l utom...","og_url":"https:\/\/truusk.store\/sv\/produkt\/truusk-industriell-design-konsol-bord-sidobord-skank-1-lada-brun-svart\/","og_site_name":"TRUUSK - Hem, Tr\u00e4dg\u00e5rd &amp; Fritid","article_modified_time":"2026-03-12T08:24:30+00:00","og_image":[{"width":800,"height":800,"url":"https:\/\/i0.wp.com\/truusk.se\/wp-content\/uploads\/2024\/02\/industriell-design-konsol-bord-sidobord-skank-1-lada-brun-svart.webp?fit=800%2C800&ssl=1","type":"image\/webp"}],"twitter_card":"summary_large_image","twitter_misc":{"Ber\u00e4knad l\u00e4stid":"1 minut"},"schema":{"@context":"https:\/\/schema.org","@graph":[{"@type":"WebPage","@id":"https:\/\/truusk.store\/sv\/produkt\/truusk-industriell-design-konsol-bord-sidobord-skank-1-lada-brun-svart\/","url":"https:\/\/truusk.store\/sv\/produkt\/truusk-industriell-design-konsol-bord-sidobord-skank-1-lada-brun-svart\/","name":"TRUUSK Industriell Design Konsol Bord - Sidobord Sk\u00e4nk 1 L\u00e5da - Brun + Svart - TRUUSK - Hem, Tr\u00e4dg\u00e5rd &amp; Fritid","isPartOf":{"@id":"https:\/\/truusk.store\/sv\/#website"},"primaryImageOfPage":{"@id":"https:\/\/truusk.store\/sv\/produkt\/truusk-industriell-design-konsol-bord-sidobord-skank-1-lada-brun-svart\/#primaryimage"},"image":{"@id":"https:\/\/truusk.store\/sv\/produkt\/truusk-industriell-design-konsol-bord-sidobord-skank-1-lada-brun-svart\/#primaryimage"},"thumbnailUrl":"https:\/\/i0.wp.com\/truusk.store\/wp-content\/uploads\/2024\/02\/industriell-design-konsol-bord-sidobord-skank-1-lada-brun-svart.webp?fit=800%2C800&ssl=1","datePublished":"2024-02-14T04:37:33+00:00","dateModified":"2026-03-12T08:24:30+00:00","breadcrumb":{"@id":"https:\/\/truusk.store\/sv\/produkt\/truusk-industriell-design-konsol-bord-sidobord-skank-1-lada-brun-svart\/#breadcrumb"},"inLanguage":"sv-SE","potentialAction":[{"@type":"ReadAction","target":["https:\/\/truusk.store\/sv\/produkt\/truusk-industriell-design-konsol-bord-sidobord-skank-1-lada-brun-svart\/"]}]},{"@type":"ImageObject","inLanguage":"sv-SE","@id":"https:\/\/truusk.store\/sv\/produkt\/truusk-industriell-design-konsol-bord-sidobord-skank-1-lada-brun-svart\/#primaryimage","url":"https:\/\/i0.wp.com\/truusk.store\/wp-content\/uploads\/2024\/02\/industriell-design-konsol-bord-sidobord-skank-1-lada-brun-svart.webp?fit=800%2C800&ssl=1","contentUrl":"https:\/\/i0.wp.com\/truusk.store\/wp-content\/uploads\/2024\/02\/industriell-design-konsol-bord-sidobord-skank-1-lada-brun-svart.webp?fit=800%2C800&ssl=1","width":800,"height":800,"caption":"Industriell Design Konsol Bord Sidobord Sk\u00e4nk 1 L\u00e5da Brun + Svart 1"},{"@type":"BreadcrumbList","@id":"https:\/\/truusk.store\/sv\/produkt\/truusk-industriell-design-konsol-bord-sidobord-skank-1-lada-brun-svart\/#breadcrumb","itemListElement":[{"@type":"ListItem","position":1,"name":"Home","item":"https:\/\/truusk.store\/sv\/"},{"@type":"ListItem","position":2,"name":"Shop","item":"https:\/\/truusk.store\/shop\/"},{"@type":"ListItem","position":3,"name":"TRUUSK Industriell Design Konsol Bord &#8211; Sidobord Sk\u00e4nk 1 L\u00e5da &#8211; Brun + Svart"}]},{"@type":"WebSite","@id":"https:\/\/truusk.store\/sv\/#website","url":"https:\/\/truusk.store\/sv\/","name":"TRUUSK - Hem, Tr\u00e4dg\u00e5rd & Fritid","description":"","publisher":{"@id":"https:\/\/truusk.store\/sv\/#organization"},"potentialAction":[{"@type":"SearchAction","target":{"@type":"EntryPoint","urlTemplate":"https:\/\/truusk.store\/sv\/?s={search_term_string}"},"query-input":{"@type":"PropertyValueSpecification","valueRequired":true,"valueName":"search_term_string"}}],"inLanguage":"sv-SE"},{"@type":"Organization","@id":"https:\/\/truusk.store\/sv\/#organization","name":"TRUUSK - Hem, Tr\u00e4dg\u00e5rd & Fritid","url":"https:\/\/truusk.store\/sv\/","logo":{"@type":"ImageObject","inLanguage":"sv-SE","@id":"https:\/\/truusk.store\/sv\/#\/schema\/logo\/image\/","url":"https:\/\/i0.wp.com\/truusk.store\/wp-content\/uploads\/2026\/03\/cropped-TRUUSK.png?fit=2032%2C917&ssl=1","contentUrl":"https:\/\/i0.wp.com\/truusk.store\/wp-content\/uploads\/2026\/03\/cropped-TRUUSK.png?fit=2032%2C917&ssl=1","width":2032,"height":917,"caption":"TRUUSK - Hem, Tr\u00e4dg\u00e5rd & Fritid"},"image":{"@id":"https:\/\/truusk.store\/sv\/#\/schema\/logo\/image\/"}}]}},"jetpack_sharing_enabled":true,"_links":{"self":[{"href":"https:\/\/truusk.store\/sv\/wp-json\/wp\/v2\/product\/45154","targetHints":{"allow":["GET"]}}],"collection":[{"href":"https:\/\/truusk.store\/sv\/wp-json\/wp\/v2\/product"}],"about":[{"href":"https:\/\/truusk.store\/sv\/wp-json\/wp\/v2\/types\/product"}],"wp:featuredmedia":[{"embeddable":true,"href":"https:\/\/truusk.store\/sv\/wp-json\/wp\/v2\/media\/45155"}],"wp:attachment":[{"href":"https:\/\/truusk.store\/sv\/wp-json\/wp\/v2\/media?parent=45154"}],"wp:term":[{"taxonomy":"product_brand","embeddable":true,"href":"https:\/\/truusk.store\/sv\/wp-json\/wp\/v2\/product_brand?post=45154"},{"taxonomy":"product_cat","embeddable":true,"href":"https:\/\/truusk.store\/sv\/wp-json\/wp\/v2\/product_cat?post=45154"},{"taxonomy":"product_tag","embeddable":true,"href":"https:\/\/truusk.store\/sv\/wp-json\/wp\/v2\/product_tag?post=45154"}],"curies":[{"name":"wp","href":"https:\/\/api.w.org\/{rel}","templated":true}]}}