{"id":45164,"date":"2024-02-14T05:37:52","date_gmt":"2024-02-14T04:37:52","guid":{"rendered":"https:\/\/truusk.store\/product\/led-badrumsspegel-rund-pekfunktion-minnesfunktion-ingen-imma-aluminiumram-60-x-60-cm\/"},"modified":"2026-03-12T09:24:36","modified_gmt":"2026-03-12T08:24:36","slug":"truusk-led-badrumsspegel-rund-design-pekfunktion-minnesfunktion-ingen-imma-aluminiumram-60-x-60-cm","status":"publish","type":"product","link":"https:\/\/truusk.store\/sv\/produkt\/truusk-led-badrumsspegel-rund-design-pekfunktion-minnesfunktion-ingen-imma-aluminiumram-60-x-60-cm\/","title":{"rendered":"TRUUSK LED Badrumsspegel &#8211; Rund Design &#8211; Pekfunktion &amp; Minnesfunktion &#8211; Ingen Imma &#8211; Aluminiumram &#8211; 60 x 60 cm"},"content":{"rendered":"<p>Denna upplysta badrumsspegel \u00e4r mer \u00e4n bara ett tillbeh\u00f6r f\u00f6r dina sk\u00f6tselrutiner. Det \u00e4r ett riktigt blickf\u00e5ng som kommer att fylla alla badrum med en trendig stil och kommer att imponera p\u00e5 dina g\u00e4ster. Med sin intuitiva touchfunktion kan du justera ljusintensiteten och f\u00e4rgtemperaturen som du vill. Minnesfunktionen sparar dina favoritinst\u00e4llningar. Denna vackra spegel kommer snabbt att bli en oumb\u00e4rlig partner som du inte vill vara utan!<\/p>\n<h3>Beskrivning:<\/h3>\n<ul>\n<li>Spegeln m\u00e5ste anslutas till eln\u00e4tet<\/li>\n<li>Bekv\u00e4m och smart touchkontroll<\/li>\n<li>Justerbar ljusstyrka och 3 ljusf\u00e4rger att v\u00e4lja mellan, inklusive varmvit (3000K), dagsljus (4500K), kallvit (6500K)<\/li>\n<li>Anti-imfunktion med automatisk avst\u00e4ngning<\/li>\n<li>Minnesfunktion f\u00f6r att spara de senaste inst\u00e4llningarna<\/li>\n<li>Den m\u00e5lade aluminiumramen s\u00e4kerst\u00e4ller robusthet i dagligt bruk<\/li>\n<li>Vattent\u00e4t (IP44), ger l\u00e4ngre livsl\u00e4ngd<\/li>\n<li>Krossskyddad film p\u00e5 baksidan f\u00f6rb\u00e4ttrar s\u00e4kerheten under transport och anv\u00e4ndning<\/li>\n<li>Ingen montering kr\u00e4vs, bara f\u00e4st p\u00e5 v\u00e4ggen<\/li>\n<\/ul>\n<h3>Teknisk data:<\/h3>\n<ul>\n<li>F\u00e4rg: Vit+Silver<\/li>\n<li>Material: aluminium (bakram), glas<\/li>\n<li>\u00d6vergripande m\u00e5tt: 60 x 3T cm<\/li>\n<li>M\u00e5tt p\u00e5 anti-dimfilm: 30L x 20W cm<\/li>\n<li>Str\u00f6mkabelns l\u00e4ngd: &gt; 0,6 m<\/li>\n<li>Ljusstyrka: 1020 Lm<\/li>\n<li>Ing\u00e5ng: 220-240V, 50\/60Hz, 23W<\/li>\n<li>Utg\u00e5ng: DC 12V, 1,5A, 18W<\/li>\n<li>Total effekt: 29W<\/li>\n<li>Vattent\u00e4t klass: IP44<\/li>\n<\/ul>\n<h3>Leveransens omfattning:<\/h3>\n<ul>\n<li>1 x LED badrumsspegel<\/li>\n<li>1 x Monteringsanvisning<\/li>\n<li>1 x monteringssats<\/li>\n<li>1 x par handskar<\/li>\n<\/ul>\n","protected":false},"excerpt":{"rendered":"<p>Denna upplysta badrumsspegel \u00e4r mer \u00e4n bara ett tillbeh\u00f6r f\u00f6r dina sk\u00f6tselrutiner. Det \u00e4r ett riktigt blickf\u00e5ng som kommer att&#8230;<\/p>\n","protected":false},"featured_media":45165,"template":"","meta":[],"product_brand":[],"product_cat":[489,491,485],"product_tag":[],"class_list":{"0":"post-45164","1":"product","2":"type-product","3":"status-publish","4":"has-post-thumbnail","6":"product_cat-badrum-sanitar","7":"product_cat-badrumsspeglar-spegelskap","8":"product_cat-hus-bo","10":"first","11":"instock","12":"sale","13":"taxable","14":"shipping-taxable","15":"purchasable","16":"product-type-simple"},"yoast_head":"<!-- This site is optimized with the Yoast SEO plugin v25.4 - https:\/\/yoast.com\/wordpress\/plugins\/seo\/ -->\n<title>TRUUSK LED Badrumsspegel - Rund Design - Pekfunktion &amp; Minnesfunktion - Ingen Imma - Aluminiumram - 60 x 60 cm - TRUUSK - Hem, Tr\u00e4dg\u00e5rd &amp; Fritid<\/title>\n<meta name=\"robots\" content=\"index, follow, max-snippet:-1, max-image-preview:large, max-video-preview:-1\" \/>\n<link rel=\"canonical\" href=\"https:\/\/truusk.store\/sv\/produkt\/truusk-led-badrumsspegel-rund-design-pekfunktion-minnesfunktion-ingen-imma-aluminiumram-60-x-60-cm\/\" \/>\n<meta property=\"og:locale\" content=\"sv_SE\" \/>\n<meta property=\"og:type\" content=\"article\" \/>\n<meta property=\"og:title\" content=\"TRUUSK LED Badrumsspegel - Rund Design - Pekfunktion &amp; Minnesfunktion - Ingen Imma - Aluminiumram - 60 x 60 cm - TRUUSK - Hem, Tr\u00e4dg\u00e5rd &amp; Fritid\" \/>\n<meta property=\"og:description\" content=\"Denna upplysta badrumsspegel \u00e4r mer \u00e4n bara ett tillbeh\u00f6r f\u00f6r dina sk\u00f6tselrutiner. Det \u00e4r ett riktigt blickf\u00e5ng som kommer att...\" \/>\n<meta property=\"og:url\" content=\"https:\/\/truusk.store\/sv\/produkt\/truusk-led-badrumsspegel-rund-design-pekfunktion-minnesfunktion-ingen-imma-aluminiumram-60-x-60-cm\/\" \/>\n<meta property=\"og:site_name\" content=\"TRUUSK - Hem, Tr\u00e4dg\u00e5rd &amp; Fritid\" \/>\n<meta property=\"article:modified_time\" content=\"2026-03-12T08:24:36+00:00\" \/>\n<meta property=\"og:image\" content=\"https:\/\/i0.wp.com\/truusk.se\/wp-content\/uploads\/2024\/02\/led-badrumsspegel-rund-pekfunktion-minnesfunktion-ingen-imma-aluminiumram-60-x-60-cm.webp?fit=800%2C800&ssl=1\" \/>\n\t<meta property=\"og:image:width\" content=\"800\" \/>\n\t<meta property=\"og:image:height\" content=\"800\" \/>\n\t<meta property=\"og:image:type\" content=\"image\/webp\" \/>\n<meta name=\"twitter:card\" content=\"summary_large_image\" \/>\n<meta name=\"twitter:label1\" content=\"Ber\u00e4knad l\u00e4stid\" \/>\n\t<meta name=\"twitter:data1\" content=\"1 minut\" \/>\n<!-- \/ Yoast SEO plugin. -->","yoast_head_json":{"title":"TRUUSK LED Badrumsspegel - Rund Design - Pekfunktion &amp; Minnesfunktion - Ingen Imma - Aluminiumram - 60 x 60 cm - TRUUSK - Hem, Tr\u00e4dg\u00e5rd &amp; Fritid","robots":{"index":"index","follow":"follow","max-snippet":"max-snippet:-1","max-image-preview":"max-image-preview:large","max-video-preview":"max-video-preview:-1"},"canonical":"https:\/\/truusk.store\/sv\/produkt\/truusk-led-badrumsspegel-rund-design-pekfunktion-minnesfunktion-ingen-imma-aluminiumram-60-x-60-cm\/","og_locale":"sv_SE","og_type":"article","og_title":"TRUUSK LED Badrumsspegel - Rund Design - Pekfunktion &amp; Minnesfunktion - Ingen Imma - Aluminiumram - 60 x 60 cm - TRUUSK - Hem, Tr\u00e4dg\u00e5rd &amp; Fritid","og_description":"Denna upplysta badrumsspegel \u00e4r mer \u00e4n bara ett tillbeh\u00f6r f\u00f6r dina sk\u00f6tselrutiner. Det \u00e4r ett riktigt blickf\u00e5ng som kommer att...","og_url":"https:\/\/truusk.store\/sv\/produkt\/truusk-led-badrumsspegel-rund-design-pekfunktion-minnesfunktion-ingen-imma-aluminiumram-60-x-60-cm\/","og_site_name":"TRUUSK - Hem, Tr\u00e4dg\u00e5rd &amp; Fritid","article_modified_time":"2026-03-12T08:24:36+00:00","og_image":[{"width":800,"height":800,"url":"https:\/\/i0.wp.com\/truusk.se\/wp-content\/uploads\/2024\/02\/led-badrumsspegel-rund-pekfunktion-minnesfunktion-ingen-imma-aluminiumram-60-x-60-cm.webp?fit=800%2C800&ssl=1","type":"image\/webp"}],"twitter_card":"summary_large_image","twitter_misc":{"Ber\u00e4knad l\u00e4stid":"1 minut"},"schema":{"@context":"https:\/\/schema.org","@graph":[{"@type":"WebPage","@id":"https:\/\/truusk.store\/sv\/produkt\/truusk-led-badrumsspegel-rund-design-pekfunktion-minnesfunktion-ingen-imma-aluminiumram-60-x-60-cm\/","url":"https:\/\/truusk.store\/sv\/produkt\/truusk-led-badrumsspegel-rund-design-pekfunktion-minnesfunktion-ingen-imma-aluminiumram-60-x-60-cm\/","name":"TRUUSK LED Badrumsspegel - Rund Design - Pekfunktion &amp; Minnesfunktion - Ingen Imma - Aluminiumram - 60 x 60 cm - TRUUSK - Hem, Tr\u00e4dg\u00e5rd &amp; Fritid","isPartOf":{"@id":"https:\/\/truusk.store\/sv\/#website"},"primaryImageOfPage":{"@id":"https:\/\/truusk.store\/sv\/produkt\/truusk-led-badrumsspegel-rund-design-pekfunktion-minnesfunktion-ingen-imma-aluminiumram-60-x-60-cm\/#primaryimage"},"image":{"@id":"https:\/\/truusk.store\/sv\/produkt\/truusk-led-badrumsspegel-rund-design-pekfunktion-minnesfunktion-ingen-imma-aluminiumram-60-x-60-cm\/#primaryimage"},"thumbnailUrl":"https:\/\/i0.wp.com\/truusk.store\/wp-content\/uploads\/2024\/02\/led-badrumsspegel-rund-pekfunktion-minnesfunktion-ingen-imma-aluminiumram-60-x-60-cm.webp?fit=800%2C800&ssl=1","datePublished":"2024-02-14T04:37:52+00:00","dateModified":"2026-03-12T08:24:36+00:00","breadcrumb":{"@id":"https:\/\/truusk.store\/sv\/produkt\/truusk-led-badrumsspegel-rund-design-pekfunktion-minnesfunktion-ingen-imma-aluminiumram-60-x-60-cm\/#breadcrumb"},"inLanguage":"sv-SE","potentialAction":[{"@type":"ReadAction","target":["https:\/\/truusk.store\/sv\/produkt\/truusk-led-badrumsspegel-rund-design-pekfunktion-minnesfunktion-ingen-imma-aluminiumram-60-x-60-cm\/"]}]},{"@type":"ImageObject","inLanguage":"sv-SE","@id":"https:\/\/truusk.store\/sv\/produkt\/truusk-led-badrumsspegel-rund-design-pekfunktion-minnesfunktion-ingen-imma-aluminiumram-60-x-60-cm\/#primaryimage","url":"https:\/\/i0.wp.com\/truusk.store\/wp-content\/uploads\/2024\/02\/led-badrumsspegel-rund-pekfunktion-minnesfunktion-ingen-imma-aluminiumram-60-x-60-cm.webp?fit=800%2C800&ssl=1","contentUrl":"https:\/\/i0.wp.com\/truusk.store\/wp-content\/uploads\/2024\/02\/led-badrumsspegel-rund-pekfunktion-minnesfunktion-ingen-imma-aluminiumram-60-x-60-cm.webp?fit=800%2C800&ssl=1","width":800,"height":800,"caption":"LED Badrumsspegel, Rund, Pekfunktion, Minnesfunktion, Ingen Imma, Aluminiumram, 60 X 60 Cm 1"},{"@type":"BreadcrumbList","@id":"https:\/\/truusk.store\/sv\/produkt\/truusk-led-badrumsspegel-rund-design-pekfunktion-minnesfunktion-ingen-imma-aluminiumram-60-x-60-cm\/#breadcrumb","itemListElement":[{"@type":"ListItem","position":1,"name":"Home","item":"https:\/\/truusk.store\/sv\/"},{"@type":"ListItem","position":2,"name":"Shop","item":"https:\/\/truusk.store\/shop\/"},{"@type":"ListItem","position":3,"name":"TRUUSK LED Badrumsspegel &#8211; Rund Design &#8211; Pekfunktion &amp; Minnesfunktion &#8211; Ingen Imma &#8211; Aluminiumram &#8211; 60 x 60 cm"}]},{"@type":"WebSite","@id":"https:\/\/truusk.store\/sv\/#website","url":"https:\/\/truusk.store\/sv\/","name":"TRUUSK - Hem, Tr\u00e4dg\u00e5rd & Fritid","description":"","publisher":{"@id":"https:\/\/truusk.store\/sv\/#organization"},"potentialAction":[{"@type":"SearchAction","target":{"@type":"EntryPoint","urlTemplate":"https:\/\/truusk.store\/sv\/?s={search_term_string}"},"query-input":{"@type":"PropertyValueSpecification","valueRequired":true,"valueName":"search_term_string"}}],"inLanguage":"sv-SE"},{"@type":"Organization","@id":"https:\/\/truusk.store\/sv\/#organization","name":"TRUUSK - Hem, Tr\u00e4dg\u00e5rd & Fritid","url":"https:\/\/truusk.store\/sv\/","logo":{"@type":"ImageObject","inLanguage":"sv-SE","@id":"https:\/\/truusk.store\/sv\/#\/schema\/logo\/image\/","url":"https:\/\/i0.wp.com\/truusk.store\/wp-content\/uploads\/2026\/03\/cropped-TRUUSK.png?fit=2032%2C917&ssl=1","contentUrl":"https:\/\/i0.wp.com\/truusk.store\/wp-content\/uploads\/2026\/03\/cropped-TRUUSK.png?fit=2032%2C917&ssl=1","width":2032,"height":917,"caption":"TRUUSK - Hem, Tr\u00e4dg\u00e5rd & Fritid"},"image":{"@id":"https:\/\/truusk.store\/sv\/#\/schema\/logo\/image\/"}}]}},"jetpack_sharing_enabled":true,"_links":{"self":[{"href":"https:\/\/truusk.store\/sv\/wp-json\/wp\/v2\/product\/45164","targetHints":{"allow":["GET"]}}],"collection":[{"href":"https:\/\/truusk.store\/sv\/wp-json\/wp\/v2\/product"}],"about":[{"href":"https:\/\/truusk.store\/sv\/wp-json\/wp\/v2\/types\/product"}],"wp:featuredmedia":[{"embeddable":true,"href":"https:\/\/truusk.store\/sv\/wp-json\/wp\/v2\/media\/45165"}],"wp:attachment":[{"href":"https:\/\/truusk.store\/sv\/wp-json\/wp\/v2\/media?parent=45164"}],"wp:term":[{"taxonomy":"product_brand","embeddable":true,"href":"https:\/\/truusk.store\/sv\/wp-json\/wp\/v2\/product_brand?post=45164"},{"taxonomy":"product_cat","embeddable":true,"href":"https:\/\/truusk.store\/sv\/wp-json\/wp\/v2\/product_cat?post=45164"},{"taxonomy":"product_tag","embeddable":true,"href":"https:\/\/truusk.store\/sv\/wp-json\/wp\/v2\/product_tag?post=45164"}],"curies":[{"name":"wp","href":"https:\/\/api.w.org\/{rel}","templated":true}]}}