{"id":45181,"date":"2024-02-14T05:38:28","date_gmt":"2024-02-14T04:38:28","guid":{"rendered":"https:\/\/truusk.store\/product\/badrumsspegel-badrumsspegel-med-led-ljus-touchsensor-anti-imfunktion\/"},"modified":"2026-03-12T09:24:36","modified_gmt":"2026-03-12T08:24:36","slug":"truusk-badrumsspegel-med-led-ljus-touchsensor-anti-imfunktion-modern-design-perfekt-for-badrummet","status":"publish","type":"product","link":"https:\/\/truusk.store\/sv\/produkt\/truusk-badrumsspegel-med-led-ljus-touchsensor-anti-imfunktion-modern-design-perfekt-for-badrummet\/","title":{"rendered":"TRUUSK Badrumsspegel med LED-ljus &#8211; Touchsensor &#8211; Anti-imfunktion &#8211; Modern design &#8211; Perfekt f\u00f6r badrummet"},"content":{"rendered":"<p>Denna LED-badrumsspegel \u00e4r omgiven av en ljus ring och \u00e4r ett utm\u00e4rkt komplement till ditt hem. Med sin rena och enkla runda form har den extern belysning: v\u00e4lj mellan varmvitt, vitt och kallvitt och justera ljusstyrkan efter eget tycke &#8211; perfekt f\u00f6r anv\u00e4ndning b\u00e5de dag och natt. Styrd av en touch-omkopplare p\u00e5 v\u00e4ggspegeln \u00e4r den enkel att anv\u00e4nda och har en praktisk minnesfunktion.<\/p>\n<h3>Beskrivning:<\/h3>\n<ul>\n<li>Extern LED-belysning: justerbar ljusstyrka med tre olika f\u00e4rger (varmvitt, vitt och kallvitt)<\/li>\n<li>Livsl\u00e4ngd p\u00e5 50 000 timmar: gott om anv\u00e4ndningstid<\/li>\n<li>Minnesfunktion i badrumsspegeln f\u00f6r att spara dina tidigare inst\u00e4llningar: extremt hj\u00e4lpsam!<\/li>\n<li>Intuitiva pekkontroller: Styr p\u00e5\/av, ljusstyrka och LED-f\u00e4rg<\/li>\n<li>Avfuktningsfunktion f\u00f6r fri sikt efter dusch<\/li>\n<li>Utrymmesbesparande design av toalettspegeln f\u00f6r v\u00e4ggmontering<\/li>\n<li>IP44-certifierad: s\u00e4ker i fuktiga milj\u00f6er och n\u00e4ra vatten<\/li>\n<li>Kabeldesign: kr\u00e4ver professionell installation.<\/li>\n<\/ul>\n<h3>Teknisk data:<\/h3>\n<ul>\n<li>F\u00e4rg: Vit+Silver<\/li>\n<li>Material: metall, glas<\/li>\n<li>\u00d6vergripande m\u00e5tt: 70 x 3H cm<\/li>\n<li>Anti-fog filmstorlek: 30L x 30W cm<\/li>\n<li>Str\u00f6mkabelns l\u00e4ngd: &gt; 0,6 m<\/li>\n<li>Lumen: 1140Lm<\/li>\n<li>Ing\u00e5ng: 220-240V, 50\/60Hz, 23W<\/li>\n<li>Utg\u00e5ng: DC 12V, 1,5A,18W<\/li>\n<li>Total effekt: 35W<\/li>\n<li>IP-skyddsklass: IP44<\/li>\n<\/ul>\n<h3>Leveransens omfattning:<\/h3>\n<ul>\n<li>1 x Badrumsspegel<\/li>\n<li>1 x manuell<\/li>\n<li>1 x skruvsats<\/li>\n<li>1 x par handskar<\/li>\n<\/ul>\n","protected":false},"excerpt":{"rendered":"<p>Denna LED-badrumsspegel \u00e4r omgiven av en ljus ring och \u00e4r ett utm\u00e4rkt komplement till ditt hem. Med sin rena och&#8230;<\/p>\n","protected":false},"featured_media":45182,"template":"","meta":[],"product_brand":[],"product_cat":[489,491,485],"product_tag":[],"class_list":{"0":"post-45181","1":"product","2":"type-product","3":"status-publish","4":"has-post-thumbnail","6":"product_cat-badrum-sanitar","7":"product_cat-badrumsspeglar-spegelskap","8":"product_cat-hus-bo","10":"first","11":"instock","12":"sale","13":"taxable","14":"shipping-taxable","15":"purchasable","16":"product-type-simple"},"yoast_head":"<!-- This site is optimized with the Yoast SEO plugin v25.4 - https:\/\/yoast.com\/wordpress\/plugins\/seo\/ -->\n<title>TRUUSK Badrumsspegel med LED-ljus - Touchsensor - Anti-imfunktion - Modern design - Perfekt f\u00f6r badrummet - TRUUSK - Hem, Tr\u00e4dg\u00e5rd &amp; Fritid<\/title>\n<meta name=\"robots\" content=\"index, follow, max-snippet:-1, max-image-preview:large, max-video-preview:-1\" \/>\n<link rel=\"canonical\" href=\"https:\/\/truusk.store\/sv\/produkt\/truusk-badrumsspegel-med-led-ljus-touchsensor-anti-imfunktion-modern-design-perfekt-for-badrummet\/\" \/>\n<meta property=\"og:locale\" content=\"sv_SE\" \/>\n<meta property=\"og:type\" content=\"article\" \/>\n<meta property=\"og:title\" content=\"TRUUSK Badrumsspegel med LED-ljus - Touchsensor - Anti-imfunktion - Modern design - Perfekt f\u00f6r badrummet - TRUUSK - Hem, Tr\u00e4dg\u00e5rd &amp; Fritid\" \/>\n<meta property=\"og:description\" content=\"Denna LED-badrumsspegel \u00e4r omgiven av en ljus ring och \u00e4r ett utm\u00e4rkt komplement till ditt hem. Med sin rena och...\" \/>\n<meta property=\"og:url\" content=\"https:\/\/truusk.store\/sv\/produkt\/truusk-badrumsspegel-med-led-ljus-touchsensor-anti-imfunktion-modern-design-perfekt-for-badrummet\/\" \/>\n<meta property=\"og:site_name\" content=\"TRUUSK - Hem, Tr\u00e4dg\u00e5rd &amp; Fritid\" \/>\n<meta property=\"article:modified_time\" content=\"2026-03-12T08:24:36+00:00\" \/>\n<meta property=\"og:image\" content=\"https:\/\/i0.wp.com\/truusk.se\/wp-content\/uploads\/2024\/02\/badrumsspegel-badrumsspegel-med-led-ljus-touchsensor-anti-imfunktion.webp?fit=800%2C800&ssl=1\" \/>\n\t<meta property=\"og:image:width\" content=\"800\" \/>\n\t<meta property=\"og:image:height\" content=\"800\" \/>\n\t<meta property=\"og:image:type\" content=\"image\/webp\" \/>\n<meta name=\"twitter:card\" content=\"summary_large_image\" \/>\n<meta name=\"twitter:label1\" content=\"Ber\u00e4knad l\u00e4stid\" \/>\n\t<meta name=\"twitter:data1\" content=\"1 minut\" \/>\n<!-- \/ Yoast SEO plugin. -->","yoast_head_json":{"title":"TRUUSK Badrumsspegel med LED-ljus - Touchsensor - Anti-imfunktion - Modern design - Perfekt f\u00f6r badrummet - TRUUSK - Hem, Tr\u00e4dg\u00e5rd &amp; Fritid","robots":{"index":"index","follow":"follow","max-snippet":"max-snippet:-1","max-image-preview":"max-image-preview:large","max-video-preview":"max-video-preview:-1"},"canonical":"https:\/\/truusk.store\/sv\/produkt\/truusk-badrumsspegel-med-led-ljus-touchsensor-anti-imfunktion-modern-design-perfekt-for-badrummet\/","og_locale":"sv_SE","og_type":"article","og_title":"TRUUSK Badrumsspegel med LED-ljus - Touchsensor - Anti-imfunktion - Modern design - Perfekt f\u00f6r badrummet - TRUUSK - Hem, Tr\u00e4dg\u00e5rd &amp; Fritid","og_description":"Denna LED-badrumsspegel \u00e4r omgiven av en ljus ring och \u00e4r ett utm\u00e4rkt komplement till ditt hem. Med sin rena och...","og_url":"https:\/\/truusk.store\/sv\/produkt\/truusk-badrumsspegel-med-led-ljus-touchsensor-anti-imfunktion-modern-design-perfekt-for-badrummet\/","og_site_name":"TRUUSK - Hem, Tr\u00e4dg\u00e5rd &amp; Fritid","article_modified_time":"2026-03-12T08:24:36+00:00","og_image":[{"width":800,"height":800,"url":"https:\/\/i0.wp.com\/truusk.se\/wp-content\/uploads\/2024\/02\/badrumsspegel-badrumsspegel-med-led-ljus-touchsensor-anti-imfunktion.webp?fit=800%2C800&ssl=1","type":"image\/webp"}],"twitter_card":"summary_large_image","twitter_misc":{"Ber\u00e4knad l\u00e4stid":"1 minut"},"schema":{"@context":"https:\/\/schema.org","@graph":[{"@type":"WebPage","@id":"https:\/\/truusk.store\/sv\/produkt\/truusk-badrumsspegel-med-led-ljus-touchsensor-anti-imfunktion-modern-design-perfekt-for-badrummet\/","url":"https:\/\/truusk.store\/sv\/produkt\/truusk-badrumsspegel-med-led-ljus-touchsensor-anti-imfunktion-modern-design-perfekt-for-badrummet\/","name":"TRUUSK Badrumsspegel med LED-ljus - Touchsensor - Anti-imfunktion - Modern design - Perfekt f\u00f6r badrummet - TRUUSK - Hem, Tr\u00e4dg\u00e5rd &amp; Fritid","isPartOf":{"@id":"https:\/\/truusk.store\/sv\/#website"},"primaryImageOfPage":{"@id":"https:\/\/truusk.store\/sv\/produkt\/truusk-badrumsspegel-med-led-ljus-touchsensor-anti-imfunktion-modern-design-perfekt-for-badrummet\/#primaryimage"},"image":{"@id":"https:\/\/truusk.store\/sv\/produkt\/truusk-badrumsspegel-med-led-ljus-touchsensor-anti-imfunktion-modern-design-perfekt-for-badrummet\/#primaryimage"},"thumbnailUrl":"https:\/\/i0.wp.com\/truusk.store\/wp-content\/uploads\/2024\/02\/badrumsspegel-badrumsspegel-med-led-ljus-touchsensor-anti-imfunktion.webp?fit=800%2C800&ssl=1","datePublished":"2024-02-14T04:38:28+00:00","dateModified":"2026-03-12T08:24:36+00:00","breadcrumb":{"@id":"https:\/\/truusk.store\/sv\/produkt\/truusk-badrumsspegel-med-led-ljus-touchsensor-anti-imfunktion-modern-design-perfekt-for-badrummet\/#breadcrumb"},"inLanguage":"sv-SE","potentialAction":[{"@type":"ReadAction","target":["https:\/\/truusk.store\/sv\/produkt\/truusk-badrumsspegel-med-led-ljus-touchsensor-anti-imfunktion-modern-design-perfekt-for-badrummet\/"]}]},{"@type":"ImageObject","inLanguage":"sv-SE","@id":"https:\/\/truusk.store\/sv\/produkt\/truusk-badrumsspegel-med-led-ljus-touchsensor-anti-imfunktion-modern-design-perfekt-for-badrummet\/#primaryimage","url":"https:\/\/i0.wp.com\/truusk.store\/wp-content\/uploads\/2024\/02\/badrumsspegel-badrumsspegel-med-led-ljus-touchsensor-anti-imfunktion.webp?fit=800%2C800&ssl=1","contentUrl":"https:\/\/i0.wp.com\/truusk.store\/wp-content\/uploads\/2024\/02\/badrumsspegel-badrumsspegel-med-led-ljus-touchsensor-anti-imfunktion.webp?fit=800%2C800&ssl=1","width":800,"height":800,"caption":"Badrumsspegel Badrumsspegel Med LED-ljus Touchsensor Anti-imfunktion 1"},{"@type":"BreadcrumbList","@id":"https:\/\/truusk.store\/sv\/produkt\/truusk-badrumsspegel-med-led-ljus-touchsensor-anti-imfunktion-modern-design-perfekt-for-badrummet\/#breadcrumb","itemListElement":[{"@type":"ListItem","position":1,"name":"Home","item":"https:\/\/truusk.store\/sv\/"},{"@type":"ListItem","position":2,"name":"Shop","item":"https:\/\/truusk.store\/shop\/"},{"@type":"ListItem","position":3,"name":"TRUUSK Badrumsspegel med LED-ljus &#8211; Touchsensor &#8211; Anti-imfunktion &#8211; Modern design &#8211; Perfekt f\u00f6r badrummet"}]},{"@type":"WebSite","@id":"https:\/\/truusk.store\/sv\/#website","url":"https:\/\/truusk.store\/sv\/","name":"TRUUSK - Hem, Tr\u00e4dg\u00e5rd & Fritid","description":"","publisher":{"@id":"https:\/\/truusk.store\/sv\/#organization"},"potentialAction":[{"@type":"SearchAction","target":{"@type":"EntryPoint","urlTemplate":"https:\/\/truusk.store\/sv\/?s={search_term_string}"},"query-input":{"@type":"PropertyValueSpecification","valueRequired":true,"valueName":"search_term_string"}}],"inLanguage":"sv-SE"},{"@type":"Organization","@id":"https:\/\/truusk.store\/sv\/#organization","name":"TRUUSK - Hem, Tr\u00e4dg\u00e5rd & Fritid","url":"https:\/\/truusk.store\/sv\/","logo":{"@type":"ImageObject","inLanguage":"sv-SE","@id":"https:\/\/truusk.store\/sv\/#\/schema\/logo\/image\/","url":"https:\/\/i0.wp.com\/truusk.store\/wp-content\/uploads\/2026\/03\/cropped-TRUUSK.png?fit=2032%2C917&ssl=1","contentUrl":"https:\/\/i0.wp.com\/truusk.store\/wp-content\/uploads\/2026\/03\/cropped-TRUUSK.png?fit=2032%2C917&ssl=1","width":2032,"height":917,"caption":"TRUUSK - Hem, Tr\u00e4dg\u00e5rd & Fritid"},"image":{"@id":"https:\/\/truusk.store\/sv\/#\/schema\/logo\/image\/"}}]}},"jetpack_sharing_enabled":true,"_links":{"self":[{"href":"https:\/\/truusk.store\/sv\/wp-json\/wp\/v2\/product\/45181","targetHints":{"allow":["GET"]}}],"collection":[{"href":"https:\/\/truusk.store\/sv\/wp-json\/wp\/v2\/product"}],"about":[{"href":"https:\/\/truusk.store\/sv\/wp-json\/wp\/v2\/types\/product"}],"wp:featuredmedia":[{"embeddable":true,"href":"https:\/\/truusk.store\/sv\/wp-json\/wp\/v2\/media\/45182"}],"wp:attachment":[{"href":"https:\/\/truusk.store\/sv\/wp-json\/wp\/v2\/media?parent=45181"}],"wp:term":[{"taxonomy":"product_brand","embeddable":true,"href":"https:\/\/truusk.store\/sv\/wp-json\/wp\/v2\/product_brand?post=45181"},{"taxonomy":"product_cat","embeddable":true,"href":"https:\/\/truusk.store\/sv\/wp-json\/wp\/v2\/product_cat?post=45181"},{"taxonomy":"product_tag","embeddable":true,"href":"https:\/\/truusk.store\/sv\/wp-json\/wp\/v2\/product_tag?post=45181"}],"curies":[{"name":"wp","href":"https:\/\/api.w.org\/{rel}","templated":true}]}}