{"id":45192,"date":"2024-02-14T05:38:48","date_gmt":"2024-02-14T04:38:48","guid":{"rendered":"https:\/\/truusk.store\/product\/stegstensset-for-barn-fran-3-ar-och-uppat-5-stenar-halkfritt-upp-till-80-kg-sjostjarna-design\/"},"modified":"2026-03-12T09:24:36","modified_gmt":"2026-03-12T08:24:36","slug":"truusk-stegstenar-for-barn-5-stenar-halkfria-upp-till-80-kg-sjostjarna-design","status":"publish","type":"product","link":"https:\/\/truusk.store\/sv\/produkt\/truusk-stegstenar-for-barn-5-stenar-halkfria-upp-till-80-kg-sjostjarna-design\/","title":{"rendered":"TRUUSK Stegstenar f\u00f6r Barn &#8211; 5 stenar &#8211; Halkfria &#8211; Upp till 80 kg &#8211; Sj\u00f6stj\u00e4rna Design"},"content":{"rendered":"<p>Uppt\u00e4ck en ny v\u00e4rld av lekfullt l\u00e4rande och \u00e4ventyr med de fascinerande flodstenarna! Dessa livliga stenar har designats speciellt f\u00f6r att lekfullt f\u00f6rb\u00e4ttra ditt barns balans och koordination. Oavsett om det \u00e4r inomhus eller utomhus passar detta f\u00e4rgglada set perfekt in i alla lekmilj\u00f6er. Den stapelbara designen m\u00f6jligg\u00f6r enkel f\u00f6rvaring, medan den halkfria ytan och gummif\u00f6tterna garanterar maximal s\u00e4kerhet.<\/p>\n<h3>Beskrivning:<\/h3>\n<ul>\n<li>Lekfull tr\u00e4ning av balans, koordination och motorik<\/li>\n<li>Det robusta materialet \u00e4r s\u00e4kert och h\u00e5llbart<\/li>\n<li>Den halkfria basen och den strukturerade toppen f\u00f6rhindrar halkning<\/li>\n<li>Stapelbar f\u00f6r enkel f\u00f6rvaring och transport<\/li>\n<li>L\u00e4mplig f\u00f6r inomhus och utomhus<\/li>\n<li>Max belastning: 80 kg<\/li>\n<li>Enkel montering kr\u00e4vs<\/li>\n<\/ul>\n<h3>Teknisk data:<\/h3>\n<ul>\n<li>F\u00e4rg: Flerf\u00e4rgad<\/li>\n<li>Material: plast, TPR, fj\u00e4der<\/li>\n<li>\u00d6vergripande m\u00e5tt: 23L x 23W x 4H cm (liten). 33L x 33B x 7,5H cm (medium). 36,5L x 36,5B x 16H cm (stor). 31L x 31W x 8,5H cm (fj\u00e4drande sten)<\/li>\n<li>Slitbana: 13,5L x 13,5W cm (liten). 15,5L x 15,5W cm (medium). 14,5L x 14,5W cm (stor). 19L x 19W cm (fj\u00e4drande sten)<\/li>\n<li>Rekommenderad \u00e5lder: 3-8 \u00e5r. Certifierad \u00e5lder: 3+ \u00e5r<\/li>\n<li>Lastkapacitet: 80 kg<\/li>\n<\/ul>\n<h3>Leveransens omfattning:<\/h3>\n<ul>\n<li>5 x Balance Stepping Stones<\/li>\n<li>1 x Instruktioner<\/li>\n<\/ul>\n","protected":false},"excerpt":{"rendered":"<p>Uppt\u00e4ck en ny v\u00e4rld av lekfullt l\u00e4rande och \u00e4ventyr med de fascinerande flodstenarna! Dessa livliga stenar har designats speciellt f\u00f6r&#8230;<\/p>\n","protected":false},"featured_media":45193,"template":"","meta":[],"product_brand":[],"product_cat":[609,617,616],"product_tag":[],"class_list":{"0":"post-45192","1":"product","2":"type-product","3":"status-publish","4":"has-post-thumbnail","6":"product_cat-baby-barn","7":"product_cat-barnidrott","8":"product_cat-utomhusleksaker","10":"first","11":"instock","12":"sale","13":"taxable","14":"shipping-taxable","15":"purchasable","16":"product-type-simple"},"yoast_head":"<!-- This site is optimized with the Yoast SEO plugin v25.4 - https:\/\/yoast.com\/wordpress\/plugins\/seo\/ -->\n<title>TRUUSK Stegstenar f\u00f6r Barn - 5 stenar - Halkfria - Upp till 80 kg - Sj\u00f6stj\u00e4rna Design - TRUUSK - Hem, Tr\u00e4dg\u00e5rd &amp; Fritid<\/title>\n<meta name=\"robots\" content=\"index, follow, max-snippet:-1, max-image-preview:large, max-video-preview:-1\" \/>\n<link rel=\"canonical\" href=\"https:\/\/truusk.store\/sv\/produkt\/truusk-stegstenar-for-barn-5-stenar-halkfria-upp-till-80-kg-sjostjarna-design\/\" \/>\n<meta property=\"og:locale\" content=\"sv_SE\" \/>\n<meta property=\"og:type\" content=\"article\" \/>\n<meta property=\"og:title\" content=\"TRUUSK Stegstenar f\u00f6r Barn - 5 stenar - Halkfria - Upp till 80 kg - Sj\u00f6stj\u00e4rna Design - TRUUSK - Hem, Tr\u00e4dg\u00e5rd &amp; Fritid\" \/>\n<meta property=\"og:description\" content=\"Uppt\u00e4ck en ny v\u00e4rld av lekfullt l\u00e4rande och \u00e4ventyr med de fascinerande flodstenarna! Dessa livliga stenar har designats speciellt f\u00f6r...\" \/>\n<meta property=\"og:url\" content=\"https:\/\/truusk.store\/sv\/produkt\/truusk-stegstenar-for-barn-5-stenar-halkfria-upp-till-80-kg-sjostjarna-design\/\" \/>\n<meta property=\"og:site_name\" content=\"TRUUSK - Hem, Tr\u00e4dg\u00e5rd &amp; Fritid\" \/>\n<meta property=\"article:modified_time\" content=\"2026-03-12T08:24:36+00:00\" \/>\n<meta property=\"og:image\" content=\"https:\/\/i0.wp.com\/truusk.se\/wp-content\/uploads\/2024\/02\/stegstensset-for-barn-fran-3-ar-och-uppat-5-stenar-halkfritt-upp-till-80-kg-sjostjarna-design.webp?fit=800%2C800&ssl=1\" \/>\n\t<meta property=\"og:image:width\" content=\"800\" \/>\n\t<meta property=\"og:image:height\" content=\"800\" \/>\n\t<meta property=\"og:image:type\" content=\"image\/webp\" \/>\n<meta name=\"twitter:card\" content=\"summary_large_image\" \/>\n<meta name=\"twitter:label1\" content=\"Ber\u00e4knad l\u00e4stid\" \/>\n\t<meta name=\"twitter:data1\" content=\"1 minut\" \/>\n<!-- \/ Yoast SEO plugin. -->","yoast_head_json":{"title":"TRUUSK Stegstenar f\u00f6r Barn - 5 stenar - Halkfria - Upp till 80 kg - Sj\u00f6stj\u00e4rna Design - TRUUSK - Hem, Tr\u00e4dg\u00e5rd &amp; Fritid","robots":{"index":"index","follow":"follow","max-snippet":"max-snippet:-1","max-image-preview":"max-image-preview:large","max-video-preview":"max-video-preview:-1"},"canonical":"https:\/\/truusk.store\/sv\/produkt\/truusk-stegstenar-for-barn-5-stenar-halkfria-upp-till-80-kg-sjostjarna-design\/","og_locale":"sv_SE","og_type":"article","og_title":"TRUUSK Stegstenar f\u00f6r Barn - 5 stenar - Halkfria - Upp till 80 kg - Sj\u00f6stj\u00e4rna Design - TRUUSK - Hem, Tr\u00e4dg\u00e5rd &amp; Fritid","og_description":"Uppt\u00e4ck en ny v\u00e4rld av lekfullt l\u00e4rande och \u00e4ventyr med de fascinerande flodstenarna! Dessa livliga stenar har designats speciellt f\u00f6r...","og_url":"https:\/\/truusk.store\/sv\/produkt\/truusk-stegstenar-for-barn-5-stenar-halkfria-upp-till-80-kg-sjostjarna-design\/","og_site_name":"TRUUSK - Hem, Tr\u00e4dg\u00e5rd &amp; Fritid","article_modified_time":"2026-03-12T08:24:36+00:00","og_image":[{"width":800,"height":800,"url":"https:\/\/i0.wp.com\/truusk.se\/wp-content\/uploads\/2024\/02\/stegstensset-for-barn-fran-3-ar-och-uppat-5-stenar-halkfritt-upp-till-80-kg-sjostjarna-design.webp?fit=800%2C800&ssl=1","type":"image\/webp"}],"twitter_card":"summary_large_image","twitter_misc":{"Ber\u00e4knad l\u00e4stid":"1 minut"},"schema":{"@context":"https:\/\/schema.org","@graph":[{"@type":"WebPage","@id":"https:\/\/truusk.store\/sv\/produkt\/truusk-stegstenar-for-barn-5-stenar-halkfria-upp-till-80-kg-sjostjarna-design\/","url":"https:\/\/truusk.store\/sv\/produkt\/truusk-stegstenar-for-barn-5-stenar-halkfria-upp-till-80-kg-sjostjarna-design\/","name":"TRUUSK Stegstenar f\u00f6r Barn - 5 stenar - Halkfria - Upp till 80 kg - Sj\u00f6stj\u00e4rna Design - TRUUSK - Hem, Tr\u00e4dg\u00e5rd &amp; Fritid","isPartOf":{"@id":"https:\/\/truusk.store\/sv\/#website"},"primaryImageOfPage":{"@id":"https:\/\/truusk.store\/sv\/produkt\/truusk-stegstenar-for-barn-5-stenar-halkfria-upp-till-80-kg-sjostjarna-design\/#primaryimage"},"image":{"@id":"https:\/\/truusk.store\/sv\/produkt\/truusk-stegstenar-for-barn-5-stenar-halkfria-upp-till-80-kg-sjostjarna-design\/#primaryimage"},"thumbnailUrl":"https:\/\/i0.wp.com\/truusk.store\/wp-content\/uploads\/2024\/02\/stegstensset-for-barn-fran-3-ar-och-uppat-5-stenar-halkfritt-upp-till-80-kg-sjostjarna-design.webp?fit=800%2C800&ssl=1","datePublished":"2024-02-14T04:38:48+00:00","dateModified":"2026-03-12T08:24:36+00:00","breadcrumb":{"@id":"https:\/\/truusk.store\/sv\/produkt\/truusk-stegstenar-for-barn-5-stenar-halkfria-upp-till-80-kg-sjostjarna-design\/#breadcrumb"},"inLanguage":"sv-SE","potentialAction":[{"@type":"ReadAction","target":["https:\/\/truusk.store\/sv\/produkt\/truusk-stegstenar-for-barn-5-stenar-halkfria-upp-till-80-kg-sjostjarna-design\/"]}]},{"@type":"ImageObject","inLanguage":"sv-SE","@id":"https:\/\/truusk.store\/sv\/produkt\/truusk-stegstenar-for-barn-5-stenar-halkfria-upp-till-80-kg-sjostjarna-design\/#primaryimage","url":"https:\/\/i0.wp.com\/truusk.store\/wp-content\/uploads\/2024\/02\/stegstensset-for-barn-fran-3-ar-och-uppat-5-stenar-halkfritt-upp-till-80-kg-sjostjarna-design.webp?fit=800%2C800&ssl=1","contentUrl":"https:\/\/i0.wp.com\/truusk.store\/wp-content\/uploads\/2024\/02\/stegstensset-for-barn-fran-3-ar-och-uppat-5-stenar-halkfritt-upp-till-80-kg-sjostjarna-design.webp?fit=800%2C800&ssl=1","width":800,"height":800,"caption":"Stegstensset F\u00f6r Barn Fr\u00e5n 3 \u00e5r Och Upp\u00e5t, 5 Stenar, Halkfritt, Upp Till 80 Kg, Sj\u00f6stj\u00e4rna Design 1"},{"@type":"BreadcrumbList","@id":"https:\/\/truusk.store\/sv\/produkt\/truusk-stegstenar-for-barn-5-stenar-halkfria-upp-till-80-kg-sjostjarna-design\/#breadcrumb","itemListElement":[{"@type":"ListItem","position":1,"name":"Home","item":"https:\/\/truusk.store\/sv\/"},{"@type":"ListItem","position":2,"name":"Shop","item":"https:\/\/truusk.store\/shop\/"},{"@type":"ListItem","position":3,"name":"TRUUSK Stegstenar f\u00f6r Barn &#8211; 5 stenar &#8211; Halkfria &#8211; Upp till 80 kg &#8211; Sj\u00f6stj\u00e4rna Design"}]},{"@type":"WebSite","@id":"https:\/\/truusk.store\/sv\/#website","url":"https:\/\/truusk.store\/sv\/","name":"TRUUSK - Hem, Tr\u00e4dg\u00e5rd & Fritid","description":"","publisher":{"@id":"https:\/\/truusk.store\/sv\/#organization"},"potentialAction":[{"@type":"SearchAction","target":{"@type":"EntryPoint","urlTemplate":"https:\/\/truusk.store\/sv\/?s={search_term_string}"},"query-input":{"@type":"PropertyValueSpecification","valueRequired":true,"valueName":"search_term_string"}}],"inLanguage":"sv-SE"},{"@type":"Organization","@id":"https:\/\/truusk.store\/sv\/#organization","name":"TRUUSK - Hem, Tr\u00e4dg\u00e5rd & Fritid","url":"https:\/\/truusk.store\/sv\/","logo":{"@type":"ImageObject","inLanguage":"sv-SE","@id":"https:\/\/truusk.store\/sv\/#\/schema\/logo\/image\/","url":"https:\/\/i0.wp.com\/truusk.store\/wp-content\/uploads\/2026\/03\/cropped-TRUUSK.png?fit=2032%2C917&ssl=1","contentUrl":"https:\/\/i0.wp.com\/truusk.store\/wp-content\/uploads\/2026\/03\/cropped-TRUUSK.png?fit=2032%2C917&ssl=1","width":2032,"height":917,"caption":"TRUUSK - Hem, Tr\u00e4dg\u00e5rd & Fritid"},"image":{"@id":"https:\/\/truusk.store\/sv\/#\/schema\/logo\/image\/"}}]}},"jetpack_sharing_enabled":true,"_links":{"self":[{"href":"https:\/\/truusk.store\/sv\/wp-json\/wp\/v2\/product\/45192","targetHints":{"allow":["GET"]}}],"collection":[{"href":"https:\/\/truusk.store\/sv\/wp-json\/wp\/v2\/product"}],"about":[{"href":"https:\/\/truusk.store\/sv\/wp-json\/wp\/v2\/types\/product"}],"wp:featuredmedia":[{"embeddable":true,"href":"https:\/\/truusk.store\/sv\/wp-json\/wp\/v2\/media\/45193"}],"wp:attachment":[{"href":"https:\/\/truusk.store\/sv\/wp-json\/wp\/v2\/media?parent=45192"}],"wp:term":[{"taxonomy":"product_brand","embeddable":true,"href":"https:\/\/truusk.store\/sv\/wp-json\/wp\/v2\/product_brand?post=45192"},{"taxonomy":"product_cat","embeddable":true,"href":"https:\/\/truusk.store\/sv\/wp-json\/wp\/v2\/product_cat?post=45192"},{"taxonomy":"product_tag","embeddable":true,"href":"https:\/\/truusk.store\/sv\/wp-json\/wp\/v2\/product_tag?post=45192"}],"curies":[{"name":"wp","href":"https:\/\/api.w.org\/{rel}","templated":true}]}}