{"id":45209,"date":"2024-02-14T05:39:27","date_gmt":"2024-02-14T04:39:27","guid":{"rendered":"https:\/\/truusk.store\/product\/avkopplingsfatolj-med-ottoman-fatolj-med-fotpall-justerbart-ryggstod-mikrofiber-morkgra\/"},"modified":"2026-03-12T09:25:07","modified_gmt":"2026-03-12T08:25:07","slug":"truusk-avkopplingsfatolj-med-ottoman-justerbart-ryggstod-mikrofiber-morkgra","status":"publish","type":"product","link":"https:\/\/truusk.store\/sv\/produkt\/truusk-avkopplingsfatolj-med-ottoman-justerbart-ryggstod-mikrofiber-morkgra\/","title":{"rendered":"TRUUSK Avkopplingsf\u00e5t\u00f6lj med Ottoman &#8211; Justerbart ryggst\u00f6d &#8211; Mikrofiber &#8211; M\u00f6rkgr\u00e5"},"content":{"rendered":"<p>Om du vill njuta av en stor idrottsfinal, l\u00e4sa den senaste stors\u00e4ljaren eller ta en tupplur, \u00e4r denna f\u00e5t\u00f6lj och pall det b\u00e4sta valet. Koppla av bekv\u00e4mt, oavsett vilken fritidsaktivitet du har. Det h\u00f6ga, sluttande ryggst\u00f6det st\u00f6djer h\u00e5llningen, den allround-stoppning s\u00e4kerst\u00e4ller l\u00e5ngvarig komfort och det mjuka mikrofibertyget ger denna stol en elegant finish. Dess tiltfunktion p\u00e5 upp till 130 g\u00f6r den till den perfekta platsen att vila p\u00e5.<\/p>\n<h3>Beskrivning:<\/h3>\n<ul>\n<li>Set best\u00e5ende av en f\u00e5t\u00f6lj med liggfunktion och en fotpall f\u00f6r bekv\u00e4m liggkomfort<\/li>\n<li>Stolens ryggst\u00f6d kan justeras upp till 130 f\u00f6r \u00f6kad komfort<\/li>\n<li>Den mjuka mikrofiberytan \u00e4r andningsbar, h\u00e5llbar och l\u00e4ttsk\u00f6tt<\/li>\n<li>Mjuk stoppning och armst\u00f6d f\u00f6r optimal komfort<\/li>\n<li>En pulverlackerad st\u00e5lram och tr\u00e4material f\u00f6r mycket stabilitet<\/li>\n<li>Stolen vrids 360 s\u00e5 att du l\u00e4tt kan r\u00f6ra dig<\/li>\n<li>Montering kr\u00e4vs<\/li>\n<\/ul>\n<h3>Teknisk data:<\/h3>\n<ul>\n<li>F\u00e4rger: M\u00f6rkgr\u00e5+svart<\/li>\n<li>Material: mikrofiber (100 % polyester), skum, st\u00e5l, flerskiktsskiva<\/li>\n<li>Produktdata uppr\u00e4tt: 78L x 91W x 103,5H cm<\/li>\n<li>Produktdata f\u00f6r liggst\u00e4llning: 78W x 99D x 94H cm<\/li>\n<li>Produktdata f\u00f6r fotpall: 52W x 43D x 46H cm<\/li>\n<li>Sitsstorlek: 58W x 58D x 50H cm<\/li>\n<li>Sitstjocklek: 22 cm<\/li>\n<li>M\u00e5tt bak: 85L x 53W x 21H cm<\/li>\n<li>Ryggh\u00f6jd: 83cm<\/li>\n<li>Minsta avst\u00e5nd till v\u00e4gg: 18 cm<\/li>\n<li>Viktkapacitet: 150 kg (sits), 50 kg (fotpall)<\/li>\n<\/ul>\n<h3>Leveransens omfattning:<\/h3>\n<ul>\n<li>1 x Relaxstol<\/li>\n<li>1 x fotpall &#8211; 1 x instruktioner<\/li>\n<\/ul>\n","protected":false},"excerpt":{"rendered":"<p>Om du vill njuta av en stor idrottsfinal, l\u00e4sa den senaste stors\u00e4ljaren eller ta en tupplur, \u00e4r denna f\u00e5t\u00f6lj och&#8230;<\/p>\n","protected":false},"featured_media":45210,"template":"","meta":[],"product_brand":[],"product_cat":[521,485,524],"product_tag":[],"class_list":{"0":"post-45209","1":"product","2":"type-product","3":"status-publish","4":"has-post-thumbnail","6":"product_cat-fatolj","7":"product_cat-hus-bo","8":"product_cat-relaxstol-med-pall","10":"first","11":"instock","12":"sale","13":"taxable","14":"shipping-taxable","15":"purchasable","16":"product-type-simple"},"yoast_head":"<!-- This site is optimized with the Yoast SEO plugin v25.4 - https:\/\/yoast.com\/wordpress\/plugins\/seo\/ -->\n<title>TRUUSK Avkopplingsf\u00e5t\u00f6lj med Ottoman - Justerbart ryggst\u00f6d - Mikrofiber - M\u00f6rkgr\u00e5 - TRUUSK - Hem, Tr\u00e4dg\u00e5rd &amp; Fritid<\/title>\n<meta name=\"robots\" content=\"index, follow, max-snippet:-1, max-image-preview:large, max-video-preview:-1\" \/>\n<link rel=\"canonical\" href=\"https:\/\/truusk.store\/sv\/produkt\/truusk-avkopplingsfatolj-med-ottoman-justerbart-ryggstod-mikrofiber-morkgra\/\" \/>\n<meta property=\"og:locale\" content=\"sv_SE\" \/>\n<meta property=\"og:type\" content=\"article\" \/>\n<meta property=\"og:title\" content=\"TRUUSK Avkopplingsf\u00e5t\u00f6lj med Ottoman - Justerbart ryggst\u00f6d - Mikrofiber - M\u00f6rkgr\u00e5 - TRUUSK - Hem, Tr\u00e4dg\u00e5rd &amp; Fritid\" \/>\n<meta property=\"og:description\" content=\"Om du vill njuta av en stor idrottsfinal, l\u00e4sa den senaste stors\u00e4ljaren eller ta en tupplur, \u00e4r denna f\u00e5t\u00f6lj och...\" \/>\n<meta property=\"og:url\" content=\"https:\/\/truusk.store\/sv\/produkt\/truusk-avkopplingsfatolj-med-ottoman-justerbart-ryggstod-mikrofiber-morkgra\/\" \/>\n<meta property=\"og:site_name\" content=\"TRUUSK - Hem, Tr\u00e4dg\u00e5rd &amp; Fritid\" \/>\n<meta property=\"article:modified_time\" content=\"2026-03-12T08:25:07+00:00\" \/>\n<meta property=\"og:image\" content=\"https:\/\/i0.wp.com\/truusk.se\/wp-content\/uploads\/2024\/02\/avkopplingsfatolj-med-ottoman-fatolj-med-fotpall-justerbart-ryggstod-mikrofiber-morkgra.webp?fit=800%2C800&ssl=1\" \/>\n\t<meta property=\"og:image:width\" content=\"800\" \/>\n\t<meta property=\"og:image:height\" content=\"800\" \/>\n\t<meta property=\"og:image:type\" content=\"image\/webp\" \/>\n<meta name=\"twitter:card\" content=\"summary_large_image\" \/>\n<meta name=\"twitter:label1\" content=\"Ber\u00e4knad l\u00e4stid\" \/>\n\t<meta name=\"twitter:data1\" content=\"1 minut\" \/>\n<!-- \/ Yoast SEO plugin. -->","yoast_head_json":{"title":"TRUUSK Avkopplingsf\u00e5t\u00f6lj med Ottoman - Justerbart ryggst\u00f6d - Mikrofiber - M\u00f6rkgr\u00e5 - TRUUSK - Hem, Tr\u00e4dg\u00e5rd &amp; Fritid","robots":{"index":"index","follow":"follow","max-snippet":"max-snippet:-1","max-image-preview":"max-image-preview:large","max-video-preview":"max-video-preview:-1"},"canonical":"https:\/\/truusk.store\/sv\/produkt\/truusk-avkopplingsfatolj-med-ottoman-justerbart-ryggstod-mikrofiber-morkgra\/","og_locale":"sv_SE","og_type":"article","og_title":"TRUUSK Avkopplingsf\u00e5t\u00f6lj med Ottoman - Justerbart ryggst\u00f6d - Mikrofiber - M\u00f6rkgr\u00e5 - TRUUSK - Hem, Tr\u00e4dg\u00e5rd &amp; Fritid","og_description":"Om du vill njuta av en stor idrottsfinal, l\u00e4sa den senaste stors\u00e4ljaren eller ta en tupplur, \u00e4r denna f\u00e5t\u00f6lj och...","og_url":"https:\/\/truusk.store\/sv\/produkt\/truusk-avkopplingsfatolj-med-ottoman-justerbart-ryggstod-mikrofiber-morkgra\/","og_site_name":"TRUUSK - Hem, Tr\u00e4dg\u00e5rd &amp; Fritid","article_modified_time":"2026-03-12T08:25:07+00:00","og_image":[{"width":800,"height":800,"url":"https:\/\/i0.wp.com\/truusk.se\/wp-content\/uploads\/2024\/02\/avkopplingsfatolj-med-ottoman-fatolj-med-fotpall-justerbart-ryggstod-mikrofiber-morkgra.webp?fit=800%2C800&ssl=1","type":"image\/webp"}],"twitter_card":"summary_large_image","twitter_misc":{"Ber\u00e4knad l\u00e4stid":"1 minut"},"schema":{"@context":"https:\/\/schema.org","@graph":[{"@type":"WebPage","@id":"https:\/\/truusk.store\/sv\/produkt\/truusk-avkopplingsfatolj-med-ottoman-justerbart-ryggstod-mikrofiber-morkgra\/","url":"https:\/\/truusk.store\/sv\/produkt\/truusk-avkopplingsfatolj-med-ottoman-justerbart-ryggstod-mikrofiber-morkgra\/","name":"TRUUSK Avkopplingsf\u00e5t\u00f6lj med Ottoman - Justerbart ryggst\u00f6d - Mikrofiber - M\u00f6rkgr\u00e5 - TRUUSK - Hem, Tr\u00e4dg\u00e5rd &amp; Fritid","isPartOf":{"@id":"https:\/\/truusk.store\/sv\/#website"},"primaryImageOfPage":{"@id":"https:\/\/truusk.store\/sv\/produkt\/truusk-avkopplingsfatolj-med-ottoman-justerbart-ryggstod-mikrofiber-morkgra\/#primaryimage"},"image":{"@id":"https:\/\/truusk.store\/sv\/produkt\/truusk-avkopplingsfatolj-med-ottoman-justerbart-ryggstod-mikrofiber-morkgra\/#primaryimage"},"thumbnailUrl":"https:\/\/i0.wp.com\/truusk.store\/wp-content\/uploads\/2024\/02\/avkopplingsfatolj-med-ottoman-fatolj-med-fotpall-justerbart-ryggstod-mikrofiber-morkgra.webp?fit=800%2C800&ssl=1","datePublished":"2024-02-14T04:39:27+00:00","dateModified":"2026-03-12T08:25:07+00:00","breadcrumb":{"@id":"https:\/\/truusk.store\/sv\/produkt\/truusk-avkopplingsfatolj-med-ottoman-justerbart-ryggstod-mikrofiber-morkgra\/#breadcrumb"},"inLanguage":"sv-SE","potentialAction":[{"@type":"ReadAction","target":["https:\/\/truusk.store\/sv\/produkt\/truusk-avkopplingsfatolj-med-ottoman-justerbart-ryggstod-mikrofiber-morkgra\/"]}]},{"@type":"ImageObject","inLanguage":"sv-SE","@id":"https:\/\/truusk.store\/sv\/produkt\/truusk-avkopplingsfatolj-med-ottoman-justerbart-ryggstod-mikrofiber-morkgra\/#primaryimage","url":"https:\/\/i0.wp.com\/truusk.store\/wp-content\/uploads\/2024\/02\/avkopplingsfatolj-med-ottoman-fatolj-med-fotpall-justerbart-ryggstod-mikrofiber-morkgra.webp?fit=800%2C800&ssl=1","contentUrl":"https:\/\/i0.wp.com\/truusk.store\/wp-content\/uploads\/2024\/02\/avkopplingsfatolj-med-ottoman-fatolj-med-fotpall-justerbart-ryggstod-mikrofiber-morkgra.webp?fit=800%2C800&ssl=1","width":800,"height":800,"caption":"Avkopplingsf\u00e5t\u00f6lj Med Ottoman, F\u00e5t\u00f6lj Med Fotpall, Justerbart Ryggst\u00f6d; Mikrofiber, M\u00f6rkgr\u00e5 1"},{"@type":"BreadcrumbList","@id":"https:\/\/truusk.store\/sv\/produkt\/truusk-avkopplingsfatolj-med-ottoman-justerbart-ryggstod-mikrofiber-morkgra\/#breadcrumb","itemListElement":[{"@type":"ListItem","position":1,"name":"Home","item":"https:\/\/truusk.store\/sv\/"},{"@type":"ListItem","position":2,"name":"Shop","item":"https:\/\/truusk.store\/shop\/"},{"@type":"ListItem","position":3,"name":"TRUUSK Avkopplingsf\u00e5t\u00f6lj med Ottoman &#8211; Justerbart ryggst\u00f6d &#8211; Mikrofiber &#8211; M\u00f6rkgr\u00e5"}]},{"@type":"WebSite","@id":"https:\/\/truusk.store\/sv\/#website","url":"https:\/\/truusk.store\/sv\/","name":"TRUUSK - Hem, Tr\u00e4dg\u00e5rd & Fritid","description":"","publisher":{"@id":"https:\/\/truusk.store\/sv\/#organization"},"potentialAction":[{"@type":"SearchAction","target":{"@type":"EntryPoint","urlTemplate":"https:\/\/truusk.store\/sv\/?s={search_term_string}"},"query-input":{"@type":"PropertyValueSpecification","valueRequired":true,"valueName":"search_term_string"}}],"inLanguage":"sv-SE"},{"@type":"Organization","@id":"https:\/\/truusk.store\/sv\/#organization","name":"TRUUSK - Hem, Tr\u00e4dg\u00e5rd & Fritid","url":"https:\/\/truusk.store\/sv\/","logo":{"@type":"ImageObject","inLanguage":"sv-SE","@id":"https:\/\/truusk.store\/sv\/#\/schema\/logo\/image\/","url":"https:\/\/i0.wp.com\/truusk.store\/wp-content\/uploads\/2026\/03\/cropped-TRUUSK.png?fit=2032%2C917&ssl=1","contentUrl":"https:\/\/i0.wp.com\/truusk.store\/wp-content\/uploads\/2026\/03\/cropped-TRUUSK.png?fit=2032%2C917&ssl=1","width":2032,"height":917,"caption":"TRUUSK - Hem, Tr\u00e4dg\u00e5rd & Fritid"},"image":{"@id":"https:\/\/truusk.store\/sv\/#\/schema\/logo\/image\/"}}]}},"jetpack_sharing_enabled":true,"_links":{"self":[{"href":"https:\/\/truusk.store\/sv\/wp-json\/wp\/v2\/product\/45209","targetHints":{"allow":["GET"]}}],"collection":[{"href":"https:\/\/truusk.store\/sv\/wp-json\/wp\/v2\/product"}],"about":[{"href":"https:\/\/truusk.store\/sv\/wp-json\/wp\/v2\/types\/product"}],"wp:featuredmedia":[{"embeddable":true,"href":"https:\/\/truusk.store\/sv\/wp-json\/wp\/v2\/media\/45210"}],"wp:attachment":[{"href":"https:\/\/truusk.store\/sv\/wp-json\/wp\/v2\/media?parent=45209"}],"wp:term":[{"taxonomy":"product_brand","embeddable":true,"href":"https:\/\/truusk.store\/sv\/wp-json\/wp\/v2\/product_brand?post=45209"},{"taxonomy":"product_cat","embeddable":true,"href":"https:\/\/truusk.store\/sv\/wp-json\/wp\/v2\/product_cat?post=45209"},{"taxonomy":"product_tag","embeddable":true,"href":"https:\/\/truusk.store\/sv\/wp-json\/wp\/v2\/product_tag?post=45209"}],"curies":[{"name":"wp","href":"https:\/\/api.w.org\/{rel}","templated":true}]}}