{"id":45246,"date":"2024-02-14T05:40:47","date_gmt":"2024-02-14T04:40:47","guid":{"rendered":"https:\/\/truusk.store\/product\/soldusch-360-roterande-duschmunstycke-fotdusch-vattenvarme-upp-till-60-c-svart-19-x-20-x-217-cm\/"},"modified":"2026-03-12T09:25:15","modified_gmt":"2026-03-12T08:25:15","slug":"truusk-soldusch-med-360-roterande-duschmunstycke-fotdusch-vattenvarme-upp-till-60-c-svart-19-x-20-x-217-cm","status":"publish","type":"product","link":"https:\/\/truusk.store\/sv\/produkt\/truusk-soldusch-med-360-roterande-duschmunstycke-fotdusch-vattenvarme-upp-till-60-c-svart-19-x-20-x-217-cm\/","title":{"rendered":"TRUUSK Soldusch med 360 Roterande Duschmunstycke &#8211; Fotdusch &#8211; Vattenv\u00e4rme upp till 60 C &#8211; Svart &#8211; 19 x 20 x 217 cm"},"content":{"rendered":"<p>Njut av h\u00f6gt vattentryck och varmt vatten \u00e4ven n\u00e4r du duschar utanf\u00f6r ditt hem. Det varma, \u00e5ngande vattnet med en temperatur p\u00e5 upp till 60 grader s\u00e4kerst\u00e4ller en avkopplande nedkylning. Duschhuvudet kan vridas 360 grader och vattentrycket kan \u00e4ven varieras, s\u00e5 att varje duschs preferenser kan beaktas. Konstruktionen av detta solduschhuvud \u00e4r gjord av h\u00e5llbara material som kommer att tj\u00e4na dig tillf\u00f6rlitligt under l\u00e5ng tid.<\/p>\n<h3>Beskrivning:<\/h3>\n<ul>\n<li>Kan rymma upp till 40L vatten och \u00f6ka vattentemperaturen till 60 C\/140 F<\/li>\n<li>H\u00f6gt vattentryck och h\u00f6ga temperaturer<\/li>\n<li>Temperatur, vattentryck och duschmunstycke \u00e4r justerbara<\/li>\n<li>Fotdusch i botten<\/li>\n<li>H\u00e5llbar konstruktion f\u00f6r l\u00e5ng livsl\u00e4ngd<\/li>\n<li>L\u00e4cks\u00e4ker t\u00e4tning g\u00f6r det enklare att ansluta tr\u00e4dg\u00e5rdsslangar<\/li>\n<li>Obs: Ej l\u00e4mplig f\u00f6r vintern, endast f\u00f6r sommaren eller varm h\u00f6st<\/li>\n<\/ul>\n<h3>Teknisk data:<\/h3>\n<ul>\n<li>Svart f\u00e4rg<\/li>\n<li>Material: ABS, PVC, zinklegering<\/li>\n<li>\u00d6vergripande m\u00e5tt: 19L x 20W x 217H cm<\/li>\n<li>Vattenkapacitet: 40L<\/li>\n<li>Duschhuvudets m\u00e5tt: 15L x 15W cm<\/li>\n<li>Vattentemperaturomr\u00e5de: 0-60 C\/140 F<\/li>\n<li>Max vattentryck: 3,5 bar<\/li>\n<\/ul>\n<h3>Leveransens omfattning:<\/h3>\n<ul>\n<li>1 x utomhus soldusch<\/li>\n<li>4 x monteringsskruv<\/li>\n<li>1 x Instruktioner<\/li>\n<\/ul>\n","protected":false},"excerpt":{"rendered":"<p>Njut av h\u00f6gt vattentryck och varmt vatten \u00e4ven n\u00e4r du duschar utanf\u00f6r ditt hem. Det varma, \u00e5ngande vattnet med en&#8230;<\/p>\n","protected":false},"featured_media":45247,"template":"","meta":[],"product_brand":[],"product_cat":[648,647],"product_tag":[],"class_list":{"0":"post-45246","1":"product","2":"type-product","3":"status-publish","4":"has-post-thumbnail","6":"product_cat-camping-tillbehor","7":"product_cat-sport-fritid","9":"first","10":"instock","11":"sale","12":"taxable","13":"shipping-taxable","14":"purchasable","15":"product-type-simple"},"yoast_head":"<!-- This site is optimized with the Yoast SEO plugin v25.4 - https:\/\/yoast.com\/wordpress\/plugins\/seo\/ -->\n<title>TRUUSK Soldusch med 360 Roterande Duschmunstycke - Fotdusch - Vattenv\u00e4rme upp till 60 C - Svart - 19 x 20 x 217 cm - TRUUSK - Hem, Tr\u00e4dg\u00e5rd &amp; Fritid<\/title>\n<meta name=\"robots\" content=\"index, follow, max-snippet:-1, max-image-preview:large, max-video-preview:-1\" \/>\n<link rel=\"canonical\" href=\"https:\/\/truusk.store\/sv\/produkt\/truusk-soldusch-med-360-roterande-duschmunstycke-fotdusch-vattenvarme-upp-till-60-c-svart-19-x-20-x-217-cm\/\" \/>\n<meta property=\"og:locale\" content=\"sv_SE\" \/>\n<meta property=\"og:type\" content=\"article\" \/>\n<meta property=\"og:title\" content=\"TRUUSK Soldusch med 360 Roterande Duschmunstycke - Fotdusch - Vattenv\u00e4rme upp till 60 C - Svart - 19 x 20 x 217 cm - TRUUSK - Hem, Tr\u00e4dg\u00e5rd &amp; Fritid\" \/>\n<meta property=\"og:description\" content=\"Njut av h\u00f6gt vattentryck och varmt vatten \u00e4ven n\u00e4r du duschar utanf\u00f6r ditt hem. Det varma, \u00e5ngande vattnet med en...\" \/>\n<meta property=\"og:url\" content=\"https:\/\/truusk.store\/sv\/produkt\/truusk-soldusch-med-360-roterande-duschmunstycke-fotdusch-vattenvarme-upp-till-60-c-svart-19-x-20-x-217-cm\/\" \/>\n<meta property=\"og:site_name\" content=\"TRUUSK - Hem, Tr\u00e4dg\u00e5rd &amp; Fritid\" \/>\n<meta property=\"article:modified_time\" content=\"2026-03-12T08:25:15+00:00\" \/>\n<meta property=\"og:image\" content=\"https:\/\/i0.wp.com\/truusk.se\/wp-content\/uploads\/2024\/02\/soldusch-360-roterande-duschmunstycke-fotdusch-vattenvarme-upp-till-60-c-svart-19-x-20-x-217-cm.webp?fit=800%2C800&ssl=1\" \/>\n\t<meta property=\"og:image:width\" content=\"800\" \/>\n\t<meta property=\"og:image:height\" content=\"800\" \/>\n\t<meta property=\"og:image:type\" content=\"image\/webp\" \/>\n<meta name=\"twitter:card\" content=\"summary_large_image\" \/>\n<meta name=\"twitter:label1\" content=\"Ber\u00e4knad l\u00e4stid\" \/>\n\t<meta name=\"twitter:data1\" content=\"1 minut\" \/>\n<!-- \/ Yoast SEO plugin. -->","yoast_head_json":{"title":"TRUUSK Soldusch med 360 Roterande Duschmunstycke - Fotdusch - Vattenv\u00e4rme upp till 60 C - Svart - 19 x 20 x 217 cm - TRUUSK - Hem, Tr\u00e4dg\u00e5rd &amp; Fritid","robots":{"index":"index","follow":"follow","max-snippet":"max-snippet:-1","max-image-preview":"max-image-preview:large","max-video-preview":"max-video-preview:-1"},"canonical":"https:\/\/truusk.store\/sv\/produkt\/truusk-soldusch-med-360-roterande-duschmunstycke-fotdusch-vattenvarme-upp-till-60-c-svart-19-x-20-x-217-cm\/","og_locale":"sv_SE","og_type":"article","og_title":"TRUUSK Soldusch med 360 Roterande Duschmunstycke - Fotdusch - Vattenv\u00e4rme upp till 60 C - Svart - 19 x 20 x 217 cm - TRUUSK - Hem, Tr\u00e4dg\u00e5rd &amp; Fritid","og_description":"Njut av h\u00f6gt vattentryck och varmt vatten \u00e4ven n\u00e4r du duschar utanf\u00f6r ditt hem. Det varma, \u00e5ngande vattnet med en...","og_url":"https:\/\/truusk.store\/sv\/produkt\/truusk-soldusch-med-360-roterande-duschmunstycke-fotdusch-vattenvarme-upp-till-60-c-svart-19-x-20-x-217-cm\/","og_site_name":"TRUUSK - Hem, Tr\u00e4dg\u00e5rd &amp; Fritid","article_modified_time":"2026-03-12T08:25:15+00:00","og_image":[{"width":800,"height":800,"url":"https:\/\/i0.wp.com\/truusk.se\/wp-content\/uploads\/2024\/02\/soldusch-360-roterande-duschmunstycke-fotdusch-vattenvarme-upp-till-60-c-svart-19-x-20-x-217-cm.webp?fit=800%2C800&ssl=1","type":"image\/webp"}],"twitter_card":"summary_large_image","twitter_misc":{"Ber\u00e4knad l\u00e4stid":"1 minut"},"schema":{"@context":"https:\/\/schema.org","@graph":[{"@type":"WebPage","@id":"https:\/\/truusk.store\/sv\/produkt\/truusk-soldusch-med-360-roterande-duschmunstycke-fotdusch-vattenvarme-upp-till-60-c-svart-19-x-20-x-217-cm\/","url":"https:\/\/truusk.store\/sv\/produkt\/truusk-soldusch-med-360-roterande-duschmunstycke-fotdusch-vattenvarme-upp-till-60-c-svart-19-x-20-x-217-cm\/","name":"TRUUSK Soldusch med 360 Roterande Duschmunstycke - Fotdusch - Vattenv\u00e4rme upp till 60 C - Svart - 19 x 20 x 217 cm - TRUUSK - Hem, Tr\u00e4dg\u00e5rd &amp; Fritid","isPartOf":{"@id":"https:\/\/truusk.store\/sv\/#website"},"primaryImageOfPage":{"@id":"https:\/\/truusk.store\/sv\/produkt\/truusk-soldusch-med-360-roterande-duschmunstycke-fotdusch-vattenvarme-upp-till-60-c-svart-19-x-20-x-217-cm\/#primaryimage"},"image":{"@id":"https:\/\/truusk.store\/sv\/produkt\/truusk-soldusch-med-360-roterande-duschmunstycke-fotdusch-vattenvarme-upp-till-60-c-svart-19-x-20-x-217-cm\/#primaryimage"},"thumbnailUrl":"https:\/\/i0.wp.com\/truusk.store\/wp-content\/uploads\/2024\/02\/soldusch-360-roterande-duschmunstycke-fotdusch-vattenvarme-upp-till-60-c-svart-19-x-20-x-217-cm.webp?fit=800%2C800&ssl=1","datePublished":"2024-02-14T04:40:47+00:00","dateModified":"2026-03-12T08:25:15+00:00","breadcrumb":{"@id":"https:\/\/truusk.store\/sv\/produkt\/truusk-soldusch-med-360-roterande-duschmunstycke-fotdusch-vattenvarme-upp-till-60-c-svart-19-x-20-x-217-cm\/#breadcrumb"},"inLanguage":"sv-SE","potentialAction":[{"@type":"ReadAction","target":["https:\/\/truusk.store\/sv\/produkt\/truusk-soldusch-med-360-roterande-duschmunstycke-fotdusch-vattenvarme-upp-till-60-c-svart-19-x-20-x-217-cm\/"]}]},{"@type":"ImageObject","inLanguage":"sv-SE","@id":"https:\/\/truusk.store\/sv\/produkt\/truusk-soldusch-med-360-roterande-duschmunstycke-fotdusch-vattenvarme-upp-till-60-c-svart-19-x-20-x-217-cm\/#primaryimage","url":"https:\/\/i0.wp.com\/truusk.store\/wp-content\/uploads\/2024\/02\/soldusch-360-roterande-duschmunstycke-fotdusch-vattenvarme-upp-till-60-c-svart-19-x-20-x-217-cm.webp?fit=800%2C800&ssl=1","contentUrl":"https:\/\/i0.wp.com\/truusk.store\/wp-content\/uploads\/2024\/02\/soldusch-360-roterande-duschmunstycke-fotdusch-vattenvarme-upp-till-60-c-svart-19-x-20-x-217-cm.webp?fit=800%2C800&ssl=1","width":800,"height":800,"caption":"Soldusch, 360 Roterande Duschmunstycke, Fotdusch, Vattenv\u00e4rme Upp Till 60 C, Svart, 19 X 20 X 217 Cm 1"},{"@type":"BreadcrumbList","@id":"https:\/\/truusk.store\/sv\/produkt\/truusk-soldusch-med-360-roterande-duschmunstycke-fotdusch-vattenvarme-upp-till-60-c-svart-19-x-20-x-217-cm\/#breadcrumb","itemListElement":[{"@type":"ListItem","position":1,"name":"Home","item":"https:\/\/truusk.store\/sv\/"},{"@type":"ListItem","position":2,"name":"Shop","item":"https:\/\/truusk.store\/shop\/"},{"@type":"ListItem","position":3,"name":"TRUUSK Soldusch med 360 Roterande Duschmunstycke &#8211; Fotdusch &#8211; Vattenv\u00e4rme upp till 60 C &#8211; Svart &#8211; 19 x 20 x 217 cm"}]},{"@type":"WebSite","@id":"https:\/\/truusk.store\/sv\/#website","url":"https:\/\/truusk.store\/sv\/","name":"TRUUSK - Hem, Tr\u00e4dg\u00e5rd & Fritid","description":"","publisher":{"@id":"https:\/\/truusk.store\/sv\/#organization"},"potentialAction":[{"@type":"SearchAction","target":{"@type":"EntryPoint","urlTemplate":"https:\/\/truusk.store\/sv\/?s={search_term_string}"},"query-input":{"@type":"PropertyValueSpecification","valueRequired":true,"valueName":"search_term_string"}}],"inLanguage":"sv-SE"},{"@type":"Organization","@id":"https:\/\/truusk.store\/sv\/#organization","name":"TRUUSK - Hem, Tr\u00e4dg\u00e5rd & Fritid","url":"https:\/\/truusk.store\/sv\/","logo":{"@type":"ImageObject","inLanguage":"sv-SE","@id":"https:\/\/truusk.store\/sv\/#\/schema\/logo\/image\/","url":"https:\/\/i0.wp.com\/truusk.store\/wp-content\/uploads\/2026\/03\/cropped-TRUUSK.png?fit=2032%2C917&ssl=1","contentUrl":"https:\/\/i0.wp.com\/truusk.store\/wp-content\/uploads\/2026\/03\/cropped-TRUUSK.png?fit=2032%2C917&ssl=1","width":2032,"height":917,"caption":"TRUUSK - Hem, Tr\u00e4dg\u00e5rd & Fritid"},"image":{"@id":"https:\/\/truusk.store\/sv\/#\/schema\/logo\/image\/"}}]}},"jetpack_sharing_enabled":true,"_links":{"self":[{"href":"https:\/\/truusk.store\/sv\/wp-json\/wp\/v2\/product\/45246","targetHints":{"allow":["GET"]}}],"collection":[{"href":"https:\/\/truusk.store\/sv\/wp-json\/wp\/v2\/product"}],"about":[{"href":"https:\/\/truusk.store\/sv\/wp-json\/wp\/v2\/types\/product"}],"wp:featuredmedia":[{"embeddable":true,"href":"https:\/\/truusk.store\/sv\/wp-json\/wp\/v2\/media\/45247"}],"wp:attachment":[{"href":"https:\/\/truusk.store\/sv\/wp-json\/wp\/v2\/media?parent=45246"}],"wp:term":[{"taxonomy":"product_brand","embeddable":true,"href":"https:\/\/truusk.store\/sv\/wp-json\/wp\/v2\/product_brand?post=45246"},{"taxonomy":"product_cat","embeddable":true,"href":"https:\/\/truusk.store\/sv\/wp-json\/wp\/v2\/product_cat?post=45246"},{"taxonomy":"product_tag","embeddable":true,"href":"https:\/\/truusk.store\/sv\/wp-json\/wp\/v2\/product_tag?post=45246"}],"curies":[{"name":"wp","href":"https:\/\/api.w.org\/{rel}","templated":true}]}}