{"id":45263,"date":"2024-02-14T05:41:27","date_gmt":"2024-02-14T04:41:27","guid":{"rendered":"https:\/\/truusk.store\/product\/trehjuling-for-barn-2-5-ar-hoj-och-sankbar-sits-ringklocka-cykelkorg-metallram-bla\/"},"modified":"2026-03-12T09:25:16","modified_gmt":"2026-03-12T08:25:16","slug":"truusk-trehjuling-for-barn-2-5-ar-hoj-och-sankbar-sits-ringklocka-cykelkorg-metallram-bla","status":"publish","type":"product","link":"https:\/\/truusk.store\/sv\/produkt\/truusk-trehjuling-for-barn-2-5-ar-hoj-och-sankbar-sits-ringklocka-cykelkorg-metallram-bla\/","title":{"rendered":"TRUUSK Trehjuling f\u00f6r Barn 2-5 \u00e5r &#8211; H\u00f6j- och s\u00e4nkbar sits &#8211; Ringklocka &#8211; Cykelkorg &#8211; Metallram &#8211; Bl\u00e5"},"content":{"rendered":"<p>Upplev ett nytt s\u00e4tt att \u00e5ka f\u00f6r ditt barn med AIYAPLAYs vackra, barnv\u00e4nliga trehjuling. Fr\u00e5n de f\u00f6rsta stegen till den f\u00f6rsta joyriden kommer denna barncykel att vara en s\u00e4ker och lojal f\u00f6ljeslagare f\u00f6r din lilla. Enkel montering och en mycket stabil konstruktion erbjuder n\u00f6je och skydd i ett. Se fram emot att ditt barns cykelf\u00e4rdigheter blommar ut n\u00e4r de trampar och leker samtidigt som de l\u00e4r k\u00e4nna v\u00e4rlden omkring dem.<\/p>\n<h3>Beskrivning:<\/h3>\n<ul>\n<li>H\u00f6jdjusterbar cykelstol<\/li>\n<li>10&#8243; framhjul och 8&#8243; bakhjul av robust plast<\/li>\n<li>Med cykelklocka och korg<\/li>\n<li>Halkfria styrhandtag f\u00f6r \u00f6kad komfort<\/li>\n<li>Snygg, barnv\u00e4nlig design<\/li>\n<li>Stabil och s\u00e4ker: st\u00f6djer barn optimalt under deras f\u00f6rsta f\u00f6rs\u00f6k att k\u00f6ra bil<\/li>\n<li>Enkel konstruktion<\/li>\n<\/ul>\n<h3>Teknisk data:<\/h3>\n<ul>\n<li>F\u00e4rg bl\u00e5<\/li>\n<li>Material: metall, EVA, plast, PE<\/li>\n<li>\u00d6vergripande m\u00e5tt: 70,5L x 50W x 58H cm<\/li>\n<li>Sittyta: 25W x 25D cm. Sitth\u00f6jd fr\u00e5n golv: 30 cm<\/li>\n<li>Korgm\u00e5tt: 16L x 16W x 12H cm<\/li>\n<li>Hjulstorlek: 10&#8243; (fram). 8&#8243; (bak)<\/li>\n<li>Rekommenderad \u00e5lder: 2-5 \u00e5r. Certifierad \u00e5lder: 1,5-5 \u00e5r<\/li>\n<li>Lastkapacitet: 25 kg<\/li>\n<\/ul>\n<h3>Leveransens omfattning:<\/h3>\n<ul>\n<li>1 x trehjuling f\u00f6r barn<\/li>\n<li>1 x Anv\u00e4ndarmanual<\/li>\n<\/ul>\n","protected":false},"excerpt":{"rendered":"<p>Upplev ett nytt s\u00e4tt att \u00e5ka f\u00f6r ditt barn med AIYAPLAYs vackra, barnv\u00e4nliga trehjuling. Fr\u00e5n de f\u00f6rsta stegen till den&#8230;<\/p>\n","protected":false},"featured_media":45264,"template":"","meta":[],"product_brand":[],"product_cat":[609,610,615],"product_tag":[],"class_list":{"0":"post-45263","1":"product","2":"type-product","3":"status-publish","4":"has-post-thumbnail","6":"product_cat-baby-barn","7":"product_cat-barnfordon","8":"product_cat-trehjulingar","10":"first","11":"instock","12":"sale","13":"taxable","14":"shipping-taxable","15":"purchasable","16":"product-type-simple"},"yoast_head":"<!-- This site is optimized with the Yoast SEO plugin v25.4 - https:\/\/yoast.com\/wordpress\/plugins\/seo\/ -->\n<title>TRUUSK Trehjuling f\u00f6r Barn 2-5 \u00e5r - H\u00f6j- och s\u00e4nkbar sits - Ringklocka - Cykelkorg - Metallram - Bl\u00e5 - TRUUSK - Hem, Tr\u00e4dg\u00e5rd &amp; Fritid<\/title>\n<meta name=\"robots\" content=\"index, follow, max-snippet:-1, max-image-preview:large, max-video-preview:-1\" \/>\n<link rel=\"canonical\" href=\"https:\/\/truusk.store\/sv\/produkt\/truusk-trehjuling-for-barn-2-5-ar-hoj-och-sankbar-sits-ringklocka-cykelkorg-metallram-bla\/\" \/>\n<meta property=\"og:locale\" content=\"sv_SE\" \/>\n<meta property=\"og:type\" content=\"article\" \/>\n<meta property=\"og:title\" content=\"TRUUSK Trehjuling f\u00f6r Barn 2-5 \u00e5r - H\u00f6j- och s\u00e4nkbar sits - Ringklocka - Cykelkorg - Metallram - Bl\u00e5 - TRUUSK - Hem, Tr\u00e4dg\u00e5rd &amp; Fritid\" \/>\n<meta property=\"og:description\" content=\"Upplev ett nytt s\u00e4tt att \u00e5ka f\u00f6r ditt barn med AIYAPLAYs vackra, barnv\u00e4nliga trehjuling. Fr\u00e5n de f\u00f6rsta stegen till den...\" \/>\n<meta property=\"og:url\" content=\"https:\/\/truusk.store\/sv\/produkt\/truusk-trehjuling-for-barn-2-5-ar-hoj-och-sankbar-sits-ringklocka-cykelkorg-metallram-bla\/\" \/>\n<meta property=\"og:site_name\" content=\"TRUUSK - Hem, Tr\u00e4dg\u00e5rd &amp; Fritid\" \/>\n<meta property=\"article:modified_time\" content=\"2026-03-12T08:25:16+00:00\" \/>\n<meta property=\"og:image\" content=\"https:\/\/i0.wp.com\/truusk.se\/wp-content\/uploads\/2024\/02\/trehjuling-for-barn-2-5-ar-hoj-och-sankbar-sits-ringklocka-cykelkorg-metallram-bla.webp?fit=800%2C800&ssl=1\" \/>\n\t<meta property=\"og:image:width\" content=\"800\" \/>\n\t<meta property=\"og:image:height\" content=\"800\" \/>\n\t<meta property=\"og:image:type\" content=\"image\/webp\" \/>\n<meta name=\"twitter:card\" content=\"summary_large_image\" \/>\n<meta name=\"twitter:label1\" content=\"Ber\u00e4knad l\u00e4stid\" \/>\n\t<meta name=\"twitter:data1\" content=\"1 minut\" \/>\n<!-- \/ Yoast SEO plugin. -->","yoast_head_json":{"title":"TRUUSK Trehjuling f\u00f6r Barn 2-5 \u00e5r - H\u00f6j- och s\u00e4nkbar sits - Ringklocka - Cykelkorg - Metallram - Bl\u00e5 - TRUUSK - Hem, Tr\u00e4dg\u00e5rd &amp; Fritid","robots":{"index":"index","follow":"follow","max-snippet":"max-snippet:-1","max-image-preview":"max-image-preview:large","max-video-preview":"max-video-preview:-1"},"canonical":"https:\/\/truusk.store\/sv\/produkt\/truusk-trehjuling-for-barn-2-5-ar-hoj-och-sankbar-sits-ringklocka-cykelkorg-metallram-bla\/","og_locale":"sv_SE","og_type":"article","og_title":"TRUUSK Trehjuling f\u00f6r Barn 2-5 \u00e5r - H\u00f6j- och s\u00e4nkbar sits - Ringklocka - Cykelkorg - Metallram - Bl\u00e5 - TRUUSK - Hem, Tr\u00e4dg\u00e5rd &amp; Fritid","og_description":"Upplev ett nytt s\u00e4tt att \u00e5ka f\u00f6r ditt barn med AIYAPLAYs vackra, barnv\u00e4nliga trehjuling. Fr\u00e5n de f\u00f6rsta stegen till den...","og_url":"https:\/\/truusk.store\/sv\/produkt\/truusk-trehjuling-for-barn-2-5-ar-hoj-och-sankbar-sits-ringklocka-cykelkorg-metallram-bla\/","og_site_name":"TRUUSK - Hem, Tr\u00e4dg\u00e5rd &amp; Fritid","article_modified_time":"2026-03-12T08:25:16+00:00","og_image":[{"width":800,"height":800,"url":"https:\/\/i0.wp.com\/truusk.se\/wp-content\/uploads\/2024\/02\/trehjuling-for-barn-2-5-ar-hoj-och-sankbar-sits-ringklocka-cykelkorg-metallram-bla.webp?fit=800%2C800&ssl=1","type":"image\/webp"}],"twitter_card":"summary_large_image","twitter_misc":{"Ber\u00e4knad l\u00e4stid":"1 minut"},"schema":{"@context":"https:\/\/schema.org","@graph":[{"@type":"WebPage","@id":"https:\/\/truusk.store\/sv\/produkt\/truusk-trehjuling-for-barn-2-5-ar-hoj-och-sankbar-sits-ringklocka-cykelkorg-metallram-bla\/","url":"https:\/\/truusk.store\/sv\/produkt\/truusk-trehjuling-for-barn-2-5-ar-hoj-och-sankbar-sits-ringklocka-cykelkorg-metallram-bla\/","name":"TRUUSK Trehjuling f\u00f6r Barn 2-5 \u00e5r - H\u00f6j- och s\u00e4nkbar sits - Ringklocka - Cykelkorg - Metallram - Bl\u00e5 - TRUUSK - Hem, Tr\u00e4dg\u00e5rd &amp; Fritid","isPartOf":{"@id":"https:\/\/truusk.store\/sv\/#website"},"primaryImageOfPage":{"@id":"https:\/\/truusk.store\/sv\/produkt\/truusk-trehjuling-for-barn-2-5-ar-hoj-och-sankbar-sits-ringklocka-cykelkorg-metallram-bla\/#primaryimage"},"image":{"@id":"https:\/\/truusk.store\/sv\/produkt\/truusk-trehjuling-for-barn-2-5-ar-hoj-och-sankbar-sits-ringklocka-cykelkorg-metallram-bla\/#primaryimage"},"thumbnailUrl":"https:\/\/i0.wp.com\/truusk.store\/wp-content\/uploads\/2024\/02\/trehjuling-for-barn-2-5-ar-hoj-och-sankbar-sits-ringklocka-cykelkorg-metallram-bla.webp?fit=800%2C800&ssl=1","datePublished":"2024-02-14T04:41:27+00:00","dateModified":"2026-03-12T08:25:16+00:00","breadcrumb":{"@id":"https:\/\/truusk.store\/sv\/produkt\/truusk-trehjuling-for-barn-2-5-ar-hoj-och-sankbar-sits-ringklocka-cykelkorg-metallram-bla\/#breadcrumb"},"inLanguage":"sv-SE","potentialAction":[{"@type":"ReadAction","target":["https:\/\/truusk.store\/sv\/produkt\/truusk-trehjuling-for-barn-2-5-ar-hoj-och-sankbar-sits-ringklocka-cykelkorg-metallram-bla\/"]}]},{"@type":"ImageObject","inLanguage":"sv-SE","@id":"https:\/\/truusk.store\/sv\/produkt\/truusk-trehjuling-for-barn-2-5-ar-hoj-och-sankbar-sits-ringklocka-cykelkorg-metallram-bla\/#primaryimage","url":"https:\/\/i0.wp.com\/truusk.store\/wp-content\/uploads\/2024\/02\/trehjuling-for-barn-2-5-ar-hoj-och-sankbar-sits-ringklocka-cykelkorg-metallram-bla.webp?fit=800%2C800&ssl=1","contentUrl":"https:\/\/i0.wp.com\/truusk.store\/wp-content\/uploads\/2024\/02\/trehjuling-for-barn-2-5-ar-hoj-och-sankbar-sits-ringklocka-cykelkorg-metallram-bla.webp?fit=800%2C800&ssl=1","width":800,"height":800,"caption":"Trehjuling F\u00f6r Barn 2-5 \u00e5r, H\u00f6j- Och S\u00e4nkbar Sits, Ringklocka, Cykelkorg, Metallram, Bl\u00e5 1"},{"@type":"BreadcrumbList","@id":"https:\/\/truusk.store\/sv\/produkt\/truusk-trehjuling-for-barn-2-5-ar-hoj-och-sankbar-sits-ringklocka-cykelkorg-metallram-bla\/#breadcrumb","itemListElement":[{"@type":"ListItem","position":1,"name":"Home","item":"https:\/\/truusk.store\/sv\/"},{"@type":"ListItem","position":2,"name":"Shop","item":"https:\/\/truusk.store\/shop\/"},{"@type":"ListItem","position":3,"name":"TRUUSK Trehjuling f\u00f6r Barn 2-5 \u00e5r &#8211; H\u00f6j- och s\u00e4nkbar sits &#8211; Ringklocka &#8211; Cykelkorg &#8211; Metallram &#8211; Bl\u00e5"}]},{"@type":"WebSite","@id":"https:\/\/truusk.store\/sv\/#website","url":"https:\/\/truusk.store\/sv\/","name":"TRUUSK - Hem, Tr\u00e4dg\u00e5rd & Fritid","description":"","publisher":{"@id":"https:\/\/truusk.store\/sv\/#organization"},"potentialAction":[{"@type":"SearchAction","target":{"@type":"EntryPoint","urlTemplate":"https:\/\/truusk.store\/sv\/?s={search_term_string}"},"query-input":{"@type":"PropertyValueSpecification","valueRequired":true,"valueName":"search_term_string"}}],"inLanguage":"sv-SE"},{"@type":"Organization","@id":"https:\/\/truusk.store\/sv\/#organization","name":"TRUUSK - Hem, Tr\u00e4dg\u00e5rd & Fritid","url":"https:\/\/truusk.store\/sv\/","logo":{"@type":"ImageObject","inLanguage":"sv-SE","@id":"https:\/\/truusk.store\/sv\/#\/schema\/logo\/image\/","url":"https:\/\/i0.wp.com\/truusk.store\/wp-content\/uploads\/2026\/03\/cropped-TRUUSK.png?fit=2032%2C917&ssl=1","contentUrl":"https:\/\/i0.wp.com\/truusk.store\/wp-content\/uploads\/2026\/03\/cropped-TRUUSK.png?fit=2032%2C917&ssl=1","width":2032,"height":917,"caption":"TRUUSK - Hem, Tr\u00e4dg\u00e5rd & Fritid"},"image":{"@id":"https:\/\/truusk.store\/sv\/#\/schema\/logo\/image\/"}}]}},"jetpack_sharing_enabled":true,"_links":{"self":[{"href":"https:\/\/truusk.store\/sv\/wp-json\/wp\/v2\/product\/45263","targetHints":{"allow":["GET"]}}],"collection":[{"href":"https:\/\/truusk.store\/sv\/wp-json\/wp\/v2\/product"}],"about":[{"href":"https:\/\/truusk.store\/sv\/wp-json\/wp\/v2\/types\/product"}],"wp:featuredmedia":[{"embeddable":true,"href":"https:\/\/truusk.store\/sv\/wp-json\/wp\/v2\/media\/45264"}],"wp:attachment":[{"href":"https:\/\/truusk.store\/sv\/wp-json\/wp\/v2\/media?parent=45263"}],"wp:term":[{"taxonomy":"product_brand","embeddable":true,"href":"https:\/\/truusk.store\/sv\/wp-json\/wp\/v2\/product_brand?post=45263"},{"taxonomy":"product_cat","embeddable":true,"href":"https:\/\/truusk.store\/sv\/wp-json\/wp\/v2\/product_cat?post=45263"},{"taxonomy":"product_tag","embeddable":true,"href":"https:\/\/truusk.store\/sv\/wp-json\/wp\/v2\/product_tag?post=45263"}],"curies":[{"name":"wp","href":"https:\/\/api.w.org\/{rel}","templated":true}]}}