{"id":45274,"date":"2024-02-14T05:41:50","date_gmt":"2024-02-14T04:41:50","guid":{"rendered":"https:\/\/truusk.store\/product\/sideboard-konsolbord-hallhylla-industriell-design-100-cm-x-295-cm-x-90-cm-brun-svart\/"},"modified":"2026-03-12T09:25:18","modified_gmt":"2026-03-12T08:25:18","slug":"truusk-hallhylla-och-konsolbord-industriell-design-100-cm-x-295-cm-x-90-cm-brun-svart","status":"publish","type":"product","link":"https:\/\/truusk.store\/sv\/produkt\/truusk-hallhylla-och-konsolbord-industriell-design-100-cm-x-295-cm-x-90-cm-brun-svart\/","title":{"rendered":"TRUUSK Hallhylla och Konsolbord &#8211; Industriell Design &#8211; 100 cm x 29,5 cm x 90 cm &#8211; Brun + Svart"},"content":{"rendered":"<p>Letar du efter f\u00f6rvaring och en dekorativ uppdatering f\u00f6r din entr\u00e9? En konsol kan vara en v\u00e4lkommen m\u00f6bel d\u00e4r du kan visa dina favoritsaker. Har 2 \u00f6ppna fack f\u00f6r f\u00f6rvaring av pl\u00e5nb\u00f6cker, nycklar och personliga saker. Konsolen \u00e4r gjord av tr\u00e4material och robust metall, vilket \u00e4r p\u00e5litligt och l\u00e4tt att reng\u00f6ra. Antitip-designen ger extra stabilitet.<\/p>\n<h3>Beskrivning:<\/h3>\n<ul>\n<li>Vaser och foton kan placeras p\u00e5 de 2 \u00f6ppna hyllorna<\/li>\n<li>Ett galler som bakv\u00e4gg f\u00f6rhindrar att f\u00f6rem\u00e5l faller<\/li>\n<li>En rustik brun tr\u00e4skiva och en svart metallram skapar ett industriellt utseende<\/li>\n<li>Kompakt format som enkelt passar in i sm\u00e5 rum samtidigt som det erbjuder gott om f\u00f6rvaringsutrymme<\/li>\n<li>Anti-tip design p\u00e5 baksidan f\u00f6r s\u00e4ker v\u00e4ggmontering<\/li>\n<li>Halkfria f\u00f6tter h\u00e5ller bordet stabilt<\/li>\n<li>Upph\u00f6jd bas f\u00f6r enkel reng\u00f6ring<\/li>\n<li>Montering kr\u00e4vs<\/li>\n<\/ul>\n<h3>Teknisk data:<\/h3>\n<ul>\n<li>F\u00e4rg: Rustik brun+svart<\/li>\n<li>Material: sp\u00e5nskiva, j\u00e4rn<\/li>\n<li>\u00d6vergripande m\u00e5tt: 100L x 29,5W x 90H cm<\/li>\n<li>Hyllstorlek: 95L x 27W cm<\/li>\n<li>Avst\u00e5nd mellan hyllplan: 20cm\/51,5cm<\/li>\n<li>H\u00f6jd bash\u00f6jd: 8cm<\/li>\n<li>Viktkapacitet: 30 kg (totalt), 10 kg (hylla)<\/li>\n<\/ul>\n<h3>Leveransens omfattning:<\/h3>\n<ul>\n<li>1 x konsolbord<\/li>\n<li>1 x Instruktioner<\/li>\n<\/ul>\n","protected":false},"excerpt":{"rendered":"<p>Letar du efter f\u00f6rvaring och en dekorativ uppdatering f\u00f6r din entr\u00e9? En konsol kan vara en v\u00e4lkommen m\u00f6bel d\u00e4r du&#8230;<\/p>\n","protected":false},"featured_media":45275,"template":"","meta":[],"product_brand":[],"product_cat":[550,485,547],"product_tag":[],"class_list":{"0":"post-45274","1":"product","2":"type-product","3":"status-publish","4":"has-post-thumbnail","6":"product_cat-bok-stahyllor","7":"product_cat-hus-bo","8":"product_cat-hyllor","10":"first","11":"instock","12":"sale","13":"taxable","14":"shipping-taxable","15":"purchasable","16":"product-type-simple"},"yoast_head":"<!-- This site is optimized with the Yoast SEO plugin v25.4 - https:\/\/yoast.com\/wordpress\/plugins\/seo\/ -->\n<title>TRUUSK Hallhylla och Konsolbord - Industriell Design - 100 cm x 29,5 cm x 90 cm - Brun + Svart - TRUUSK - Hem, Tr\u00e4dg\u00e5rd &amp; Fritid<\/title>\n<meta name=\"robots\" content=\"index, follow, max-snippet:-1, max-image-preview:large, max-video-preview:-1\" \/>\n<link rel=\"canonical\" href=\"https:\/\/truusk.store\/sv\/produkt\/truusk-hallhylla-och-konsolbord-industriell-design-100-cm-x-295-cm-x-90-cm-brun-svart\/\" \/>\n<meta property=\"og:locale\" content=\"sv_SE\" \/>\n<meta property=\"og:type\" content=\"article\" \/>\n<meta property=\"og:title\" content=\"TRUUSK Hallhylla och Konsolbord - Industriell Design - 100 cm x 29,5 cm x 90 cm - Brun + Svart - TRUUSK - Hem, Tr\u00e4dg\u00e5rd &amp; Fritid\" \/>\n<meta property=\"og:description\" content=\"Letar du efter f\u00f6rvaring och en dekorativ uppdatering f\u00f6r din entr\u00e9? En konsol kan vara en v\u00e4lkommen m\u00f6bel d\u00e4r du...\" \/>\n<meta property=\"og:url\" content=\"https:\/\/truusk.store\/sv\/produkt\/truusk-hallhylla-och-konsolbord-industriell-design-100-cm-x-295-cm-x-90-cm-brun-svart\/\" \/>\n<meta property=\"og:site_name\" content=\"TRUUSK - Hem, Tr\u00e4dg\u00e5rd &amp; Fritid\" \/>\n<meta property=\"article:modified_time\" content=\"2026-03-12T08:25:18+00:00\" \/>\n<meta property=\"og:image\" content=\"https:\/\/i0.wp.com\/truusk.se\/wp-content\/uploads\/2024\/02\/sideboard-konsolbord-hallhylla-industriell-design-100-cm-x-295-cm-x-90-cm-brun-svart.webp?fit=800%2C800&ssl=1\" \/>\n\t<meta property=\"og:image:width\" content=\"800\" \/>\n\t<meta property=\"og:image:height\" content=\"800\" \/>\n\t<meta property=\"og:image:type\" content=\"image\/webp\" \/>\n<meta name=\"twitter:card\" content=\"summary_large_image\" \/>\n<meta name=\"twitter:label1\" content=\"Ber\u00e4knad l\u00e4stid\" \/>\n\t<meta name=\"twitter:data1\" content=\"1 minut\" \/>\n<!-- \/ Yoast SEO plugin. -->","yoast_head_json":{"title":"TRUUSK Hallhylla och Konsolbord - Industriell Design - 100 cm x 29,5 cm x 90 cm - Brun + Svart - TRUUSK - Hem, Tr\u00e4dg\u00e5rd &amp; Fritid","robots":{"index":"index","follow":"follow","max-snippet":"max-snippet:-1","max-image-preview":"max-image-preview:large","max-video-preview":"max-video-preview:-1"},"canonical":"https:\/\/truusk.store\/sv\/produkt\/truusk-hallhylla-och-konsolbord-industriell-design-100-cm-x-295-cm-x-90-cm-brun-svart\/","og_locale":"sv_SE","og_type":"article","og_title":"TRUUSK Hallhylla och Konsolbord - Industriell Design - 100 cm x 29,5 cm x 90 cm - Brun + Svart - TRUUSK - Hem, Tr\u00e4dg\u00e5rd &amp; Fritid","og_description":"Letar du efter f\u00f6rvaring och en dekorativ uppdatering f\u00f6r din entr\u00e9? En konsol kan vara en v\u00e4lkommen m\u00f6bel d\u00e4r du...","og_url":"https:\/\/truusk.store\/sv\/produkt\/truusk-hallhylla-och-konsolbord-industriell-design-100-cm-x-295-cm-x-90-cm-brun-svart\/","og_site_name":"TRUUSK - Hem, Tr\u00e4dg\u00e5rd &amp; Fritid","article_modified_time":"2026-03-12T08:25:18+00:00","og_image":[{"width":800,"height":800,"url":"https:\/\/i0.wp.com\/truusk.se\/wp-content\/uploads\/2024\/02\/sideboard-konsolbord-hallhylla-industriell-design-100-cm-x-295-cm-x-90-cm-brun-svart.webp?fit=800%2C800&ssl=1","type":"image\/webp"}],"twitter_card":"summary_large_image","twitter_misc":{"Ber\u00e4knad l\u00e4stid":"1 minut"},"schema":{"@context":"https:\/\/schema.org","@graph":[{"@type":"WebPage","@id":"https:\/\/truusk.store\/sv\/produkt\/truusk-hallhylla-och-konsolbord-industriell-design-100-cm-x-295-cm-x-90-cm-brun-svart\/","url":"https:\/\/truusk.store\/sv\/produkt\/truusk-hallhylla-och-konsolbord-industriell-design-100-cm-x-295-cm-x-90-cm-brun-svart\/","name":"TRUUSK Hallhylla och Konsolbord - Industriell Design - 100 cm x 29,5 cm x 90 cm - Brun + Svart - TRUUSK - Hem, Tr\u00e4dg\u00e5rd &amp; Fritid","isPartOf":{"@id":"https:\/\/truusk.store\/sv\/#website"},"primaryImageOfPage":{"@id":"https:\/\/truusk.store\/sv\/produkt\/truusk-hallhylla-och-konsolbord-industriell-design-100-cm-x-295-cm-x-90-cm-brun-svart\/#primaryimage"},"image":{"@id":"https:\/\/truusk.store\/sv\/produkt\/truusk-hallhylla-och-konsolbord-industriell-design-100-cm-x-295-cm-x-90-cm-brun-svart\/#primaryimage"},"thumbnailUrl":"https:\/\/i0.wp.com\/truusk.store\/wp-content\/uploads\/2024\/02\/sideboard-konsolbord-hallhylla-industriell-design-100-cm-x-295-cm-x-90-cm-brun-svart.webp?fit=800%2C800&ssl=1","datePublished":"2024-02-14T04:41:50+00:00","dateModified":"2026-03-12T08:25:18+00:00","breadcrumb":{"@id":"https:\/\/truusk.store\/sv\/produkt\/truusk-hallhylla-och-konsolbord-industriell-design-100-cm-x-295-cm-x-90-cm-brun-svart\/#breadcrumb"},"inLanguage":"sv-SE","potentialAction":[{"@type":"ReadAction","target":["https:\/\/truusk.store\/sv\/produkt\/truusk-hallhylla-och-konsolbord-industriell-design-100-cm-x-295-cm-x-90-cm-brun-svart\/"]}]},{"@type":"ImageObject","inLanguage":"sv-SE","@id":"https:\/\/truusk.store\/sv\/produkt\/truusk-hallhylla-och-konsolbord-industriell-design-100-cm-x-295-cm-x-90-cm-brun-svart\/#primaryimage","url":"https:\/\/i0.wp.com\/truusk.store\/wp-content\/uploads\/2024\/02\/sideboard-konsolbord-hallhylla-industriell-design-100-cm-x-295-cm-x-90-cm-brun-svart.webp?fit=800%2C800&ssl=1","contentUrl":"https:\/\/i0.wp.com\/truusk.store\/wp-content\/uploads\/2024\/02\/sideboard-konsolbord-hallhylla-industriell-design-100-cm-x-295-cm-x-90-cm-brun-svart.webp?fit=800%2C800&ssl=1","width":800,"height":800,"caption":"Sideboard Konsolbord Hallhylla, Industriell Design, 100 Cm X 29,5 Cm X 90 Cm, Brun + Svart 1"},{"@type":"BreadcrumbList","@id":"https:\/\/truusk.store\/sv\/produkt\/truusk-hallhylla-och-konsolbord-industriell-design-100-cm-x-295-cm-x-90-cm-brun-svart\/#breadcrumb","itemListElement":[{"@type":"ListItem","position":1,"name":"Home","item":"https:\/\/truusk.store\/sv\/"},{"@type":"ListItem","position":2,"name":"Shop","item":"https:\/\/truusk.store\/shop\/"},{"@type":"ListItem","position":3,"name":"TRUUSK Hallhylla och Konsolbord &#8211; Industriell Design &#8211; 100 cm x 29,5 cm x 90 cm &#8211; Brun + Svart"}]},{"@type":"WebSite","@id":"https:\/\/truusk.store\/sv\/#website","url":"https:\/\/truusk.store\/sv\/","name":"TRUUSK - Hem, Tr\u00e4dg\u00e5rd & Fritid","description":"","publisher":{"@id":"https:\/\/truusk.store\/sv\/#organization"},"potentialAction":[{"@type":"SearchAction","target":{"@type":"EntryPoint","urlTemplate":"https:\/\/truusk.store\/sv\/?s={search_term_string}"},"query-input":{"@type":"PropertyValueSpecification","valueRequired":true,"valueName":"search_term_string"}}],"inLanguage":"sv-SE"},{"@type":"Organization","@id":"https:\/\/truusk.store\/sv\/#organization","name":"TRUUSK - Hem, Tr\u00e4dg\u00e5rd & Fritid","url":"https:\/\/truusk.store\/sv\/","logo":{"@type":"ImageObject","inLanguage":"sv-SE","@id":"https:\/\/truusk.store\/sv\/#\/schema\/logo\/image\/","url":"https:\/\/i0.wp.com\/truusk.store\/wp-content\/uploads\/2026\/03\/cropped-TRUUSK.png?fit=2032%2C917&ssl=1","contentUrl":"https:\/\/i0.wp.com\/truusk.store\/wp-content\/uploads\/2026\/03\/cropped-TRUUSK.png?fit=2032%2C917&ssl=1","width":2032,"height":917,"caption":"TRUUSK - Hem, Tr\u00e4dg\u00e5rd & Fritid"},"image":{"@id":"https:\/\/truusk.store\/sv\/#\/schema\/logo\/image\/"}}]}},"jetpack_sharing_enabled":true,"_links":{"self":[{"href":"https:\/\/truusk.store\/sv\/wp-json\/wp\/v2\/product\/45274","targetHints":{"allow":["GET"]}}],"collection":[{"href":"https:\/\/truusk.store\/sv\/wp-json\/wp\/v2\/product"}],"about":[{"href":"https:\/\/truusk.store\/sv\/wp-json\/wp\/v2\/types\/product"}],"wp:featuredmedia":[{"embeddable":true,"href":"https:\/\/truusk.store\/sv\/wp-json\/wp\/v2\/media\/45275"}],"wp:attachment":[{"href":"https:\/\/truusk.store\/sv\/wp-json\/wp\/v2\/media?parent=45274"}],"wp:term":[{"taxonomy":"product_brand","embeddable":true,"href":"https:\/\/truusk.store\/sv\/wp-json\/wp\/v2\/product_brand?post=45274"},{"taxonomy":"product_cat","embeddable":true,"href":"https:\/\/truusk.store\/sv\/wp-json\/wp\/v2\/product_cat?post=45274"},{"taxonomy":"product_tag","embeddable":true,"href":"https:\/\/truusk.store\/sv\/wp-json\/wp\/v2\/product_tag?post=45274"}],"curies":[{"name":"wp","href":"https:\/\/api.w.org\/{rel}","templated":true}]}}