{"id":45308,"date":"2024-02-14T05:45:21","date_gmt":"2024-02-14T04:45:21","guid":{"rendered":"https:\/\/truusk.store\/product\/trehjuling-for-barn-med-hoftbalte-2-korgar-hoj-och-sankbar-sits-metallram-for-barn-2-5-ar-svartrod\/"},"modified":"2026-03-12T09:25:23","modified_gmt":"2026-03-12T08:25:23","slug":"truusk-trehjuling-for-barn-med-hoftbalte-2-korgar-hoj-och-sankbar-sits-metallram-for-barn-2-5-ar-svartrod","status":"publish","type":"product","link":"https:\/\/truusk.store\/sv\/produkt\/truusk-trehjuling-for-barn-med-hoftbalte-2-korgar-hoj-och-sankbar-sits-metallram-for-barn-2-5-ar-svartrod\/","title":{"rendered":"TRUUSK Trehjuling f\u00f6r Barn &#8211; Med H\u00f6ftb\u00e4lte &#8211; 2 Korgar &#8211; H\u00f6j- och S\u00e4nkbar Sits &#8211; Metallram &#8211; F\u00f6r Barn 2-5 \u00e5r &#8211; Svart+r\u00f6d"},"content":{"rendered":"<p>Ge din lilla f\u00f6rare o\u00e4ndligt k\u00f6rgl\u00e4dje med trehjulingen! Denna roliga trehjuling v\u00e4xer med ditt barn tack vare det justerbara s\u00e4tet. Den robusta metallramen och h\u00f6ftb\u00e4ltet garanterar maximal s\u00e4kerhet under varje joyride. L\u00e5t ditt barn utforska sin omgivning och utveckla motoriken p\u00e5 ett lekfullt s\u00e4tt samtidigt som det l\u00e4r sig cykla. De tv\u00e5 cykelkorgarna erbjuder gott om plats f\u00f6r snacks och leksaker &#8211; perfekt f\u00f6r ett spontant \u00e4ventyr!<\/p>\n<h3>Beskrivning:<\/h3>\n<ul>\n<li>Justerbar sits med h\u00f6ftb\u00e4lte f\u00f6r en s\u00e4ker och bekv\u00e4m k\u00f6rning<\/li>\n<li>10&#8243; fram- och 8,5&#8243; bakhjul av s\u00e4ker plast<\/li>\n<li>Med 2 korgar och st\u00e4nksk\u00e4rm<\/li>\n<li>Halkfritt handtag f\u00f6r ett stadigt grepp<\/li>\n<li>Snygg design sticker genast ut p\u00e5 lekplatsen<\/li>\n<li>En noggrann introduktion till cykling f\u00f6r en enkel \u00f6verg\u00e5ng till tv\u00e5hjuling<\/li>\n<li>L\u00e4tt att montera<\/li>\n<\/ul>\n<h3>Teknisk data:<\/h3>\n<ul>\n<li>r\u00f6d f\u00e4rg<\/li>\n<li>Material: st\u00e5l, plast<\/li>\n<li>\u00d6vergripande m\u00e5tt: 80L x 48W x 63H cm<\/li>\n<li>Sitsm\u00e5tt: 24W x 17D cm. Sitth\u00f6jd: 35 cm<\/li>\n<li>Justerbar sitth\u00f6jd: 3 cm<\/li>\n<li>Korgm\u00e5tt: 15L x 12W x 8H cm (fram). 28,5L x 22W x 8,5H cm (bak)<\/li>\n<li>Hjulstorlek: 10&#8243; (fram). 8,5&#8243; (bak)<\/li>\n<li>Rekommenderad \u00e5lder: 2-5 \u00e5r. Certifierad \u00e5lder: 1,5-5 \u00e5r<\/li>\n<li>Lastkapacitet: 25 kg<\/li>\n<\/ul>\n<h3>Leveransens omfattning:<\/h3>\n<ul>\n<li>1 x trehjuling f\u00f6r barn<\/li>\n<li>1 x Anv\u00e4ndarmanual<\/li>\n<\/ul>\n","protected":false},"excerpt":{"rendered":"<p>Ge din lilla f\u00f6rare o\u00e4ndligt k\u00f6rgl\u00e4dje med trehjulingen! Denna roliga trehjuling v\u00e4xer med ditt barn tack vare det justerbara s\u00e4tet&#8230;.<\/p>\n","protected":false},"featured_media":45309,"template":"","meta":[],"product_brand":[],"product_cat":[609,610,615],"product_tag":[],"class_list":{"0":"post-45308","1":"product","2":"type-product","3":"status-publish","4":"has-post-thumbnail","6":"product_cat-baby-barn","7":"product_cat-barnfordon","8":"product_cat-trehjulingar","10":"first","11":"instock","12":"sale","13":"taxable","14":"shipping-taxable","15":"purchasable","16":"product-type-simple"},"yoast_head":"<!-- This site is optimized with the Yoast SEO plugin v25.4 - https:\/\/yoast.com\/wordpress\/plugins\/seo\/ -->\n<title>TRUUSK Trehjuling f\u00f6r Barn - Med H\u00f6ftb\u00e4lte - 2 Korgar - H\u00f6j- och S\u00e4nkbar Sits - Metallram - F\u00f6r Barn 2-5 \u00e5r - Svart+r\u00f6d - TRUUSK - Hem, Tr\u00e4dg\u00e5rd &amp; Fritid<\/title>\n<meta name=\"robots\" content=\"index, follow, max-snippet:-1, max-image-preview:large, max-video-preview:-1\" \/>\n<link rel=\"canonical\" href=\"https:\/\/truusk.store\/sv\/produkt\/truusk-trehjuling-for-barn-med-hoftbalte-2-korgar-hoj-och-sankbar-sits-metallram-for-barn-2-5-ar-svartrod\/\" \/>\n<meta property=\"og:locale\" content=\"sv_SE\" \/>\n<meta property=\"og:type\" content=\"article\" \/>\n<meta property=\"og:title\" content=\"TRUUSK Trehjuling f\u00f6r Barn - Med H\u00f6ftb\u00e4lte - 2 Korgar - H\u00f6j- och S\u00e4nkbar Sits - Metallram - F\u00f6r Barn 2-5 \u00e5r - Svart+r\u00f6d - TRUUSK - Hem, Tr\u00e4dg\u00e5rd &amp; Fritid\" \/>\n<meta property=\"og:description\" content=\"Ge din lilla f\u00f6rare o\u00e4ndligt k\u00f6rgl\u00e4dje med trehjulingen! Denna roliga trehjuling v\u00e4xer med ditt barn tack vare det justerbara s\u00e4tet....\" \/>\n<meta property=\"og:url\" content=\"https:\/\/truusk.store\/sv\/produkt\/truusk-trehjuling-for-barn-med-hoftbalte-2-korgar-hoj-och-sankbar-sits-metallram-for-barn-2-5-ar-svartrod\/\" \/>\n<meta property=\"og:site_name\" content=\"TRUUSK - Hem, Tr\u00e4dg\u00e5rd &amp; Fritid\" \/>\n<meta property=\"article:modified_time\" content=\"2026-03-12T08:25:23+00:00\" \/>\n<meta property=\"og:image\" content=\"https:\/\/i0.wp.com\/truusk.se\/wp-content\/uploads\/2024\/02\/trehjuling-for-barn-med-hoftbalte-2-korgar-hoj-och-sankbar-sits-metallram-for-barn-2-5-ar-svartrod.webp?fit=800%2C800&ssl=1\" \/>\n\t<meta property=\"og:image:width\" content=\"800\" \/>\n\t<meta property=\"og:image:height\" content=\"800\" \/>\n\t<meta property=\"og:image:type\" content=\"image\/webp\" \/>\n<meta name=\"twitter:card\" content=\"summary_large_image\" \/>\n<meta name=\"twitter:label1\" content=\"Ber\u00e4knad l\u00e4stid\" \/>\n\t<meta name=\"twitter:data1\" content=\"1 minut\" \/>\n<!-- \/ Yoast SEO plugin. -->","yoast_head_json":{"title":"TRUUSK Trehjuling f\u00f6r Barn - Med H\u00f6ftb\u00e4lte - 2 Korgar - H\u00f6j- och S\u00e4nkbar Sits - Metallram - F\u00f6r Barn 2-5 \u00e5r - Svart+r\u00f6d - TRUUSK - Hem, Tr\u00e4dg\u00e5rd &amp; Fritid","robots":{"index":"index","follow":"follow","max-snippet":"max-snippet:-1","max-image-preview":"max-image-preview:large","max-video-preview":"max-video-preview:-1"},"canonical":"https:\/\/truusk.store\/sv\/produkt\/truusk-trehjuling-for-barn-med-hoftbalte-2-korgar-hoj-och-sankbar-sits-metallram-for-barn-2-5-ar-svartrod\/","og_locale":"sv_SE","og_type":"article","og_title":"TRUUSK Trehjuling f\u00f6r Barn - Med H\u00f6ftb\u00e4lte - 2 Korgar - H\u00f6j- och S\u00e4nkbar Sits - Metallram - F\u00f6r Barn 2-5 \u00e5r - Svart+r\u00f6d - TRUUSK - Hem, Tr\u00e4dg\u00e5rd &amp; Fritid","og_description":"Ge din lilla f\u00f6rare o\u00e4ndligt k\u00f6rgl\u00e4dje med trehjulingen! Denna roliga trehjuling v\u00e4xer med ditt barn tack vare det justerbara s\u00e4tet....","og_url":"https:\/\/truusk.store\/sv\/produkt\/truusk-trehjuling-for-barn-med-hoftbalte-2-korgar-hoj-och-sankbar-sits-metallram-for-barn-2-5-ar-svartrod\/","og_site_name":"TRUUSK - Hem, Tr\u00e4dg\u00e5rd &amp; Fritid","article_modified_time":"2026-03-12T08:25:23+00:00","og_image":[{"width":800,"height":800,"url":"https:\/\/i0.wp.com\/truusk.se\/wp-content\/uploads\/2024\/02\/trehjuling-for-barn-med-hoftbalte-2-korgar-hoj-och-sankbar-sits-metallram-for-barn-2-5-ar-svartrod.webp?fit=800%2C800&ssl=1","type":"image\/webp"}],"twitter_card":"summary_large_image","twitter_misc":{"Ber\u00e4knad l\u00e4stid":"1 minut"},"schema":{"@context":"https:\/\/schema.org","@graph":[{"@type":"WebPage","@id":"https:\/\/truusk.store\/sv\/produkt\/truusk-trehjuling-for-barn-med-hoftbalte-2-korgar-hoj-och-sankbar-sits-metallram-for-barn-2-5-ar-svartrod\/","url":"https:\/\/truusk.store\/sv\/produkt\/truusk-trehjuling-for-barn-med-hoftbalte-2-korgar-hoj-och-sankbar-sits-metallram-for-barn-2-5-ar-svartrod\/","name":"TRUUSK Trehjuling f\u00f6r Barn - Med H\u00f6ftb\u00e4lte - 2 Korgar - H\u00f6j- och S\u00e4nkbar Sits - Metallram - F\u00f6r Barn 2-5 \u00e5r - Svart+r\u00f6d - TRUUSK - Hem, Tr\u00e4dg\u00e5rd &amp; Fritid","isPartOf":{"@id":"https:\/\/truusk.store\/sv\/#website"},"primaryImageOfPage":{"@id":"https:\/\/truusk.store\/sv\/produkt\/truusk-trehjuling-for-barn-med-hoftbalte-2-korgar-hoj-och-sankbar-sits-metallram-for-barn-2-5-ar-svartrod\/#primaryimage"},"image":{"@id":"https:\/\/truusk.store\/sv\/produkt\/truusk-trehjuling-for-barn-med-hoftbalte-2-korgar-hoj-och-sankbar-sits-metallram-for-barn-2-5-ar-svartrod\/#primaryimage"},"thumbnailUrl":"https:\/\/i0.wp.com\/truusk.store\/wp-content\/uploads\/2024\/02\/trehjuling-for-barn-med-hoftbalte-2-korgar-hoj-och-sankbar-sits-metallram-for-barn-2-5-ar-svartrod.webp?fit=800%2C800&ssl=1","datePublished":"2024-02-14T04:45:21+00:00","dateModified":"2026-03-12T08:25:23+00:00","breadcrumb":{"@id":"https:\/\/truusk.store\/sv\/produkt\/truusk-trehjuling-for-barn-med-hoftbalte-2-korgar-hoj-och-sankbar-sits-metallram-for-barn-2-5-ar-svartrod\/#breadcrumb"},"inLanguage":"sv-SE","potentialAction":[{"@type":"ReadAction","target":["https:\/\/truusk.store\/sv\/produkt\/truusk-trehjuling-for-barn-med-hoftbalte-2-korgar-hoj-och-sankbar-sits-metallram-for-barn-2-5-ar-svartrod\/"]}]},{"@type":"ImageObject","inLanguage":"sv-SE","@id":"https:\/\/truusk.store\/sv\/produkt\/truusk-trehjuling-for-barn-med-hoftbalte-2-korgar-hoj-och-sankbar-sits-metallram-for-barn-2-5-ar-svartrod\/#primaryimage","url":"https:\/\/i0.wp.com\/truusk.store\/wp-content\/uploads\/2024\/02\/trehjuling-for-barn-med-hoftbalte-2-korgar-hoj-och-sankbar-sits-metallram-for-barn-2-5-ar-svartrod.webp?fit=800%2C800&ssl=1","contentUrl":"https:\/\/i0.wp.com\/truusk.store\/wp-content\/uploads\/2024\/02\/trehjuling-for-barn-med-hoftbalte-2-korgar-hoj-och-sankbar-sits-metallram-for-barn-2-5-ar-svartrod.webp?fit=800%2C800&ssl=1","width":800,"height":800,"caption":"Trehjuling F\u00f6r Barn Med H\u00f6ftb\u00e4lte, 2 Korgar, H\u00f6j- Och S\u00e4nkbar Sits, Metallram, F\u00f6r Barn 2-5 \u00e5r, Svart+r\u00f6d 1"},{"@type":"BreadcrumbList","@id":"https:\/\/truusk.store\/sv\/produkt\/truusk-trehjuling-for-barn-med-hoftbalte-2-korgar-hoj-och-sankbar-sits-metallram-for-barn-2-5-ar-svartrod\/#breadcrumb","itemListElement":[{"@type":"ListItem","position":1,"name":"Home","item":"https:\/\/truusk.store\/sv\/"},{"@type":"ListItem","position":2,"name":"Shop","item":"https:\/\/truusk.store\/shop\/"},{"@type":"ListItem","position":3,"name":"TRUUSK Trehjuling f\u00f6r Barn &#8211; Med H\u00f6ftb\u00e4lte &#8211; 2 Korgar &#8211; H\u00f6j- och S\u00e4nkbar Sits &#8211; Metallram &#8211; F\u00f6r Barn 2-5 \u00e5r &#8211; Svart+r\u00f6d"}]},{"@type":"WebSite","@id":"https:\/\/truusk.store\/sv\/#website","url":"https:\/\/truusk.store\/sv\/","name":"TRUUSK - Hem, Tr\u00e4dg\u00e5rd & Fritid","description":"","publisher":{"@id":"https:\/\/truusk.store\/sv\/#organization"},"potentialAction":[{"@type":"SearchAction","target":{"@type":"EntryPoint","urlTemplate":"https:\/\/truusk.store\/sv\/?s={search_term_string}"},"query-input":{"@type":"PropertyValueSpecification","valueRequired":true,"valueName":"search_term_string"}}],"inLanguage":"sv-SE"},{"@type":"Organization","@id":"https:\/\/truusk.store\/sv\/#organization","name":"TRUUSK - Hem, Tr\u00e4dg\u00e5rd & Fritid","url":"https:\/\/truusk.store\/sv\/","logo":{"@type":"ImageObject","inLanguage":"sv-SE","@id":"https:\/\/truusk.store\/sv\/#\/schema\/logo\/image\/","url":"https:\/\/i0.wp.com\/truusk.store\/wp-content\/uploads\/2026\/03\/cropped-TRUUSK.png?fit=2032%2C917&ssl=1","contentUrl":"https:\/\/i0.wp.com\/truusk.store\/wp-content\/uploads\/2026\/03\/cropped-TRUUSK.png?fit=2032%2C917&ssl=1","width":2032,"height":917,"caption":"TRUUSK - Hem, Tr\u00e4dg\u00e5rd & Fritid"},"image":{"@id":"https:\/\/truusk.store\/sv\/#\/schema\/logo\/image\/"}}]}},"jetpack_sharing_enabled":true,"_links":{"self":[{"href":"https:\/\/truusk.store\/sv\/wp-json\/wp\/v2\/product\/45308","targetHints":{"allow":["GET"]}}],"collection":[{"href":"https:\/\/truusk.store\/sv\/wp-json\/wp\/v2\/product"}],"about":[{"href":"https:\/\/truusk.store\/sv\/wp-json\/wp\/v2\/types\/product"}],"wp:featuredmedia":[{"embeddable":true,"href":"https:\/\/truusk.store\/sv\/wp-json\/wp\/v2\/media\/45309"}],"wp:attachment":[{"href":"https:\/\/truusk.store\/sv\/wp-json\/wp\/v2\/media?parent=45308"}],"wp:term":[{"taxonomy":"product_brand","embeddable":true,"href":"https:\/\/truusk.store\/sv\/wp-json\/wp\/v2\/product_brand?post=45308"},{"taxonomy":"product_cat","embeddable":true,"href":"https:\/\/truusk.store\/sv\/wp-json\/wp\/v2\/product_cat?post=45308"},{"taxonomy":"product_tag","embeddable":true,"href":"https:\/\/truusk.store\/sv\/wp-json\/wp\/v2\/product_tag?post=45308"}],"curies":[{"name":"wp","href":"https:\/\/api.w.org\/{rel}","templated":true}]}}