{"id":45339,"date":"2024-02-14T05:47:31","date_gmt":"2024-02-14T04:47:31","guid":{"rendered":"https:\/\/truusk.store\/product\/tradgardsbank-design-for-vagnhjul-for-2-personer-naturligt-tra-morkbrun-1055-x-56-x-79-cm\/"},"modified":"2026-03-12T09:25:30","modified_gmt":"2026-03-12T08:25:30","slug":"truusk-tradgardsbank-design-for-vagnhjul-for-2-personer-naturligt-tra-morkbrun-1055-x-56-x-79-cm","status":"publish","type":"product","link":"https:\/\/truusk.store\/sv\/produkt\/truusk-tradgardsbank-design-for-vagnhjul-for-2-personer-naturligt-tra-morkbrun-1055-x-56-x-79-cm\/","title":{"rendered":"TRUUSK Tr\u00e4dg\u00e5rdsb\u00e4nk &#8211; Design F\u00f6r Vagnhjul &#8211; F\u00f6r 2 Personer &#8211; Naturligt Tr\u00e4 &#8211; M\u00f6rkbrun &#8211; 105,5 x 56 x 79 cm"},"content":{"rendered":"<p>Upplev den ultimata sittupplevelsen med v\u00e5r h\u00f6gkvalitativa tr\u00e4dg\u00e5rdsb\u00e4nk. Tillverkad av massivt grantr\u00e4 kan denna b\u00e4nk rymma upp till tv\u00e5 personer och l\u00e5ter dig njuta av din tid utomhus. Armst\u00f6dens unika vagnhjulsdesign ger inte bara denna parkb\u00e4nk en edgy charm, utan ocks\u00e5 funktionalitet och komfort. Oavsett om det \u00e4r i solen eller i skuggan \u00e4r denna robusta b\u00e4nk det perfekta tillbeh\u00f6ret f\u00f6r ditt utomhusutrymme!<\/p>\n<h3>Beskrivning:<\/h3>\n<ul>\n<li>Tr\u00e4dg\u00e5rdsb\u00e4nk i lantlig stil, perfekt f\u00f6r uteplatser, tr\u00e4dg\u00e5rdar och andra utomhusomr\u00e5den<\/li>\n<li>Designh\u00f6jdpunkt: vagnshjul bildar ben och armst\u00f6d<\/li>\n<li>Massivt grantr\u00e4 f\u00f6r ett autentiskt utseende och h\u00e5llbarhet<\/li>\n<li>Gott om plats att vila tack vare det stora ryggst\u00f6det och sitsen<\/li>\n<li>Kan b\u00e4ra upp till 240 kg<\/li>\n<\/ul>\n<h3>Teknisk data:<\/h3>\n<ul>\n<li>Material: gran<\/li>\n<li>F\u00e4rg: F\u00f6rkolad<\/li>\n<li>Vikt: 14 kg<\/li>\n<li>\u00d6vergripande m\u00e5tt: L105,5 x B56 x H79 cm<\/li>\n<li>Sittyta: L96 x B37 cm<\/li>\n<li>Sitth\u00f6jd: 39 cm<\/li>\n<li>Ryggst\u00f6dsm\u00e5tt: B96 x H28 cm<\/li>\n<li>Diameter per vagnshjul: 56 cm<\/li>\n<li>Max lastkapacitet: 240 kg<\/li>\n<\/ul>\n<h3>Leveransens omfattning:<\/h3>\n<ul>\n<li>1 x Tr\u00e4dg\u00e5rdsb\u00e4nk<\/li>\n<li>1 x Monteringsanvisning<\/li>\n<\/ul>\n","protected":false},"excerpt":{"rendered":"<p>Upplev den ultimata sittupplevelsen med v\u00e5r h\u00f6gkvalitativa tr\u00e4dg\u00e5rdsb\u00e4nk. Tillverkad av massivt grantr\u00e4 kan denna b\u00e4nk rymma upp till tv\u00e5 personer&#8230;<\/p>\n","protected":false},"featured_media":45340,"template":"","meta":[],"product_brand":[],"product_cat":[435,454,450],"product_tag":[],"class_list":{"0":"post-45339","1":"product","2":"type-product","3":"status-publish","4":"has-post-thumbnail","6":"product_cat-tradgard-och-terrass","7":"product_cat-tradgardsbankar","8":"product_cat-tradgardsmobler","10":"first","11":"instock","12":"sale","13":"taxable","14":"shipping-taxable","15":"purchasable","16":"product-type-simple"},"yoast_head":"<!-- This site is optimized with the Yoast SEO plugin v25.4 - https:\/\/yoast.com\/wordpress\/plugins\/seo\/ -->\n<title>TRUUSK Tr\u00e4dg\u00e5rdsb\u00e4nk - Design F\u00f6r Vagnhjul - F\u00f6r 2 Personer - Naturligt Tr\u00e4 - M\u00f6rkbrun - 105,5 x 56 x 79 cm - TRUUSK - Hem, Tr\u00e4dg\u00e5rd &amp; Fritid<\/title>\n<meta name=\"robots\" content=\"index, follow, max-snippet:-1, max-image-preview:large, max-video-preview:-1\" \/>\n<link rel=\"canonical\" href=\"https:\/\/truusk.store\/sv\/produkt\/truusk-tradgardsbank-design-for-vagnhjul-for-2-personer-naturligt-tra-morkbrun-1055-x-56-x-79-cm\/\" \/>\n<meta property=\"og:locale\" content=\"sv_SE\" \/>\n<meta property=\"og:type\" content=\"article\" \/>\n<meta property=\"og:title\" content=\"TRUUSK Tr\u00e4dg\u00e5rdsb\u00e4nk - Design F\u00f6r Vagnhjul - F\u00f6r 2 Personer - Naturligt Tr\u00e4 - M\u00f6rkbrun - 105,5 x 56 x 79 cm - TRUUSK - Hem, Tr\u00e4dg\u00e5rd &amp; Fritid\" \/>\n<meta property=\"og:description\" content=\"Upplev den ultimata sittupplevelsen med v\u00e5r h\u00f6gkvalitativa tr\u00e4dg\u00e5rdsb\u00e4nk. Tillverkad av massivt grantr\u00e4 kan denna b\u00e4nk rymma upp till tv\u00e5 personer...\" \/>\n<meta property=\"og:url\" content=\"https:\/\/truusk.store\/sv\/produkt\/truusk-tradgardsbank-design-for-vagnhjul-for-2-personer-naturligt-tra-morkbrun-1055-x-56-x-79-cm\/\" \/>\n<meta property=\"og:site_name\" content=\"TRUUSK - Hem, Tr\u00e4dg\u00e5rd &amp; Fritid\" \/>\n<meta property=\"article:modified_time\" content=\"2026-03-12T08:25:30+00:00\" \/>\n<meta property=\"og:image\" content=\"https:\/\/i0.wp.com\/truusk.se\/wp-content\/uploads\/2024\/02\/tradgardsbank-design-for-vagnhjul-for-2-personer-naturligt-tra-morkbrun-1055-x-56-x-79-cm.webp?fit=800%2C800&ssl=1\" \/>\n\t<meta property=\"og:image:width\" content=\"800\" \/>\n\t<meta property=\"og:image:height\" content=\"800\" \/>\n\t<meta property=\"og:image:type\" content=\"image\/webp\" \/>\n<meta name=\"twitter:card\" content=\"summary_large_image\" \/>\n<meta name=\"twitter:label1\" content=\"Ber\u00e4knad l\u00e4stid\" \/>\n\t<meta name=\"twitter:data1\" content=\"1 minut\" \/>\n<!-- \/ Yoast SEO plugin. -->","yoast_head_json":{"title":"TRUUSK Tr\u00e4dg\u00e5rdsb\u00e4nk - Design F\u00f6r Vagnhjul - F\u00f6r 2 Personer - Naturligt Tr\u00e4 - M\u00f6rkbrun - 105,5 x 56 x 79 cm - TRUUSK - Hem, Tr\u00e4dg\u00e5rd &amp; Fritid","robots":{"index":"index","follow":"follow","max-snippet":"max-snippet:-1","max-image-preview":"max-image-preview:large","max-video-preview":"max-video-preview:-1"},"canonical":"https:\/\/truusk.store\/sv\/produkt\/truusk-tradgardsbank-design-for-vagnhjul-for-2-personer-naturligt-tra-morkbrun-1055-x-56-x-79-cm\/","og_locale":"sv_SE","og_type":"article","og_title":"TRUUSK Tr\u00e4dg\u00e5rdsb\u00e4nk - Design F\u00f6r Vagnhjul - F\u00f6r 2 Personer - Naturligt Tr\u00e4 - M\u00f6rkbrun - 105,5 x 56 x 79 cm - TRUUSK - Hem, Tr\u00e4dg\u00e5rd &amp; Fritid","og_description":"Upplev den ultimata sittupplevelsen med v\u00e5r h\u00f6gkvalitativa tr\u00e4dg\u00e5rdsb\u00e4nk. Tillverkad av massivt grantr\u00e4 kan denna b\u00e4nk rymma upp till tv\u00e5 personer...","og_url":"https:\/\/truusk.store\/sv\/produkt\/truusk-tradgardsbank-design-for-vagnhjul-for-2-personer-naturligt-tra-morkbrun-1055-x-56-x-79-cm\/","og_site_name":"TRUUSK - Hem, Tr\u00e4dg\u00e5rd &amp; Fritid","article_modified_time":"2026-03-12T08:25:30+00:00","og_image":[{"width":800,"height":800,"url":"https:\/\/i0.wp.com\/truusk.se\/wp-content\/uploads\/2024\/02\/tradgardsbank-design-for-vagnhjul-for-2-personer-naturligt-tra-morkbrun-1055-x-56-x-79-cm.webp?fit=800%2C800&ssl=1","type":"image\/webp"}],"twitter_card":"summary_large_image","twitter_misc":{"Ber\u00e4knad l\u00e4stid":"1 minut"},"schema":{"@context":"https:\/\/schema.org","@graph":[{"@type":"WebPage","@id":"https:\/\/truusk.store\/sv\/produkt\/truusk-tradgardsbank-design-for-vagnhjul-for-2-personer-naturligt-tra-morkbrun-1055-x-56-x-79-cm\/","url":"https:\/\/truusk.store\/sv\/produkt\/truusk-tradgardsbank-design-for-vagnhjul-for-2-personer-naturligt-tra-morkbrun-1055-x-56-x-79-cm\/","name":"TRUUSK Tr\u00e4dg\u00e5rdsb\u00e4nk - Design F\u00f6r Vagnhjul - F\u00f6r 2 Personer - Naturligt Tr\u00e4 - M\u00f6rkbrun - 105,5 x 56 x 79 cm - TRUUSK - Hem, Tr\u00e4dg\u00e5rd &amp; Fritid","isPartOf":{"@id":"https:\/\/truusk.store\/sv\/#website"},"primaryImageOfPage":{"@id":"https:\/\/truusk.store\/sv\/produkt\/truusk-tradgardsbank-design-for-vagnhjul-for-2-personer-naturligt-tra-morkbrun-1055-x-56-x-79-cm\/#primaryimage"},"image":{"@id":"https:\/\/truusk.store\/sv\/produkt\/truusk-tradgardsbank-design-for-vagnhjul-for-2-personer-naturligt-tra-morkbrun-1055-x-56-x-79-cm\/#primaryimage"},"thumbnailUrl":"https:\/\/i0.wp.com\/truusk.store\/wp-content\/uploads\/2024\/02\/tradgardsbank-design-for-vagnhjul-for-2-personer-naturligt-tra-morkbrun-1055-x-56-x-79-cm.webp?fit=800%2C800&ssl=1","datePublished":"2024-02-14T04:47:31+00:00","dateModified":"2026-03-12T08:25:30+00:00","breadcrumb":{"@id":"https:\/\/truusk.store\/sv\/produkt\/truusk-tradgardsbank-design-for-vagnhjul-for-2-personer-naturligt-tra-morkbrun-1055-x-56-x-79-cm\/#breadcrumb"},"inLanguage":"sv-SE","potentialAction":[{"@type":"ReadAction","target":["https:\/\/truusk.store\/sv\/produkt\/truusk-tradgardsbank-design-for-vagnhjul-for-2-personer-naturligt-tra-morkbrun-1055-x-56-x-79-cm\/"]}]},{"@type":"ImageObject","inLanguage":"sv-SE","@id":"https:\/\/truusk.store\/sv\/produkt\/truusk-tradgardsbank-design-for-vagnhjul-for-2-personer-naturligt-tra-morkbrun-1055-x-56-x-79-cm\/#primaryimage","url":"https:\/\/i0.wp.com\/truusk.store\/wp-content\/uploads\/2024\/02\/tradgardsbank-design-for-vagnhjul-for-2-personer-naturligt-tra-morkbrun-1055-x-56-x-79-cm.webp?fit=800%2C800&ssl=1","contentUrl":"https:\/\/i0.wp.com\/truusk.store\/wp-content\/uploads\/2024\/02\/tradgardsbank-design-for-vagnhjul-for-2-personer-naturligt-tra-morkbrun-1055-x-56-x-79-cm.webp?fit=800%2C800&ssl=1","width":800,"height":800,"caption":"Tr\u00e4dg\u00e5rdsb\u00e4nk, Design F\u00f6r Vagnhjul, F\u00f6r 2 Personer, Naturligt Tr\u00e4, M\u00f6rkbrun, 105,5 X 56 X 79 Cm 1"},{"@type":"BreadcrumbList","@id":"https:\/\/truusk.store\/sv\/produkt\/truusk-tradgardsbank-design-for-vagnhjul-for-2-personer-naturligt-tra-morkbrun-1055-x-56-x-79-cm\/#breadcrumb","itemListElement":[{"@type":"ListItem","position":1,"name":"Home","item":"https:\/\/truusk.store\/sv\/"},{"@type":"ListItem","position":2,"name":"Shop","item":"https:\/\/truusk.store\/shop\/"},{"@type":"ListItem","position":3,"name":"TRUUSK Tr\u00e4dg\u00e5rdsb\u00e4nk &#8211; Design F\u00f6r Vagnhjul &#8211; F\u00f6r 2 Personer &#8211; Naturligt Tr\u00e4 &#8211; M\u00f6rkbrun &#8211; 105,5 x 56 x 79 cm"}]},{"@type":"WebSite","@id":"https:\/\/truusk.store\/sv\/#website","url":"https:\/\/truusk.store\/sv\/","name":"TRUUSK - Hem, Tr\u00e4dg\u00e5rd & Fritid","description":"","publisher":{"@id":"https:\/\/truusk.store\/sv\/#organization"},"potentialAction":[{"@type":"SearchAction","target":{"@type":"EntryPoint","urlTemplate":"https:\/\/truusk.store\/sv\/?s={search_term_string}"},"query-input":{"@type":"PropertyValueSpecification","valueRequired":true,"valueName":"search_term_string"}}],"inLanguage":"sv-SE"},{"@type":"Organization","@id":"https:\/\/truusk.store\/sv\/#organization","name":"TRUUSK - Hem, Tr\u00e4dg\u00e5rd & Fritid","url":"https:\/\/truusk.store\/sv\/","logo":{"@type":"ImageObject","inLanguage":"sv-SE","@id":"https:\/\/truusk.store\/sv\/#\/schema\/logo\/image\/","url":"https:\/\/i0.wp.com\/truusk.store\/wp-content\/uploads\/2026\/03\/cropped-TRUUSK.png?fit=2032%2C917&ssl=1","contentUrl":"https:\/\/i0.wp.com\/truusk.store\/wp-content\/uploads\/2026\/03\/cropped-TRUUSK.png?fit=2032%2C917&ssl=1","width":2032,"height":917,"caption":"TRUUSK - Hem, Tr\u00e4dg\u00e5rd & Fritid"},"image":{"@id":"https:\/\/truusk.store\/sv\/#\/schema\/logo\/image\/"}}]}},"jetpack_sharing_enabled":true,"_links":{"self":[{"href":"https:\/\/truusk.store\/sv\/wp-json\/wp\/v2\/product\/45339","targetHints":{"allow":["GET"]}}],"collection":[{"href":"https:\/\/truusk.store\/sv\/wp-json\/wp\/v2\/product"}],"about":[{"href":"https:\/\/truusk.store\/sv\/wp-json\/wp\/v2\/types\/product"}],"wp:featuredmedia":[{"embeddable":true,"href":"https:\/\/truusk.store\/sv\/wp-json\/wp\/v2\/media\/45340"}],"wp:attachment":[{"href":"https:\/\/truusk.store\/sv\/wp-json\/wp\/v2\/media?parent=45339"}],"wp:term":[{"taxonomy":"product_brand","embeddable":true,"href":"https:\/\/truusk.store\/sv\/wp-json\/wp\/v2\/product_brand?post=45339"},{"taxonomy":"product_cat","embeddable":true,"href":"https:\/\/truusk.store\/sv\/wp-json\/wp\/v2\/product_cat?post=45339"},{"taxonomy":"product_tag","embeddable":true,"href":"https:\/\/truusk.store\/sv\/wp-json\/wp\/v2\/product_tag?post=45339"}],"curies":[{"name":"wp","href":"https:\/\/api.w.org\/{rel}","templated":true}]}}