{"id":45360,"date":"2024-02-14T05:49:26","date_gmt":"2024-02-14T04:49:26","guid":{"rendered":"https:\/\/truusk.store\/product\/3-tier-3-entrance-cat-cave-boho-design-med-kudde-40cm-x-40cm-x-73cm-ljusbrun-kramvit\/"},"modified":"2026-03-12T09:25:32","modified_gmt":"2026-03-12T08:25:32","slug":"truusk-kattgrotta-med-3-ingangar-boho-design-mjukt-foder-40cm-x-40cm-x-73cm-ljusbrun-kramvit","status":"publish","type":"product","link":"https:\/\/truusk.store\/sv\/produkt\/truusk-kattgrotta-med-3-ingangar-boho-design-mjukt-foder-40cm-x-40cm-x-73cm-ljusbrun-kramvit\/","title":{"rendered":"TRUUSK Kattgrotta med 3 Ing\u00e5ngar &#8211; Boho Design &#8211; Mjukt Foder &#8211; 40cm X 40cm X 73cm &#8211; Ljusbrun + Kr\u00e4mvit"},"content":{"rendered":"<p>Denna kattgrotta kommer att bli dina sammetstassars nya favoritplats. Det \u00e4r den perfekta platsen att koppla av, sova och g\u00f6mma sig. Tre g\u00f6mst\u00e4llen g\u00f6r att katter kan krypa ihop och g\u00f6mma sig i sm\u00e5 utrymmen. Det v\u00e4l vadderade \u00f6vre omr\u00e5det erbjuder dina katter en fantastisk plats att observera sin omgivning. Den naturliga looken sm\u00e4lter enkelt in i alla heminredningar. Denna lilla skrapstolpe ger variation till dagen och erbjuder en s\u00e4ker plats att sova p\u00e5 p\u00e5 natten.<\/p>\n<h3>Beskrivning:<\/h3>\n<ul>\n<li>Tre plan, tre entr\u00e9er och en \u00f6vre sittgrupp f\u00f6r vila<\/li>\n<li>Levereras med kudde f\u00f6r extra komfort<\/li>\n<li>St\u00e5lst\u00e5ngen och handv\u00e4vd vattenhyacint \u00e4r h\u00e5llbara<\/li>\n<li>Ta in boho-stilen i ditt hem:<\/li>\n<li>L\u00e4mplig f\u00f6r kattungar som v\u00e4ger mindre \u00e4n 3,5 kg<\/li>\n<li>Ingen montering kr\u00e4vs<\/li>\n<\/ul>\n<h3>Teknisk data:<\/h3>\n<ul>\n<li>F\u00e4rg: ljusbrun<\/li>\n<li>Material: st\u00e5l, vattenhyacint, PP-bomull<\/li>\n<li>\u00d6vergripande m\u00e5tt: 40 x 73H cm<\/li>\n<li>Inv\u00e4ndig h\u00f6jd: 22 cm (varje v\u00e5ning)<\/li>\n<li>\u00d6ppningsstorlek: 19 cm<\/li>\n<li>Kuddens m\u00e5tt: 38 x 2H cm<\/li>\n<\/ul>\n<h3>Leveransens omfattning:<\/h3>\n<ul>\n<li>1 x Cat Tower<\/li>\n<li>1 x Instruktioner<\/li>\n<\/ul>\n","protected":false},"excerpt":{"rendered":"<p>Denna kattgrotta kommer att bli dina sammetstassars nya favoritplats. Det \u00e4r den perfekta platsen att koppla av, sova och g\u00f6mma&#8230;<\/p>\n","protected":false},"featured_media":45361,"template":"","meta":[],"product_brand":[],"product_cat":[573,588,589],"product_tag":[],"class_list":{"0":"post-45360","1":"product","2":"type-product","3":"status-publish","4":"has-post-thumbnail","6":"product_cat-husdjursmaterial","7":"product_cat-katttillbehor","8":"product_cat-skrapande-inlagg","10":"first","11":"instock","12":"sale","13":"taxable","14":"shipping-taxable","15":"purchasable","16":"product-type-simple"},"yoast_head":"<!-- This site is optimized with the Yoast SEO plugin v25.4 - https:\/\/yoast.com\/wordpress\/plugins\/seo\/ -->\n<title>TRUUSK Kattgrotta med 3 Ing\u00e5ngar - Boho Design - Mjukt Foder - 40cm X 40cm X 73cm - Ljusbrun + Kr\u00e4mvit - TRUUSK - Hem, Tr\u00e4dg\u00e5rd &amp; Fritid<\/title>\n<meta name=\"robots\" content=\"index, follow, max-snippet:-1, max-image-preview:large, max-video-preview:-1\" \/>\n<link rel=\"canonical\" href=\"https:\/\/truusk.store\/sv\/produkt\/truusk-kattgrotta-med-3-ingangar-boho-design-mjukt-foder-40cm-x-40cm-x-73cm-ljusbrun-kramvit\/\" \/>\n<meta property=\"og:locale\" content=\"sv_SE\" \/>\n<meta property=\"og:type\" content=\"article\" \/>\n<meta property=\"og:title\" content=\"TRUUSK Kattgrotta med 3 Ing\u00e5ngar - Boho Design - Mjukt Foder - 40cm X 40cm X 73cm - Ljusbrun + Kr\u00e4mvit - TRUUSK - Hem, Tr\u00e4dg\u00e5rd &amp; Fritid\" \/>\n<meta property=\"og:description\" content=\"Denna kattgrotta kommer att bli dina sammetstassars nya favoritplats. Det \u00e4r den perfekta platsen att koppla av, sova och g\u00f6mma...\" \/>\n<meta property=\"og:url\" content=\"https:\/\/truusk.store\/sv\/produkt\/truusk-kattgrotta-med-3-ingangar-boho-design-mjukt-foder-40cm-x-40cm-x-73cm-ljusbrun-kramvit\/\" \/>\n<meta property=\"og:site_name\" content=\"TRUUSK - Hem, Tr\u00e4dg\u00e5rd &amp; Fritid\" \/>\n<meta property=\"article:modified_time\" content=\"2026-03-12T08:25:32+00:00\" \/>\n<meta property=\"og:image\" content=\"https:\/\/i0.wp.com\/truusk.se\/wp-content\/uploads\/2024\/02\/3-tier-3-entrance-cat-cave-boho-design-med-kudde-40cm-x-40cm-x-73cm-ljusbrun-kramvit.webp?fit=800%2C800&ssl=1\" \/>\n\t<meta property=\"og:image:width\" content=\"800\" \/>\n\t<meta property=\"og:image:height\" content=\"800\" \/>\n\t<meta property=\"og:image:type\" content=\"image\/webp\" \/>\n<meta name=\"twitter:card\" content=\"summary_large_image\" \/>\n<meta name=\"twitter:label1\" content=\"Ber\u00e4knad l\u00e4stid\" \/>\n\t<meta name=\"twitter:data1\" content=\"1 minut\" \/>\n<!-- \/ Yoast SEO plugin. -->","yoast_head_json":{"title":"TRUUSK Kattgrotta med 3 Ing\u00e5ngar - Boho Design - Mjukt Foder - 40cm X 40cm X 73cm - Ljusbrun + Kr\u00e4mvit - TRUUSK - Hem, Tr\u00e4dg\u00e5rd &amp; Fritid","robots":{"index":"index","follow":"follow","max-snippet":"max-snippet:-1","max-image-preview":"max-image-preview:large","max-video-preview":"max-video-preview:-1"},"canonical":"https:\/\/truusk.store\/sv\/produkt\/truusk-kattgrotta-med-3-ingangar-boho-design-mjukt-foder-40cm-x-40cm-x-73cm-ljusbrun-kramvit\/","og_locale":"sv_SE","og_type":"article","og_title":"TRUUSK Kattgrotta med 3 Ing\u00e5ngar - Boho Design - Mjukt Foder - 40cm X 40cm X 73cm - Ljusbrun + Kr\u00e4mvit - TRUUSK - Hem, Tr\u00e4dg\u00e5rd &amp; Fritid","og_description":"Denna kattgrotta kommer att bli dina sammetstassars nya favoritplats. Det \u00e4r den perfekta platsen att koppla av, sova och g\u00f6mma...","og_url":"https:\/\/truusk.store\/sv\/produkt\/truusk-kattgrotta-med-3-ingangar-boho-design-mjukt-foder-40cm-x-40cm-x-73cm-ljusbrun-kramvit\/","og_site_name":"TRUUSK - Hem, Tr\u00e4dg\u00e5rd &amp; Fritid","article_modified_time":"2026-03-12T08:25:32+00:00","og_image":[{"width":800,"height":800,"url":"https:\/\/i0.wp.com\/truusk.se\/wp-content\/uploads\/2024\/02\/3-tier-3-entrance-cat-cave-boho-design-med-kudde-40cm-x-40cm-x-73cm-ljusbrun-kramvit.webp?fit=800%2C800&ssl=1","type":"image\/webp"}],"twitter_card":"summary_large_image","twitter_misc":{"Ber\u00e4knad l\u00e4stid":"1 minut"},"schema":{"@context":"https:\/\/schema.org","@graph":[{"@type":"WebPage","@id":"https:\/\/truusk.store\/sv\/produkt\/truusk-kattgrotta-med-3-ingangar-boho-design-mjukt-foder-40cm-x-40cm-x-73cm-ljusbrun-kramvit\/","url":"https:\/\/truusk.store\/sv\/produkt\/truusk-kattgrotta-med-3-ingangar-boho-design-mjukt-foder-40cm-x-40cm-x-73cm-ljusbrun-kramvit\/","name":"TRUUSK Kattgrotta med 3 Ing\u00e5ngar - Boho Design - Mjukt Foder - 40cm X 40cm X 73cm - Ljusbrun + Kr\u00e4mvit - TRUUSK - Hem, Tr\u00e4dg\u00e5rd &amp; Fritid","isPartOf":{"@id":"https:\/\/truusk.store\/sv\/#website"},"primaryImageOfPage":{"@id":"https:\/\/truusk.store\/sv\/produkt\/truusk-kattgrotta-med-3-ingangar-boho-design-mjukt-foder-40cm-x-40cm-x-73cm-ljusbrun-kramvit\/#primaryimage"},"image":{"@id":"https:\/\/truusk.store\/sv\/produkt\/truusk-kattgrotta-med-3-ingangar-boho-design-mjukt-foder-40cm-x-40cm-x-73cm-ljusbrun-kramvit\/#primaryimage"},"thumbnailUrl":"https:\/\/i0.wp.com\/truusk.store\/wp-content\/uploads\/2024\/02\/3-tier-3-entrance-cat-cave-boho-design-med-kudde-40cm-x-40cm-x-73cm-ljusbrun-kramvit.webp?fit=800%2C800&ssl=1","datePublished":"2024-02-14T04:49:26+00:00","dateModified":"2026-03-12T08:25:32+00:00","breadcrumb":{"@id":"https:\/\/truusk.store\/sv\/produkt\/truusk-kattgrotta-med-3-ingangar-boho-design-mjukt-foder-40cm-x-40cm-x-73cm-ljusbrun-kramvit\/#breadcrumb"},"inLanguage":"sv-SE","potentialAction":[{"@type":"ReadAction","target":["https:\/\/truusk.store\/sv\/produkt\/truusk-kattgrotta-med-3-ingangar-boho-design-mjukt-foder-40cm-x-40cm-x-73cm-ljusbrun-kramvit\/"]}]},{"@type":"ImageObject","inLanguage":"sv-SE","@id":"https:\/\/truusk.store\/sv\/produkt\/truusk-kattgrotta-med-3-ingangar-boho-design-mjukt-foder-40cm-x-40cm-x-73cm-ljusbrun-kramvit\/#primaryimage","url":"https:\/\/i0.wp.com\/truusk.store\/wp-content\/uploads\/2024\/02\/3-tier-3-entrance-cat-cave-boho-design-med-kudde-40cm-x-40cm-x-73cm-ljusbrun-kramvit.webp?fit=800%2C800&ssl=1","contentUrl":"https:\/\/i0.wp.com\/truusk.store\/wp-content\/uploads\/2024\/02\/3-tier-3-entrance-cat-cave-boho-design-med-kudde-40cm-x-40cm-x-73cm-ljusbrun-kramvit.webp?fit=800%2C800&ssl=1","width":800,"height":800,"caption":"3 Tier 3 Entrance Cat Cave Boho Design Med Kudde 40cm X 40cm X 73cm Ljusbrun + Kr\u00e4mvit 1"},{"@type":"BreadcrumbList","@id":"https:\/\/truusk.store\/sv\/produkt\/truusk-kattgrotta-med-3-ingangar-boho-design-mjukt-foder-40cm-x-40cm-x-73cm-ljusbrun-kramvit\/#breadcrumb","itemListElement":[{"@type":"ListItem","position":1,"name":"Home","item":"https:\/\/truusk.store\/sv\/"},{"@type":"ListItem","position":2,"name":"Shop","item":"https:\/\/truusk.store\/shop\/"},{"@type":"ListItem","position":3,"name":"TRUUSK Kattgrotta med 3 Ing\u00e5ngar &#8211; Boho Design &#8211; Mjukt Foder &#8211; 40cm X 40cm X 73cm &#8211; Ljusbrun + Kr\u00e4mvit"}]},{"@type":"WebSite","@id":"https:\/\/truusk.store\/sv\/#website","url":"https:\/\/truusk.store\/sv\/","name":"TRUUSK - Hem, Tr\u00e4dg\u00e5rd & Fritid","description":"","publisher":{"@id":"https:\/\/truusk.store\/sv\/#organization"},"potentialAction":[{"@type":"SearchAction","target":{"@type":"EntryPoint","urlTemplate":"https:\/\/truusk.store\/sv\/?s={search_term_string}"},"query-input":{"@type":"PropertyValueSpecification","valueRequired":true,"valueName":"search_term_string"}}],"inLanguage":"sv-SE"},{"@type":"Organization","@id":"https:\/\/truusk.store\/sv\/#organization","name":"TRUUSK - Hem, Tr\u00e4dg\u00e5rd & Fritid","url":"https:\/\/truusk.store\/sv\/","logo":{"@type":"ImageObject","inLanguage":"sv-SE","@id":"https:\/\/truusk.store\/sv\/#\/schema\/logo\/image\/","url":"https:\/\/i0.wp.com\/truusk.store\/wp-content\/uploads\/2026\/03\/cropped-TRUUSK.png?fit=2032%2C917&ssl=1","contentUrl":"https:\/\/i0.wp.com\/truusk.store\/wp-content\/uploads\/2026\/03\/cropped-TRUUSK.png?fit=2032%2C917&ssl=1","width":2032,"height":917,"caption":"TRUUSK - Hem, Tr\u00e4dg\u00e5rd & Fritid"},"image":{"@id":"https:\/\/truusk.store\/sv\/#\/schema\/logo\/image\/"}}]}},"jetpack_sharing_enabled":true,"_links":{"self":[{"href":"https:\/\/truusk.store\/sv\/wp-json\/wp\/v2\/product\/45360","targetHints":{"allow":["GET"]}}],"collection":[{"href":"https:\/\/truusk.store\/sv\/wp-json\/wp\/v2\/product"}],"about":[{"href":"https:\/\/truusk.store\/sv\/wp-json\/wp\/v2\/types\/product"}],"wp:featuredmedia":[{"embeddable":true,"href":"https:\/\/truusk.store\/sv\/wp-json\/wp\/v2\/media\/45361"}],"wp:attachment":[{"href":"https:\/\/truusk.store\/sv\/wp-json\/wp\/v2\/media?parent=45360"}],"wp:term":[{"taxonomy":"product_brand","embeddable":true,"href":"https:\/\/truusk.store\/sv\/wp-json\/wp\/v2\/product_brand?post=45360"},{"taxonomy":"product_cat","embeddable":true,"href":"https:\/\/truusk.store\/sv\/wp-json\/wp\/v2\/product_cat?post=45360"},{"taxonomy":"product_tag","embeddable":true,"href":"https:\/\/truusk.store\/sv\/wp-json\/wp\/v2\/product_tag?post=45360"}],"curies":[{"name":"wp","href":"https:\/\/api.w.org\/{rel}","templated":true}]}}