{"id":45370,"date":"2024-02-14T05:49:45","date_gmt":"2024-02-14T04:49:45","guid":{"rendered":"https:\/\/truusk.store\/product\/hundsang-utomhus-vaderbestandig-hundsang-med-kapell-hopfallbar-122-x-92-x-108-cm-bla-svart\/"},"modified":"2026-03-12T09:25:35","modified_gmt":"2026-03-12T08:25:35","slug":"truusk-hundbadd-utomhus-vaderbestandig-hopfallbar-122-x-92-x-108-cm-bla-svart","status":"publish","type":"product","link":"https:\/\/truusk.store\/sv\/produkt\/truusk-hundbadd-utomhus-vaderbestandig-hopfallbar-122-x-92-x-108-cm-bla-svart\/","title":{"rendered":"TRUUSK Hundb\u00e4dd Utomhus &#8211; V\u00e4derbest\u00e4ndig &#8211; Hopf\u00e4llbar &#8211; 122 x 92 x 108 cm &#8211; Bl\u00e5 + Svart"},"content":{"rendered":"<p>Unna ditt husdjur den b\u00e4sta avkopplingen med v\u00e5r snygga husdjurss\u00e4ng! Den upph\u00f6jda hunds\u00e4ngen st\u00f6ds av fyra pulverlackerade metallr\u00f6r runt vilka det andningsbara meshtyget \u00e4r virat. Baldakintaket ger ditt husdjur behaglig skugga \u00e4ven p\u00e5 sommaren och \u00e4r l\u00e4tt att s\u00e4tta upp. Den stabila konstruktionen f\u00f6rhindrar vinkling och tippning, s\u00e5 din \u00e4lskling kan sova utan oro.<\/p>\n<h3>Beskrivning:<\/h3>\n<ul>\n<li>F\u00f6rh\u00f6jd solstol skyddar mot fukt och kyla<\/li>\n<li>Tillverkad med robust men l\u00e4tt metallram<\/li>\n<li>Tyg\u00f6verdrag av polyester som andas f\u00f6r temperaturreglering<\/li>\n<li>Canopy ger UV-skydd och \u00e4r l\u00e4tt att installera<\/li>\n<li>Halkfria f\u00f6tter f\u00f6r \u00f6kad stabilitet<\/li>\n<li>L\u00e4mplig f\u00f6r mycket stora hundar med en kroppsl\u00e4ngd p\u00e5 mindre \u00e4n 80 cm och en vikt p\u00e5 upp till 50 kg<\/li>\n<\/ul>\n<h3>Teknisk data:<\/h3>\n<ul>\n<li>Material: metall, oxford, mesh, taft<\/li>\n<li>M\u00e5tt: L122 x B92 x H108 cm<\/li>\n<li>Golvh\u00f6jd: 23,5 cm<\/li>\n<li>F\u00e4rg: M\u00f6rkbl\u00e5+svart<\/li>\n<li>Obs: V\u00e4nligen m\u00e4t ditt husdjurs kroppsl\u00e4ngd innan du k\u00f6per<\/li>\n<\/ul>\n<h3>Leveransens omfattning:<\/h3>\n<ul>\n<li>1 x hunds\u00e4ng<\/li>\n<li>1 x Monteringsanvisning<\/li>\n<\/ul>\n","protected":false},"excerpt":{"rendered":"<p>Unna ditt husdjur den b\u00e4sta avkopplingen med v\u00e5r snygga husdjurss\u00e4ng! Den upph\u00f6jda hunds\u00e4ngen st\u00f6ds av fyra pulverlackerade metallr\u00f6r runt vilka&#8230;<\/p>\n","protected":false},"featured_media":45371,"template":"","meta":[],"product_brand":[],"product_cat":[576,574,573],"product_tag":[],"class_list":{"0":"post-45370","1":"product","2":"type-product","3":"status-publish","4":"has-post-thumbnail","6":"product_cat-hundsangar-hundsoffor","7":"product_cat-hundtillbehor","8":"product_cat-husdjursmaterial","10":"first","11":"instock","12":"sale","13":"taxable","14":"shipping-taxable","15":"purchasable","16":"product-type-simple"},"yoast_head":"<!-- This site is optimized with the Yoast SEO plugin v25.4 - https:\/\/yoast.com\/wordpress\/plugins\/seo\/ -->\n<title>TRUUSK Hundb\u00e4dd Utomhus - V\u00e4derbest\u00e4ndig - Hopf\u00e4llbar - 122 x 92 x 108 cm - Bl\u00e5 + Svart - TRUUSK - Hem, Tr\u00e4dg\u00e5rd &amp; Fritid<\/title>\n<meta name=\"robots\" content=\"index, follow, max-snippet:-1, max-image-preview:large, max-video-preview:-1\" \/>\n<link rel=\"canonical\" href=\"https:\/\/truusk.store\/sv\/produkt\/truusk-hundbadd-utomhus-vaderbestandig-hopfallbar-122-x-92-x-108-cm-bla-svart\/\" \/>\n<meta property=\"og:locale\" content=\"sv_SE\" \/>\n<meta property=\"og:type\" content=\"article\" \/>\n<meta property=\"og:title\" content=\"TRUUSK Hundb\u00e4dd Utomhus - V\u00e4derbest\u00e4ndig - Hopf\u00e4llbar - 122 x 92 x 108 cm - Bl\u00e5 + Svart - TRUUSK - Hem, Tr\u00e4dg\u00e5rd &amp; Fritid\" \/>\n<meta property=\"og:description\" content=\"Unna ditt husdjur den b\u00e4sta avkopplingen med v\u00e5r snygga husdjurss\u00e4ng! Den upph\u00f6jda hunds\u00e4ngen st\u00f6ds av fyra pulverlackerade metallr\u00f6r runt vilka...\" \/>\n<meta property=\"og:url\" content=\"https:\/\/truusk.store\/sv\/produkt\/truusk-hundbadd-utomhus-vaderbestandig-hopfallbar-122-x-92-x-108-cm-bla-svart\/\" \/>\n<meta property=\"og:site_name\" content=\"TRUUSK - Hem, Tr\u00e4dg\u00e5rd &amp; Fritid\" \/>\n<meta property=\"article:modified_time\" content=\"2026-03-12T08:25:35+00:00\" \/>\n<meta property=\"og:image\" content=\"https:\/\/i0.wp.com\/truusk.se\/wp-content\/uploads\/2024\/02\/hundsang-utomhus-vaderbestandig-hundsang-med-kapell-hopfallbar-122-x-92-x-108-cm-bla-svart.webp?fit=800%2C800&ssl=1\" \/>\n\t<meta property=\"og:image:width\" content=\"800\" \/>\n\t<meta property=\"og:image:height\" content=\"800\" \/>\n\t<meta property=\"og:image:type\" content=\"image\/webp\" \/>\n<meta name=\"twitter:card\" content=\"summary_large_image\" \/>\n<meta name=\"twitter:label1\" content=\"Ber\u00e4knad l\u00e4stid\" \/>\n\t<meta name=\"twitter:data1\" content=\"1 minut\" \/>\n<!-- \/ Yoast SEO plugin. -->","yoast_head_json":{"title":"TRUUSK Hundb\u00e4dd Utomhus - V\u00e4derbest\u00e4ndig - Hopf\u00e4llbar - 122 x 92 x 108 cm - Bl\u00e5 + Svart - TRUUSK - Hem, Tr\u00e4dg\u00e5rd &amp; Fritid","robots":{"index":"index","follow":"follow","max-snippet":"max-snippet:-1","max-image-preview":"max-image-preview:large","max-video-preview":"max-video-preview:-1"},"canonical":"https:\/\/truusk.store\/sv\/produkt\/truusk-hundbadd-utomhus-vaderbestandig-hopfallbar-122-x-92-x-108-cm-bla-svart\/","og_locale":"sv_SE","og_type":"article","og_title":"TRUUSK Hundb\u00e4dd Utomhus - V\u00e4derbest\u00e4ndig - Hopf\u00e4llbar - 122 x 92 x 108 cm - Bl\u00e5 + Svart - TRUUSK - Hem, Tr\u00e4dg\u00e5rd &amp; Fritid","og_description":"Unna ditt husdjur den b\u00e4sta avkopplingen med v\u00e5r snygga husdjurss\u00e4ng! Den upph\u00f6jda hunds\u00e4ngen st\u00f6ds av fyra pulverlackerade metallr\u00f6r runt vilka...","og_url":"https:\/\/truusk.store\/sv\/produkt\/truusk-hundbadd-utomhus-vaderbestandig-hopfallbar-122-x-92-x-108-cm-bla-svart\/","og_site_name":"TRUUSK - Hem, Tr\u00e4dg\u00e5rd &amp; Fritid","article_modified_time":"2026-03-12T08:25:35+00:00","og_image":[{"width":800,"height":800,"url":"https:\/\/i0.wp.com\/truusk.se\/wp-content\/uploads\/2024\/02\/hundsang-utomhus-vaderbestandig-hundsang-med-kapell-hopfallbar-122-x-92-x-108-cm-bla-svart.webp?fit=800%2C800&ssl=1","type":"image\/webp"}],"twitter_card":"summary_large_image","twitter_misc":{"Ber\u00e4knad l\u00e4stid":"1 minut"},"schema":{"@context":"https:\/\/schema.org","@graph":[{"@type":"WebPage","@id":"https:\/\/truusk.store\/sv\/produkt\/truusk-hundbadd-utomhus-vaderbestandig-hopfallbar-122-x-92-x-108-cm-bla-svart\/","url":"https:\/\/truusk.store\/sv\/produkt\/truusk-hundbadd-utomhus-vaderbestandig-hopfallbar-122-x-92-x-108-cm-bla-svart\/","name":"TRUUSK Hundb\u00e4dd Utomhus - V\u00e4derbest\u00e4ndig - Hopf\u00e4llbar - 122 x 92 x 108 cm - Bl\u00e5 + Svart - TRUUSK - Hem, Tr\u00e4dg\u00e5rd &amp; Fritid","isPartOf":{"@id":"https:\/\/truusk.store\/sv\/#website"},"primaryImageOfPage":{"@id":"https:\/\/truusk.store\/sv\/produkt\/truusk-hundbadd-utomhus-vaderbestandig-hopfallbar-122-x-92-x-108-cm-bla-svart\/#primaryimage"},"image":{"@id":"https:\/\/truusk.store\/sv\/produkt\/truusk-hundbadd-utomhus-vaderbestandig-hopfallbar-122-x-92-x-108-cm-bla-svart\/#primaryimage"},"thumbnailUrl":"https:\/\/i0.wp.com\/truusk.store\/wp-content\/uploads\/2024\/02\/hundsang-utomhus-vaderbestandig-hundsang-med-kapell-hopfallbar-122-x-92-x-108-cm-bla-svart.webp?fit=800%2C800&ssl=1","datePublished":"2024-02-14T04:49:45+00:00","dateModified":"2026-03-12T08:25:35+00:00","breadcrumb":{"@id":"https:\/\/truusk.store\/sv\/produkt\/truusk-hundbadd-utomhus-vaderbestandig-hopfallbar-122-x-92-x-108-cm-bla-svart\/#breadcrumb"},"inLanguage":"sv-SE","potentialAction":[{"@type":"ReadAction","target":["https:\/\/truusk.store\/sv\/produkt\/truusk-hundbadd-utomhus-vaderbestandig-hopfallbar-122-x-92-x-108-cm-bla-svart\/"]}]},{"@type":"ImageObject","inLanguage":"sv-SE","@id":"https:\/\/truusk.store\/sv\/produkt\/truusk-hundbadd-utomhus-vaderbestandig-hopfallbar-122-x-92-x-108-cm-bla-svart\/#primaryimage","url":"https:\/\/i0.wp.com\/truusk.store\/wp-content\/uploads\/2024\/02\/hundsang-utomhus-vaderbestandig-hundsang-med-kapell-hopfallbar-122-x-92-x-108-cm-bla-svart.webp?fit=800%2C800&ssl=1","contentUrl":"https:\/\/i0.wp.com\/truusk.store\/wp-content\/uploads\/2024\/02\/hundsang-utomhus-vaderbestandig-hundsang-med-kapell-hopfallbar-122-x-92-x-108-cm-bla-svart.webp?fit=800%2C800&ssl=1","width":800,"height":800,"caption":"Hunds\u00e4ng Utomhus V\u00e4derbest\u00e4ndig Hunds\u00e4ng Med Kapell Hopf\u00e4llbar 122 X 92 X 108 Cm Bl\u00e5 + Svart 1"},{"@type":"BreadcrumbList","@id":"https:\/\/truusk.store\/sv\/produkt\/truusk-hundbadd-utomhus-vaderbestandig-hopfallbar-122-x-92-x-108-cm-bla-svart\/#breadcrumb","itemListElement":[{"@type":"ListItem","position":1,"name":"Home","item":"https:\/\/truusk.store\/sv\/"},{"@type":"ListItem","position":2,"name":"Shop","item":"https:\/\/truusk.store\/shop\/"},{"@type":"ListItem","position":3,"name":"TRUUSK Hundb\u00e4dd Utomhus &#8211; V\u00e4derbest\u00e4ndig &#8211; Hopf\u00e4llbar &#8211; 122 x 92 x 108 cm &#8211; Bl\u00e5 + Svart"}]},{"@type":"WebSite","@id":"https:\/\/truusk.store\/sv\/#website","url":"https:\/\/truusk.store\/sv\/","name":"TRUUSK - Hem, Tr\u00e4dg\u00e5rd & Fritid","description":"","publisher":{"@id":"https:\/\/truusk.store\/sv\/#organization"},"potentialAction":[{"@type":"SearchAction","target":{"@type":"EntryPoint","urlTemplate":"https:\/\/truusk.store\/sv\/?s={search_term_string}"},"query-input":{"@type":"PropertyValueSpecification","valueRequired":true,"valueName":"search_term_string"}}],"inLanguage":"sv-SE"},{"@type":"Organization","@id":"https:\/\/truusk.store\/sv\/#organization","name":"TRUUSK - Hem, Tr\u00e4dg\u00e5rd & Fritid","url":"https:\/\/truusk.store\/sv\/","logo":{"@type":"ImageObject","inLanguage":"sv-SE","@id":"https:\/\/truusk.store\/sv\/#\/schema\/logo\/image\/","url":"https:\/\/i0.wp.com\/truusk.store\/wp-content\/uploads\/2026\/03\/cropped-TRUUSK.png?fit=2032%2C917&ssl=1","contentUrl":"https:\/\/i0.wp.com\/truusk.store\/wp-content\/uploads\/2026\/03\/cropped-TRUUSK.png?fit=2032%2C917&ssl=1","width":2032,"height":917,"caption":"TRUUSK - Hem, Tr\u00e4dg\u00e5rd & Fritid"},"image":{"@id":"https:\/\/truusk.store\/sv\/#\/schema\/logo\/image\/"}}]}},"jetpack_sharing_enabled":true,"_links":{"self":[{"href":"https:\/\/truusk.store\/sv\/wp-json\/wp\/v2\/product\/45370","targetHints":{"allow":["GET"]}}],"collection":[{"href":"https:\/\/truusk.store\/sv\/wp-json\/wp\/v2\/product"}],"about":[{"href":"https:\/\/truusk.store\/sv\/wp-json\/wp\/v2\/types\/product"}],"wp:featuredmedia":[{"embeddable":true,"href":"https:\/\/truusk.store\/sv\/wp-json\/wp\/v2\/media\/45371"}],"wp:attachment":[{"href":"https:\/\/truusk.store\/sv\/wp-json\/wp\/v2\/media?parent=45370"}],"wp:term":[{"taxonomy":"product_brand","embeddable":true,"href":"https:\/\/truusk.store\/sv\/wp-json\/wp\/v2\/product_brand?post=45370"},{"taxonomy":"product_cat","embeddable":true,"href":"https:\/\/truusk.store\/sv\/wp-json\/wp\/v2\/product_cat?post=45370"},{"taxonomy":"product_tag","embeddable":true,"href":"https:\/\/truusk.store\/sv\/wp-json\/wp\/v2\/product_tag?post=45370"}],"curies":[{"name":"wp","href":"https:\/\/api.w.org\/{rel}","templated":true}]}}