{"id":45401,"date":"2024-02-14T05:51:17","date_gmt":"2024-02-14T04:51:17","guid":{"rendered":"https:\/\/truusk.store\/product\/valplopp-modular-design-16-element-2-dorrar-vaderbestandig-stal-32-x-32-x-1-m-gra\/"},"modified":"2026-03-12T09:26:07","modified_gmt":"2026-03-12T08:26:07","slug":"truusk-valplopp-modular-design-16-element-2-dorrar-vaderbestandig-stal-32-x-32-x-1-m-gra","status":"publish","type":"product","link":"https:\/\/truusk.store\/sv\/produkt\/truusk-valplopp-modular-design-16-element-2-dorrar-vaderbestandig-stal-32-x-32-x-1-m-gra\/","title":{"rendered":"TRUUSK Valplopp &#8211; Modul\u00e4r Design &#8211; 16 Element &#8211; 2 D\u00f6rrar &#8211; V\u00e4derbest\u00e4ndig &#8211; St\u00e5l &#8211; 3,2 x 3,2 x 1 M &#8211; Gr\u00e5"},"content":{"rendered":"<p>Denna valpk\u00f6rning imponerar b\u00e5de inomhus och utomhus. \u00c4ven de mest aktiva fyrbenta v\u00e4nnerna \u00e4r i goda h\u00e4nder tack vare sin robusta konstruktion och justerbara form. Resultatet? Valph\u00e4gnet uppn\u00e5r b\u00e4ttre fysisk och mental h\u00e4lsa f\u00f6r dina sm\u00e5 och en tydlig avgr\u00e4nsning fr\u00e5n potentiellt farliga. Ge dina valpar en skyddad lek- och relaxavdelning d\u00e4r de sakta och f\u00f6rsiktigt kan l\u00e4ra k\u00e4nna v\u00e4rlden.<\/p>\n<h3>Beskrivning:<\/h3>\n<ul>\n<li>Valplopp gjord av 16 v\u00e4ggpaneler som kan s\u00e4ttas upp i rektangel, fyrkant, L-form eller andra former<\/li>\n<li>Kan \u00e4ven anv\u00e4ndas separat som tv\u00e5 piper<\/li>\n<li>En utm\u00e4rkt lekplats f\u00f6r hundk\u00f6rning som fungerar som rumsavdelare<\/li>\n<li>Tv\u00e5 lekhaged\u00f6rrar f\u00f6r valp med sp\u00e4rrar f\u00f6r enkel in- och urstigning<\/li>\n<li>Tillverkad av st\u00e5lram och st\u00e5ltr\u00e5d<\/li>\n<li>Med markspetsar f\u00f6r stabilitet<\/li>\n<li>L\u00e4mplig f\u00f6r sm\u00e5, medelstora och stora hundar med en axelh\u00f6jd p\u00e5 upp till 60 cm<\/li>\n<li>Enkel konstruktion<\/li>\n<\/ul>\n<h3>Teknisk data:<\/h3>\n<ul>\n<li>F\u00e4rg gr\u00e5<\/li>\n<li>Material: st\u00e5l<\/li>\n<li>\u00d6vergripande m\u00e5tt: Fyrkantig form: 320L x 320W x 100H cm. Rektangelform: 480W x 160W x 100H cm<\/li>\n<li>V\u00e4ggelements m\u00e5tt: 80L x 1,5W x 100H cm<\/li>\n<li>M\u00e5tt: 38W x 80H cm<\/li>\n<li>Vikstorlek: 100L x 80W x 24H cm<\/li>\n<li>M\u00e5tt p\u00e5 markspettarna: 0,45 x 110H cm<\/li>\n<li>Tr\u00e5davst\u00e5nd: 3,6L x 1,92W cm<\/li>\n<\/ul>\n<h3>Leveransens omfattning:<\/h3>\n<ul>\n<li>1 x pip<\/li>\n<li>16 x F\u00e4stelement<\/li>\n<li>1 x Monteringsanvisning<\/li>\n<\/ul>\n","protected":false},"excerpt":{"rendered":"<p>Denna valpk\u00f6rning imponerar b\u00e5de inomhus och utomhus. \u00c4ven de mest aktiva fyrbenta v\u00e4nnerna \u00e4r i goda h\u00e4nder tack vare sin&#8230;<\/p>\n","protected":false},"featured_media":45402,"template":"","meta":[],"product_brand":[],"product_cat":[573,597,600],"product_tag":[],"class_list":{"0":"post-45401","1":"product","2":"type-product","3":"status-publish","4":"has-post-thumbnail","6":"product_cat-husdjursmaterial","7":"product_cat-sma-djurtillbehor","8":"product_cat-utomhusholje","10":"first","11":"instock","12":"sale","13":"taxable","14":"shipping-taxable","15":"purchasable","16":"product-type-simple"},"yoast_head":"<!-- This site is optimized with the Yoast SEO plugin v25.4 - https:\/\/yoast.com\/wordpress\/plugins\/seo\/ -->\n<title>TRUUSK Valplopp - Modul\u00e4r Design - 16 Element - 2 D\u00f6rrar - V\u00e4derbest\u00e4ndig - St\u00e5l - 3,2 x 3,2 x 1 M - Gr\u00e5 - TRUUSK - Hem, Tr\u00e4dg\u00e5rd &amp; Fritid<\/title>\n<meta name=\"robots\" content=\"index, follow, max-snippet:-1, max-image-preview:large, max-video-preview:-1\" \/>\n<link rel=\"canonical\" href=\"https:\/\/truusk.store\/sv\/produkt\/truusk-valplopp-modular-design-16-element-2-dorrar-vaderbestandig-stal-32-x-32-x-1-m-gra\/\" \/>\n<meta property=\"og:locale\" content=\"sv_SE\" \/>\n<meta property=\"og:type\" content=\"article\" \/>\n<meta property=\"og:title\" content=\"TRUUSK Valplopp - Modul\u00e4r Design - 16 Element - 2 D\u00f6rrar - V\u00e4derbest\u00e4ndig - St\u00e5l - 3,2 x 3,2 x 1 M - Gr\u00e5 - TRUUSK - Hem, Tr\u00e4dg\u00e5rd &amp; Fritid\" \/>\n<meta property=\"og:description\" content=\"Denna valpk\u00f6rning imponerar b\u00e5de inomhus och utomhus. \u00c4ven de mest aktiva fyrbenta v\u00e4nnerna \u00e4r i goda h\u00e4nder tack vare sin...\" \/>\n<meta property=\"og:url\" content=\"https:\/\/truusk.store\/sv\/produkt\/truusk-valplopp-modular-design-16-element-2-dorrar-vaderbestandig-stal-32-x-32-x-1-m-gra\/\" \/>\n<meta property=\"og:site_name\" content=\"TRUUSK - Hem, Tr\u00e4dg\u00e5rd &amp; Fritid\" \/>\n<meta property=\"article:modified_time\" content=\"2026-03-12T08:26:07+00:00\" \/>\n<meta property=\"og:image\" content=\"https:\/\/i0.wp.com\/truusk.se\/wp-content\/uploads\/2024\/02\/valplopp-modular-design-16-element-2-dorrar-vaderbestandig-stal-32-x-32-x-1-m-gra.webp?fit=800%2C800&ssl=1\" \/>\n\t<meta property=\"og:image:width\" content=\"800\" \/>\n\t<meta property=\"og:image:height\" content=\"800\" \/>\n\t<meta property=\"og:image:type\" content=\"image\/webp\" \/>\n<meta name=\"twitter:card\" content=\"summary_large_image\" \/>\n<meta name=\"twitter:label1\" content=\"Ber\u00e4knad l\u00e4stid\" \/>\n\t<meta name=\"twitter:data1\" content=\"1 minut\" \/>\n<!-- \/ Yoast SEO plugin. -->","yoast_head_json":{"title":"TRUUSK Valplopp - Modul\u00e4r Design - 16 Element - 2 D\u00f6rrar - V\u00e4derbest\u00e4ndig - St\u00e5l - 3,2 x 3,2 x 1 M - Gr\u00e5 - TRUUSK - Hem, Tr\u00e4dg\u00e5rd &amp; Fritid","robots":{"index":"index","follow":"follow","max-snippet":"max-snippet:-1","max-image-preview":"max-image-preview:large","max-video-preview":"max-video-preview:-1"},"canonical":"https:\/\/truusk.store\/sv\/produkt\/truusk-valplopp-modular-design-16-element-2-dorrar-vaderbestandig-stal-32-x-32-x-1-m-gra\/","og_locale":"sv_SE","og_type":"article","og_title":"TRUUSK Valplopp - Modul\u00e4r Design - 16 Element - 2 D\u00f6rrar - V\u00e4derbest\u00e4ndig - St\u00e5l - 3,2 x 3,2 x 1 M - Gr\u00e5 - TRUUSK - Hem, Tr\u00e4dg\u00e5rd &amp; Fritid","og_description":"Denna valpk\u00f6rning imponerar b\u00e5de inomhus och utomhus. \u00c4ven de mest aktiva fyrbenta v\u00e4nnerna \u00e4r i goda h\u00e4nder tack vare sin...","og_url":"https:\/\/truusk.store\/sv\/produkt\/truusk-valplopp-modular-design-16-element-2-dorrar-vaderbestandig-stal-32-x-32-x-1-m-gra\/","og_site_name":"TRUUSK - Hem, Tr\u00e4dg\u00e5rd &amp; Fritid","article_modified_time":"2026-03-12T08:26:07+00:00","og_image":[{"width":800,"height":800,"url":"https:\/\/i0.wp.com\/truusk.se\/wp-content\/uploads\/2024\/02\/valplopp-modular-design-16-element-2-dorrar-vaderbestandig-stal-32-x-32-x-1-m-gra.webp?fit=800%2C800&ssl=1","type":"image\/webp"}],"twitter_card":"summary_large_image","twitter_misc":{"Ber\u00e4knad l\u00e4stid":"1 minut"},"schema":{"@context":"https:\/\/schema.org","@graph":[{"@type":"WebPage","@id":"https:\/\/truusk.store\/sv\/produkt\/truusk-valplopp-modular-design-16-element-2-dorrar-vaderbestandig-stal-32-x-32-x-1-m-gra\/","url":"https:\/\/truusk.store\/sv\/produkt\/truusk-valplopp-modular-design-16-element-2-dorrar-vaderbestandig-stal-32-x-32-x-1-m-gra\/","name":"TRUUSK Valplopp - Modul\u00e4r Design - 16 Element - 2 D\u00f6rrar - V\u00e4derbest\u00e4ndig - St\u00e5l - 3,2 x 3,2 x 1 M - Gr\u00e5 - TRUUSK - Hem, Tr\u00e4dg\u00e5rd &amp; Fritid","isPartOf":{"@id":"https:\/\/truusk.store\/sv\/#website"},"primaryImageOfPage":{"@id":"https:\/\/truusk.store\/sv\/produkt\/truusk-valplopp-modular-design-16-element-2-dorrar-vaderbestandig-stal-32-x-32-x-1-m-gra\/#primaryimage"},"image":{"@id":"https:\/\/truusk.store\/sv\/produkt\/truusk-valplopp-modular-design-16-element-2-dorrar-vaderbestandig-stal-32-x-32-x-1-m-gra\/#primaryimage"},"thumbnailUrl":"https:\/\/i0.wp.com\/truusk.store\/wp-content\/uploads\/2024\/02\/valplopp-modular-design-16-element-2-dorrar-vaderbestandig-stal-32-x-32-x-1-m-gra.webp?fit=800%2C800&ssl=1","datePublished":"2024-02-14T04:51:17+00:00","dateModified":"2026-03-12T08:26:07+00:00","breadcrumb":{"@id":"https:\/\/truusk.store\/sv\/produkt\/truusk-valplopp-modular-design-16-element-2-dorrar-vaderbestandig-stal-32-x-32-x-1-m-gra\/#breadcrumb"},"inLanguage":"sv-SE","potentialAction":[{"@type":"ReadAction","target":["https:\/\/truusk.store\/sv\/produkt\/truusk-valplopp-modular-design-16-element-2-dorrar-vaderbestandig-stal-32-x-32-x-1-m-gra\/"]}]},{"@type":"ImageObject","inLanguage":"sv-SE","@id":"https:\/\/truusk.store\/sv\/produkt\/truusk-valplopp-modular-design-16-element-2-dorrar-vaderbestandig-stal-32-x-32-x-1-m-gra\/#primaryimage","url":"https:\/\/i0.wp.com\/truusk.store\/wp-content\/uploads\/2024\/02\/valplopp-modular-design-16-element-2-dorrar-vaderbestandig-stal-32-x-32-x-1-m-gra.webp?fit=800%2C800&ssl=1","contentUrl":"https:\/\/i0.wp.com\/truusk.store\/wp-content\/uploads\/2024\/02\/valplopp-modular-design-16-element-2-dorrar-vaderbestandig-stal-32-x-32-x-1-m-gra.webp?fit=800%2C800&ssl=1","width":800,"height":800,"caption":"Valplopp, Modul\u00e4r Design, 16 Element, 2 D\u00f6rrar, V\u00e4derbest\u00e4ndig, St\u00e5l, 3,2 X 3,2 X 1 M, Gr\u00e5 1"},{"@type":"BreadcrumbList","@id":"https:\/\/truusk.store\/sv\/produkt\/truusk-valplopp-modular-design-16-element-2-dorrar-vaderbestandig-stal-32-x-32-x-1-m-gra\/#breadcrumb","itemListElement":[{"@type":"ListItem","position":1,"name":"Home","item":"https:\/\/truusk.store\/sv\/"},{"@type":"ListItem","position":2,"name":"Shop","item":"https:\/\/truusk.store\/shop\/"},{"@type":"ListItem","position":3,"name":"TRUUSK Valplopp &#8211; Modul\u00e4r Design &#8211; 16 Element &#8211; 2 D\u00f6rrar &#8211; V\u00e4derbest\u00e4ndig &#8211; St\u00e5l &#8211; 3,2 x 3,2 x 1 M &#8211; Gr\u00e5"}]},{"@type":"WebSite","@id":"https:\/\/truusk.store\/sv\/#website","url":"https:\/\/truusk.store\/sv\/","name":"TRUUSK - Hem, Tr\u00e4dg\u00e5rd & Fritid","description":"","publisher":{"@id":"https:\/\/truusk.store\/sv\/#organization"},"potentialAction":[{"@type":"SearchAction","target":{"@type":"EntryPoint","urlTemplate":"https:\/\/truusk.store\/sv\/?s={search_term_string}"},"query-input":{"@type":"PropertyValueSpecification","valueRequired":true,"valueName":"search_term_string"}}],"inLanguage":"sv-SE"},{"@type":"Organization","@id":"https:\/\/truusk.store\/sv\/#organization","name":"TRUUSK - Hem, Tr\u00e4dg\u00e5rd & Fritid","url":"https:\/\/truusk.store\/sv\/","logo":{"@type":"ImageObject","inLanguage":"sv-SE","@id":"https:\/\/truusk.store\/sv\/#\/schema\/logo\/image\/","url":"https:\/\/i0.wp.com\/truusk.store\/wp-content\/uploads\/2026\/03\/cropped-TRUUSK.png?fit=2032%2C917&ssl=1","contentUrl":"https:\/\/i0.wp.com\/truusk.store\/wp-content\/uploads\/2026\/03\/cropped-TRUUSK.png?fit=2032%2C917&ssl=1","width":2032,"height":917,"caption":"TRUUSK - Hem, Tr\u00e4dg\u00e5rd & Fritid"},"image":{"@id":"https:\/\/truusk.store\/sv\/#\/schema\/logo\/image\/"}}]}},"jetpack_sharing_enabled":true,"_links":{"self":[{"href":"https:\/\/truusk.store\/sv\/wp-json\/wp\/v2\/product\/45401","targetHints":{"allow":["GET"]}}],"collection":[{"href":"https:\/\/truusk.store\/sv\/wp-json\/wp\/v2\/product"}],"about":[{"href":"https:\/\/truusk.store\/sv\/wp-json\/wp\/v2\/types\/product"}],"wp:featuredmedia":[{"embeddable":true,"href":"https:\/\/truusk.store\/sv\/wp-json\/wp\/v2\/media\/45402"}],"wp:attachment":[{"href":"https:\/\/truusk.store\/sv\/wp-json\/wp\/v2\/media?parent=45401"}],"wp:term":[{"taxonomy":"product_brand","embeddable":true,"href":"https:\/\/truusk.store\/sv\/wp-json\/wp\/v2\/product_brand?post=45401"},{"taxonomy":"product_cat","embeddable":true,"href":"https:\/\/truusk.store\/sv\/wp-json\/wp\/v2\/product_cat?post=45401"},{"taxonomy":"product_tag","embeddable":true,"href":"https:\/\/truusk.store\/sv\/wp-json\/wp\/v2\/product_tag?post=45401"}],"curies":[{"name":"wp","href":"https:\/\/api.w.org\/{rel}","templated":true}]}}