{"id":45518,"date":"2024-02-14T05:57:50","date_gmt":"2024-02-14T04:57:50","guid":{"rendered":"https:\/\/truusk.store\/product\/djurtalt-hundtalt-utomhusdjurstalt-110cm-x-110cm-x-85cm-golvspets-transportvaska-gron-svart\/"},"modified":"2026-03-12T09:26:35","modified_gmt":"2026-03-12T08:26:35","slug":"truusk-djurtalt-hundtalt-110cm-x-110cm-x-85cm-golvspets-transportvaska-gron-svart","status":"publish","type":"product","link":"https:\/\/truusk.store\/sv\/produkt\/truusk-djurtalt-hundtalt-110cm-x-110cm-x-85cm-golvspets-transportvaska-gron-svart\/","title":{"rendered":"TRUUSK Djurt\u00e4lt Hundt\u00e4lt 110cm X 110cm X 85cm &#8211; Golvspets &#8211; Transportv\u00e4ska &#8211; Gr\u00f6n + Svart"},"content":{"rendered":"<p>Om du planerar en campingtur med din fyrbenta v\u00e4n eller vill hj\u00e4lpa ett oroligt husdjur hemma, \u00e4r v\u00e5ra hundt\u00e4lt f\u00f6r stora hundar l\u00f6sningen. Ett hundt\u00e4lt utomhus ger skugga vart du \u00e4n g\u00e5r. N\u00e4tf\u00f6nstren l\u00e5ter din hund njuta av naturens sk\u00f6nhet. Det ger din hund den lugnande k\u00e4nslan av att vara i en grotta d\u00e4r den kan koppla av. Den \u00e4r l\u00e4tt att installera och f\u00f6rvara och dess b\u00e4rbara design g\u00f6r den till ett idealiskt tillbeh\u00f6r f\u00f6r husdjur<\/p>\n<h3>Beskrivning:<\/h3>\n<ul>\n<li>Erbjuder ditt integritetsskydd<\/li>\n<li>Robust konstruktion med tillr\u00e4cklig ventilation<\/li>\n<li>L\u00e4mplig f\u00f6r extra stora och stora hundar med en axelh\u00f6jd p\u00e5 mindre \u00e4n 75 cm och en vikt p\u00e5 mindre \u00e4n 40 kg<\/li>\n<li>L\u00e4mplig f\u00f6r hem, tr\u00e4dg\u00e5rd, camping, strand och mer<\/li>\n<li>Inkluderar markp\u00e5lar f\u00f6r f\u00f6rankring utomhus<\/li>\n<li>L\u00e4tt att montera och demontera<\/li>\n<li>Utrustad med en b\u00e4rv\u00e4ska och l\u00e4tt vikt f\u00f6r b\u00e4rbarhet<\/li>\n<\/ul>\n<h3>Teknisk data:<\/h3>\n<ul>\n<li>F\u00e4rg: m\u00f6rkgr\u00e5+gr\u00f6n<\/li>\n<li>Material: Oxfordtyg (100% polyester), glasfiber<\/li>\n<li>\u00d6vergripande m\u00e5tt: 120L x 120W x 106H cm<\/li>\n<li>Innerm\u00e5tt: 110L x 110W x 85H cm<\/li>\n<li>Vikta m\u00e5tt: 80L x 14W x 14H cm<\/li>\n<li>D\u00f6rrstorlek: 103W x 59H cm<\/li>\n<li>F\u00f6nsterstorlek: 75W x 16H cm (Tr). 90W x 20H cm (sida). 66W x 35H cm (\u00f6verst)<\/li>\n<li>Parasoll toppstorlek: 85L x 85W cm<\/li>\n<\/ul>\n<h3>Leveransens omfattning:<\/h3>\n<ul>\n<li>1 x husdjurst\u00e4lt<\/li>\n<li>1 x B\u00e4rv\u00e4ska<\/li>\n<li>4 x pinnar<\/li>\n<li>1 x manuell<\/li>\n<\/ul>\n","protected":false},"excerpt":{"rendered":"<p>Om du planerar en campingtur med din fyrbenta v\u00e4n eller vill hj\u00e4lpa ett oroligt husdjur hemma, \u00e4r v\u00e5ra hundt\u00e4lt f\u00f6r&#8230;<\/p>\n","protected":false},"featured_media":45519,"template":"","meta":[],"product_brand":[],"product_cat":[584,574,573],"product_tag":[],"class_list":{"0":"post-45518","1":"product","2":"type-product","3":"status-publish","4":"has-post-thumbnail","6":"product_cat-hundkojor","7":"product_cat-hundtillbehor","8":"product_cat-husdjursmaterial","10":"first","11":"instock","12":"sale","13":"taxable","14":"shipping-taxable","15":"purchasable","16":"product-type-simple"},"yoast_head":"<!-- This site is optimized with the Yoast SEO plugin v25.4 - https:\/\/yoast.com\/wordpress\/plugins\/seo\/ -->\n<title>TRUUSK Djurt\u00e4lt Hundt\u00e4lt 110cm X 110cm X 85cm - Golvspets - Transportv\u00e4ska - Gr\u00f6n + Svart - TRUUSK - Hem, Tr\u00e4dg\u00e5rd &amp; Fritid<\/title>\n<meta name=\"robots\" content=\"index, follow, max-snippet:-1, max-image-preview:large, max-video-preview:-1\" \/>\n<link rel=\"canonical\" href=\"https:\/\/truusk.store\/sv\/produkt\/truusk-djurtalt-hundtalt-110cm-x-110cm-x-85cm-golvspets-transportvaska-gron-svart\/\" \/>\n<meta property=\"og:locale\" content=\"sv_SE\" \/>\n<meta property=\"og:type\" content=\"article\" \/>\n<meta property=\"og:title\" content=\"TRUUSK Djurt\u00e4lt Hundt\u00e4lt 110cm X 110cm X 85cm - Golvspets - Transportv\u00e4ska - Gr\u00f6n + Svart - TRUUSK - Hem, Tr\u00e4dg\u00e5rd &amp; Fritid\" \/>\n<meta property=\"og:description\" content=\"Om du planerar en campingtur med din fyrbenta v\u00e4n eller vill hj\u00e4lpa ett oroligt husdjur hemma, \u00e4r v\u00e5ra hundt\u00e4lt f\u00f6r...\" \/>\n<meta property=\"og:url\" content=\"https:\/\/truusk.store\/sv\/produkt\/truusk-djurtalt-hundtalt-110cm-x-110cm-x-85cm-golvspets-transportvaska-gron-svart\/\" \/>\n<meta property=\"og:site_name\" content=\"TRUUSK - Hem, Tr\u00e4dg\u00e5rd &amp; Fritid\" \/>\n<meta property=\"article:modified_time\" content=\"2026-03-12T08:26:35+00:00\" \/>\n<meta property=\"og:image\" content=\"https:\/\/i0.wp.com\/truusk.se\/wp-content\/uploads\/2024\/02\/djurtalt-hundtalt-utomhusdjurstalt-110cm-x-110cm-x-85cm-golvspets-transportvaska-gron-svart.webp?fit=800%2C800&ssl=1\" \/>\n\t<meta property=\"og:image:width\" content=\"800\" \/>\n\t<meta property=\"og:image:height\" content=\"800\" \/>\n\t<meta property=\"og:image:type\" content=\"image\/webp\" \/>\n<meta name=\"twitter:card\" content=\"summary_large_image\" \/>\n<meta name=\"twitter:label1\" content=\"Ber\u00e4knad l\u00e4stid\" \/>\n\t<meta name=\"twitter:data1\" content=\"1 minut\" \/>\n<!-- \/ Yoast SEO plugin. -->","yoast_head_json":{"title":"TRUUSK Djurt\u00e4lt Hundt\u00e4lt 110cm X 110cm X 85cm - Golvspets - Transportv\u00e4ska - Gr\u00f6n + Svart - TRUUSK - Hem, Tr\u00e4dg\u00e5rd &amp; Fritid","robots":{"index":"index","follow":"follow","max-snippet":"max-snippet:-1","max-image-preview":"max-image-preview:large","max-video-preview":"max-video-preview:-1"},"canonical":"https:\/\/truusk.store\/sv\/produkt\/truusk-djurtalt-hundtalt-110cm-x-110cm-x-85cm-golvspets-transportvaska-gron-svart\/","og_locale":"sv_SE","og_type":"article","og_title":"TRUUSK Djurt\u00e4lt Hundt\u00e4lt 110cm X 110cm X 85cm - Golvspets - Transportv\u00e4ska - Gr\u00f6n + Svart - TRUUSK - Hem, Tr\u00e4dg\u00e5rd &amp; Fritid","og_description":"Om du planerar en campingtur med din fyrbenta v\u00e4n eller vill hj\u00e4lpa ett oroligt husdjur hemma, \u00e4r v\u00e5ra hundt\u00e4lt f\u00f6r...","og_url":"https:\/\/truusk.store\/sv\/produkt\/truusk-djurtalt-hundtalt-110cm-x-110cm-x-85cm-golvspets-transportvaska-gron-svart\/","og_site_name":"TRUUSK - Hem, Tr\u00e4dg\u00e5rd &amp; Fritid","article_modified_time":"2026-03-12T08:26:35+00:00","og_image":[{"width":800,"height":800,"url":"https:\/\/i0.wp.com\/truusk.se\/wp-content\/uploads\/2024\/02\/djurtalt-hundtalt-utomhusdjurstalt-110cm-x-110cm-x-85cm-golvspets-transportvaska-gron-svart.webp?fit=800%2C800&ssl=1","type":"image\/webp"}],"twitter_card":"summary_large_image","twitter_misc":{"Ber\u00e4knad l\u00e4stid":"1 minut"},"schema":{"@context":"https:\/\/schema.org","@graph":[{"@type":"WebPage","@id":"https:\/\/truusk.store\/sv\/produkt\/truusk-djurtalt-hundtalt-110cm-x-110cm-x-85cm-golvspets-transportvaska-gron-svart\/","url":"https:\/\/truusk.store\/sv\/produkt\/truusk-djurtalt-hundtalt-110cm-x-110cm-x-85cm-golvspets-transportvaska-gron-svart\/","name":"TRUUSK Djurt\u00e4lt Hundt\u00e4lt 110cm X 110cm X 85cm - Golvspets - Transportv\u00e4ska - Gr\u00f6n + Svart - TRUUSK - Hem, Tr\u00e4dg\u00e5rd &amp; Fritid","isPartOf":{"@id":"https:\/\/truusk.store\/sv\/#website"},"primaryImageOfPage":{"@id":"https:\/\/truusk.store\/sv\/produkt\/truusk-djurtalt-hundtalt-110cm-x-110cm-x-85cm-golvspets-transportvaska-gron-svart\/#primaryimage"},"image":{"@id":"https:\/\/truusk.store\/sv\/produkt\/truusk-djurtalt-hundtalt-110cm-x-110cm-x-85cm-golvspets-transportvaska-gron-svart\/#primaryimage"},"thumbnailUrl":"https:\/\/i0.wp.com\/truusk.store\/wp-content\/uploads\/2024\/02\/djurtalt-hundtalt-utomhusdjurstalt-110cm-x-110cm-x-85cm-golvspets-transportvaska-gron-svart.webp?fit=800%2C800&ssl=1","datePublished":"2024-02-14T04:57:50+00:00","dateModified":"2026-03-12T08:26:35+00:00","breadcrumb":{"@id":"https:\/\/truusk.store\/sv\/produkt\/truusk-djurtalt-hundtalt-110cm-x-110cm-x-85cm-golvspets-transportvaska-gron-svart\/#breadcrumb"},"inLanguage":"sv-SE","potentialAction":[{"@type":"ReadAction","target":["https:\/\/truusk.store\/sv\/produkt\/truusk-djurtalt-hundtalt-110cm-x-110cm-x-85cm-golvspets-transportvaska-gron-svart\/"]}]},{"@type":"ImageObject","inLanguage":"sv-SE","@id":"https:\/\/truusk.store\/sv\/produkt\/truusk-djurtalt-hundtalt-110cm-x-110cm-x-85cm-golvspets-transportvaska-gron-svart\/#primaryimage","url":"https:\/\/i0.wp.com\/truusk.store\/wp-content\/uploads\/2024\/02\/djurtalt-hundtalt-utomhusdjurstalt-110cm-x-110cm-x-85cm-golvspets-transportvaska-gron-svart.webp?fit=800%2C800&ssl=1","contentUrl":"https:\/\/i0.wp.com\/truusk.store\/wp-content\/uploads\/2024\/02\/djurtalt-hundtalt-utomhusdjurstalt-110cm-x-110cm-x-85cm-golvspets-transportvaska-gron-svart.webp?fit=800%2C800&ssl=1","width":800,"height":800,"caption":"Djurt\u00e4lt Hundt\u00e4lt Utomhusdjurst\u00e4lt 110cm X 110cm X 85cm Golvspets + Transportv\u00e4ska. Gr\u00f6n + Svart 1"},{"@type":"BreadcrumbList","@id":"https:\/\/truusk.store\/sv\/produkt\/truusk-djurtalt-hundtalt-110cm-x-110cm-x-85cm-golvspets-transportvaska-gron-svart\/#breadcrumb","itemListElement":[{"@type":"ListItem","position":1,"name":"Home","item":"https:\/\/truusk.store\/sv\/"},{"@type":"ListItem","position":2,"name":"Shop","item":"https:\/\/truusk.store\/shop\/"},{"@type":"ListItem","position":3,"name":"TRUUSK Djurt\u00e4lt Hundt\u00e4lt 110cm X 110cm X 85cm &#8211; Golvspets &#8211; Transportv\u00e4ska &#8211; Gr\u00f6n + Svart"}]},{"@type":"WebSite","@id":"https:\/\/truusk.store\/sv\/#website","url":"https:\/\/truusk.store\/sv\/","name":"TRUUSK - Hem, Tr\u00e4dg\u00e5rd & Fritid","description":"","publisher":{"@id":"https:\/\/truusk.store\/sv\/#organization"},"potentialAction":[{"@type":"SearchAction","target":{"@type":"EntryPoint","urlTemplate":"https:\/\/truusk.store\/sv\/?s={search_term_string}"},"query-input":{"@type":"PropertyValueSpecification","valueRequired":true,"valueName":"search_term_string"}}],"inLanguage":"sv-SE"},{"@type":"Organization","@id":"https:\/\/truusk.store\/sv\/#organization","name":"TRUUSK - Hem, Tr\u00e4dg\u00e5rd & Fritid","url":"https:\/\/truusk.store\/sv\/","logo":{"@type":"ImageObject","inLanguage":"sv-SE","@id":"https:\/\/truusk.store\/sv\/#\/schema\/logo\/image\/","url":"https:\/\/i0.wp.com\/truusk.store\/wp-content\/uploads\/2026\/03\/cropped-TRUUSK.png?fit=2032%2C917&ssl=1","contentUrl":"https:\/\/i0.wp.com\/truusk.store\/wp-content\/uploads\/2026\/03\/cropped-TRUUSK.png?fit=2032%2C917&ssl=1","width":2032,"height":917,"caption":"TRUUSK - Hem, Tr\u00e4dg\u00e5rd & Fritid"},"image":{"@id":"https:\/\/truusk.store\/sv\/#\/schema\/logo\/image\/"}}]}},"jetpack_sharing_enabled":true,"_links":{"self":[{"href":"https:\/\/truusk.store\/sv\/wp-json\/wp\/v2\/product\/45518","targetHints":{"allow":["GET"]}}],"collection":[{"href":"https:\/\/truusk.store\/sv\/wp-json\/wp\/v2\/product"}],"about":[{"href":"https:\/\/truusk.store\/sv\/wp-json\/wp\/v2\/types\/product"}],"wp:featuredmedia":[{"embeddable":true,"href":"https:\/\/truusk.store\/sv\/wp-json\/wp\/v2\/media\/45519"}],"wp:attachment":[{"href":"https:\/\/truusk.store\/sv\/wp-json\/wp\/v2\/media?parent=45518"}],"wp:term":[{"taxonomy":"product_brand","embeddable":true,"href":"https:\/\/truusk.store\/sv\/wp-json\/wp\/v2\/product_brand?post=45518"},{"taxonomy":"product_cat","embeddable":true,"href":"https:\/\/truusk.store\/sv\/wp-json\/wp\/v2\/product_cat?post=45518"},{"taxonomy":"product_tag","embeddable":true,"href":"https:\/\/truusk.store\/sv\/wp-json\/wp\/v2\/product_tag?post=45518"}],"curies":[{"name":"wp","href":"https:\/\/api.w.org\/{rel}","templated":true}]}}