{"id":45549,"date":"2024-02-14T05:58:54","date_gmt":"2024-02-14T04:58:54","guid":{"rendered":"https:\/\/truusk.store\/product\/vaggspegel-hog-ram-i-furu-45l-x-125h-x-48d-cm\/"},"modified":"2026-03-12T09:26:35","modified_gmt":"2026-03-12T08:26:35","slug":"truusk-vaggspegel-hog-ram-i-furu-45l-x-125h-x-48d-cm-svensk-design-perfekt-for-heminredning","status":"publish","type":"product","link":"https:\/\/truusk.store\/sv\/produkt\/truusk-vaggspegel-hog-ram-i-furu-45l-x-125h-x-48d-cm-svensk-design-perfekt-for-heminredning\/","title":{"rendered":"TRUUSK V\u00e4ggspegel &#8211; H\u00f6g &#8211; Ram I Furu &#8211; 45L X 125H X 4,8D Cm &#8211; Svensk Design &#8211; Perfekt f\u00f6r Heminredning"},"content":{"rendered":"<p>G\u00f6r dig redo att f\u00f6rvandla ditt hem till en fantastisk p\u00e4rla eftersom v\u00e5r spegelv\u00e4ggdekoration har allt du beh\u00f6ver f\u00f6r att g\u00f6ra ditt vardagsrum, sovrum eller badrum till ett riktigt elegant utrymme. Den h\u00e4r h\u00f6ga spegeln \u00e4r det perfekta s\u00e4ttet att tillf\u00f6ra ljus till ditt rum, vilket g\u00f6r ditt hem inte bara rymligare utan ocks\u00e5 ljusare och elegantare. Med sin moderna design kan den ocks\u00e5 vara en bra present till dina n\u00e4ra och k\u00e4ra.<\/p>\n<h3>Beskrivning:<\/h3>\n<ul>\n<li>Typ: Naturtr\u00e4 ram<\/li>\n<li>Dekorativt till utseendet och f\u00e5r ditt rum att se st\u00f6rre och ljusare ut<\/li>\n<li>En spegel i kroppsstorlek f\u00f6r en tydlig bild av hela din outfit<\/li>\n<li>2 monteringsalternativ: v\u00e4ggmonterad eller lutad mot v\u00e4ggen (stativ ing\u00e5r ej), horisontell eller vertikal<\/li>\n<li>Glasspegel i ram av furu och bakpanel i MDF f\u00f6r stabilitet<\/li>\n<li>L\u00e4mplig f\u00f6r vardagsrum, sovrum, matsal, hall<\/li>\n<li>Utm\u00e4rkt present till v\u00e4nner, \u00e4lskare, f\u00f6r\u00e4ldrar<\/li>\n<\/ul>\n<h3>Teknisk data:<\/h3>\n<ul>\n<li>F\u00e4rg: Naturlig<\/li>\n<li>Material: furu, MDF, glas<\/li>\n<li>\u00d6vergripande m\u00e5tt: 45L x 125H cm<\/li>\n<li>Totalt djup: 48mm<\/li>\n<li>Spegelyta: 122,4W x 42,4H cm<\/li>\n<li>Glasdjup: 3,2 mm<\/li>\n<\/ul>\n<h3>Leveransens omfattning:<\/h3>\n<ul>\n<li>1 x V\u00e4ggspegel<\/li>\n<li>1 x manuell<\/li>\n<\/ul>\n","protected":false},"excerpt":{"rendered":"<p>G\u00f6r dig redo att f\u00f6rvandla ditt hem till en fantastisk p\u00e4rla eftersom v\u00e5r spegelv\u00e4ggdekoration har allt du beh\u00f6ver f\u00f6r att&#8230;<\/p>\n","protected":false},"featured_media":45550,"template":"","meta":[],"product_brand":[],"product_cat":[671,672,683],"product_tag":[],"class_list":{"0":"post-45549","1":"product","2":"type-product","3":"status-publish","4":"has-post-thumbnail","6":"product_cat-jarnaffar","7":"product_cat-runt-huset","8":"product_cat-vaggdekoration","10":"first","11":"instock","12":"sale","13":"taxable","14":"shipping-taxable","15":"purchasable","16":"product-type-simple"},"yoast_head":"<!-- This site is optimized with the Yoast SEO plugin v25.4 - https:\/\/yoast.com\/wordpress\/plugins\/seo\/ -->\n<title>TRUUSK V\u00e4ggspegel - H\u00f6g - Ram I Furu - 45L X 125H X 4,8D Cm - Svensk Design - Perfekt f\u00f6r Heminredning - TRUUSK - Hem, Tr\u00e4dg\u00e5rd &amp; Fritid<\/title>\n<meta name=\"robots\" content=\"index, follow, max-snippet:-1, max-image-preview:large, max-video-preview:-1\" \/>\n<link rel=\"canonical\" href=\"https:\/\/truusk.store\/sv\/produkt\/truusk-vaggspegel-hog-ram-i-furu-45l-x-125h-x-48d-cm-svensk-design-perfekt-for-heminredning\/\" \/>\n<meta property=\"og:locale\" content=\"sv_SE\" \/>\n<meta property=\"og:type\" content=\"article\" \/>\n<meta property=\"og:title\" content=\"TRUUSK V\u00e4ggspegel - H\u00f6g - Ram I Furu - 45L X 125H X 4,8D Cm - Svensk Design - Perfekt f\u00f6r Heminredning - TRUUSK - Hem, Tr\u00e4dg\u00e5rd &amp; Fritid\" \/>\n<meta property=\"og:description\" content=\"G\u00f6r dig redo att f\u00f6rvandla ditt hem till en fantastisk p\u00e4rla eftersom v\u00e5r spegelv\u00e4ggdekoration har allt du beh\u00f6ver f\u00f6r att...\" \/>\n<meta property=\"og:url\" content=\"https:\/\/truusk.store\/sv\/produkt\/truusk-vaggspegel-hog-ram-i-furu-45l-x-125h-x-48d-cm-svensk-design-perfekt-for-heminredning\/\" \/>\n<meta property=\"og:site_name\" content=\"TRUUSK - Hem, Tr\u00e4dg\u00e5rd &amp; Fritid\" \/>\n<meta property=\"article:modified_time\" content=\"2026-03-12T08:26:35+00:00\" \/>\n<meta property=\"og:image\" content=\"https:\/\/i0.wp.com\/truusk.se\/wp-content\/uploads\/2024\/02\/vaggspegel-hog-ram-i-furu-45l-x-125h-x-48d-cm.webp?fit=800%2C800&ssl=1\" \/>\n\t<meta property=\"og:image:width\" content=\"800\" \/>\n\t<meta property=\"og:image:height\" content=\"800\" \/>\n\t<meta property=\"og:image:type\" content=\"image\/webp\" \/>\n<meta name=\"twitter:card\" content=\"summary_large_image\" \/>\n<meta name=\"twitter:label1\" content=\"Ber\u00e4knad l\u00e4stid\" \/>\n\t<meta name=\"twitter:data1\" content=\"1 minut\" \/>\n<!-- \/ Yoast SEO plugin. -->","yoast_head_json":{"title":"TRUUSK V\u00e4ggspegel - H\u00f6g - Ram I Furu - 45L X 125H X 4,8D Cm - Svensk Design - Perfekt f\u00f6r Heminredning - TRUUSK - Hem, Tr\u00e4dg\u00e5rd &amp; Fritid","robots":{"index":"index","follow":"follow","max-snippet":"max-snippet:-1","max-image-preview":"max-image-preview:large","max-video-preview":"max-video-preview:-1"},"canonical":"https:\/\/truusk.store\/sv\/produkt\/truusk-vaggspegel-hog-ram-i-furu-45l-x-125h-x-48d-cm-svensk-design-perfekt-for-heminredning\/","og_locale":"sv_SE","og_type":"article","og_title":"TRUUSK V\u00e4ggspegel - H\u00f6g - Ram I Furu - 45L X 125H X 4,8D Cm - Svensk Design - Perfekt f\u00f6r Heminredning - TRUUSK - Hem, Tr\u00e4dg\u00e5rd &amp; Fritid","og_description":"G\u00f6r dig redo att f\u00f6rvandla ditt hem till en fantastisk p\u00e4rla eftersom v\u00e5r spegelv\u00e4ggdekoration har allt du beh\u00f6ver f\u00f6r att...","og_url":"https:\/\/truusk.store\/sv\/produkt\/truusk-vaggspegel-hog-ram-i-furu-45l-x-125h-x-48d-cm-svensk-design-perfekt-for-heminredning\/","og_site_name":"TRUUSK - Hem, Tr\u00e4dg\u00e5rd &amp; Fritid","article_modified_time":"2026-03-12T08:26:35+00:00","og_image":[{"width":800,"height":800,"url":"https:\/\/i0.wp.com\/truusk.se\/wp-content\/uploads\/2024\/02\/vaggspegel-hog-ram-i-furu-45l-x-125h-x-48d-cm.webp?fit=800%2C800&ssl=1","type":"image\/webp"}],"twitter_card":"summary_large_image","twitter_misc":{"Ber\u00e4knad l\u00e4stid":"1 minut"},"schema":{"@context":"https:\/\/schema.org","@graph":[{"@type":"WebPage","@id":"https:\/\/truusk.store\/sv\/produkt\/truusk-vaggspegel-hog-ram-i-furu-45l-x-125h-x-48d-cm-svensk-design-perfekt-for-heminredning\/","url":"https:\/\/truusk.store\/sv\/produkt\/truusk-vaggspegel-hog-ram-i-furu-45l-x-125h-x-48d-cm-svensk-design-perfekt-for-heminredning\/","name":"TRUUSK V\u00e4ggspegel - H\u00f6g - Ram I Furu - 45L X 125H X 4,8D Cm - Svensk Design - Perfekt f\u00f6r Heminredning - TRUUSK - Hem, Tr\u00e4dg\u00e5rd &amp; Fritid","isPartOf":{"@id":"https:\/\/truusk.store\/sv\/#website"},"primaryImageOfPage":{"@id":"https:\/\/truusk.store\/sv\/produkt\/truusk-vaggspegel-hog-ram-i-furu-45l-x-125h-x-48d-cm-svensk-design-perfekt-for-heminredning\/#primaryimage"},"image":{"@id":"https:\/\/truusk.store\/sv\/produkt\/truusk-vaggspegel-hog-ram-i-furu-45l-x-125h-x-48d-cm-svensk-design-perfekt-for-heminredning\/#primaryimage"},"thumbnailUrl":"https:\/\/i0.wp.com\/truusk.store\/wp-content\/uploads\/2024\/02\/vaggspegel-hog-ram-i-furu-45l-x-125h-x-48d-cm.webp?fit=800%2C800&ssl=1","datePublished":"2024-02-14T04:58:54+00:00","dateModified":"2026-03-12T08:26:35+00:00","breadcrumb":{"@id":"https:\/\/truusk.store\/sv\/produkt\/truusk-vaggspegel-hog-ram-i-furu-45l-x-125h-x-48d-cm-svensk-design-perfekt-for-heminredning\/#breadcrumb"},"inLanguage":"sv-SE","potentialAction":[{"@type":"ReadAction","target":["https:\/\/truusk.store\/sv\/produkt\/truusk-vaggspegel-hog-ram-i-furu-45l-x-125h-x-48d-cm-svensk-design-perfekt-for-heminredning\/"]}]},{"@type":"ImageObject","inLanguage":"sv-SE","@id":"https:\/\/truusk.store\/sv\/produkt\/truusk-vaggspegel-hog-ram-i-furu-45l-x-125h-x-48d-cm-svensk-design-perfekt-for-heminredning\/#primaryimage","url":"https:\/\/i0.wp.com\/truusk.store\/wp-content\/uploads\/2024\/02\/vaggspegel-hog-ram-i-furu-45l-x-125h-x-48d-cm.webp?fit=800%2C800&ssl=1","contentUrl":"https:\/\/i0.wp.com\/truusk.store\/wp-content\/uploads\/2024\/02\/vaggspegel-hog-ram-i-furu-45l-x-125h-x-48d-cm.webp?fit=800%2C800&ssl=1","width":800,"height":800,"caption":"V\u00e4ggspegel, H\u00f6g, Ram I Furu, 45L X 125H X 4,8D Cm 1"},{"@type":"BreadcrumbList","@id":"https:\/\/truusk.store\/sv\/produkt\/truusk-vaggspegel-hog-ram-i-furu-45l-x-125h-x-48d-cm-svensk-design-perfekt-for-heminredning\/#breadcrumb","itemListElement":[{"@type":"ListItem","position":1,"name":"Home","item":"https:\/\/truusk.store\/sv\/"},{"@type":"ListItem","position":2,"name":"Shop","item":"https:\/\/truusk.store\/shop\/"},{"@type":"ListItem","position":3,"name":"TRUUSK V\u00e4ggspegel &#8211; H\u00f6g &#8211; Ram I Furu &#8211; 45L X 125H X 4,8D Cm &#8211; Svensk Design &#8211; Perfekt f\u00f6r Heminredning"}]},{"@type":"WebSite","@id":"https:\/\/truusk.store\/sv\/#website","url":"https:\/\/truusk.store\/sv\/","name":"TRUUSK - Hem, Tr\u00e4dg\u00e5rd & Fritid","description":"","publisher":{"@id":"https:\/\/truusk.store\/sv\/#organization"},"potentialAction":[{"@type":"SearchAction","target":{"@type":"EntryPoint","urlTemplate":"https:\/\/truusk.store\/sv\/?s={search_term_string}"},"query-input":{"@type":"PropertyValueSpecification","valueRequired":true,"valueName":"search_term_string"}}],"inLanguage":"sv-SE"},{"@type":"Organization","@id":"https:\/\/truusk.store\/sv\/#organization","name":"TRUUSK - Hem, Tr\u00e4dg\u00e5rd & Fritid","url":"https:\/\/truusk.store\/sv\/","logo":{"@type":"ImageObject","inLanguage":"sv-SE","@id":"https:\/\/truusk.store\/sv\/#\/schema\/logo\/image\/","url":"https:\/\/i0.wp.com\/truusk.store\/wp-content\/uploads\/2026\/03\/cropped-TRUUSK.png?fit=2032%2C917&ssl=1","contentUrl":"https:\/\/i0.wp.com\/truusk.store\/wp-content\/uploads\/2026\/03\/cropped-TRUUSK.png?fit=2032%2C917&ssl=1","width":2032,"height":917,"caption":"TRUUSK - Hem, Tr\u00e4dg\u00e5rd & Fritid"},"image":{"@id":"https:\/\/truusk.store\/sv\/#\/schema\/logo\/image\/"}}]}},"jetpack_sharing_enabled":true,"_links":{"self":[{"href":"https:\/\/truusk.store\/sv\/wp-json\/wp\/v2\/product\/45549","targetHints":{"allow":["GET"]}}],"collection":[{"href":"https:\/\/truusk.store\/sv\/wp-json\/wp\/v2\/product"}],"about":[{"href":"https:\/\/truusk.store\/sv\/wp-json\/wp\/v2\/types\/product"}],"wp:featuredmedia":[{"embeddable":true,"href":"https:\/\/truusk.store\/sv\/wp-json\/wp\/v2\/media\/45550"}],"wp:attachment":[{"href":"https:\/\/truusk.store\/sv\/wp-json\/wp\/v2\/media?parent=45549"}],"wp:term":[{"taxonomy":"product_brand","embeddable":true,"href":"https:\/\/truusk.store\/sv\/wp-json\/wp\/v2\/product_brand?post=45549"},{"taxonomy":"product_cat","embeddable":true,"href":"https:\/\/truusk.store\/sv\/wp-json\/wp\/v2\/product_cat?post=45549"},{"taxonomy":"product_tag","embeddable":true,"href":"https:\/\/truusk.store\/sv\/wp-json\/wp\/v2\/product_tag?post=45549"}],"curies":[{"name":"wp","href":"https:\/\/api.w.org\/{rel}","templated":true}]}}