{"id":45638,"date":"2024-02-14T06:03:02","date_gmt":"2024-02-14T05:03:02","guid":{"rendered":"https:\/\/truusk.store\/product\/seesel-accent-stol-teddy-pals-plysch-60-cm-x-56-cm-x-48-cm-rosa\/"},"modified":"2026-03-12T09:27:06","modified_gmt":"2026-03-12T08:27:06","slug":"truusk-hund-och-kattvagn-2-i-1-hopfallbar-med-regnskydd-natoppningar-kudde-for-husdjur-upp-till-10-kg-khaki-2","status":"publish","type":"product","link":"https:\/\/truusk.store\/sv\/produkt\/truusk-hund-och-kattvagn-2-i-1-hopfallbar-med-regnskydd-natoppningar-kudde-for-husdjur-upp-till-10-kg-khaki-2\/","title":{"rendered":"TRUUSK Hund- och Kattvagn 2-i-1 &#8211; Hopf\u00e4llbar med Regnskydd &#8211; N\u00e4t\u00f6ppningar &#8211; Kudde &#8211; F\u00f6r Husdjur upp till 10 kg &#8211; Khaki"},"content":{"rendered":"<p>Var ska man anv\u00e4nda? Anv\u00e4nd den h\u00e4r f\u00e5t\u00f6ljen i din vardagsrumsh\u00f6rna, g\u00e4strum, vintertr\u00e4dg\u00e5rd f\u00f6r att koppla av med en cocktail eller som en extra stol p\u00e5 din n\u00e4sta fest. M\u00f6jligheterna \u00e4r o\u00e4ndliga. Den moderna designen, den tjocka stoppningen och den mjuka plyschen s\u00e4kerst\u00e4ller optimal sittkomfort. G\u00f6r dig bekv\u00e4m med denna vardagsrumsf\u00e5t\u00f6lj.<\/p>\n<h3>Beskrivning:<\/h3>\n<ul>\n<li>Den plyschiga ovandelen andas, \u00e4r hudv\u00e4nlig och s\u00f6t<\/li>\n<li>Roterande bas f\u00f6r komfort och r\u00f6rlighet<\/li>\n<li>Tjock vaddering i hela rygg- och armst\u00f6dsomr\u00e5det f\u00f6r bekv\u00e4mt sittande<\/li>\n<li>Skyddande golvskydd ser till att ditt golv ser bra ut<\/li>\n<li>Massiv tr\u00e4ram f\u00f6r stabilitet och h\u00e5llbarhet<\/li>\n<li>Kompakt f\u00e5t\u00f6lj, v\u00e4l l\u00e4mpad f\u00f6r sm\u00e5 utrymmen<\/li>\n<li>Den runda designen ger ditt favoritrum en modern charm<\/li>\n<li>Ingen montering kr\u00e4vs<\/li>\n<\/ul>\n<h3>Teknisk data:<\/h3>\n<ul>\n<li>F\u00e4rg: Rosa<\/li>\n<li>Material: f\u00e5rull (100% polyester), skum<\/li>\n<li>Totala m\u00e5tt: 60L x 56W x 48H cm<\/li>\n<li>Sitsstorlek: 30 x 26H cm<\/li>\n<li>Sitstjocklek: 5 cm<\/li>\n<li>M\u00e5tt bak: 36W x 12D x 22Hcm<\/li>\n<li>Viktkapacitet: 120 kg<\/li>\n<\/ul>\n<h3>Leveransens omfattning:<\/h3>\n<ul>\n<li>1 x f\u00e5t\u00f6lj;<\/li>\n<\/ul>\n","protected":false},"excerpt":{"rendered":"<p>Var ska man anv\u00e4nda? Anv\u00e4nd den h\u00e4r f\u00e5t\u00f6ljen i din vardagsrumsh\u00f6rna, g\u00e4strum, vintertr\u00e4dg\u00e5rd f\u00f6r att koppla av med en cocktail&#8230;<\/p>\n","protected":false},"featured_media":45639,"template":"","meta":[],"product_brand":[],"product_cat":[609,737,631,632],"product_tag":[],"class_list":{"0":"post-45638","1":"product","2":"type-product","3":"status-publish","4":"has-post-thumbnail","6":"product_cat-baby-barn","7":"product_cat-barnfatolj","8":"product_cat-barnmobler","9":"product_cat-sittmobler-for-barn","11":"first","12":"instock","13":"sale","14":"taxable","15":"shipping-taxable","16":"purchasable","17":"product-type-simple"},"yoast_head":"<!-- This site is optimized with the Yoast SEO plugin v25.4 - https:\/\/yoast.com\/wordpress\/plugins\/seo\/ -->\n<title>TRUUSK Hund- och Kattvagn 2-i-1 - Hopf\u00e4llbar med Regnskydd - N\u00e4t\u00f6ppningar - Kudde - F\u00f6r Husdjur upp till 10 kg - Khaki - TRUUSK - Hem, Tr\u00e4dg\u00e5rd &amp; Fritid<\/title>\n<meta name=\"robots\" content=\"index, follow, max-snippet:-1, max-image-preview:large, max-video-preview:-1\" \/>\n<link rel=\"canonical\" href=\"https:\/\/truusk.store\/sv\/produkt\/truusk-hund-och-kattvagn-2-i-1-hopfallbar-med-regnskydd-natoppningar-kudde-for-husdjur-upp-till-10-kg-khaki-2\/\" \/>\n<meta property=\"og:locale\" content=\"sv_SE\" \/>\n<meta property=\"og:type\" content=\"article\" \/>\n<meta property=\"og:title\" content=\"TRUUSK Hund- och Kattvagn 2-i-1 - Hopf\u00e4llbar med Regnskydd - N\u00e4t\u00f6ppningar - Kudde - F\u00f6r Husdjur upp till 10 kg - Khaki - TRUUSK - Hem, Tr\u00e4dg\u00e5rd &amp; Fritid\" \/>\n<meta property=\"og:description\" content=\"Var ska man anv\u00e4nda? Anv\u00e4nd den h\u00e4r f\u00e5t\u00f6ljen i din vardagsrumsh\u00f6rna, g\u00e4strum, vintertr\u00e4dg\u00e5rd f\u00f6r att koppla av med en cocktail...\" \/>\n<meta property=\"og:url\" content=\"https:\/\/truusk.store\/sv\/produkt\/truusk-hund-och-kattvagn-2-i-1-hopfallbar-med-regnskydd-natoppningar-kudde-for-husdjur-upp-till-10-kg-khaki-2\/\" \/>\n<meta property=\"og:site_name\" content=\"TRUUSK - Hem, Tr\u00e4dg\u00e5rd &amp; Fritid\" \/>\n<meta property=\"article:modified_time\" content=\"2026-03-12T08:27:06+00:00\" \/>\n<meta property=\"og:image\" content=\"https:\/\/i0.wp.com\/truusk.se\/wp-content\/uploads\/2024\/02\/seesel-accent-stol-teddy-pals-plysch-60-cm-x-56-cm-x-48-cm-rosa.webp?fit=800%2C800&ssl=1\" \/>\n\t<meta property=\"og:image:width\" content=\"800\" \/>\n\t<meta property=\"og:image:height\" content=\"800\" \/>\n\t<meta property=\"og:image:type\" content=\"image\/webp\" \/>\n<meta name=\"twitter:card\" content=\"summary_large_image\" \/>\n<meta name=\"twitter:label1\" content=\"Ber\u00e4knad l\u00e4stid\" \/>\n\t<meta name=\"twitter:data1\" content=\"1 minut\" \/>\n<!-- \/ Yoast SEO plugin. -->","yoast_head_json":{"title":"TRUUSK Hund- och Kattvagn 2-i-1 - Hopf\u00e4llbar med Regnskydd - N\u00e4t\u00f6ppningar - Kudde - F\u00f6r Husdjur upp till 10 kg - Khaki - TRUUSK - Hem, Tr\u00e4dg\u00e5rd &amp; Fritid","robots":{"index":"index","follow":"follow","max-snippet":"max-snippet:-1","max-image-preview":"max-image-preview:large","max-video-preview":"max-video-preview:-1"},"canonical":"https:\/\/truusk.store\/sv\/produkt\/truusk-hund-och-kattvagn-2-i-1-hopfallbar-med-regnskydd-natoppningar-kudde-for-husdjur-upp-till-10-kg-khaki-2\/","og_locale":"sv_SE","og_type":"article","og_title":"TRUUSK Hund- och Kattvagn 2-i-1 - Hopf\u00e4llbar med Regnskydd - N\u00e4t\u00f6ppningar - Kudde - F\u00f6r Husdjur upp till 10 kg - Khaki - TRUUSK - Hem, Tr\u00e4dg\u00e5rd &amp; Fritid","og_description":"Var ska man anv\u00e4nda? Anv\u00e4nd den h\u00e4r f\u00e5t\u00f6ljen i din vardagsrumsh\u00f6rna, g\u00e4strum, vintertr\u00e4dg\u00e5rd f\u00f6r att koppla av med en cocktail...","og_url":"https:\/\/truusk.store\/sv\/produkt\/truusk-hund-och-kattvagn-2-i-1-hopfallbar-med-regnskydd-natoppningar-kudde-for-husdjur-upp-till-10-kg-khaki-2\/","og_site_name":"TRUUSK - Hem, Tr\u00e4dg\u00e5rd &amp; Fritid","article_modified_time":"2026-03-12T08:27:06+00:00","og_image":[{"width":800,"height":800,"url":"https:\/\/i0.wp.com\/truusk.se\/wp-content\/uploads\/2024\/02\/seesel-accent-stol-teddy-pals-plysch-60-cm-x-56-cm-x-48-cm-rosa.webp?fit=800%2C800&ssl=1","type":"image\/webp"}],"twitter_card":"summary_large_image","twitter_misc":{"Ber\u00e4knad l\u00e4stid":"1 minut"},"schema":{"@context":"https:\/\/schema.org","@graph":[{"@type":"WebPage","@id":"https:\/\/truusk.store\/sv\/produkt\/truusk-hund-och-kattvagn-2-i-1-hopfallbar-med-regnskydd-natoppningar-kudde-for-husdjur-upp-till-10-kg-khaki-2\/","url":"https:\/\/truusk.store\/sv\/produkt\/truusk-hund-och-kattvagn-2-i-1-hopfallbar-med-regnskydd-natoppningar-kudde-for-husdjur-upp-till-10-kg-khaki-2\/","name":"TRUUSK Hund- och Kattvagn 2-i-1 - Hopf\u00e4llbar med Regnskydd - N\u00e4t\u00f6ppningar - Kudde - F\u00f6r Husdjur upp till 10 kg - Khaki - TRUUSK - Hem, Tr\u00e4dg\u00e5rd &amp; Fritid","isPartOf":{"@id":"https:\/\/truusk.store\/sv\/#website"},"primaryImageOfPage":{"@id":"https:\/\/truusk.store\/sv\/produkt\/truusk-hund-och-kattvagn-2-i-1-hopfallbar-med-regnskydd-natoppningar-kudde-for-husdjur-upp-till-10-kg-khaki-2\/#primaryimage"},"image":{"@id":"https:\/\/truusk.store\/sv\/produkt\/truusk-hund-och-kattvagn-2-i-1-hopfallbar-med-regnskydd-natoppningar-kudde-for-husdjur-upp-till-10-kg-khaki-2\/#primaryimage"},"thumbnailUrl":"https:\/\/i0.wp.com\/truusk.store\/wp-content\/uploads\/2024\/02\/seesel-accent-stol-teddy-pals-plysch-60-cm-x-56-cm-x-48-cm-rosa.webp?fit=800%2C800&ssl=1","datePublished":"2024-02-14T05:03:02+00:00","dateModified":"2026-03-12T08:27:06+00:00","breadcrumb":{"@id":"https:\/\/truusk.store\/sv\/produkt\/truusk-hund-och-kattvagn-2-i-1-hopfallbar-med-regnskydd-natoppningar-kudde-for-husdjur-upp-till-10-kg-khaki-2\/#breadcrumb"},"inLanguage":"sv-SE","potentialAction":[{"@type":"ReadAction","target":["https:\/\/truusk.store\/sv\/produkt\/truusk-hund-och-kattvagn-2-i-1-hopfallbar-med-regnskydd-natoppningar-kudde-for-husdjur-upp-till-10-kg-khaki-2\/"]}]},{"@type":"ImageObject","inLanguage":"sv-SE","@id":"https:\/\/truusk.store\/sv\/produkt\/truusk-hund-och-kattvagn-2-i-1-hopfallbar-med-regnskydd-natoppningar-kudde-for-husdjur-upp-till-10-kg-khaki-2\/#primaryimage","url":"https:\/\/i0.wp.com\/truusk.store\/wp-content\/uploads\/2024\/02\/seesel-accent-stol-teddy-pals-plysch-60-cm-x-56-cm-x-48-cm-rosa.webp?fit=800%2C800&ssl=1","contentUrl":"https:\/\/i0.wp.com\/truusk.store\/wp-content\/uploads\/2024\/02\/seesel-accent-stol-teddy-pals-plysch-60-cm-x-56-cm-x-48-cm-rosa.webp?fit=800%2C800&ssl=1","width":800,"height":800,"caption":"Seesel Accent Stol Teddy P\u00e4ls Plysch, 60 Cm X 56 Cm X 48 Cm, Rosa 1"},{"@type":"BreadcrumbList","@id":"https:\/\/truusk.store\/sv\/produkt\/truusk-hund-och-kattvagn-2-i-1-hopfallbar-med-regnskydd-natoppningar-kudde-for-husdjur-upp-till-10-kg-khaki-2\/#breadcrumb","itemListElement":[{"@type":"ListItem","position":1,"name":"Home","item":"https:\/\/truusk.store\/sv\/"},{"@type":"ListItem","position":2,"name":"Shop","item":"https:\/\/truusk.store\/shop\/"},{"@type":"ListItem","position":3,"name":"TRUUSK Hund- och Kattvagn 2-i-1 &#8211; Hopf\u00e4llbar med Regnskydd &#8211; N\u00e4t\u00f6ppningar &#8211; Kudde &#8211; F\u00f6r Husdjur upp till 10 kg &#8211; Khaki"}]},{"@type":"WebSite","@id":"https:\/\/truusk.store\/sv\/#website","url":"https:\/\/truusk.store\/sv\/","name":"TRUUSK - Hem, Tr\u00e4dg\u00e5rd & Fritid","description":"","publisher":{"@id":"https:\/\/truusk.store\/sv\/#organization"},"potentialAction":[{"@type":"SearchAction","target":{"@type":"EntryPoint","urlTemplate":"https:\/\/truusk.store\/sv\/?s={search_term_string}"},"query-input":{"@type":"PropertyValueSpecification","valueRequired":true,"valueName":"search_term_string"}}],"inLanguage":"sv-SE"},{"@type":"Organization","@id":"https:\/\/truusk.store\/sv\/#organization","name":"TRUUSK - Hem, Tr\u00e4dg\u00e5rd & Fritid","url":"https:\/\/truusk.store\/sv\/","logo":{"@type":"ImageObject","inLanguage":"sv-SE","@id":"https:\/\/truusk.store\/sv\/#\/schema\/logo\/image\/","url":"https:\/\/i0.wp.com\/truusk.store\/wp-content\/uploads\/2026\/03\/cropped-TRUUSK.png?fit=2032%2C917&ssl=1","contentUrl":"https:\/\/i0.wp.com\/truusk.store\/wp-content\/uploads\/2026\/03\/cropped-TRUUSK.png?fit=2032%2C917&ssl=1","width":2032,"height":917,"caption":"TRUUSK - Hem, Tr\u00e4dg\u00e5rd & Fritid"},"image":{"@id":"https:\/\/truusk.store\/sv\/#\/schema\/logo\/image\/"}}]}},"jetpack_sharing_enabled":true,"_links":{"self":[{"href":"https:\/\/truusk.store\/sv\/wp-json\/wp\/v2\/product\/45638","targetHints":{"allow":["GET"]}}],"collection":[{"href":"https:\/\/truusk.store\/sv\/wp-json\/wp\/v2\/product"}],"about":[{"href":"https:\/\/truusk.store\/sv\/wp-json\/wp\/v2\/types\/product"}],"wp:featuredmedia":[{"embeddable":true,"href":"https:\/\/truusk.store\/sv\/wp-json\/wp\/v2\/media\/45639"}],"wp:attachment":[{"href":"https:\/\/truusk.store\/sv\/wp-json\/wp\/v2\/media?parent=45638"}],"wp:term":[{"taxonomy":"product_brand","embeddable":true,"href":"https:\/\/truusk.store\/sv\/wp-json\/wp\/v2\/product_brand?post=45638"},{"taxonomy":"product_cat","embeddable":true,"href":"https:\/\/truusk.store\/sv\/wp-json\/wp\/v2\/product_cat?post=45638"},{"taxonomy":"product_tag","embeddable":true,"href":"https:\/\/truusk.store\/sv\/wp-json\/wp\/v2\/product_tag?post=45638"}],"curies":[{"name":"wp","href":"https:\/\/api.w.org\/{rel}","templated":true}]}}