{"id":45697,"date":"2024-02-14T06:05:14","date_gmt":"2024-02-14T05:05:14","guid":{"rendered":"https:\/\/truusk.store\/product\/dog-rocker-aqulity-rocker-hundsport-rocker-180-x-30-x-30-cm-gra-brun\/"},"modified":"2026-03-12T09:27:12","modified_gmt":"2026-03-12T08:27:12","slug":"truusk-hundgunga-for-aktiv-hundtraning-justerbar-hojd-stabil-konstruktion-gra-brun","status":"publish","type":"product","link":"https:\/\/truusk.store\/sv\/produkt\/truusk-hundgunga-for-aktiv-hundtraning-justerbar-hojd-stabil-konstruktion-gra-brun\/","title":{"rendered":"TRUUSK Hundgunga f\u00f6r Aktiv Hundtr\u00e4ning &#8211; Justerbar H\u00f6jd &#8211; Stabil Konstruktion &#8211; Gr\u00e5 + Brun"},"content":{"rendered":"<p>Hundrockern f\u00f6r agility ger din hund m\u00f6jlighet att r\u00f6ra sig. V\u00e5r hundrocker f\u00f6r agility har en halkfri yta som ger din hund ett b\u00e4ttre grepp vid balansering. V\u00e5r agilityutrustning kan fr\u00e4mja sj\u00e4lvf\u00f6rtroende, tr\u00e4ning och lydnad och hj\u00e4lpa till att h\u00e5lla din hund i form. V\u00e5r rocker \u00e4r designad f\u00f6r hundar upp till 30 kg och passar d\u00e4rf\u00f6r de flesta hundraser.<\/p>\n<h3>Beskrivning:<\/h3>\n<ul>\n<li>Tillverkad av grantr\u00e4 f\u00f6r en stabil struktur och enkelt underh\u00e5ll<\/li>\n<li>H\u00f6g grepp, halkfri yta f\u00f6r ett s\u00e4kert grepp<\/li>\n<li>Ger ditt husdjur ett roligt s\u00e4tt att tr\u00e4na mentalt och fysiskt<\/li>\n<li>Rekommenderas f\u00f6r husdjur under 50 kilo<\/li>\n<li>Montering kr\u00e4vs<\/li>\n<\/ul>\n<h3>Teknisk data:<\/h3>\n<ul>\n<li>F\u00e4rg: Gr\u00e5+Brun+Svart<\/li>\n<li>Material: gran<\/li>\n<li>\u00d6vergripande m\u00e5tt: 180L x 30W x 30H cm<\/li>\n<li>Maxh\u00f6jd: 54H cm<\/li>\n<li>Pl\u00e5ttjocklek: 0,5 cm<\/li>\n<li>Viktkapacitet: 50 kg<\/li>\n<\/ul>\n<h3>Leveransens omfattning:<\/h3>\n<ul>\n<li>1 x Pet Rocker<\/li>\n<li>1 x manuell<\/li>\n<\/ul>\n","protected":false},"excerpt":{"rendered":"<p>Hundrockern f\u00f6r agility ger din hund m\u00f6jlighet att r\u00f6ra sig. V\u00e5r hundrocker f\u00f6r agility har en halkfri yta som ger&#8230;<\/p>\n","protected":false},"featured_media":45698,"template":"","meta":[],"product_brand":[],"product_cat":[578,574,573],"product_tag":[],"class_list":{"0":"post-45697","1":"product","2":"type-product","3":"status-publish","4":"has-post-thumbnail","6":"product_cat-agility-set","7":"product_cat-hundtillbehor","8":"product_cat-husdjursmaterial","10":"first","11":"instock","12":"sale","13":"taxable","14":"shipping-taxable","15":"purchasable","16":"product-type-simple"},"yoast_head":"<!-- This site is optimized with the Yoast SEO plugin v25.4 - https:\/\/yoast.com\/wordpress\/plugins\/seo\/ -->\n<title>TRUUSK Hundgunga f\u00f6r Aktiv Hundtr\u00e4ning - Justerbar H\u00f6jd - Stabil Konstruktion - Gr\u00e5 + Brun - TRUUSK - Hem, Tr\u00e4dg\u00e5rd &amp; Fritid<\/title>\n<meta name=\"robots\" content=\"index, follow, max-snippet:-1, max-image-preview:large, max-video-preview:-1\" \/>\n<link rel=\"canonical\" href=\"https:\/\/truusk.store\/sv\/produkt\/truusk-hundgunga-for-aktiv-hundtraning-justerbar-hojd-stabil-konstruktion-gra-brun\/\" \/>\n<meta property=\"og:locale\" content=\"sv_SE\" \/>\n<meta property=\"og:type\" content=\"article\" \/>\n<meta property=\"og:title\" content=\"TRUUSK Hundgunga f\u00f6r Aktiv Hundtr\u00e4ning - Justerbar H\u00f6jd - Stabil Konstruktion - Gr\u00e5 + Brun - TRUUSK - Hem, Tr\u00e4dg\u00e5rd &amp; Fritid\" \/>\n<meta property=\"og:description\" content=\"Hundrockern f\u00f6r agility ger din hund m\u00f6jlighet att r\u00f6ra sig. V\u00e5r hundrocker f\u00f6r agility har en halkfri yta som ger...\" \/>\n<meta property=\"og:url\" content=\"https:\/\/truusk.store\/sv\/produkt\/truusk-hundgunga-for-aktiv-hundtraning-justerbar-hojd-stabil-konstruktion-gra-brun\/\" \/>\n<meta property=\"og:site_name\" content=\"TRUUSK - Hem, Tr\u00e4dg\u00e5rd &amp; Fritid\" \/>\n<meta property=\"article:modified_time\" content=\"2026-03-12T08:27:12+00:00\" \/>\n<meta property=\"og:image\" content=\"https:\/\/i0.wp.com\/truusk.se\/wp-content\/uploads\/2024\/02\/dog-rocker-aqulity-rocker-hundsport-rocker-180-x-30-x-30-cm-gra-brun.webp?fit=800%2C800&ssl=1\" \/>\n\t<meta property=\"og:image:width\" content=\"800\" \/>\n\t<meta property=\"og:image:height\" content=\"800\" \/>\n\t<meta property=\"og:image:type\" content=\"image\/webp\" \/>\n<meta name=\"twitter:card\" content=\"summary_large_image\" \/>\n<meta name=\"twitter:label1\" content=\"Ber\u00e4knad l\u00e4stid\" \/>\n\t<meta name=\"twitter:data1\" content=\"1 minut\" \/>\n<!-- \/ Yoast SEO plugin. -->","yoast_head_json":{"title":"TRUUSK Hundgunga f\u00f6r Aktiv Hundtr\u00e4ning - Justerbar H\u00f6jd - Stabil Konstruktion - Gr\u00e5 + Brun - TRUUSK - Hem, Tr\u00e4dg\u00e5rd &amp; Fritid","robots":{"index":"index","follow":"follow","max-snippet":"max-snippet:-1","max-image-preview":"max-image-preview:large","max-video-preview":"max-video-preview:-1"},"canonical":"https:\/\/truusk.store\/sv\/produkt\/truusk-hundgunga-for-aktiv-hundtraning-justerbar-hojd-stabil-konstruktion-gra-brun\/","og_locale":"sv_SE","og_type":"article","og_title":"TRUUSK Hundgunga f\u00f6r Aktiv Hundtr\u00e4ning - Justerbar H\u00f6jd - Stabil Konstruktion - Gr\u00e5 + Brun - TRUUSK - Hem, Tr\u00e4dg\u00e5rd &amp; Fritid","og_description":"Hundrockern f\u00f6r agility ger din hund m\u00f6jlighet att r\u00f6ra sig. V\u00e5r hundrocker f\u00f6r agility har en halkfri yta som ger...","og_url":"https:\/\/truusk.store\/sv\/produkt\/truusk-hundgunga-for-aktiv-hundtraning-justerbar-hojd-stabil-konstruktion-gra-brun\/","og_site_name":"TRUUSK - Hem, Tr\u00e4dg\u00e5rd &amp; Fritid","article_modified_time":"2026-03-12T08:27:12+00:00","og_image":[{"width":800,"height":800,"url":"https:\/\/i0.wp.com\/truusk.se\/wp-content\/uploads\/2024\/02\/dog-rocker-aqulity-rocker-hundsport-rocker-180-x-30-x-30-cm-gra-brun.webp?fit=800%2C800&ssl=1","type":"image\/webp"}],"twitter_card":"summary_large_image","twitter_misc":{"Ber\u00e4knad l\u00e4stid":"1 minut"},"schema":{"@context":"https:\/\/schema.org","@graph":[{"@type":"WebPage","@id":"https:\/\/truusk.store\/sv\/produkt\/truusk-hundgunga-for-aktiv-hundtraning-justerbar-hojd-stabil-konstruktion-gra-brun\/","url":"https:\/\/truusk.store\/sv\/produkt\/truusk-hundgunga-for-aktiv-hundtraning-justerbar-hojd-stabil-konstruktion-gra-brun\/","name":"TRUUSK Hundgunga f\u00f6r Aktiv Hundtr\u00e4ning - Justerbar H\u00f6jd - Stabil Konstruktion - Gr\u00e5 + Brun - TRUUSK - Hem, Tr\u00e4dg\u00e5rd &amp; Fritid","isPartOf":{"@id":"https:\/\/truusk.store\/sv\/#website"},"primaryImageOfPage":{"@id":"https:\/\/truusk.store\/sv\/produkt\/truusk-hundgunga-for-aktiv-hundtraning-justerbar-hojd-stabil-konstruktion-gra-brun\/#primaryimage"},"image":{"@id":"https:\/\/truusk.store\/sv\/produkt\/truusk-hundgunga-for-aktiv-hundtraning-justerbar-hojd-stabil-konstruktion-gra-brun\/#primaryimage"},"thumbnailUrl":"https:\/\/i0.wp.com\/truusk.store\/wp-content\/uploads\/2024\/02\/dog-rocker-aqulity-rocker-hundsport-rocker-180-x-30-x-30-cm-gra-brun.webp?fit=800%2C800&ssl=1","datePublished":"2024-02-14T05:05:14+00:00","dateModified":"2026-03-12T08:27:12+00:00","breadcrumb":{"@id":"https:\/\/truusk.store\/sv\/produkt\/truusk-hundgunga-for-aktiv-hundtraning-justerbar-hojd-stabil-konstruktion-gra-brun\/#breadcrumb"},"inLanguage":"sv-SE","potentialAction":[{"@type":"ReadAction","target":["https:\/\/truusk.store\/sv\/produkt\/truusk-hundgunga-for-aktiv-hundtraning-justerbar-hojd-stabil-konstruktion-gra-brun\/"]}]},{"@type":"ImageObject","inLanguage":"sv-SE","@id":"https:\/\/truusk.store\/sv\/produkt\/truusk-hundgunga-for-aktiv-hundtraning-justerbar-hojd-stabil-konstruktion-gra-brun\/#primaryimage","url":"https:\/\/i0.wp.com\/truusk.store\/wp-content\/uploads\/2024\/02\/dog-rocker-aqulity-rocker-hundsport-rocker-180-x-30-x-30-cm-gra-brun.webp?fit=800%2C800&ssl=1","contentUrl":"https:\/\/i0.wp.com\/truusk.store\/wp-content\/uploads\/2024\/02\/dog-rocker-aqulity-rocker-hundsport-rocker-180-x-30-x-30-cm-gra-brun.webp?fit=800%2C800&ssl=1","width":800,"height":800,"caption":"Dog Rocker Aqulity Rocker Hundsport Rocker, 180 X 30 X 30 Cm, Gr\u00e5 + Brun 1"},{"@type":"BreadcrumbList","@id":"https:\/\/truusk.store\/sv\/produkt\/truusk-hundgunga-for-aktiv-hundtraning-justerbar-hojd-stabil-konstruktion-gra-brun\/#breadcrumb","itemListElement":[{"@type":"ListItem","position":1,"name":"Home","item":"https:\/\/truusk.store\/sv\/"},{"@type":"ListItem","position":2,"name":"Shop","item":"https:\/\/truusk.store\/shop\/"},{"@type":"ListItem","position":3,"name":"TRUUSK Hundgunga f\u00f6r Aktiv Hundtr\u00e4ning &#8211; Justerbar H\u00f6jd &#8211; Stabil Konstruktion &#8211; Gr\u00e5 + Brun"}]},{"@type":"WebSite","@id":"https:\/\/truusk.store\/sv\/#website","url":"https:\/\/truusk.store\/sv\/","name":"TRUUSK - Hem, Tr\u00e4dg\u00e5rd & Fritid","description":"","publisher":{"@id":"https:\/\/truusk.store\/sv\/#organization"},"potentialAction":[{"@type":"SearchAction","target":{"@type":"EntryPoint","urlTemplate":"https:\/\/truusk.store\/sv\/?s={search_term_string}"},"query-input":{"@type":"PropertyValueSpecification","valueRequired":true,"valueName":"search_term_string"}}],"inLanguage":"sv-SE"},{"@type":"Organization","@id":"https:\/\/truusk.store\/sv\/#organization","name":"TRUUSK - Hem, Tr\u00e4dg\u00e5rd & Fritid","url":"https:\/\/truusk.store\/sv\/","logo":{"@type":"ImageObject","inLanguage":"sv-SE","@id":"https:\/\/truusk.store\/sv\/#\/schema\/logo\/image\/","url":"https:\/\/i0.wp.com\/truusk.store\/wp-content\/uploads\/2026\/03\/cropped-TRUUSK.png?fit=2032%2C917&ssl=1","contentUrl":"https:\/\/i0.wp.com\/truusk.store\/wp-content\/uploads\/2026\/03\/cropped-TRUUSK.png?fit=2032%2C917&ssl=1","width":2032,"height":917,"caption":"TRUUSK - Hem, Tr\u00e4dg\u00e5rd & Fritid"},"image":{"@id":"https:\/\/truusk.store\/sv\/#\/schema\/logo\/image\/"}}]}},"jetpack_sharing_enabled":true,"_links":{"self":[{"href":"https:\/\/truusk.store\/sv\/wp-json\/wp\/v2\/product\/45697","targetHints":{"allow":["GET"]}}],"collection":[{"href":"https:\/\/truusk.store\/sv\/wp-json\/wp\/v2\/product"}],"about":[{"href":"https:\/\/truusk.store\/sv\/wp-json\/wp\/v2\/types\/product"}],"wp:featuredmedia":[{"embeddable":true,"href":"https:\/\/truusk.store\/sv\/wp-json\/wp\/v2\/media\/45698"}],"wp:attachment":[{"href":"https:\/\/truusk.store\/sv\/wp-json\/wp\/v2\/media?parent=45697"}],"wp:term":[{"taxonomy":"product_brand","embeddable":true,"href":"https:\/\/truusk.store\/sv\/wp-json\/wp\/v2\/product_brand?post=45697"},{"taxonomy":"product_cat","embeddable":true,"href":"https:\/\/truusk.store\/sv\/wp-json\/wp\/v2\/product_cat?post=45697"},{"taxonomy":"product_tag","embeddable":true,"href":"https:\/\/truusk.store\/sv\/wp-json\/wp\/v2\/product_tag?post=45697"}],"curies":[{"name":"wp","href":"https:\/\/api.w.org\/{rel}","templated":true}]}}