{"id":45793,"date":"2024-02-14T06:08:26","date_gmt":"2024-02-14T05:08:26","guid":{"rendered":"https:\/\/truusk.store\/product\/set-med-2-sidobord-i-scandi-design-med-forvaringsutrymme-stapelbar-svart\/"},"modified":"2026-03-12T09:27:37","modified_gmt":"2026-03-12T08:27:37","slug":"truusk-sidobord-set-i-scandi-design-med-forvaringsutrymme-stapelbar-svart","status":"publish","type":"product","link":"https:\/\/truusk.store\/sv\/produkt\/truusk-sidobord-set-i-scandi-design-med-forvaringsutrymme-stapelbar-svart\/","title":{"rendered":"TRUUSK Sidobord Set i Scandi Design &#8211; Med F\u00f6rvaringsutrymme &#8211; Stapelbar &#8211; Svart"},"content":{"rendered":"<p>Kombinera trendig Scandi-design med f\u00f6rvaringsutrymme i ditt vardagsrum eller kontor med detta sidobordsset! Setet best\u00e5r av ett litet och ett st\u00f6rre bord, som b\u00e5da kan staplas inuti varandra f\u00f6r att spara utrymme. De tv\u00e5 stapelbara borden gjorda av metallkorgar med en svart bordsskiva erbjuder extra f\u00f6rvaringsutrymme f\u00f6r b\u00f6cker, filtar, kuddar och leksaker och ger samtidigt en plats att s\u00e4tta ditt kaffe p\u00e5. Ta med dig den multifunktionella upps\u00e4ttningen av 2 hem och uppgradera ditt hem omedelbart.<\/p>\n<h3>Beskrivning:<\/h3>\n<ul>\n<li>Set med 2 stapelbara bordsskivor i olika storlekar uppfyller dina behov<\/li>\n<li>Med f\u00f6rvaringsutrymme f\u00f6r kuddar, leksaker, b\u00f6cker m.m<\/li>\n<li>Tack vare den stapelbara designen sparar bordstabletten utrymme<\/li>\n<li>St\u00e5lkonstruktion med pulverlackerad yta f\u00f6r h\u00f6g stabilitet och robusthet<\/li>\n<li>Kan anv\u00e4ndas som sidobord, dekoration eller f\u00f6rvaringskorg<\/li>\n<li>Ingen montering kr\u00e4vs<\/li>\n<\/ul>\n<h3>Teknisk data:<\/h3>\n<ul>\n<li>Svart f\u00e4rg<\/li>\n<li>Material: st\u00e5l<\/li>\n<li>Totala m\u00e5tt: 40 x 40Hcm (stort bord), 35 x 35Hcm (litet bord)<\/li>\n<li>Inre f\u00f6rvaringsstorlek: 38 x 38Hcm (stort bord), 33 x 33Hcm (litet bord)<\/li>\n<li>F\u00f6rvaringsvolym: 50L (stort bord), 30L (litet bord)<\/li>\n<li>Viktkapacitet: 10 kg (bordsskiva\/inre f\u00f6rvaringsutrymme)<\/li>\n<\/ul>\n<h3>Leveransens omfattning:<\/h3>\n<ul>\n<li>2 x Soffbord<\/li>\n<li>1 x Instruktioner<\/li>\n<\/ul>\n","protected":false},"excerpt":{"rendered":"<p>Kombinera trendig Scandi-design med f\u00f6rvaringsutrymme i ditt vardagsrum eller kontor med detta sidobordsset! Setet best\u00e5r av ett litet och ett&#8230;<\/p>\n","protected":false},"featured_media":45794,"template":"","meta":[],"product_brand":[],"product_cat":[485,505,501],"product_tag":[],"class_list":{"0":"post-45793","1":"product","2":"type-product","3":"status-publish","4":"has-post-thumbnail","6":"product_cat-hus-bo","7":"product_cat-soffa-och-sidobord","8":"product_cat-tabeller","10":"first","11":"instock","12":"sale","13":"taxable","14":"shipping-taxable","15":"purchasable","16":"product-type-simple"},"yoast_head":"<!-- This site is optimized with the Yoast SEO plugin v25.4 - https:\/\/yoast.com\/wordpress\/plugins\/seo\/ -->\n<title>TRUUSK Sidobord Set i Scandi Design - Med F\u00f6rvaringsutrymme - Stapelbar - Svart - TRUUSK - Hem, Tr\u00e4dg\u00e5rd &amp; Fritid<\/title>\n<meta name=\"robots\" content=\"index, follow, max-snippet:-1, max-image-preview:large, max-video-preview:-1\" \/>\n<link rel=\"canonical\" href=\"https:\/\/truusk.store\/sv\/produkt\/truusk-sidobord-set-i-scandi-design-med-forvaringsutrymme-stapelbar-svart\/\" \/>\n<meta property=\"og:locale\" content=\"sv_SE\" \/>\n<meta property=\"og:type\" content=\"article\" \/>\n<meta property=\"og:title\" content=\"TRUUSK Sidobord Set i Scandi Design - Med F\u00f6rvaringsutrymme - Stapelbar - Svart - TRUUSK - Hem, Tr\u00e4dg\u00e5rd &amp; Fritid\" \/>\n<meta property=\"og:description\" content=\"Kombinera trendig Scandi-design med f\u00f6rvaringsutrymme i ditt vardagsrum eller kontor med detta sidobordsset! Setet best\u00e5r av ett litet och ett...\" \/>\n<meta property=\"og:url\" content=\"https:\/\/truusk.store\/sv\/produkt\/truusk-sidobord-set-i-scandi-design-med-forvaringsutrymme-stapelbar-svart\/\" \/>\n<meta property=\"og:site_name\" content=\"TRUUSK - Hem, Tr\u00e4dg\u00e5rd &amp; Fritid\" \/>\n<meta property=\"article:modified_time\" content=\"2026-03-12T08:27:37+00:00\" \/>\n<meta property=\"og:image\" content=\"https:\/\/i0.wp.com\/truusk.se\/wp-content\/uploads\/2024\/02\/set-med-2-sidobord-i-scandi-design-med-forvaringsutrymme-stapelbar-svart.webp?fit=800%2C800&ssl=1\" \/>\n\t<meta property=\"og:image:width\" content=\"800\" \/>\n\t<meta property=\"og:image:height\" content=\"800\" \/>\n\t<meta property=\"og:image:type\" content=\"image\/webp\" \/>\n<meta name=\"twitter:card\" content=\"summary_large_image\" \/>\n<meta name=\"twitter:label1\" content=\"Ber\u00e4knad l\u00e4stid\" \/>\n\t<meta name=\"twitter:data1\" content=\"1 minut\" \/>\n<!-- \/ Yoast SEO plugin. -->","yoast_head_json":{"title":"TRUUSK Sidobord Set i Scandi Design - Med F\u00f6rvaringsutrymme - Stapelbar - Svart - TRUUSK - Hem, Tr\u00e4dg\u00e5rd &amp; Fritid","robots":{"index":"index","follow":"follow","max-snippet":"max-snippet:-1","max-image-preview":"max-image-preview:large","max-video-preview":"max-video-preview:-1"},"canonical":"https:\/\/truusk.store\/sv\/produkt\/truusk-sidobord-set-i-scandi-design-med-forvaringsutrymme-stapelbar-svart\/","og_locale":"sv_SE","og_type":"article","og_title":"TRUUSK Sidobord Set i Scandi Design - Med F\u00f6rvaringsutrymme - Stapelbar - Svart - TRUUSK - Hem, Tr\u00e4dg\u00e5rd &amp; Fritid","og_description":"Kombinera trendig Scandi-design med f\u00f6rvaringsutrymme i ditt vardagsrum eller kontor med detta sidobordsset! Setet best\u00e5r av ett litet och ett...","og_url":"https:\/\/truusk.store\/sv\/produkt\/truusk-sidobord-set-i-scandi-design-med-forvaringsutrymme-stapelbar-svart\/","og_site_name":"TRUUSK - Hem, Tr\u00e4dg\u00e5rd &amp; Fritid","article_modified_time":"2026-03-12T08:27:37+00:00","og_image":[{"width":800,"height":800,"url":"https:\/\/i0.wp.com\/truusk.se\/wp-content\/uploads\/2024\/02\/set-med-2-sidobord-i-scandi-design-med-forvaringsutrymme-stapelbar-svart.webp?fit=800%2C800&ssl=1","type":"image\/webp"}],"twitter_card":"summary_large_image","twitter_misc":{"Ber\u00e4knad l\u00e4stid":"1 minut"},"schema":{"@context":"https:\/\/schema.org","@graph":[{"@type":"WebPage","@id":"https:\/\/truusk.store\/sv\/produkt\/truusk-sidobord-set-i-scandi-design-med-forvaringsutrymme-stapelbar-svart\/","url":"https:\/\/truusk.store\/sv\/produkt\/truusk-sidobord-set-i-scandi-design-med-forvaringsutrymme-stapelbar-svart\/","name":"TRUUSK Sidobord Set i Scandi Design - Med F\u00f6rvaringsutrymme - Stapelbar - Svart - TRUUSK - Hem, Tr\u00e4dg\u00e5rd &amp; Fritid","isPartOf":{"@id":"https:\/\/truusk.store\/sv\/#website"},"primaryImageOfPage":{"@id":"https:\/\/truusk.store\/sv\/produkt\/truusk-sidobord-set-i-scandi-design-med-forvaringsutrymme-stapelbar-svart\/#primaryimage"},"image":{"@id":"https:\/\/truusk.store\/sv\/produkt\/truusk-sidobord-set-i-scandi-design-med-forvaringsutrymme-stapelbar-svart\/#primaryimage"},"thumbnailUrl":"https:\/\/i0.wp.com\/truusk.store\/wp-content\/uploads\/2024\/02\/set-med-2-sidobord-i-scandi-design-med-forvaringsutrymme-stapelbar-svart.webp?fit=800%2C800&ssl=1","datePublished":"2024-02-14T05:08:26+00:00","dateModified":"2026-03-12T08:27:37+00:00","breadcrumb":{"@id":"https:\/\/truusk.store\/sv\/produkt\/truusk-sidobord-set-i-scandi-design-med-forvaringsutrymme-stapelbar-svart\/#breadcrumb"},"inLanguage":"sv-SE","potentialAction":[{"@type":"ReadAction","target":["https:\/\/truusk.store\/sv\/produkt\/truusk-sidobord-set-i-scandi-design-med-forvaringsutrymme-stapelbar-svart\/"]}]},{"@type":"ImageObject","inLanguage":"sv-SE","@id":"https:\/\/truusk.store\/sv\/produkt\/truusk-sidobord-set-i-scandi-design-med-forvaringsutrymme-stapelbar-svart\/#primaryimage","url":"https:\/\/i0.wp.com\/truusk.store\/wp-content\/uploads\/2024\/02\/set-med-2-sidobord-i-scandi-design-med-forvaringsutrymme-stapelbar-svart.webp?fit=800%2C800&ssl=1","contentUrl":"https:\/\/i0.wp.com\/truusk.store\/wp-content\/uploads\/2024\/02\/set-med-2-sidobord-i-scandi-design-med-forvaringsutrymme-stapelbar-svart.webp?fit=800%2C800&ssl=1","width":800,"height":800,"caption":"Set Med 2 Sidobord I Scandi Design, Med F\u00f6rvaringsutrymme, Stapelbar, Svart 1"},{"@type":"BreadcrumbList","@id":"https:\/\/truusk.store\/sv\/produkt\/truusk-sidobord-set-i-scandi-design-med-forvaringsutrymme-stapelbar-svart\/#breadcrumb","itemListElement":[{"@type":"ListItem","position":1,"name":"Home","item":"https:\/\/truusk.store\/sv\/"},{"@type":"ListItem","position":2,"name":"Shop","item":"https:\/\/truusk.store\/shop\/"},{"@type":"ListItem","position":3,"name":"TRUUSK Sidobord Set i Scandi Design &#8211; Med F\u00f6rvaringsutrymme &#8211; Stapelbar &#8211; Svart"}]},{"@type":"WebSite","@id":"https:\/\/truusk.store\/sv\/#website","url":"https:\/\/truusk.store\/sv\/","name":"TRUUSK - Hem, Tr\u00e4dg\u00e5rd & Fritid","description":"","publisher":{"@id":"https:\/\/truusk.store\/sv\/#organization"},"potentialAction":[{"@type":"SearchAction","target":{"@type":"EntryPoint","urlTemplate":"https:\/\/truusk.store\/sv\/?s={search_term_string}"},"query-input":{"@type":"PropertyValueSpecification","valueRequired":true,"valueName":"search_term_string"}}],"inLanguage":"sv-SE"},{"@type":"Organization","@id":"https:\/\/truusk.store\/sv\/#organization","name":"TRUUSK - Hem, Tr\u00e4dg\u00e5rd & Fritid","url":"https:\/\/truusk.store\/sv\/","logo":{"@type":"ImageObject","inLanguage":"sv-SE","@id":"https:\/\/truusk.store\/sv\/#\/schema\/logo\/image\/","url":"https:\/\/i0.wp.com\/truusk.store\/wp-content\/uploads\/2026\/03\/cropped-TRUUSK.png?fit=2032%2C917&ssl=1","contentUrl":"https:\/\/i0.wp.com\/truusk.store\/wp-content\/uploads\/2026\/03\/cropped-TRUUSK.png?fit=2032%2C917&ssl=1","width":2032,"height":917,"caption":"TRUUSK - Hem, Tr\u00e4dg\u00e5rd & Fritid"},"image":{"@id":"https:\/\/truusk.store\/sv\/#\/schema\/logo\/image\/"}}]}},"jetpack_sharing_enabled":true,"_links":{"self":[{"href":"https:\/\/truusk.store\/sv\/wp-json\/wp\/v2\/product\/45793","targetHints":{"allow":["GET"]}}],"collection":[{"href":"https:\/\/truusk.store\/sv\/wp-json\/wp\/v2\/product"}],"about":[{"href":"https:\/\/truusk.store\/sv\/wp-json\/wp\/v2\/types\/product"}],"wp:featuredmedia":[{"embeddable":true,"href":"https:\/\/truusk.store\/sv\/wp-json\/wp\/v2\/media\/45794"}],"wp:attachment":[{"href":"https:\/\/truusk.store\/sv\/wp-json\/wp\/v2\/media?parent=45793"}],"wp:term":[{"taxonomy":"product_brand","embeddable":true,"href":"https:\/\/truusk.store\/sv\/wp-json\/wp\/v2\/product_brand?post=45793"},{"taxonomy":"product_cat","embeddable":true,"href":"https:\/\/truusk.store\/sv\/wp-json\/wp\/v2\/product_cat?post=45793"},{"taxonomy":"product_tag","embeddable":true,"href":"https:\/\/truusk.store\/sv\/wp-json\/wp\/v2\/product_tag?post=45793"}],"curies":[{"name":"wp","href":"https:\/\/api.w.org\/{rel}","templated":true}]}}