{"id":45880,"date":"2024-02-14T06:11:44","date_gmt":"2024-02-14T05:11:44","guid":{"rendered":"https:\/\/truusk.store\/product\/skrapstolpe-med-leksaker-inklusive-2-bollar-mjuk-plysch-34-cm-x-255-cm-x-58-cm-gra\/"},"modified":"2026-03-12T09:27:40","modified_gmt":"2026-03-12T08:27:40","slug":"truusk-skrapstolpe-med-leksaker-inklusive-2-bollar-mjuk-plysch-34-cm-x-255-cm-x-58-cm-gra","status":"publish","type":"product","link":"https:\/\/truusk.store\/sv\/produkt\/truusk-skrapstolpe-med-leksaker-inklusive-2-bollar-mjuk-plysch-34-cm-x-255-cm-x-58-cm-gra\/","title":{"rendered":"TRUUSK Skrapstolpe Med Leksaker &#8211; Inklusive 2 Bollar &#8211; Mjuk Plysch &#8211; 34 cm x 25,5 cm x 58 cm &#8211; Gr\u00e5"},"content":{"rendered":"<p>\u00c5teruppliva din katts lekinstinkt med v\u00e5rt skrapinl\u00e4gg! Se hur dina katter leker, leker och v\u00e4ssar sina klor p\u00e5 detta skrapinl\u00e4gg. Detta skrapstolpe, insvept i sisal, uppfyller din katts naturliga instinkter. Tv\u00e5 bollar ger timmar av underh\u00e5llning f\u00f6r dina lurviga v\u00e4nner och uppmuntrar deras tr\u00e4ning och mentala aktivitet. V\u00e5r innovativa design s\u00e4kerst\u00e4ller ett stabilt, s\u00e4kert stativ s\u00e5 att din katt kan repa sig p\u00e5 den utan oro.<\/p>\n<h3>Beskrivning:<\/h3>\n<ul>\n<li>Underh\u00e5llning med bollleksaker och fj\u00e4derbollar<\/li>\n<li>Stabil tack vare den stabila basen, ingen vingling<\/li>\n<li>Fyrkantig sisal skrapstolpe f\u00f6r klov\u00e5rd<\/li>\n<li>Plyschkl\u00e4dd stolpe och bas f\u00f6r komfort<\/li>\n<li>Perfekt f\u00f6r att repa, leka och koppla av<\/li>\n<li>V\u00e4ggmontering m\u00f6jlig<\/li>\n<li>L\u00e4mplig f\u00f6r katter under 5 kg<\/li>\n<li>Montering n\u00f6dv\u00e4ndig<\/li>\n<\/ul>\n<h3>Teknisk data:<\/h3>\n<ul>\n<li>F\u00e4rg gr\u00e5<\/li>\n<li>Material: sp\u00e5nskiva, sisal, plysch<\/li>\n<li>\u00d6vergripande m\u00e5tt: 34W x 25,5D x 58H cm<\/li>\n<li>Bas: 34L x 25,5W cm<\/li>\n<li>Topparea: 28L x 18W cm<\/li>\n<li>St\u00e5ngens h\u00f6jd: 53,5 cm<\/li>\n<li>Sisal bas: 26W x 30H cm<\/li>\n<\/ul>\n<h3>Leveransens omfattning:<\/h3>\n<ul>\n<li>1 x Cat Scratching Post<\/li>\n<li>1 x manuell<\/li>\n<\/ul>\n","protected":false},"excerpt":{"rendered":"<p>\u00c5teruppliva din katts lekinstinkt med v\u00e5rt skrapinl\u00e4gg! Se hur dina katter leker, leker och v\u00e4ssar sina klor p\u00e5 detta skrapinl\u00e4gg&#8230;.<\/p>\n","protected":false},"featured_media":45881,"template":"","meta":[],"product_brand":[],"product_cat":[573,588,589],"product_tag":[],"class_list":{"0":"post-45880","1":"product","2":"type-product","3":"status-publish","4":"has-post-thumbnail","6":"product_cat-husdjursmaterial","7":"product_cat-katttillbehor","8":"product_cat-skrapande-inlagg","10":"first","11":"instock","12":"sale","13":"taxable","14":"shipping-taxable","15":"purchasable","16":"product-type-simple"},"yoast_head":"<!-- This site is optimized with the Yoast SEO plugin v25.4 - https:\/\/yoast.com\/wordpress\/plugins\/seo\/ -->\n<title>TRUUSK Skrapstolpe Med Leksaker - Inklusive 2 Bollar - Mjuk Plysch - 34 cm x 25,5 cm x 58 cm - Gr\u00e5 - TRUUSK - Hem, Tr\u00e4dg\u00e5rd &amp; Fritid<\/title>\n<meta name=\"robots\" content=\"index, follow, max-snippet:-1, max-image-preview:large, max-video-preview:-1\" \/>\n<link rel=\"canonical\" href=\"https:\/\/truusk.store\/sv\/produkt\/truusk-skrapstolpe-med-leksaker-inklusive-2-bollar-mjuk-plysch-34-cm-x-255-cm-x-58-cm-gra\/\" \/>\n<meta property=\"og:locale\" content=\"sv_SE\" \/>\n<meta property=\"og:type\" content=\"article\" \/>\n<meta property=\"og:title\" content=\"TRUUSK Skrapstolpe Med Leksaker - Inklusive 2 Bollar - Mjuk Plysch - 34 cm x 25,5 cm x 58 cm - Gr\u00e5 - TRUUSK - Hem, Tr\u00e4dg\u00e5rd &amp; Fritid\" \/>\n<meta property=\"og:description\" content=\"\u00c5teruppliva din katts lekinstinkt med v\u00e5rt skrapinl\u00e4gg! Se hur dina katter leker, leker och v\u00e4ssar sina klor p\u00e5 detta skrapinl\u00e4gg....\" \/>\n<meta property=\"og:url\" content=\"https:\/\/truusk.store\/sv\/produkt\/truusk-skrapstolpe-med-leksaker-inklusive-2-bollar-mjuk-plysch-34-cm-x-255-cm-x-58-cm-gra\/\" \/>\n<meta property=\"og:site_name\" content=\"TRUUSK - Hem, Tr\u00e4dg\u00e5rd &amp; Fritid\" \/>\n<meta property=\"article:modified_time\" content=\"2026-03-12T08:27:40+00:00\" \/>\n<meta property=\"og:image\" content=\"https:\/\/i0.wp.com\/truusk.se\/wp-content\/uploads\/2024\/02\/skrapstolpe-med-leksaker-inklusive-2-bollar-mjuk-plysch-34-cm-x-255-cm-x-58-cm-gra.webp?fit=800%2C800&ssl=1\" \/>\n\t<meta property=\"og:image:width\" content=\"800\" \/>\n\t<meta property=\"og:image:height\" content=\"800\" \/>\n\t<meta property=\"og:image:type\" content=\"image\/webp\" \/>\n<meta name=\"twitter:card\" content=\"summary_large_image\" \/>\n<meta name=\"twitter:label1\" content=\"Ber\u00e4knad l\u00e4stid\" \/>\n\t<meta name=\"twitter:data1\" content=\"1 minut\" \/>\n<!-- \/ Yoast SEO plugin. -->","yoast_head_json":{"title":"TRUUSK Skrapstolpe Med Leksaker - Inklusive 2 Bollar - Mjuk Plysch - 34 cm x 25,5 cm x 58 cm - Gr\u00e5 - TRUUSK - Hem, Tr\u00e4dg\u00e5rd &amp; Fritid","robots":{"index":"index","follow":"follow","max-snippet":"max-snippet:-1","max-image-preview":"max-image-preview:large","max-video-preview":"max-video-preview:-1"},"canonical":"https:\/\/truusk.store\/sv\/produkt\/truusk-skrapstolpe-med-leksaker-inklusive-2-bollar-mjuk-plysch-34-cm-x-255-cm-x-58-cm-gra\/","og_locale":"sv_SE","og_type":"article","og_title":"TRUUSK Skrapstolpe Med Leksaker - Inklusive 2 Bollar - Mjuk Plysch - 34 cm x 25,5 cm x 58 cm - Gr\u00e5 - TRUUSK - Hem, Tr\u00e4dg\u00e5rd &amp; Fritid","og_description":"\u00c5teruppliva din katts lekinstinkt med v\u00e5rt skrapinl\u00e4gg! Se hur dina katter leker, leker och v\u00e4ssar sina klor p\u00e5 detta skrapinl\u00e4gg....","og_url":"https:\/\/truusk.store\/sv\/produkt\/truusk-skrapstolpe-med-leksaker-inklusive-2-bollar-mjuk-plysch-34-cm-x-255-cm-x-58-cm-gra\/","og_site_name":"TRUUSK - Hem, Tr\u00e4dg\u00e5rd &amp; Fritid","article_modified_time":"2026-03-12T08:27:40+00:00","og_image":[{"width":800,"height":800,"url":"https:\/\/i0.wp.com\/truusk.se\/wp-content\/uploads\/2024\/02\/skrapstolpe-med-leksaker-inklusive-2-bollar-mjuk-plysch-34-cm-x-255-cm-x-58-cm-gra.webp?fit=800%2C800&ssl=1","type":"image\/webp"}],"twitter_card":"summary_large_image","twitter_misc":{"Ber\u00e4knad l\u00e4stid":"1 minut"},"schema":{"@context":"https:\/\/schema.org","@graph":[{"@type":"WebPage","@id":"https:\/\/truusk.store\/sv\/produkt\/truusk-skrapstolpe-med-leksaker-inklusive-2-bollar-mjuk-plysch-34-cm-x-255-cm-x-58-cm-gra\/","url":"https:\/\/truusk.store\/sv\/produkt\/truusk-skrapstolpe-med-leksaker-inklusive-2-bollar-mjuk-plysch-34-cm-x-255-cm-x-58-cm-gra\/","name":"TRUUSK Skrapstolpe Med Leksaker - Inklusive 2 Bollar - Mjuk Plysch - 34 cm x 25,5 cm x 58 cm - Gr\u00e5 - TRUUSK - Hem, Tr\u00e4dg\u00e5rd &amp; Fritid","isPartOf":{"@id":"https:\/\/truusk.store\/sv\/#website"},"primaryImageOfPage":{"@id":"https:\/\/truusk.store\/sv\/produkt\/truusk-skrapstolpe-med-leksaker-inklusive-2-bollar-mjuk-plysch-34-cm-x-255-cm-x-58-cm-gra\/#primaryimage"},"image":{"@id":"https:\/\/truusk.store\/sv\/produkt\/truusk-skrapstolpe-med-leksaker-inklusive-2-bollar-mjuk-plysch-34-cm-x-255-cm-x-58-cm-gra\/#primaryimage"},"thumbnailUrl":"https:\/\/i0.wp.com\/truusk.store\/wp-content\/uploads\/2024\/02\/skrapstolpe-med-leksaker-inklusive-2-bollar-mjuk-plysch-34-cm-x-255-cm-x-58-cm-gra.webp?fit=800%2C800&ssl=1","datePublished":"2024-02-14T05:11:44+00:00","dateModified":"2026-03-12T08:27:40+00:00","breadcrumb":{"@id":"https:\/\/truusk.store\/sv\/produkt\/truusk-skrapstolpe-med-leksaker-inklusive-2-bollar-mjuk-plysch-34-cm-x-255-cm-x-58-cm-gra\/#breadcrumb"},"inLanguage":"sv-SE","potentialAction":[{"@type":"ReadAction","target":["https:\/\/truusk.store\/sv\/produkt\/truusk-skrapstolpe-med-leksaker-inklusive-2-bollar-mjuk-plysch-34-cm-x-255-cm-x-58-cm-gra\/"]}]},{"@type":"ImageObject","inLanguage":"sv-SE","@id":"https:\/\/truusk.store\/sv\/produkt\/truusk-skrapstolpe-med-leksaker-inklusive-2-bollar-mjuk-plysch-34-cm-x-255-cm-x-58-cm-gra\/#primaryimage","url":"https:\/\/i0.wp.com\/truusk.store\/wp-content\/uploads\/2024\/02\/skrapstolpe-med-leksaker-inklusive-2-bollar-mjuk-plysch-34-cm-x-255-cm-x-58-cm-gra.webp?fit=800%2C800&ssl=1","contentUrl":"https:\/\/i0.wp.com\/truusk.store\/wp-content\/uploads\/2024\/02\/skrapstolpe-med-leksaker-inklusive-2-bollar-mjuk-plysch-34-cm-x-255-cm-x-58-cm-gra.webp?fit=800%2C800&ssl=1","width":800,"height":800,"caption":"Skrapstolpe Med Leksaker, Inklusive 2 Bollar. Mjuk Plysch, 34 Cm X 25,5 Cm X 58 Cm, Gr\u00e5 1"},{"@type":"BreadcrumbList","@id":"https:\/\/truusk.store\/sv\/produkt\/truusk-skrapstolpe-med-leksaker-inklusive-2-bollar-mjuk-plysch-34-cm-x-255-cm-x-58-cm-gra\/#breadcrumb","itemListElement":[{"@type":"ListItem","position":1,"name":"Home","item":"https:\/\/truusk.store\/sv\/"},{"@type":"ListItem","position":2,"name":"Shop","item":"https:\/\/truusk.store\/shop\/"},{"@type":"ListItem","position":3,"name":"TRUUSK Skrapstolpe Med Leksaker &#8211; Inklusive 2 Bollar &#8211; Mjuk Plysch &#8211; 34 cm x 25,5 cm x 58 cm &#8211; Gr\u00e5"}]},{"@type":"WebSite","@id":"https:\/\/truusk.store\/sv\/#website","url":"https:\/\/truusk.store\/sv\/","name":"TRUUSK - Hem, Tr\u00e4dg\u00e5rd & Fritid","description":"","publisher":{"@id":"https:\/\/truusk.store\/sv\/#organization"},"potentialAction":[{"@type":"SearchAction","target":{"@type":"EntryPoint","urlTemplate":"https:\/\/truusk.store\/sv\/?s={search_term_string}"},"query-input":{"@type":"PropertyValueSpecification","valueRequired":true,"valueName":"search_term_string"}}],"inLanguage":"sv-SE"},{"@type":"Organization","@id":"https:\/\/truusk.store\/sv\/#organization","name":"TRUUSK - Hem, Tr\u00e4dg\u00e5rd & Fritid","url":"https:\/\/truusk.store\/sv\/","logo":{"@type":"ImageObject","inLanguage":"sv-SE","@id":"https:\/\/truusk.store\/sv\/#\/schema\/logo\/image\/","url":"https:\/\/i0.wp.com\/truusk.store\/wp-content\/uploads\/2026\/03\/cropped-TRUUSK.png?fit=2032%2C917&ssl=1","contentUrl":"https:\/\/i0.wp.com\/truusk.store\/wp-content\/uploads\/2026\/03\/cropped-TRUUSK.png?fit=2032%2C917&ssl=1","width":2032,"height":917,"caption":"TRUUSK - Hem, Tr\u00e4dg\u00e5rd & Fritid"},"image":{"@id":"https:\/\/truusk.store\/sv\/#\/schema\/logo\/image\/"}}]}},"jetpack_sharing_enabled":true,"_links":{"self":[{"href":"https:\/\/truusk.store\/sv\/wp-json\/wp\/v2\/product\/45880","targetHints":{"allow":["GET"]}}],"collection":[{"href":"https:\/\/truusk.store\/sv\/wp-json\/wp\/v2\/product"}],"about":[{"href":"https:\/\/truusk.store\/sv\/wp-json\/wp\/v2\/types\/product"}],"wp:featuredmedia":[{"embeddable":true,"href":"https:\/\/truusk.store\/sv\/wp-json\/wp\/v2\/media\/45881"}],"wp:attachment":[{"href":"https:\/\/truusk.store\/sv\/wp-json\/wp\/v2\/media?parent=45880"}],"wp:term":[{"taxonomy":"product_brand","embeddable":true,"href":"https:\/\/truusk.store\/sv\/wp-json\/wp\/v2\/product_brand?post=45880"},{"taxonomy":"product_cat","embeddable":true,"href":"https:\/\/truusk.store\/sv\/wp-json\/wp\/v2\/product_cat?post=45880"},{"taxonomy":"product_tag","embeddable":true,"href":"https:\/\/truusk.store\/sv\/wp-json\/wp\/v2\/product_tag?post=45880"}],"curies":[{"name":"wp","href":"https:\/\/api.w.org\/{rel}","templated":true}]}}