{"id":45900,"date":"2024-02-14T06:12:35","date_gmt":"2024-02-14T05:12:35","guid":{"rendered":"https:\/\/truusk.store\/product\/staffli-konstnarsstafli-hojdjusterbar-4-hjul-natur-svart\/"},"modified":"2026-03-12T09:28:11","modified_gmt":"2026-03-12T08:28:11","slug":"truusk-staffli-for-konstnarer-justerbar-hojd-4-hjul-natur-svart","status":"publish","type":"product","link":"https:\/\/truusk.store\/sv\/produkt\/truusk-staffli-for-konstnarer-justerbar-hojd-4-hjul-natur-svart\/","title":{"rendered":"TRUUSK Staffli f\u00f6r konstn\u00e4rer &#8211; Justerbar h\u00f6jd &#8211; 4 hjul &#8211; Natur + Svart"},"content":{"rendered":"<p>Upplev den ultimata komforten n\u00e4r du m\u00e5lar med staffliet. Detta staffli av boktr\u00e4 erbjuder dig en professionell hylla. Dess ram garanterar solid stabilitet. Dessutom l\u00e5ter h\u00f6jdjusteringen dig m\u00e5la i den position du f\u00f6redrar, oavsett om du sitter eller st\u00e5r, vilket resulterar i b\u00e4ttre h\u00e5llning och mindre tr\u00f6tthet. Med detta staffli kommer du att g\u00f6ra din konstn\u00e4rliga resa \u00e4nnu roligare och effektivare.<\/p>\n<h3>Beskrivning:<\/h3>\n<ul>\n<li>Justerbar h\u00f6jd och d\u00e4rf\u00f6r l\u00e4tt att v\u00e4xla mellan sittande och st\u00e5ende<\/li>\n<li>L\u00e4mplig f\u00f6r dukar i olika storlekar (maximal dukh\u00f6jd: 118 cm)<\/li>\n<li>Vinkeln kan justeras f\u00f6r att passa din m\u00e5larstil<\/li>\n<li>Specialbehandlad boktr\u00e4struktur f\u00f6r maximal stabilitet<\/li>\n<li>Vikt f\u00f6r bekv\u00e4m f\u00f6rvaring och transport<\/li>\n<li>Nedre hylla f\u00f6r bekv\u00e4m f\u00f6rvaring av tillbeh\u00f6r<\/li>\n<li>Kan anv\u00e4ndas f\u00f6r konstskiss, br\u00f6llop, hemmabarer och mer<\/li>\n<li>Montering kr\u00e4vs<\/li>\n<\/ul>\n<h3>Teknisk data:<\/h3>\n<ul>\n<li>F\u00e4rg: naturligt tr\u00e4<\/li>\n<li>Material: boktr\u00e4<\/li>\n<li>\u00d6vergripande m\u00e5tt: 50,5W x 53D x 178-238Hcm<\/li>\n<li>Vikbara m\u00e5tt: 50,5W x 186D x 16Hcm<\/li>\n<li>Maximal h\u00f6jd p\u00e5 duken: 118cm<\/li>\n<li>Canvash\u00e5llare storlek: 46W x 4,5Tcm<\/li>\n<li>Pennfodral storlek: 38,5W x 6,5D x 6Hcm<\/li>\n<\/ul>\n<h3>Leveransens omfattning:<\/h3>\n<ul>\n<li>1 x stafflist\u00e4ll<\/li>\n<li>1 x manuell<\/li>\n<\/ul>\n","protected":false},"excerpt":{"rendered":"<p>Upplev den ultimata komforten n\u00e4r du m\u00e5lar med staffliet. Detta staffli av boktr\u00e4 erbjuder dig en professionell hylla. Dess ram&#8230;<\/p>\n","protected":false},"featured_media":45901,"template":"","meta":[],"product_brand":[],"product_cat":[656,647,659],"product_tag":[],"class_list":{"0":"post-45900","1":"product","2":"type-product","3":"status-publish","4":"has-post-thumbnail","6":"product_cat-spel-hobby","7":"product_cat-sport-fritid","8":"product_cat-staffli","10":"first","11":"instock","12":"sale","13":"taxable","14":"shipping-taxable","15":"purchasable","16":"product-type-simple"},"yoast_head":"<!-- This site is optimized with the Yoast SEO plugin v25.4 - https:\/\/yoast.com\/wordpress\/plugins\/seo\/ -->\n<title>TRUUSK Staffli f\u00f6r konstn\u00e4rer - Justerbar h\u00f6jd - 4 hjul - Natur + Svart - TRUUSK - Hem, Tr\u00e4dg\u00e5rd &amp; Fritid<\/title>\n<meta name=\"robots\" content=\"index, follow, max-snippet:-1, max-image-preview:large, max-video-preview:-1\" \/>\n<link rel=\"canonical\" href=\"https:\/\/truusk.store\/sv\/produkt\/truusk-staffli-for-konstnarer-justerbar-hojd-4-hjul-natur-svart\/\" \/>\n<meta property=\"og:locale\" content=\"sv_SE\" \/>\n<meta property=\"og:type\" content=\"article\" \/>\n<meta property=\"og:title\" content=\"TRUUSK Staffli f\u00f6r konstn\u00e4rer - Justerbar h\u00f6jd - 4 hjul - Natur + Svart - TRUUSK - Hem, Tr\u00e4dg\u00e5rd &amp; Fritid\" \/>\n<meta property=\"og:description\" content=\"Upplev den ultimata komforten n\u00e4r du m\u00e5lar med staffliet. Detta staffli av boktr\u00e4 erbjuder dig en professionell hylla. Dess ram...\" \/>\n<meta property=\"og:url\" content=\"https:\/\/truusk.store\/sv\/produkt\/truusk-staffli-for-konstnarer-justerbar-hojd-4-hjul-natur-svart\/\" \/>\n<meta property=\"og:site_name\" content=\"TRUUSK - Hem, Tr\u00e4dg\u00e5rd &amp; Fritid\" \/>\n<meta property=\"article:modified_time\" content=\"2026-03-12T08:28:11+00:00\" \/>\n<meta property=\"og:image\" content=\"https:\/\/i0.wp.com\/truusk.se\/wp-content\/uploads\/2024\/02\/staffli-konstnarsstafli-hojdjusterbar-4-hjul-natur-svart.webp?fit=800%2C800&ssl=1\" \/>\n\t<meta property=\"og:image:width\" content=\"800\" \/>\n\t<meta property=\"og:image:height\" content=\"800\" \/>\n\t<meta property=\"og:image:type\" content=\"image\/webp\" \/>\n<meta name=\"twitter:card\" content=\"summary_large_image\" \/>\n<meta name=\"twitter:label1\" content=\"Ber\u00e4knad l\u00e4stid\" \/>\n\t<meta name=\"twitter:data1\" content=\"1 minut\" \/>\n<!-- \/ Yoast SEO plugin. -->","yoast_head_json":{"title":"TRUUSK Staffli f\u00f6r konstn\u00e4rer - Justerbar h\u00f6jd - 4 hjul - Natur + Svart - TRUUSK - Hem, Tr\u00e4dg\u00e5rd &amp; Fritid","robots":{"index":"index","follow":"follow","max-snippet":"max-snippet:-1","max-image-preview":"max-image-preview:large","max-video-preview":"max-video-preview:-1"},"canonical":"https:\/\/truusk.store\/sv\/produkt\/truusk-staffli-for-konstnarer-justerbar-hojd-4-hjul-natur-svart\/","og_locale":"sv_SE","og_type":"article","og_title":"TRUUSK Staffli f\u00f6r konstn\u00e4rer - Justerbar h\u00f6jd - 4 hjul - Natur + Svart - TRUUSK - Hem, Tr\u00e4dg\u00e5rd &amp; Fritid","og_description":"Upplev den ultimata komforten n\u00e4r du m\u00e5lar med staffliet. Detta staffli av boktr\u00e4 erbjuder dig en professionell hylla. Dess ram...","og_url":"https:\/\/truusk.store\/sv\/produkt\/truusk-staffli-for-konstnarer-justerbar-hojd-4-hjul-natur-svart\/","og_site_name":"TRUUSK - Hem, Tr\u00e4dg\u00e5rd &amp; Fritid","article_modified_time":"2026-03-12T08:28:11+00:00","og_image":[{"width":800,"height":800,"url":"https:\/\/i0.wp.com\/truusk.se\/wp-content\/uploads\/2024\/02\/staffli-konstnarsstafli-hojdjusterbar-4-hjul-natur-svart.webp?fit=800%2C800&ssl=1","type":"image\/webp"}],"twitter_card":"summary_large_image","twitter_misc":{"Ber\u00e4knad l\u00e4stid":"1 minut"},"schema":{"@context":"https:\/\/schema.org","@graph":[{"@type":"WebPage","@id":"https:\/\/truusk.store\/sv\/produkt\/truusk-staffli-for-konstnarer-justerbar-hojd-4-hjul-natur-svart\/","url":"https:\/\/truusk.store\/sv\/produkt\/truusk-staffli-for-konstnarer-justerbar-hojd-4-hjul-natur-svart\/","name":"TRUUSK Staffli f\u00f6r konstn\u00e4rer - Justerbar h\u00f6jd - 4 hjul - Natur + Svart - TRUUSK - Hem, Tr\u00e4dg\u00e5rd &amp; Fritid","isPartOf":{"@id":"https:\/\/truusk.store\/sv\/#website"},"primaryImageOfPage":{"@id":"https:\/\/truusk.store\/sv\/produkt\/truusk-staffli-for-konstnarer-justerbar-hojd-4-hjul-natur-svart\/#primaryimage"},"image":{"@id":"https:\/\/truusk.store\/sv\/produkt\/truusk-staffli-for-konstnarer-justerbar-hojd-4-hjul-natur-svart\/#primaryimage"},"thumbnailUrl":"https:\/\/i0.wp.com\/truusk.store\/wp-content\/uploads\/2024\/02\/staffli-konstnarsstafli-hojdjusterbar-4-hjul-natur-svart.webp?fit=800%2C800&ssl=1","datePublished":"2024-02-14T05:12:35+00:00","dateModified":"2026-03-12T08:28:11+00:00","breadcrumb":{"@id":"https:\/\/truusk.store\/sv\/produkt\/truusk-staffli-for-konstnarer-justerbar-hojd-4-hjul-natur-svart\/#breadcrumb"},"inLanguage":"sv-SE","potentialAction":[{"@type":"ReadAction","target":["https:\/\/truusk.store\/sv\/produkt\/truusk-staffli-for-konstnarer-justerbar-hojd-4-hjul-natur-svart\/"]}]},{"@type":"ImageObject","inLanguage":"sv-SE","@id":"https:\/\/truusk.store\/sv\/produkt\/truusk-staffli-for-konstnarer-justerbar-hojd-4-hjul-natur-svart\/#primaryimage","url":"https:\/\/i0.wp.com\/truusk.store\/wp-content\/uploads\/2024\/02\/staffli-konstnarsstafli-hojdjusterbar-4-hjul-natur-svart.webp?fit=800%2C800&ssl=1","contentUrl":"https:\/\/i0.wp.com\/truusk.store\/wp-content\/uploads\/2024\/02\/staffli-konstnarsstafli-hojdjusterbar-4-hjul-natur-svart.webp?fit=800%2C800&ssl=1","width":800,"height":800,"caption":"Staffli, Konstn\u00e4rsstafli, H\u00f6jdjusterbar, 4 Hjul, Natur + Svart 1"},{"@type":"BreadcrumbList","@id":"https:\/\/truusk.store\/sv\/produkt\/truusk-staffli-for-konstnarer-justerbar-hojd-4-hjul-natur-svart\/#breadcrumb","itemListElement":[{"@type":"ListItem","position":1,"name":"Home","item":"https:\/\/truusk.store\/sv\/"},{"@type":"ListItem","position":2,"name":"Shop","item":"https:\/\/truusk.store\/shop\/"},{"@type":"ListItem","position":3,"name":"TRUUSK Staffli f\u00f6r konstn\u00e4rer &#8211; Justerbar h\u00f6jd &#8211; 4 hjul &#8211; Natur + Svart"}]},{"@type":"WebSite","@id":"https:\/\/truusk.store\/sv\/#website","url":"https:\/\/truusk.store\/sv\/","name":"TRUUSK - Hem, Tr\u00e4dg\u00e5rd & Fritid","description":"","publisher":{"@id":"https:\/\/truusk.store\/sv\/#organization"},"potentialAction":[{"@type":"SearchAction","target":{"@type":"EntryPoint","urlTemplate":"https:\/\/truusk.store\/sv\/?s={search_term_string}"},"query-input":{"@type":"PropertyValueSpecification","valueRequired":true,"valueName":"search_term_string"}}],"inLanguage":"sv-SE"},{"@type":"Organization","@id":"https:\/\/truusk.store\/sv\/#organization","name":"TRUUSK - Hem, Tr\u00e4dg\u00e5rd & Fritid","url":"https:\/\/truusk.store\/sv\/","logo":{"@type":"ImageObject","inLanguage":"sv-SE","@id":"https:\/\/truusk.store\/sv\/#\/schema\/logo\/image\/","url":"https:\/\/i0.wp.com\/truusk.store\/wp-content\/uploads\/2026\/03\/cropped-TRUUSK.png?fit=2032%2C917&ssl=1","contentUrl":"https:\/\/i0.wp.com\/truusk.store\/wp-content\/uploads\/2026\/03\/cropped-TRUUSK.png?fit=2032%2C917&ssl=1","width":2032,"height":917,"caption":"TRUUSK - Hem, Tr\u00e4dg\u00e5rd & Fritid"},"image":{"@id":"https:\/\/truusk.store\/sv\/#\/schema\/logo\/image\/"}}]}},"jetpack_sharing_enabled":true,"_links":{"self":[{"href":"https:\/\/truusk.store\/sv\/wp-json\/wp\/v2\/product\/45900","targetHints":{"allow":["GET"]}}],"collection":[{"href":"https:\/\/truusk.store\/sv\/wp-json\/wp\/v2\/product"}],"about":[{"href":"https:\/\/truusk.store\/sv\/wp-json\/wp\/v2\/types\/product"}],"wp:featuredmedia":[{"embeddable":true,"href":"https:\/\/truusk.store\/sv\/wp-json\/wp\/v2\/media\/45901"}],"wp:attachment":[{"href":"https:\/\/truusk.store\/sv\/wp-json\/wp\/v2\/media?parent=45900"}],"wp:term":[{"taxonomy":"product_brand","embeddable":true,"href":"https:\/\/truusk.store\/sv\/wp-json\/wp\/v2\/product_brand?post=45900"},{"taxonomy":"product_cat","embeddable":true,"href":"https:\/\/truusk.store\/sv\/wp-json\/wp\/v2\/product_cat?post=45900"},{"taxonomy":"product_tag","embeddable":true,"href":"https:\/\/truusk.store\/sv\/wp-json\/wp\/v2\/product_tag?post=45900"}],"curies":[{"name":"wp","href":"https:\/\/api.w.org\/{rel}","templated":true}]}}