{"id":45911,"date":"2024-02-14T06:12:55","date_gmt":"2024-02-14T05:12:55","guid":{"rendered":"https:\/\/truusk.store\/product\/staffli-justerbar-i-hojdled-hopfallbar-naturligt-boktra-for-dukar-upp-till-107h-cm\/"},"modified":"2026-03-12T09:28:13","modified_gmt":"2026-03-12T08:28:13","slug":"truusk-staffli-justerbar-i-hojdled-hopfallbar-naturligt-boktra-for-dukar-upp-till-107h-cm","status":"publish","type":"product","link":"https:\/\/truusk.store\/sv\/produkt\/truusk-staffli-justerbar-i-hojdled-hopfallbar-naturligt-boktra-for-dukar-upp-till-107h-cm\/","title":{"rendered":"TRUUSK Staffli &#8211; Justerbar i H\u00f6jdled &#8211; Hopf\u00e4llbar &#8211; Naturligt Boktr\u00e4 &#8211; F\u00f6r Dukar Upp Till 107H cm"},"content":{"rendered":"<p>Med detta vackra staffli kommer din kreativa kraft att f\u00e5 nya vingar! Tillverkad av boktr\u00e4 och utrustad med tre robusta ben, ger den dig exakt r\u00e4tt grund f\u00f6r ditt kreativa arbete, oavsett om du m\u00e5lar, skriver eller ritar. Staffliet kan justeras p\u00e5 m\u00e5nga s\u00e4tt s\u00e5 att du kan skapa bekv\u00e4mt n\u00e4r du st\u00e5r eller sitter. Sist men inte minst kan den f\u00e4llas ihop kompakt s\u00e5 att den kan transporteras \u00f6verallt.<\/p>\n<h3>Beskrivning:<\/h3>\n<ul>\n<li>Enkelt att byta mellan sittande och st\u00e5ende tack vare justerbar h\u00f6jd<\/li>\n<li>Vinkeln kan justeras f\u00f6r att passa din m\u00e5larstil<\/li>\n<li>Specialbehandlad ram i boktr\u00e4 med stativdesign f\u00f6r maximal stabilitet<\/li>\n<li>Vikt f\u00f6r bekv\u00e4m f\u00f6rvaring och transport, inkluderar rem f\u00f6r fasts\u00e4ttning<\/li>\n<li>Kan anv\u00e4ndas f\u00f6r skisser, olje- och akvarellm\u00e5lning, kalligrafi, handbokst\u00e4ver och mycket mer. m. kan anv\u00e4ndas<\/li>\n<li>Enkel montering kr\u00e4vs<\/li>\n<\/ul>\n<h3>Teknisk data:<\/h3>\n<ul>\n<li>F\u00e4rg: naturligt tr\u00e4<\/li>\n<li>Material: boktr\u00e4<\/li>\n<li>\u00d6vergripande m\u00e5tt: 93L x 84W x 183H cm<\/li>\n<li>Vikstorlek: 88L x 13W x 7D cm<\/li>\n<li>Maxh\u00f6jd p\u00e5 sk\u00e4rmen: 107 cm<\/li>\n<\/ul>\n<h3>Leveransens omfattning:<\/h3>\n<ul>\n<li>1 x staffli<\/li>\n<li>1 x Instruktioner<\/li>\n<\/ul>\n","protected":false},"excerpt":{"rendered":"<p>Med detta vackra staffli kommer din kreativa kraft att f\u00e5 nya vingar! Tillverkad av boktr\u00e4 och utrustad med tre robusta&#8230;<\/p>\n","protected":false},"featured_media":45912,"template":"","meta":[],"product_brand":[],"product_cat":[656,647,659],"product_tag":[],"class_list":{"0":"post-45911","1":"product","2":"type-product","3":"status-publish","4":"has-post-thumbnail","6":"product_cat-spel-hobby","7":"product_cat-sport-fritid","8":"product_cat-staffli","10":"first","11":"instock","12":"sale","13":"taxable","14":"shipping-taxable","15":"purchasable","16":"product-type-simple"},"yoast_head":"<!-- This site is optimized with the Yoast SEO plugin v25.4 - https:\/\/yoast.com\/wordpress\/plugins\/seo\/ -->\n<title>TRUUSK Staffli - Justerbar i H\u00f6jdled - Hopf\u00e4llbar - Naturligt Boktr\u00e4 - F\u00f6r Dukar Upp Till 107H cm - TRUUSK - Hem, Tr\u00e4dg\u00e5rd &amp; Fritid<\/title>\n<meta name=\"robots\" content=\"index, follow, max-snippet:-1, max-image-preview:large, max-video-preview:-1\" \/>\n<link rel=\"canonical\" href=\"https:\/\/truusk.store\/sv\/produkt\/truusk-staffli-justerbar-i-hojdled-hopfallbar-naturligt-boktra-for-dukar-upp-till-107h-cm\/\" \/>\n<meta property=\"og:locale\" content=\"sv_SE\" \/>\n<meta property=\"og:type\" content=\"article\" \/>\n<meta property=\"og:title\" content=\"TRUUSK Staffli - Justerbar i H\u00f6jdled - Hopf\u00e4llbar - Naturligt Boktr\u00e4 - F\u00f6r Dukar Upp Till 107H cm - TRUUSK - Hem, Tr\u00e4dg\u00e5rd &amp; Fritid\" \/>\n<meta property=\"og:description\" content=\"Med detta vackra staffli kommer din kreativa kraft att f\u00e5 nya vingar! Tillverkad av boktr\u00e4 och utrustad med tre robusta...\" \/>\n<meta property=\"og:url\" content=\"https:\/\/truusk.store\/sv\/produkt\/truusk-staffli-justerbar-i-hojdled-hopfallbar-naturligt-boktra-for-dukar-upp-till-107h-cm\/\" \/>\n<meta property=\"og:site_name\" content=\"TRUUSK - Hem, Tr\u00e4dg\u00e5rd &amp; Fritid\" \/>\n<meta property=\"article:modified_time\" content=\"2026-03-12T08:28:13+00:00\" \/>\n<meta property=\"og:image\" content=\"https:\/\/i0.wp.com\/truusk.se\/wp-content\/uploads\/2024\/02\/staffli-justerbar-i-hojdled-hopfallbar-naturligt-boktra-for-dukar-upp-till-107h-cm.webp?fit=800%2C800&ssl=1\" \/>\n\t<meta property=\"og:image:width\" content=\"800\" \/>\n\t<meta property=\"og:image:height\" content=\"800\" \/>\n\t<meta property=\"og:image:type\" content=\"image\/webp\" \/>\n<meta name=\"twitter:card\" content=\"summary_large_image\" \/>\n<meta name=\"twitter:label1\" content=\"Ber\u00e4knad l\u00e4stid\" \/>\n\t<meta name=\"twitter:data1\" content=\"1 minut\" \/>\n<!-- \/ Yoast SEO plugin. -->","yoast_head_json":{"title":"TRUUSK Staffli - Justerbar i H\u00f6jdled - Hopf\u00e4llbar - Naturligt Boktr\u00e4 - F\u00f6r Dukar Upp Till 107H cm - TRUUSK - Hem, Tr\u00e4dg\u00e5rd &amp; Fritid","robots":{"index":"index","follow":"follow","max-snippet":"max-snippet:-1","max-image-preview":"max-image-preview:large","max-video-preview":"max-video-preview:-1"},"canonical":"https:\/\/truusk.store\/sv\/produkt\/truusk-staffli-justerbar-i-hojdled-hopfallbar-naturligt-boktra-for-dukar-upp-till-107h-cm\/","og_locale":"sv_SE","og_type":"article","og_title":"TRUUSK Staffli - Justerbar i H\u00f6jdled - Hopf\u00e4llbar - Naturligt Boktr\u00e4 - F\u00f6r Dukar Upp Till 107H cm - TRUUSK - Hem, Tr\u00e4dg\u00e5rd &amp; Fritid","og_description":"Med detta vackra staffli kommer din kreativa kraft att f\u00e5 nya vingar! Tillverkad av boktr\u00e4 och utrustad med tre robusta...","og_url":"https:\/\/truusk.store\/sv\/produkt\/truusk-staffli-justerbar-i-hojdled-hopfallbar-naturligt-boktra-for-dukar-upp-till-107h-cm\/","og_site_name":"TRUUSK - Hem, Tr\u00e4dg\u00e5rd &amp; Fritid","article_modified_time":"2026-03-12T08:28:13+00:00","og_image":[{"width":800,"height":800,"url":"https:\/\/i0.wp.com\/truusk.se\/wp-content\/uploads\/2024\/02\/staffli-justerbar-i-hojdled-hopfallbar-naturligt-boktra-for-dukar-upp-till-107h-cm.webp?fit=800%2C800&ssl=1","type":"image\/webp"}],"twitter_card":"summary_large_image","twitter_misc":{"Ber\u00e4knad l\u00e4stid":"1 minut"},"schema":{"@context":"https:\/\/schema.org","@graph":[{"@type":"WebPage","@id":"https:\/\/truusk.store\/sv\/produkt\/truusk-staffli-justerbar-i-hojdled-hopfallbar-naturligt-boktra-for-dukar-upp-till-107h-cm\/","url":"https:\/\/truusk.store\/sv\/produkt\/truusk-staffli-justerbar-i-hojdled-hopfallbar-naturligt-boktra-for-dukar-upp-till-107h-cm\/","name":"TRUUSK Staffli - Justerbar i H\u00f6jdled - Hopf\u00e4llbar - Naturligt Boktr\u00e4 - F\u00f6r Dukar Upp Till 107H cm - TRUUSK - Hem, Tr\u00e4dg\u00e5rd &amp; Fritid","isPartOf":{"@id":"https:\/\/truusk.store\/sv\/#website"},"primaryImageOfPage":{"@id":"https:\/\/truusk.store\/sv\/produkt\/truusk-staffli-justerbar-i-hojdled-hopfallbar-naturligt-boktra-for-dukar-upp-till-107h-cm\/#primaryimage"},"image":{"@id":"https:\/\/truusk.store\/sv\/produkt\/truusk-staffli-justerbar-i-hojdled-hopfallbar-naturligt-boktra-for-dukar-upp-till-107h-cm\/#primaryimage"},"thumbnailUrl":"https:\/\/i0.wp.com\/truusk.store\/wp-content\/uploads\/2024\/02\/staffli-justerbar-i-hojdled-hopfallbar-naturligt-boktra-for-dukar-upp-till-107h-cm.webp?fit=800%2C800&ssl=1","datePublished":"2024-02-14T05:12:55+00:00","dateModified":"2026-03-12T08:28:13+00:00","breadcrumb":{"@id":"https:\/\/truusk.store\/sv\/produkt\/truusk-staffli-justerbar-i-hojdled-hopfallbar-naturligt-boktra-for-dukar-upp-till-107h-cm\/#breadcrumb"},"inLanguage":"sv-SE","potentialAction":[{"@type":"ReadAction","target":["https:\/\/truusk.store\/sv\/produkt\/truusk-staffli-justerbar-i-hojdled-hopfallbar-naturligt-boktra-for-dukar-upp-till-107h-cm\/"]}]},{"@type":"ImageObject","inLanguage":"sv-SE","@id":"https:\/\/truusk.store\/sv\/produkt\/truusk-staffli-justerbar-i-hojdled-hopfallbar-naturligt-boktra-for-dukar-upp-till-107h-cm\/#primaryimage","url":"https:\/\/i0.wp.com\/truusk.store\/wp-content\/uploads\/2024\/02\/staffli-justerbar-i-hojdled-hopfallbar-naturligt-boktra-for-dukar-upp-till-107h-cm.webp?fit=800%2C800&ssl=1","contentUrl":"https:\/\/i0.wp.com\/truusk.store\/wp-content\/uploads\/2024\/02\/staffli-justerbar-i-hojdled-hopfallbar-naturligt-boktra-for-dukar-upp-till-107h-cm.webp?fit=800%2C800&ssl=1","width":800,"height":800,"caption":"Staffli, Justerbar I H\u00f6jdled, Hopf\u00e4llbar, Naturligt Boktr\u00e4, F\u00f6r Dukar Upp Till 107H Cm 1"},{"@type":"BreadcrumbList","@id":"https:\/\/truusk.store\/sv\/produkt\/truusk-staffli-justerbar-i-hojdled-hopfallbar-naturligt-boktra-for-dukar-upp-till-107h-cm\/#breadcrumb","itemListElement":[{"@type":"ListItem","position":1,"name":"Home","item":"https:\/\/truusk.store\/sv\/"},{"@type":"ListItem","position":2,"name":"Shop","item":"https:\/\/truusk.store\/shop\/"},{"@type":"ListItem","position":3,"name":"TRUUSK Staffli &#8211; Justerbar i H\u00f6jdled &#8211; Hopf\u00e4llbar &#8211; Naturligt Boktr\u00e4 &#8211; F\u00f6r Dukar Upp Till 107H cm"}]},{"@type":"WebSite","@id":"https:\/\/truusk.store\/sv\/#website","url":"https:\/\/truusk.store\/sv\/","name":"TRUUSK - Hem, Tr\u00e4dg\u00e5rd & Fritid","description":"","publisher":{"@id":"https:\/\/truusk.store\/sv\/#organization"},"potentialAction":[{"@type":"SearchAction","target":{"@type":"EntryPoint","urlTemplate":"https:\/\/truusk.store\/sv\/?s={search_term_string}"},"query-input":{"@type":"PropertyValueSpecification","valueRequired":true,"valueName":"search_term_string"}}],"inLanguage":"sv-SE"},{"@type":"Organization","@id":"https:\/\/truusk.store\/sv\/#organization","name":"TRUUSK - Hem, Tr\u00e4dg\u00e5rd & Fritid","url":"https:\/\/truusk.store\/sv\/","logo":{"@type":"ImageObject","inLanguage":"sv-SE","@id":"https:\/\/truusk.store\/sv\/#\/schema\/logo\/image\/","url":"https:\/\/i0.wp.com\/truusk.store\/wp-content\/uploads\/2026\/03\/cropped-TRUUSK.png?fit=2032%2C917&ssl=1","contentUrl":"https:\/\/i0.wp.com\/truusk.store\/wp-content\/uploads\/2026\/03\/cropped-TRUUSK.png?fit=2032%2C917&ssl=1","width":2032,"height":917,"caption":"TRUUSK - Hem, Tr\u00e4dg\u00e5rd & Fritid"},"image":{"@id":"https:\/\/truusk.store\/sv\/#\/schema\/logo\/image\/"}}]}},"jetpack_sharing_enabled":true,"_links":{"self":[{"href":"https:\/\/truusk.store\/sv\/wp-json\/wp\/v2\/product\/45911","targetHints":{"allow":["GET"]}}],"collection":[{"href":"https:\/\/truusk.store\/sv\/wp-json\/wp\/v2\/product"}],"about":[{"href":"https:\/\/truusk.store\/sv\/wp-json\/wp\/v2\/types\/product"}],"wp:featuredmedia":[{"embeddable":true,"href":"https:\/\/truusk.store\/sv\/wp-json\/wp\/v2\/media\/45912"}],"wp:attachment":[{"href":"https:\/\/truusk.store\/sv\/wp-json\/wp\/v2\/media?parent=45911"}],"wp:term":[{"taxonomy":"product_brand","embeddable":true,"href":"https:\/\/truusk.store\/sv\/wp-json\/wp\/v2\/product_brand?post=45911"},{"taxonomy":"product_cat","embeddable":true,"href":"https:\/\/truusk.store\/sv\/wp-json\/wp\/v2\/product_cat?post=45911"},{"taxonomy":"product_tag","embeddable":true,"href":"https:\/\/truusk.store\/sv\/wp-json\/wp\/v2\/product_tag?post=45911"}],"curies":[{"name":"wp","href":"https:\/\/api.w.org\/{rel}","templated":true}]}}