{"id":45922,"date":"2024-02-14T06:13:32","date_gmt":"2024-02-14T05:13:32","guid":{"rendered":"https:\/\/truusk.store\/product\/bordsstafli-litet-staffli-1-lada-3-fack-massivt-tra-natur\/"},"modified":"2026-03-12T09:28:14","modified_gmt":"2026-03-12T08:28:14","slug":"truusk-bordsstafli-liten-staffli-1-lada-3-fack-massivt-tra-natur","status":"publish","type":"product","link":"https:\/\/truusk.store\/sv\/produkt\/truusk-bordsstafli-liten-staffli-1-lada-3-fack-massivt-tra-natur\/","title":{"rendered":"TRUUSK Bordsstafli &#8211; Liten staffli &#8211; 1 l\u00e5da &#8211; 3 fack &#8211; Massivt tr\u00e4 &#8211; Natur"},"content":{"rendered":"<p>Uppt\u00e4ck den konstn\u00e4rliga briljansen hos bordsstafliet! Den justerbara lutningen ger vingar till din kreativitet och l\u00e5ter dig utveckla dina inre m\u00e4sterverk. Praktiska fack f\u00f6r penslar, f\u00e4rger med mera s\u00e4kerst\u00e4ller ordning och reda. Tillverkat av h\u00f6gkvalitativt boktr\u00e4 kan detta staffli motst\u00e5 \u00e4ven de h\u00f6gsta konstn\u00e4rernas krav. L\u00e5t din fantasi fl\u00f6da och skapa din konstn\u00e4rliga resa med detta oemotst\u00e5ndliga m\u00e4sterverk!<\/p>\n<h3>Beskrivning:<\/h3>\n<ul>\n<li>Robust och t\u00e5lig ram av lackat boktr\u00e4<\/li>\n<li>Kompakt och hopf\u00e4llbar, med b\u00e4rhandtag i konstl\u00e4der f\u00f6r enkel transport<\/li>\n<li>Justerbar vinkel f\u00f6r en m\u00e4ngd olika anv\u00e4ndningsomr\u00e5den<\/li>\n<li>L\u00e5da med l\u00e5s f\u00f6r s\u00e4ker f\u00f6rvaring av dina konstmaterial,<\/li>\n<li>Det perfekta valet f\u00f6r alla \u00e5ldrar och niv\u00e5er &#8211; perfekt f\u00f6r att rita och presentera<\/li>\n<li>Plastf\u00f6tter skyddar bordet fr\u00e5n repor<\/li>\n<li>L\u00e4tt att anv\u00e4nda utan montering<\/li>\n<\/ul>\n<h3>Teknisk data:<\/h3>\n<ul>\n<li>F\u00e4rg: Naturlig<\/li>\n<li>Material: boktr\u00e4<\/li>\n<li>Utvikningsm\u00e5tt: 33,5L x 26W x 26H cm<\/li>\n<li>M\u00e5tt vikta: 33,5W x 26D x 7H cm<\/li>\n<li>Canvash\u00e5llare storlek: 27W x3,6D cm<\/li>\n<li>F\u00f6rvaringsstorlek: 18,5W x 15D x 2H cm (\u00f6verst), 29W x 6,9D x 2H cm (botten)<\/li>\n<li>Ramvinkel: 0-57<\/li>\n<\/ul>\n<h3>Leveransens omfattning:<\/h3>\n<ul>\n<li>1 x Bordsstafli<\/li>\n<li>1 x Instruktioner<\/li>\n<\/ul>\n","protected":false},"excerpt":{"rendered":"<p>Uppt\u00e4ck den konstn\u00e4rliga briljansen hos bordsstafliet! Den justerbara lutningen ger vingar till din kreativitet och l\u00e5ter dig utveckla dina inre&#8230;<\/p>\n","protected":false},"featured_media":45923,"template":"","meta":[],"product_brand":[],"product_cat":[656,647,659],"product_tag":[],"class_list":{"0":"post-45922","1":"product","2":"type-product","3":"status-publish","4":"has-post-thumbnail","6":"product_cat-spel-hobby","7":"product_cat-sport-fritid","8":"product_cat-staffli","10":"first","11":"instock","12":"sale","13":"taxable","14":"shipping-taxable","15":"purchasable","16":"product-type-simple"},"yoast_head":"<!-- This site is optimized with the Yoast SEO plugin v25.4 - https:\/\/yoast.com\/wordpress\/plugins\/seo\/ -->\n<title>TRUUSK Bordsstafli - Liten staffli - 1 l\u00e5da - 3 fack - Massivt tr\u00e4 - Natur - TRUUSK - Hem, Tr\u00e4dg\u00e5rd &amp; Fritid<\/title>\n<meta name=\"robots\" content=\"index, follow, max-snippet:-1, max-image-preview:large, max-video-preview:-1\" \/>\n<link rel=\"canonical\" href=\"https:\/\/truusk.store\/sv\/produkt\/truusk-bordsstafli-liten-staffli-1-lada-3-fack-massivt-tra-natur\/\" \/>\n<meta property=\"og:locale\" content=\"sv_SE\" \/>\n<meta property=\"og:type\" content=\"article\" \/>\n<meta property=\"og:title\" content=\"TRUUSK Bordsstafli - Liten staffli - 1 l\u00e5da - 3 fack - Massivt tr\u00e4 - Natur - TRUUSK - Hem, Tr\u00e4dg\u00e5rd &amp; Fritid\" \/>\n<meta property=\"og:description\" content=\"Uppt\u00e4ck den konstn\u00e4rliga briljansen hos bordsstafliet! Den justerbara lutningen ger vingar till din kreativitet och l\u00e5ter dig utveckla dina inre...\" \/>\n<meta property=\"og:url\" content=\"https:\/\/truusk.store\/sv\/produkt\/truusk-bordsstafli-liten-staffli-1-lada-3-fack-massivt-tra-natur\/\" \/>\n<meta property=\"og:site_name\" content=\"TRUUSK - Hem, Tr\u00e4dg\u00e5rd &amp; Fritid\" \/>\n<meta property=\"article:modified_time\" content=\"2026-03-12T08:28:14+00:00\" \/>\n<meta property=\"og:image\" content=\"https:\/\/i0.wp.com\/truusk.se\/wp-content\/uploads\/2024\/02\/bordsstafli-litet-staffli-1-lada-3-fack-massivt-tra-natur.webp?fit=800%2C800&ssl=1\" \/>\n\t<meta property=\"og:image:width\" content=\"800\" \/>\n\t<meta property=\"og:image:height\" content=\"800\" \/>\n\t<meta property=\"og:image:type\" content=\"image\/webp\" \/>\n<meta name=\"twitter:card\" content=\"summary_large_image\" \/>\n<meta name=\"twitter:label1\" content=\"Ber\u00e4knad l\u00e4stid\" \/>\n\t<meta name=\"twitter:data1\" content=\"1 minut\" \/>\n<!-- \/ Yoast SEO plugin. -->","yoast_head_json":{"title":"TRUUSK Bordsstafli - Liten staffli - 1 l\u00e5da - 3 fack - Massivt tr\u00e4 - Natur - TRUUSK - Hem, Tr\u00e4dg\u00e5rd &amp; Fritid","robots":{"index":"index","follow":"follow","max-snippet":"max-snippet:-1","max-image-preview":"max-image-preview:large","max-video-preview":"max-video-preview:-1"},"canonical":"https:\/\/truusk.store\/sv\/produkt\/truusk-bordsstafli-liten-staffli-1-lada-3-fack-massivt-tra-natur\/","og_locale":"sv_SE","og_type":"article","og_title":"TRUUSK Bordsstafli - Liten staffli - 1 l\u00e5da - 3 fack - Massivt tr\u00e4 - Natur - TRUUSK - Hem, Tr\u00e4dg\u00e5rd &amp; Fritid","og_description":"Uppt\u00e4ck den konstn\u00e4rliga briljansen hos bordsstafliet! Den justerbara lutningen ger vingar till din kreativitet och l\u00e5ter dig utveckla dina inre...","og_url":"https:\/\/truusk.store\/sv\/produkt\/truusk-bordsstafli-liten-staffli-1-lada-3-fack-massivt-tra-natur\/","og_site_name":"TRUUSK - Hem, Tr\u00e4dg\u00e5rd &amp; Fritid","article_modified_time":"2026-03-12T08:28:14+00:00","og_image":[{"width":800,"height":800,"url":"https:\/\/i0.wp.com\/truusk.se\/wp-content\/uploads\/2024\/02\/bordsstafli-litet-staffli-1-lada-3-fack-massivt-tra-natur.webp?fit=800%2C800&ssl=1","type":"image\/webp"}],"twitter_card":"summary_large_image","twitter_misc":{"Ber\u00e4knad l\u00e4stid":"1 minut"},"schema":{"@context":"https:\/\/schema.org","@graph":[{"@type":"WebPage","@id":"https:\/\/truusk.store\/sv\/produkt\/truusk-bordsstafli-liten-staffli-1-lada-3-fack-massivt-tra-natur\/","url":"https:\/\/truusk.store\/sv\/produkt\/truusk-bordsstafli-liten-staffli-1-lada-3-fack-massivt-tra-natur\/","name":"TRUUSK Bordsstafli - Liten staffli - 1 l\u00e5da - 3 fack - Massivt tr\u00e4 - Natur - TRUUSK - Hem, Tr\u00e4dg\u00e5rd &amp; Fritid","isPartOf":{"@id":"https:\/\/truusk.store\/sv\/#website"},"primaryImageOfPage":{"@id":"https:\/\/truusk.store\/sv\/produkt\/truusk-bordsstafli-liten-staffli-1-lada-3-fack-massivt-tra-natur\/#primaryimage"},"image":{"@id":"https:\/\/truusk.store\/sv\/produkt\/truusk-bordsstafli-liten-staffli-1-lada-3-fack-massivt-tra-natur\/#primaryimage"},"thumbnailUrl":"https:\/\/i0.wp.com\/truusk.store\/wp-content\/uploads\/2024\/02\/bordsstafli-litet-staffli-1-lada-3-fack-massivt-tra-natur.webp?fit=800%2C800&ssl=1","datePublished":"2024-02-14T05:13:32+00:00","dateModified":"2026-03-12T08:28:14+00:00","breadcrumb":{"@id":"https:\/\/truusk.store\/sv\/produkt\/truusk-bordsstafli-liten-staffli-1-lada-3-fack-massivt-tra-natur\/#breadcrumb"},"inLanguage":"sv-SE","potentialAction":[{"@type":"ReadAction","target":["https:\/\/truusk.store\/sv\/produkt\/truusk-bordsstafli-liten-staffli-1-lada-3-fack-massivt-tra-natur\/"]}]},{"@type":"ImageObject","inLanguage":"sv-SE","@id":"https:\/\/truusk.store\/sv\/produkt\/truusk-bordsstafli-liten-staffli-1-lada-3-fack-massivt-tra-natur\/#primaryimage","url":"https:\/\/i0.wp.com\/truusk.store\/wp-content\/uploads\/2024\/02\/bordsstafli-litet-staffli-1-lada-3-fack-massivt-tra-natur.webp?fit=800%2C800&ssl=1","contentUrl":"https:\/\/i0.wp.com\/truusk.store\/wp-content\/uploads\/2024\/02\/bordsstafli-litet-staffli-1-lada-3-fack-massivt-tra-natur.webp?fit=800%2C800&ssl=1","width":800,"height":800,"caption":"Bordsstafli, Litet Staffli, 1 L\u00e5da, 3 Fack, Massivt Tr\u00e4, Natur 1"},{"@type":"BreadcrumbList","@id":"https:\/\/truusk.store\/sv\/produkt\/truusk-bordsstafli-liten-staffli-1-lada-3-fack-massivt-tra-natur\/#breadcrumb","itemListElement":[{"@type":"ListItem","position":1,"name":"Home","item":"https:\/\/truusk.store\/sv\/"},{"@type":"ListItem","position":2,"name":"Shop","item":"https:\/\/truusk.store\/shop\/"},{"@type":"ListItem","position":3,"name":"TRUUSK Bordsstafli &#8211; Liten staffli &#8211; 1 l\u00e5da &#8211; 3 fack &#8211; Massivt tr\u00e4 &#8211; Natur"}]},{"@type":"WebSite","@id":"https:\/\/truusk.store\/sv\/#website","url":"https:\/\/truusk.store\/sv\/","name":"TRUUSK - Hem, Tr\u00e4dg\u00e5rd & Fritid","description":"","publisher":{"@id":"https:\/\/truusk.store\/sv\/#organization"},"potentialAction":[{"@type":"SearchAction","target":{"@type":"EntryPoint","urlTemplate":"https:\/\/truusk.store\/sv\/?s={search_term_string}"},"query-input":{"@type":"PropertyValueSpecification","valueRequired":true,"valueName":"search_term_string"}}],"inLanguage":"sv-SE"},{"@type":"Organization","@id":"https:\/\/truusk.store\/sv\/#organization","name":"TRUUSK - Hem, Tr\u00e4dg\u00e5rd & Fritid","url":"https:\/\/truusk.store\/sv\/","logo":{"@type":"ImageObject","inLanguage":"sv-SE","@id":"https:\/\/truusk.store\/sv\/#\/schema\/logo\/image\/","url":"https:\/\/i0.wp.com\/truusk.store\/wp-content\/uploads\/2026\/03\/cropped-TRUUSK.png?fit=2032%2C917&ssl=1","contentUrl":"https:\/\/i0.wp.com\/truusk.store\/wp-content\/uploads\/2026\/03\/cropped-TRUUSK.png?fit=2032%2C917&ssl=1","width":2032,"height":917,"caption":"TRUUSK - Hem, Tr\u00e4dg\u00e5rd & Fritid"},"image":{"@id":"https:\/\/truusk.store\/sv\/#\/schema\/logo\/image\/"}}]}},"jetpack_sharing_enabled":true,"_links":{"self":[{"href":"https:\/\/truusk.store\/sv\/wp-json\/wp\/v2\/product\/45922","targetHints":{"allow":["GET"]}}],"collection":[{"href":"https:\/\/truusk.store\/sv\/wp-json\/wp\/v2\/product"}],"about":[{"href":"https:\/\/truusk.store\/sv\/wp-json\/wp\/v2\/types\/product"}],"wp:featuredmedia":[{"embeddable":true,"href":"https:\/\/truusk.store\/sv\/wp-json\/wp\/v2\/media\/45923"}],"wp:attachment":[{"href":"https:\/\/truusk.store\/sv\/wp-json\/wp\/v2\/media?parent=45922"}],"wp:term":[{"taxonomy":"product_brand","embeddable":true,"href":"https:\/\/truusk.store\/sv\/wp-json\/wp\/v2\/product_brand?post=45922"},{"taxonomy":"product_cat","embeddable":true,"href":"https:\/\/truusk.store\/sv\/wp-json\/wp\/v2\/product_cat?post=45922"},{"taxonomy":"product_tag","embeddable":true,"href":"https:\/\/truusk.store\/sv\/wp-json\/wp\/v2\/product_tag?post=45922"}],"curies":[{"name":"wp","href":"https:\/\/api.w.org\/{rel}","templated":true}]}}