{"id":45980,"date":"2024-02-14T06:15:58","date_gmt":"2024-02-14T05:15:58","guid":{"rendered":"https:\/\/truusk.store\/product\/katttrappa-5-delat-set-2-skrapstolpar-2-plattformar-med-plyschoverdrag-hangmatta-beige\/"},"modified":"2026-03-12T09:28:15","modified_gmt":"2026-03-12T08:28:15","slug":"truusk-katttrappa-5-delat-set-2-skrapstolpar-2-plattformar-med-plyschoverdrag-hangmatta-beige","status":"publish","type":"product","link":"https:\/\/truusk.store\/sv\/produkt\/truusk-katttrappa-5-delat-set-2-skrapstolpar-2-plattformar-med-plyschoverdrag-hangmatta-beige\/","title":{"rendered":"TRUUSK Katttrappa &#8211; 5-delat set &#8211; 2 skrapstolpar &#8211; 2 plattformar med plysch\u00f6verdrag &#8211; h\u00e4ngmatta &#8211; beige"},"content":{"rendered":"<p>Med denna katttrappa f\u00e5r ditt husdjur en trevlig, h\u00f6g plats att leka och koppla av. Trappsetet inneh\u00e5ller en h\u00e4ngmatta f\u00f6r tupplur, tv\u00e5 skrapstolpar f\u00f6r att v\u00e4ssa klor och hindra djur fr\u00e5n att komma till dina m\u00f6bler, och tv\u00e5 plattformar. Setet passar \u00e4ven f\u00f6r mindre rum d\u00e5 det inte tar upp n\u00e5gon golvyta: f\u00e4st det helt enkelt p\u00e5 v\u00e4ggen och h\u00e4pna \u00f6ver hur snabbt din katt kommer att k\u00e4nna sig hemma h\u00e4r.<\/p>\n<h3>Beskrivning:<\/h3>\n<ul>\n<li>Femdelat set med h\u00e4ngmatta, tv\u00e5 skrapstolpar och tv\u00e5 plattformar<\/li>\n<li>F\u00e4sts p\u00e5 v\u00e4ggen s\u00e5 att katter kan koppla av och leka h\u00f6gt upp<\/li>\n<li>Ett bra s\u00e4tt att utnyttja v\u00e4ggytan och frig\u00f6ra golvyta<\/li>\n<li>Skrapytor f\u00f6r att slipa klor s\u00e5 att din katt l\u00e4mnar dina m\u00f6bler ifred<\/li>\n<li>Tillverkad av slitstark sp\u00e5nskiva f\u00f6r h\u00f6g stabilitet och sp\u00e4nst<\/li>\n<li>Erbjuder din katt en h\u00f6g, lugn plats att dra sig tillbaka p\u00e5<\/li>\n<li>Montering kr\u00e4vs<\/li>\n<\/ul>\n<h3>Teknisk data:<\/h3>\n<ul>\n<li>F\u00e4rg beige<\/li>\n<li>Material: sp\u00e5nskiva, plysch (100% polyester), sisal<\/li>\n<li>Plattform: 44W x 22D x 28H cm<\/li>\n<li>Skrapstolpe: 12,5W x 15D x 54H cm<\/li>\n<li>H\u00e4ngmatta: 40W x 34D x 20H cm<\/li>\n<li>Rekommenderad vikt: upp till 5 kg<\/li>\n<li>Lastkapacitet: 6 kg (h\u00e4ngmatta), 8 kg (plattformar)<\/li>\n<li>Artikelnummer: D30-730V80BG<\/li>\n<\/ul>\n<h3>Leveransens omfattning:<\/h3>\n<ul>\n<li>1 x Katttrappupps\u00e4ttning<\/li>\n<li>1 x manuell<\/li>\n<\/ul>\n","protected":false},"excerpt":{"rendered":"<p>Med denna katttrappa f\u00e5r ditt husdjur en trevlig, h\u00f6g plats att leka och koppla av. Trappsetet inneh\u00e5ller en h\u00e4ngmatta f\u00f6r&#8230;<\/p>\n","protected":false},"featured_media":45981,"template":"","meta":[],"product_brand":[],"product_cat":[573,588,589],"product_tag":[],"class_list":{"0":"post-45980","1":"product","2":"type-product","3":"status-publish","4":"has-post-thumbnail","6":"product_cat-husdjursmaterial","7":"product_cat-katttillbehor","8":"product_cat-skrapande-inlagg","10":"first","11":"instock","12":"sale","13":"taxable","14":"shipping-taxable","15":"purchasable","16":"product-type-simple"},"yoast_head":"<!-- This site is optimized with the Yoast SEO plugin v25.4 - https:\/\/yoast.com\/wordpress\/plugins\/seo\/ -->\n<title>TRUUSK Katttrappa - 5-delat set - 2 skrapstolpar - 2 plattformar med plysch\u00f6verdrag - h\u00e4ngmatta - beige - TRUUSK - Hem, Tr\u00e4dg\u00e5rd &amp; Fritid<\/title>\n<meta name=\"robots\" content=\"index, follow, max-snippet:-1, max-image-preview:large, max-video-preview:-1\" \/>\n<link rel=\"canonical\" href=\"https:\/\/truusk.store\/sv\/produkt\/truusk-katttrappa-5-delat-set-2-skrapstolpar-2-plattformar-med-plyschoverdrag-hangmatta-beige\/\" \/>\n<meta property=\"og:locale\" content=\"sv_SE\" \/>\n<meta property=\"og:type\" content=\"article\" \/>\n<meta property=\"og:title\" content=\"TRUUSK Katttrappa - 5-delat set - 2 skrapstolpar - 2 plattformar med plysch\u00f6verdrag - h\u00e4ngmatta - beige - TRUUSK - Hem, Tr\u00e4dg\u00e5rd &amp; Fritid\" \/>\n<meta property=\"og:description\" content=\"Med denna katttrappa f\u00e5r ditt husdjur en trevlig, h\u00f6g plats att leka och koppla av. Trappsetet inneh\u00e5ller en h\u00e4ngmatta f\u00f6r...\" \/>\n<meta property=\"og:url\" content=\"https:\/\/truusk.store\/sv\/produkt\/truusk-katttrappa-5-delat-set-2-skrapstolpar-2-plattformar-med-plyschoverdrag-hangmatta-beige\/\" \/>\n<meta property=\"og:site_name\" content=\"TRUUSK - Hem, Tr\u00e4dg\u00e5rd &amp; Fritid\" \/>\n<meta property=\"article:modified_time\" content=\"2026-03-12T08:28:15+00:00\" \/>\n<meta property=\"og:image\" content=\"https:\/\/i0.wp.com\/truusk.se\/wp-content\/uploads\/2024\/02\/katttrappa-5-delat-set-2-skrapstolpar-2-plattformar-med-plyschoverdrag-hangmatta-beige.webp?fit=800%2C800&ssl=1\" \/>\n\t<meta property=\"og:image:width\" content=\"800\" \/>\n\t<meta property=\"og:image:height\" content=\"800\" \/>\n\t<meta property=\"og:image:type\" content=\"image\/webp\" \/>\n<meta name=\"twitter:card\" content=\"summary_large_image\" \/>\n<meta name=\"twitter:label1\" content=\"Ber\u00e4knad l\u00e4stid\" \/>\n\t<meta name=\"twitter:data1\" content=\"1 minut\" \/>\n<!-- \/ Yoast SEO plugin. -->","yoast_head_json":{"title":"TRUUSK Katttrappa - 5-delat set - 2 skrapstolpar - 2 plattformar med plysch\u00f6verdrag - h\u00e4ngmatta - beige - TRUUSK - Hem, Tr\u00e4dg\u00e5rd &amp; Fritid","robots":{"index":"index","follow":"follow","max-snippet":"max-snippet:-1","max-image-preview":"max-image-preview:large","max-video-preview":"max-video-preview:-1"},"canonical":"https:\/\/truusk.store\/sv\/produkt\/truusk-katttrappa-5-delat-set-2-skrapstolpar-2-plattformar-med-plyschoverdrag-hangmatta-beige\/","og_locale":"sv_SE","og_type":"article","og_title":"TRUUSK Katttrappa - 5-delat set - 2 skrapstolpar - 2 plattformar med plysch\u00f6verdrag - h\u00e4ngmatta - beige - TRUUSK - Hem, Tr\u00e4dg\u00e5rd &amp; Fritid","og_description":"Med denna katttrappa f\u00e5r ditt husdjur en trevlig, h\u00f6g plats att leka och koppla av. Trappsetet inneh\u00e5ller en h\u00e4ngmatta f\u00f6r...","og_url":"https:\/\/truusk.store\/sv\/produkt\/truusk-katttrappa-5-delat-set-2-skrapstolpar-2-plattformar-med-plyschoverdrag-hangmatta-beige\/","og_site_name":"TRUUSK - Hem, Tr\u00e4dg\u00e5rd &amp; Fritid","article_modified_time":"2026-03-12T08:28:15+00:00","og_image":[{"width":800,"height":800,"url":"https:\/\/i0.wp.com\/truusk.se\/wp-content\/uploads\/2024\/02\/katttrappa-5-delat-set-2-skrapstolpar-2-plattformar-med-plyschoverdrag-hangmatta-beige.webp?fit=800%2C800&ssl=1","type":"image\/webp"}],"twitter_card":"summary_large_image","twitter_misc":{"Ber\u00e4knad l\u00e4stid":"1 minut"},"schema":{"@context":"https:\/\/schema.org","@graph":[{"@type":"WebPage","@id":"https:\/\/truusk.store\/sv\/produkt\/truusk-katttrappa-5-delat-set-2-skrapstolpar-2-plattformar-med-plyschoverdrag-hangmatta-beige\/","url":"https:\/\/truusk.store\/sv\/produkt\/truusk-katttrappa-5-delat-set-2-skrapstolpar-2-plattformar-med-plyschoverdrag-hangmatta-beige\/","name":"TRUUSK Katttrappa - 5-delat set - 2 skrapstolpar - 2 plattformar med plysch\u00f6verdrag - h\u00e4ngmatta - beige - TRUUSK - Hem, Tr\u00e4dg\u00e5rd &amp; Fritid","isPartOf":{"@id":"https:\/\/truusk.store\/sv\/#website"},"primaryImageOfPage":{"@id":"https:\/\/truusk.store\/sv\/produkt\/truusk-katttrappa-5-delat-set-2-skrapstolpar-2-plattformar-med-plyschoverdrag-hangmatta-beige\/#primaryimage"},"image":{"@id":"https:\/\/truusk.store\/sv\/produkt\/truusk-katttrappa-5-delat-set-2-skrapstolpar-2-plattformar-med-plyschoverdrag-hangmatta-beige\/#primaryimage"},"thumbnailUrl":"https:\/\/i0.wp.com\/truusk.store\/wp-content\/uploads\/2024\/02\/katttrappa-5-delat-set-2-skrapstolpar-2-plattformar-med-plyschoverdrag-hangmatta-beige.webp?fit=800%2C800&ssl=1","datePublished":"2024-02-14T05:15:58+00:00","dateModified":"2026-03-12T08:28:15+00:00","breadcrumb":{"@id":"https:\/\/truusk.store\/sv\/produkt\/truusk-katttrappa-5-delat-set-2-skrapstolpar-2-plattformar-med-plyschoverdrag-hangmatta-beige\/#breadcrumb"},"inLanguage":"sv-SE","potentialAction":[{"@type":"ReadAction","target":["https:\/\/truusk.store\/sv\/produkt\/truusk-katttrappa-5-delat-set-2-skrapstolpar-2-plattformar-med-plyschoverdrag-hangmatta-beige\/"]}]},{"@type":"ImageObject","inLanguage":"sv-SE","@id":"https:\/\/truusk.store\/sv\/produkt\/truusk-katttrappa-5-delat-set-2-skrapstolpar-2-plattformar-med-plyschoverdrag-hangmatta-beige\/#primaryimage","url":"https:\/\/i0.wp.com\/truusk.store\/wp-content\/uploads\/2024\/02\/katttrappa-5-delat-set-2-skrapstolpar-2-plattformar-med-plyschoverdrag-hangmatta-beige.webp?fit=800%2C800&ssl=1","contentUrl":"https:\/\/i0.wp.com\/truusk.store\/wp-content\/uploads\/2024\/02\/katttrappa-5-delat-set-2-skrapstolpar-2-plattformar-med-plyschoverdrag-hangmatta-beige.webp?fit=800%2C800&ssl=1","width":800,"height":800,"caption":"Katttrappa, 5-delat Set, 2 Skrapstolpar, 2 Plattformar Med Plysch\u00f6verdrag, H\u00e4ngmatta, Beige 1"},{"@type":"BreadcrumbList","@id":"https:\/\/truusk.store\/sv\/produkt\/truusk-katttrappa-5-delat-set-2-skrapstolpar-2-plattformar-med-plyschoverdrag-hangmatta-beige\/#breadcrumb","itemListElement":[{"@type":"ListItem","position":1,"name":"Home","item":"https:\/\/truusk.store\/sv\/"},{"@type":"ListItem","position":2,"name":"Shop","item":"https:\/\/truusk.store\/shop\/"},{"@type":"ListItem","position":3,"name":"TRUUSK Katttrappa &#8211; 5-delat set &#8211; 2 skrapstolpar &#8211; 2 plattformar med plysch\u00f6verdrag &#8211; h\u00e4ngmatta &#8211; beige"}]},{"@type":"WebSite","@id":"https:\/\/truusk.store\/sv\/#website","url":"https:\/\/truusk.store\/sv\/","name":"TRUUSK - Hem, Tr\u00e4dg\u00e5rd & Fritid","description":"","publisher":{"@id":"https:\/\/truusk.store\/sv\/#organization"},"potentialAction":[{"@type":"SearchAction","target":{"@type":"EntryPoint","urlTemplate":"https:\/\/truusk.store\/sv\/?s={search_term_string}"},"query-input":{"@type":"PropertyValueSpecification","valueRequired":true,"valueName":"search_term_string"}}],"inLanguage":"sv-SE"},{"@type":"Organization","@id":"https:\/\/truusk.store\/sv\/#organization","name":"TRUUSK - Hem, Tr\u00e4dg\u00e5rd & Fritid","url":"https:\/\/truusk.store\/sv\/","logo":{"@type":"ImageObject","inLanguage":"sv-SE","@id":"https:\/\/truusk.store\/sv\/#\/schema\/logo\/image\/","url":"https:\/\/i0.wp.com\/truusk.store\/wp-content\/uploads\/2026\/03\/cropped-TRUUSK.png?fit=2032%2C917&ssl=1","contentUrl":"https:\/\/i0.wp.com\/truusk.store\/wp-content\/uploads\/2026\/03\/cropped-TRUUSK.png?fit=2032%2C917&ssl=1","width":2032,"height":917,"caption":"TRUUSK - Hem, Tr\u00e4dg\u00e5rd & Fritid"},"image":{"@id":"https:\/\/truusk.store\/sv\/#\/schema\/logo\/image\/"}}]}},"jetpack_sharing_enabled":true,"_links":{"self":[{"href":"https:\/\/truusk.store\/sv\/wp-json\/wp\/v2\/product\/45980","targetHints":{"allow":["GET"]}}],"collection":[{"href":"https:\/\/truusk.store\/sv\/wp-json\/wp\/v2\/product"}],"about":[{"href":"https:\/\/truusk.store\/sv\/wp-json\/wp\/v2\/types\/product"}],"wp:featuredmedia":[{"embeddable":true,"href":"https:\/\/truusk.store\/sv\/wp-json\/wp\/v2\/media\/45981"}],"wp:attachment":[{"href":"https:\/\/truusk.store\/sv\/wp-json\/wp\/v2\/media?parent=45980"}],"wp:term":[{"taxonomy":"product_brand","embeddable":true,"href":"https:\/\/truusk.store\/sv\/wp-json\/wp\/v2\/product_brand?post=45980"},{"taxonomy":"product_cat","embeddable":true,"href":"https:\/\/truusk.store\/sv\/wp-json\/wp\/v2\/product_cat?post=45980"},{"taxonomy":"product_tag","embeddable":true,"href":"https:\/\/truusk.store\/sv\/wp-json\/wp\/v2\/product_tag?post=45980"}],"curies":[{"name":"wp","href":"https:\/\/api.w.org\/{rel}","templated":true}]}}