{"id":46069,"date":"2024-02-14T06:19:25","date_gmt":"2024-02-14T05:19:25","guid":{"rendered":"https:\/\/truusk.store\/product\/skrapstolpe-katttrad-kattgrotta-1-kattgrotta-1-liggyta-70-cm-x-49-cm-x-79-cm-natur-vit\/"},"modified":"2026-03-12T09:28:20","modified_gmt":"2026-03-12T08:28:20","slug":"truusk-katttrad-med-skrapstolpe-natur-och-vit-kattgrotta-och-liggyta-70x49x79-cm-robust-och-stabil","status":"publish","type":"product","link":"https:\/\/truusk.store\/sv\/produkt\/truusk-katttrad-med-skrapstolpe-natur-och-vit-kattgrotta-och-liggyta-70x49x79-cm-robust-och-stabil\/","title":{"rendered":"TRUUSK Katttr\u00e4d med Skrapstolpe &#8211; Natur och Vit &#8211; Kattgrotta och Liggyta &#8211; 70x49x79 cm &#8211; Robust och Stabil"},"content":{"rendered":"<p>Avkoppling och lek p\u00e5 ett st\u00e4lle med detta katttr\u00e4d. Den har ett katthus, en kattb\u00e4dd och skrapstolpar &#8211; en plats som du kan anv\u00e4nda f\u00f6r olika aktiviteter dag och natt. Kl\u00e4ttertornets skrapstolpar i jute g\u00f6r att de kan slipa klorna och skydda dina m\u00f6bler. T\u00e4ckt med mjuk kashmirimitation och gott om plats f\u00f6r komfort. Tillverkad av sp\u00e5nskiva och en robust grund f\u00f6r stabilitet och s\u00e4kerhet.<\/p>\n<h3>Beskrivning:<\/h3>\n<ul>\n<li>Inneh\u00e5ller ett katthus, katts\u00e4ng och skrapstolpar f\u00f6r m\u00e5ngsidig lek<\/li>\n<li>Inlindad i jute, perfekt f\u00f6r att slipa klor och skydda m\u00f6bler<\/li>\n<li>Kl\u00e4dd med mjukt och bekv\u00e4mt tyg f\u00f6r mysighet<\/li>\n<li>Kattskrapstolpen \u00e4r gjord av sp\u00e5nskiva och en stadig bas f\u00f6r l\u00e5ng livsl\u00e4ngd och s\u00e4kerhet<\/li>\n<li>Stort katthus och katttr\u00e4d kattb\u00e4dd f\u00f6r stora och starka katter<\/li>\n<li>L\u00e4mplig f\u00f6r stora katter upp till 8 kg<\/li>\n<li>Montering kr\u00e4vs<\/li>\n<\/ul>\n<h3>Teknisk data:<\/h3>\n<ul>\n<li>F\u00e4rg: Brun+Vit<\/li>\n<li>Material: sp\u00e5nskiva, jute, kashmirimitation (70% polyester, 30% nitril), linne<\/li>\n<li>\u00d6vergripande m\u00e5tt: 70L x 49W x 79H cm<\/li>\n<li>Katthus: 36 x 24H cm<\/li>\n<li>Kattgrotta: 17,5L x 17H cm<\/li>\n<li>Kattb\u00e4dd: 60L x 40W x 9,5Hcm (Totalt), 58,5L x 37W x 8Hcm (Inuti)<\/li>\n<li>Skrapstolpe: 9,1 cm<\/li>\n<li>Basstorlek: 70L x 49W cm<\/li>\n<li>Max viktkapacitet: 15 kg<\/li>\n<\/ul>\n<h3>Leveransens omfattning:<\/h3>\n<ul>\n<li>1 x skrapstolpe<\/li>\n<li>1 x manuell<\/li>\n<\/ul>\n","protected":false},"excerpt":{"rendered":"<p>Avkoppling och lek p\u00e5 ett st\u00e4lle med detta katttr\u00e4d. Den har ett katthus, en kattb\u00e4dd och skrapstolpar &#8211; en plats&#8230;<\/p>\n","protected":false},"featured_media":46070,"template":"","meta":[],"product_brand":[],"product_cat":[573,588,589],"product_tag":[],"class_list":{"0":"post-46069","1":"product","2":"type-product","3":"status-publish","4":"has-post-thumbnail","6":"product_cat-husdjursmaterial","7":"product_cat-katttillbehor","8":"product_cat-skrapande-inlagg","10":"first","11":"instock","12":"sale","13":"taxable","14":"shipping-taxable","15":"purchasable","16":"product-type-simple"},"yoast_head":"<!-- This site is optimized with the Yoast SEO plugin v25.4 - https:\/\/yoast.com\/wordpress\/plugins\/seo\/ -->\n<title>TRUUSK Katttr\u00e4d med Skrapstolpe - Natur och Vit - Kattgrotta och Liggyta - 70x49x79 cm - Robust och Stabil - TRUUSK - Hem, Tr\u00e4dg\u00e5rd &amp; Fritid<\/title>\n<meta name=\"robots\" content=\"index, follow, max-snippet:-1, max-image-preview:large, max-video-preview:-1\" \/>\n<link rel=\"canonical\" href=\"https:\/\/truusk.store\/sv\/produkt\/truusk-katttrad-med-skrapstolpe-natur-och-vit-kattgrotta-och-liggyta-70x49x79-cm-robust-och-stabil\/\" \/>\n<meta property=\"og:locale\" content=\"sv_SE\" \/>\n<meta property=\"og:type\" content=\"article\" \/>\n<meta property=\"og:title\" content=\"TRUUSK Katttr\u00e4d med Skrapstolpe - Natur och Vit - Kattgrotta och Liggyta - 70x49x79 cm - Robust och Stabil - TRUUSK - Hem, Tr\u00e4dg\u00e5rd &amp; Fritid\" \/>\n<meta property=\"og:description\" content=\"Avkoppling och lek p\u00e5 ett st\u00e4lle med detta katttr\u00e4d. Den har ett katthus, en kattb\u00e4dd och skrapstolpar &#8211; en plats...\" \/>\n<meta property=\"og:url\" content=\"https:\/\/truusk.store\/sv\/produkt\/truusk-katttrad-med-skrapstolpe-natur-och-vit-kattgrotta-och-liggyta-70x49x79-cm-robust-och-stabil\/\" \/>\n<meta property=\"og:site_name\" content=\"TRUUSK - Hem, Tr\u00e4dg\u00e5rd &amp; Fritid\" \/>\n<meta property=\"article:modified_time\" content=\"2026-03-12T08:28:20+00:00\" \/>\n<meta property=\"og:image\" content=\"https:\/\/i0.wp.com\/truusk.se\/wp-content\/uploads\/2024\/02\/skrapstolpe-katttrad-kattgrotta-1-kattgrotta-1-liggyta-70-cm-x-49-cm-x-79-cm-natur-vit.webp?fit=800%2C800&ssl=1\" \/>\n\t<meta property=\"og:image:width\" content=\"800\" \/>\n\t<meta property=\"og:image:height\" content=\"800\" \/>\n\t<meta property=\"og:image:type\" content=\"image\/webp\" \/>\n<meta name=\"twitter:card\" content=\"summary_large_image\" \/>\n<meta name=\"twitter:label1\" content=\"Ber\u00e4knad l\u00e4stid\" \/>\n\t<meta name=\"twitter:data1\" content=\"1 minut\" \/>\n<!-- \/ Yoast SEO plugin. -->","yoast_head_json":{"title":"TRUUSK Katttr\u00e4d med Skrapstolpe - Natur och Vit - Kattgrotta och Liggyta - 70x49x79 cm - Robust och Stabil - TRUUSK - Hem, Tr\u00e4dg\u00e5rd &amp; Fritid","robots":{"index":"index","follow":"follow","max-snippet":"max-snippet:-1","max-image-preview":"max-image-preview:large","max-video-preview":"max-video-preview:-1"},"canonical":"https:\/\/truusk.store\/sv\/produkt\/truusk-katttrad-med-skrapstolpe-natur-och-vit-kattgrotta-och-liggyta-70x49x79-cm-robust-och-stabil\/","og_locale":"sv_SE","og_type":"article","og_title":"TRUUSK Katttr\u00e4d med Skrapstolpe - Natur och Vit - Kattgrotta och Liggyta - 70x49x79 cm - Robust och Stabil - TRUUSK - Hem, Tr\u00e4dg\u00e5rd &amp; Fritid","og_description":"Avkoppling och lek p\u00e5 ett st\u00e4lle med detta katttr\u00e4d. Den har ett katthus, en kattb\u00e4dd och skrapstolpar &#8211; en plats...","og_url":"https:\/\/truusk.store\/sv\/produkt\/truusk-katttrad-med-skrapstolpe-natur-och-vit-kattgrotta-och-liggyta-70x49x79-cm-robust-och-stabil\/","og_site_name":"TRUUSK - Hem, Tr\u00e4dg\u00e5rd &amp; Fritid","article_modified_time":"2026-03-12T08:28:20+00:00","og_image":[{"width":800,"height":800,"url":"https:\/\/i0.wp.com\/truusk.se\/wp-content\/uploads\/2024\/02\/skrapstolpe-katttrad-kattgrotta-1-kattgrotta-1-liggyta-70-cm-x-49-cm-x-79-cm-natur-vit.webp?fit=800%2C800&ssl=1","type":"image\/webp"}],"twitter_card":"summary_large_image","twitter_misc":{"Ber\u00e4knad l\u00e4stid":"1 minut"},"schema":{"@context":"https:\/\/schema.org","@graph":[{"@type":"WebPage","@id":"https:\/\/truusk.store\/sv\/produkt\/truusk-katttrad-med-skrapstolpe-natur-och-vit-kattgrotta-och-liggyta-70x49x79-cm-robust-och-stabil\/","url":"https:\/\/truusk.store\/sv\/produkt\/truusk-katttrad-med-skrapstolpe-natur-och-vit-kattgrotta-och-liggyta-70x49x79-cm-robust-och-stabil\/","name":"TRUUSK Katttr\u00e4d med Skrapstolpe - Natur och Vit - Kattgrotta och Liggyta - 70x49x79 cm - Robust och Stabil - TRUUSK - Hem, Tr\u00e4dg\u00e5rd &amp; Fritid","isPartOf":{"@id":"https:\/\/truusk.store\/sv\/#website"},"primaryImageOfPage":{"@id":"https:\/\/truusk.store\/sv\/produkt\/truusk-katttrad-med-skrapstolpe-natur-och-vit-kattgrotta-och-liggyta-70x49x79-cm-robust-och-stabil\/#primaryimage"},"image":{"@id":"https:\/\/truusk.store\/sv\/produkt\/truusk-katttrad-med-skrapstolpe-natur-och-vit-kattgrotta-och-liggyta-70x49x79-cm-robust-och-stabil\/#primaryimage"},"thumbnailUrl":"https:\/\/i0.wp.com\/truusk.store\/wp-content\/uploads\/2024\/02\/skrapstolpe-katttrad-kattgrotta-1-kattgrotta-1-liggyta-70-cm-x-49-cm-x-79-cm-natur-vit.webp?fit=800%2C800&ssl=1","datePublished":"2024-02-14T05:19:25+00:00","dateModified":"2026-03-12T08:28:20+00:00","breadcrumb":{"@id":"https:\/\/truusk.store\/sv\/produkt\/truusk-katttrad-med-skrapstolpe-natur-och-vit-kattgrotta-och-liggyta-70x49x79-cm-robust-och-stabil\/#breadcrumb"},"inLanguage":"sv-SE","potentialAction":[{"@type":"ReadAction","target":["https:\/\/truusk.store\/sv\/produkt\/truusk-katttrad-med-skrapstolpe-natur-och-vit-kattgrotta-och-liggyta-70x49x79-cm-robust-och-stabil\/"]}]},{"@type":"ImageObject","inLanguage":"sv-SE","@id":"https:\/\/truusk.store\/sv\/produkt\/truusk-katttrad-med-skrapstolpe-natur-och-vit-kattgrotta-och-liggyta-70x49x79-cm-robust-och-stabil\/#primaryimage","url":"https:\/\/i0.wp.com\/truusk.store\/wp-content\/uploads\/2024\/02\/skrapstolpe-katttrad-kattgrotta-1-kattgrotta-1-liggyta-70-cm-x-49-cm-x-79-cm-natur-vit.webp?fit=800%2C800&ssl=1","contentUrl":"https:\/\/i0.wp.com\/truusk.store\/wp-content\/uploads\/2024\/02\/skrapstolpe-katttrad-kattgrotta-1-kattgrotta-1-liggyta-70-cm-x-49-cm-x-79-cm-natur-vit.webp?fit=800%2C800&ssl=1","width":800,"height":800,"caption":"Skrapstolpe, Katttr\u00e4d, Kattgrotta, 1 Kattgrotta, 1 Liggyta, 70 Cm X 49 Cm X 79 Cm, Natur + Vit 1"},{"@type":"BreadcrumbList","@id":"https:\/\/truusk.store\/sv\/produkt\/truusk-katttrad-med-skrapstolpe-natur-och-vit-kattgrotta-och-liggyta-70x49x79-cm-robust-och-stabil\/#breadcrumb","itemListElement":[{"@type":"ListItem","position":1,"name":"Home","item":"https:\/\/truusk.store\/sv\/"},{"@type":"ListItem","position":2,"name":"Shop","item":"https:\/\/truusk.store\/shop\/"},{"@type":"ListItem","position":3,"name":"TRUUSK Katttr\u00e4d med Skrapstolpe &#8211; Natur och Vit &#8211; Kattgrotta och Liggyta &#8211; 70x49x79 cm &#8211; Robust och Stabil"}]},{"@type":"WebSite","@id":"https:\/\/truusk.store\/sv\/#website","url":"https:\/\/truusk.store\/sv\/","name":"TRUUSK - Hem, Tr\u00e4dg\u00e5rd & Fritid","description":"","publisher":{"@id":"https:\/\/truusk.store\/sv\/#organization"},"potentialAction":[{"@type":"SearchAction","target":{"@type":"EntryPoint","urlTemplate":"https:\/\/truusk.store\/sv\/?s={search_term_string}"},"query-input":{"@type":"PropertyValueSpecification","valueRequired":true,"valueName":"search_term_string"}}],"inLanguage":"sv-SE"},{"@type":"Organization","@id":"https:\/\/truusk.store\/sv\/#organization","name":"TRUUSK - Hem, Tr\u00e4dg\u00e5rd & Fritid","url":"https:\/\/truusk.store\/sv\/","logo":{"@type":"ImageObject","inLanguage":"sv-SE","@id":"https:\/\/truusk.store\/sv\/#\/schema\/logo\/image\/","url":"https:\/\/i0.wp.com\/truusk.store\/wp-content\/uploads\/2026\/03\/cropped-TRUUSK.png?fit=2032%2C917&ssl=1","contentUrl":"https:\/\/i0.wp.com\/truusk.store\/wp-content\/uploads\/2026\/03\/cropped-TRUUSK.png?fit=2032%2C917&ssl=1","width":2032,"height":917,"caption":"TRUUSK - Hem, Tr\u00e4dg\u00e5rd & Fritid"},"image":{"@id":"https:\/\/truusk.store\/sv\/#\/schema\/logo\/image\/"}}]}},"jetpack_sharing_enabled":true,"_links":{"self":[{"href":"https:\/\/truusk.store\/sv\/wp-json\/wp\/v2\/product\/46069","targetHints":{"allow":["GET"]}}],"collection":[{"href":"https:\/\/truusk.store\/sv\/wp-json\/wp\/v2\/product"}],"about":[{"href":"https:\/\/truusk.store\/sv\/wp-json\/wp\/v2\/types\/product"}],"wp:featuredmedia":[{"embeddable":true,"href":"https:\/\/truusk.store\/sv\/wp-json\/wp\/v2\/media\/46070"}],"wp:attachment":[{"href":"https:\/\/truusk.store\/sv\/wp-json\/wp\/v2\/media?parent=46069"}],"wp:term":[{"taxonomy":"product_brand","embeddable":true,"href":"https:\/\/truusk.store\/sv\/wp-json\/wp\/v2\/product_brand?post=46069"},{"taxonomy":"product_cat","embeddable":true,"href":"https:\/\/truusk.store\/sv\/wp-json\/wp\/v2\/product_cat?post=46069"},{"taxonomy":"product_tag","embeddable":true,"href":"https:\/\/truusk.store\/sv\/wp-json\/wp\/v2\/product_tag?post=46069"}],"curies":[{"name":"wp","href":"https:\/\/api.w.org\/{rel}","templated":true}]}}