{"id":46094,"date":"2024-02-14T06:20:21","date_gmt":"2024-02-14T05:20:21","guid":{"rendered":"https:\/\/truusk.store\/product\/husdjurstrappa-hundtrappa-3-steg-liten-hund-385-cm-x-385-cm-x-30-cm-ek-svart\/"},"modified":"2026-03-12T09:28:21","modified_gmt":"2026-03-12T08:28:21","slug":"truusk-hundtrappa-3-steg-liten-och-stabil-ek-svart-perfekt-for-sma-hundar-385-cm-x-385-cm-x-30-cm","status":"publish","type":"product","link":"https:\/\/truusk.store\/sv\/produkt\/truusk-hundtrappa-3-steg-liten-och-stabil-ek-svart-perfekt-for-sma-hundar-385-cm-x-385-cm-x-30-cm\/","title":{"rendered":"TRUUSK Hundtrappa 3 Steg &#8211; Liten och Stabil &#8211; Ek\/Svart &#8211; Perfekt f\u00f6r Sm\u00e5 Hundar &#8211; 38,5 cm x 38,5 cm x 30 cm"},"content":{"rendered":"<p>Upplev ultimat komfort med v\u00e5ra eleganta och snygga trappor f\u00f6r husdjur. Dessa hundtrappor \u00e4r designade med 3 steg och erbjuder en s\u00e4ker och elegant l\u00f6sning f\u00f6r att hj\u00e4lpa dina lurviga v\u00e4nner att enkelt n\u00e5 h\u00f6gre platser. Deras l\u00e4tta design m\u00f6jligg\u00f6r enkel portabilitet och enkel omdesign. Fr\u00e4mja ditt husdjurs sj\u00e4lvst\u00e4ndighet och \u00f6ka deras v\u00e4lbefinnande med v\u00e5ra viktiga husdjurstrappor.<\/p>\n<h3>Beskrivning:<\/h3>\n<ul>\n<li>Halkfria fotkuddar och sidor\u00e4cken p\u00e5 katttrappan f\u00f6r \u00f6kad s\u00e4kerhet<\/li>\n<li>L\u00e4tt design g\u00f6r den l\u00e4tt att flytta<\/li>\n<li>Snygg m\u00f6beldesign av husdjurstrappor f\u00f6r att matcha heminredning<\/li>\n<li>Ger ett s\u00e4kert s\u00e4tt f\u00f6r husdjur att n\u00e5 h\u00f6ga omr\u00e5den<\/li>\n<li>L\u00e4mplig f\u00f6r sm\u00e5 hundar upp till 10 kg och 35 cm kroppsl\u00e4ngd<\/li>\n<li>Snabb och problemfri installation av hundrampen, s\u00e4tt upp p\u00e5 bara 5 minuter<\/li>\n<\/ul>\n<h3>Teknisk data:<\/h3>\n<ul>\n<li>F\u00e4rg: ek<\/li>\n<li>Material: sp\u00e5nskiva, matta tyg 100% polyester)<\/li>\n<li>\u00d6vergripande m\u00e5tt: 38,5L x 38,5W x 30H cm<\/li>\n<li>Slitbanans storlek: 35L x 13,5W cm. H\u00f6jd nedifr\u00e5n och upp: 11,5 cm, 19,5 cm, 29 cm<\/li>\n<li>M\u00e5tt p\u00e5 sidov\u00e4ggen: 38,5W x 30H cm<\/li>\n<\/ul>\n<h3>Leveransens omfattning:<\/h3>\n<ul>\n<li>1 x Hundtrappa<\/li>\n<li>1 x manuell<\/li>\n<\/ul>\n","protected":false},"excerpt":{"rendered":"<p>Upplev ultimat komfort med v\u00e5ra eleganta och snygga trappor f\u00f6r husdjur. Dessa hundtrappor \u00e4r designade med 3 steg och erbjuder&#8230;<\/p>\n","protected":false},"featured_media":46095,"template":"","meta":[],"product_brand":[],"product_cat":[574,586,573],"product_tag":[],"class_list":{"0":"post-46094","1":"product","2":"type-product","3":"status-publish","4":"has-post-thumbnail","6":"product_cat-hundtillbehor","7":"product_cat-hundtrappa","8":"product_cat-husdjursmaterial","10":"first","11":"instock","12":"sale","13":"taxable","14":"shipping-taxable","15":"purchasable","16":"product-type-simple"},"yoast_head":"<!-- This site is optimized with the Yoast SEO plugin v25.4 - https:\/\/yoast.com\/wordpress\/plugins\/seo\/ -->\n<title>TRUUSK Hundtrappa 3 Steg - Liten och Stabil - Ek\/Svart - Perfekt f\u00f6r Sm\u00e5 Hundar - 38,5 cm x 38,5 cm x 30 cm - TRUUSK - Hem, Tr\u00e4dg\u00e5rd &amp; Fritid<\/title>\n<meta name=\"robots\" content=\"index, follow, max-snippet:-1, max-image-preview:large, max-video-preview:-1\" \/>\n<link rel=\"canonical\" href=\"https:\/\/truusk.store\/sv\/produkt\/truusk-hundtrappa-3-steg-liten-och-stabil-ek-svart-perfekt-for-sma-hundar-385-cm-x-385-cm-x-30-cm\/\" \/>\n<meta property=\"og:locale\" content=\"sv_SE\" \/>\n<meta property=\"og:type\" content=\"article\" \/>\n<meta property=\"og:title\" content=\"TRUUSK Hundtrappa 3 Steg - Liten och Stabil - Ek\/Svart - Perfekt f\u00f6r Sm\u00e5 Hundar - 38,5 cm x 38,5 cm x 30 cm - TRUUSK - Hem, Tr\u00e4dg\u00e5rd &amp; Fritid\" \/>\n<meta property=\"og:description\" content=\"Upplev ultimat komfort med v\u00e5ra eleganta och snygga trappor f\u00f6r husdjur. Dessa hundtrappor \u00e4r designade med 3 steg och erbjuder...\" \/>\n<meta property=\"og:url\" content=\"https:\/\/truusk.store\/sv\/produkt\/truusk-hundtrappa-3-steg-liten-och-stabil-ek-svart-perfekt-for-sma-hundar-385-cm-x-385-cm-x-30-cm\/\" \/>\n<meta property=\"og:site_name\" content=\"TRUUSK - Hem, Tr\u00e4dg\u00e5rd &amp; Fritid\" \/>\n<meta property=\"article:modified_time\" content=\"2026-03-12T08:28:21+00:00\" \/>\n<meta property=\"og:image\" content=\"https:\/\/i0.wp.com\/truusk.se\/wp-content\/uploads\/2024\/02\/husdjurstrappa-hundtrappa-3-steg-liten-hund-385-cm-x-385-cm-x-30-cm-ek-svart.webp?fit=800%2C800&ssl=1\" \/>\n\t<meta property=\"og:image:width\" content=\"800\" \/>\n\t<meta property=\"og:image:height\" content=\"800\" \/>\n\t<meta property=\"og:image:type\" content=\"image\/webp\" \/>\n<meta name=\"twitter:card\" content=\"summary_large_image\" \/>\n<meta name=\"twitter:label1\" content=\"Ber\u00e4knad l\u00e4stid\" \/>\n\t<meta name=\"twitter:data1\" content=\"1 minut\" \/>\n<!-- \/ Yoast SEO plugin. -->","yoast_head_json":{"title":"TRUUSK Hundtrappa 3 Steg - Liten och Stabil - Ek\/Svart - Perfekt f\u00f6r Sm\u00e5 Hundar - 38,5 cm x 38,5 cm x 30 cm - TRUUSK - Hem, Tr\u00e4dg\u00e5rd &amp; Fritid","robots":{"index":"index","follow":"follow","max-snippet":"max-snippet:-1","max-image-preview":"max-image-preview:large","max-video-preview":"max-video-preview:-1"},"canonical":"https:\/\/truusk.store\/sv\/produkt\/truusk-hundtrappa-3-steg-liten-och-stabil-ek-svart-perfekt-for-sma-hundar-385-cm-x-385-cm-x-30-cm\/","og_locale":"sv_SE","og_type":"article","og_title":"TRUUSK Hundtrappa 3 Steg - Liten och Stabil - Ek\/Svart - Perfekt f\u00f6r Sm\u00e5 Hundar - 38,5 cm x 38,5 cm x 30 cm - TRUUSK - Hem, Tr\u00e4dg\u00e5rd &amp; Fritid","og_description":"Upplev ultimat komfort med v\u00e5ra eleganta och snygga trappor f\u00f6r husdjur. Dessa hundtrappor \u00e4r designade med 3 steg och erbjuder...","og_url":"https:\/\/truusk.store\/sv\/produkt\/truusk-hundtrappa-3-steg-liten-och-stabil-ek-svart-perfekt-for-sma-hundar-385-cm-x-385-cm-x-30-cm\/","og_site_name":"TRUUSK - Hem, Tr\u00e4dg\u00e5rd &amp; Fritid","article_modified_time":"2026-03-12T08:28:21+00:00","og_image":[{"width":800,"height":800,"url":"https:\/\/i0.wp.com\/truusk.se\/wp-content\/uploads\/2024\/02\/husdjurstrappa-hundtrappa-3-steg-liten-hund-385-cm-x-385-cm-x-30-cm-ek-svart.webp?fit=800%2C800&ssl=1","type":"image\/webp"}],"twitter_card":"summary_large_image","twitter_misc":{"Ber\u00e4knad l\u00e4stid":"1 minut"},"schema":{"@context":"https:\/\/schema.org","@graph":[{"@type":"WebPage","@id":"https:\/\/truusk.store\/sv\/produkt\/truusk-hundtrappa-3-steg-liten-och-stabil-ek-svart-perfekt-for-sma-hundar-385-cm-x-385-cm-x-30-cm\/","url":"https:\/\/truusk.store\/sv\/produkt\/truusk-hundtrappa-3-steg-liten-och-stabil-ek-svart-perfekt-for-sma-hundar-385-cm-x-385-cm-x-30-cm\/","name":"TRUUSK Hundtrappa 3 Steg - Liten och Stabil - Ek\/Svart - Perfekt f\u00f6r Sm\u00e5 Hundar - 38,5 cm x 38,5 cm x 30 cm - TRUUSK - Hem, Tr\u00e4dg\u00e5rd &amp; Fritid","isPartOf":{"@id":"https:\/\/truusk.store\/sv\/#website"},"primaryImageOfPage":{"@id":"https:\/\/truusk.store\/sv\/produkt\/truusk-hundtrappa-3-steg-liten-och-stabil-ek-svart-perfekt-for-sma-hundar-385-cm-x-385-cm-x-30-cm\/#primaryimage"},"image":{"@id":"https:\/\/truusk.store\/sv\/produkt\/truusk-hundtrappa-3-steg-liten-och-stabil-ek-svart-perfekt-for-sma-hundar-385-cm-x-385-cm-x-30-cm\/#primaryimage"},"thumbnailUrl":"https:\/\/i0.wp.com\/truusk.store\/wp-content\/uploads\/2024\/02\/husdjurstrappa-hundtrappa-3-steg-liten-hund-385-cm-x-385-cm-x-30-cm-ek-svart.webp?fit=800%2C800&ssl=1","datePublished":"2024-02-14T05:20:21+00:00","dateModified":"2026-03-12T08:28:21+00:00","breadcrumb":{"@id":"https:\/\/truusk.store\/sv\/produkt\/truusk-hundtrappa-3-steg-liten-och-stabil-ek-svart-perfekt-for-sma-hundar-385-cm-x-385-cm-x-30-cm\/#breadcrumb"},"inLanguage":"sv-SE","potentialAction":[{"@type":"ReadAction","target":["https:\/\/truusk.store\/sv\/produkt\/truusk-hundtrappa-3-steg-liten-och-stabil-ek-svart-perfekt-for-sma-hundar-385-cm-x-385-cm-x-30-cm\/"]}]},{"@type":"ImageObject","inLanguage":"sv-SE","@id":"https:\/\/truusk.store\/sv\/produkt\/truusk-hundtrappa-3-steg-liten-och-stabil-ek-svart-perfekt-for-sma-hundar-385-cm-x-385-cm-x-30-cm\/#primaryimage","url":"https:\/\/i0.wp.com\/truusk.store\/wp-content\/uploads\/2024\/02\/husdjurstrappa-hundtrappa-3-steg-liten-hund-385-cm-x-385-cm-x-30-cm-ek-svart.webp?fit=800%2C800&ssl=1","contentUrl":"https:\/\/i0.wp.com\/truusk.store\/wp-content\/uploads\/2024\/02\/husdjurstrappa-hundtrappa-3-steg-liten-hund-385-cm-x-385-cm-x-30-cm-ek-svart.webp?fit=800%2C800&ssl=1","width":800,"height":800,"caption":"Husdjurstrappa Hundtrappa 3 Steg Liten Hund 38,5 Cm X 38,5 Cm X 30 Cm Ek + Svart 1"},{"@type":"BreadcrumbList","@id":"https:\/\/truusk.store\/sv\/produkt\/truusk-hundtrappa-3-steg-liten-och-stabil-ek-svart-perfekt-for-sma-hundar-385-cm-x-385-cm-x-30-cm\/#breadcrumb","itemListElement":[{"@type":"ListItem","position":1,"name":"Home","item":"https:\/\/truusk.store\/sv\/"},{"@type":"ListItem","position":2,"name":"Shop","item":"https:\/\/truusk.store\/shop\/"},{"@type":"ListItem","position":3,"name":"TRUUSK Hundtrappa 3 Steg &#8211; Liten och Stabil &#8211; Ek\/Svart &#8211; Perfekt f\u00f6r Sm\u00e5 Hundar &#8211; 38,5 cm x 38,5 cm x 30 cm"}]},{"@type":"WebSite","@id":"https:\/\/truusk.store\/sv\/#website","url":"https:\/\/truusk.store\/sv\/","name":"TRUUSK - Hem, Tr\u00e4dg\u00e5rd & Fritid","description":"","publisher":{"@id":"https:\/\/truusk.store\/sv\/#organization"},"potentialAction":[{"@type":"SearchAction","target":{"@type":"EntryPoint","urlTemplate":"https:\/\/truusk.store\/sv\/?s={search_term_string}"},"query-input":{"@type":"PropertyValueSpecification","valueRequired":true,"valueName":"search_term_string"}}],"inLanguage":"sv-SE"},{"@type":"Organization","@id":"https:\/\/truusk.store\/sv\/#organization","name":"TRUUSK - Hem, Tr\u00e4dg\u00e5rd & Fritid","url":"https:\/\/truusk.store\/sv\/","logo":{"@type":"ImageObject","inLanguage":"sv-SE","@id":"https:\/\/truusk.store\/sv\/#\/schema\/logo\/image\/","url":"https:\/\/i0.wp.com\/truusk.store\/wp-content\/uploads\/2026\/03\/cropped-TRUUSK.png?fit=2032%2C917&ssl=1","contentUrl":"https:\/\/i0.wp.com\/truusk.store\/wp-content\/uploads\/2026\/03\/cropped-TRUUSK.png?fit=2032%2C917&ssl=1","width":2032,"height":917,"caption":"TRUUSK - Hem, Tr\u00e4dg\u00e5rd & Fritid"},"image":{"@id":"https:\/\/truusk.store\/sv\/#\/schema\/logo\/image\/"}}]}},"jetpack_sharing_enabled":true,"_links":{"self":[{"href":"https:\/\/truusk.store\/sv\/wp-json\/wp\/v2\/product\/46094","targetHints":{"allow":["GET"]}}],"collection":[{"href":"https:\/\/truusk.store\/sv\/wp-json\/wp\/v2\/product"}],"about":[{"href":"https:\/\/truusk.store\/sv\/wp-json\/wp\/v2\/types\/product"}],"wp:featuredmedia":[{"embeddable":true,"href":"https:\/\/truusk.store\/sv\/wp-json\/wp\/v2\/media\/46095"}],"wp:attachment":[{"href":"https:\/\/truusk.store\/sv\/wp-json\/wp\/v2\/media?parent=46094"}],"wp:term":[{"taxonomy":"product_brand","embeddable":true,"href":"https:\/\/truusk.store\/sv\/wp-json\/wp\/v2\/product_brand?post=46094"},{"taxonomy":"product_cat","embeddable":true,"href":"https:\/\/truusk.store\/sv\/wp-json\/wp\/v2\/product_cat?post=46094"},{"taxonomy":"product_tag","embeddable":true,"href":"https:\/\/truusk.store\/sv\/wp-json\/wp\/v2\/product_tag?post=46094"}],"curies":[{"name":"wp","href":"https:\/\/api.w.org\/{rel}","templated":true}]}}