{"id":46119,"date":"2024-02-14T06:21:17","date_gmt":"2024-02-14T05:21:17","guid":{"rendered":"https:\/\/truusk.store\/product\/set-med-2-skrapstolpar-kaktusdesign-for-att-fastas-pa-vaggen-30-cm-x-60-cm-ekvitgron\/"},"modified":"2026-03-12T09:28:22","modified_gmt":"2026-03-12T08:28:22","slug":"truusk-set-med-2-vaggkrokar-i-kaktusdesign-30-cm-x-60-cm-ekvitgron","status":"publish","type":"product","link":"https:\/\/truusk.store\/sv\/produkt\/truusk-set-med-2-vaggkrokar-i-kaktusdesign-30-cm-x-60-cm-ekvitgron\/","title":{"rendered":"TRUUSK Set med 2 V\u00e4ggkrokar i Kaktusdesign &#8211; 30 cm x 60 cm &#8211; Ek+Vit+Gr\u00f6n"},"content":{"rendered":"<p>Kattskrapbr\u00e4dan kombinerar stil och funktion i en unik kaktusdesign, som inte bara fungerar som ett stilrent designelement f\u00f6r att lysa upp ditt hem, utan ocks\u00e5 fungerar som en oemotst\u00e5ndlig repyta f\u00f6r din katt. Tillverkad av h\u00e5llbart konstgjort tr\u00e4 och en yta av jute-rep, s\u00e4kerst\u00e4ller repmattan stabilitet och ger en idealisk struktur f\u00f6r katter att putsa sina klor.<\/p>\n<h3>Beskrivning:<\/h3>\n<ul>\n<li>Skrappapp f\u00f6r katter med stilren kaktusdesign som v\u00e4ggdekoration<\/li>\n<li>Skrapytan inlindad med jute rep tillgodoser din katts repningsbehov<\/li>\n<li>Stabil sp\u00e5nskivakonstruktion<\/li>\n<li>Setet med 2 scratchboards kan h\u00e4ngas separat fr\u00e5n varandra<\/li>\n<li>Med en krok p\u00e5 baksidan kan den h\u00e4ngas p\u00e5 v\u00e4ggen eller placeras p\u00e5 v\u00e4ggen<\/li>\n<li>Ingen montering kr\u00e4vs<\/li>\n<\/ul>\n<h3>Teknisk data:<\/h3>\n<ul>\n<li>F\u00e4rg: ek+vit+gr\u00f6n<\/li>\n<li>Material: sp\u00e5nskiva, jute rep<\/li>\n<li>Totala m\u00e5tt: 30W x 60H cm (enkel)<\/li>\n<li>Trapetsformad blomkruka: 15W x 20W x 20H cm<\/li>\n<li>Skrapstolpe: 30W x 40H cm<\/li>\n<\/ul>\n<h3>Leveransens omfattning:<\/h3>\n<ul>\n<li>2 x Skrapbr\u00e4da<\/li>\n<li>1 x Instruktioner<\/li>\n<\/ul>\n","protected":false},"excerpt":{"rendered":"<p>Kattskrapbr\u00e4dan kombinerar stil och funktion i en unik kaktusdesign, som inte bara fungerar som ett stilrent designelement f\u00f6r att lysa&#8230;<\/p>\n","protected":false},"featured_media":46120,"template":"","meta":[],"product_brand":[],"product_cat":[573,588,589],"product_tag":[],"class_list":{"0":"post-46119","1":"product","2":"type-product","3":"status-publish","4":"has-post-thumbnail","6":"product_cat-husdjursmaterial","7":"product_cat-katttillbehor","8":"product_cat-skrapande-inlagg","10":"first","11":"instock","12":"sale","13":"taxable","14":"shipping-taxable","15":"purchasable","16":"product-type-simple"},"yoast_head":"<!-- This site is optimized with the Yoast SEO plugin v25.4 - https:\/\/yoast.com\/wordpress\/plugins\/seo\/ -->\n<title>TRUUSK Set med 2 V\u00e4ggkrokar i Kaktusdesign - 30 cm x 60 cm - Ek+Vit+Gr\u00f6n - TRUUSK - Hem, Tr\u00e4dg\u00e5rd &amp; Fritid<\/title>\n<meta name=\"robots\" content=\"index, follow, max-snippet:-1, max-image-preview:large, max-video-preview:-1\" \/>\n<link rel=\"canonical\" href=\"https:\/\/truusk.store\/sv\/produkt\/truusk-set-med-2-vaggkrokar-i-kaktusdesign-30-cm-x-60-cm-ekvitgron\/\" \/>\n<meta property=\"og:locale\" content=\"sv_SE\" \/>\n<meta property=\"og:type\" content=\"article\" \/>\n<meta property=\"og:title\" content=\"TRUUSK Set med 2 V\u00e4ggkrokar i Kaktusdesign - 30 cm x 60 cm - Ek+Vit+Gr\u00f6n - TRUUSK - Hem, Tr\u00e4dg\u00e5rd &amp; Fritid\" \/>\n<meta property=\"og:description\" content=\"Kattskrapbr\u00e4dan kombinerar stil och funktion i en unik kaktusdesign, som inte bara fungerar som ett stilrent designelement f\u00f6r att lysa...\" \/>\n<meta property=\"og:url\" content=\"https:\/\/truusk.store\/sv\/produkt\/truusk-set-med-2-vaggkrokar-i-kaktusdesign-30-cm-x-60-cm-ekvitgron\/\" \/>\n<meta property=\"og:site_name\" content=\"TRUUSK - Hem, Tr\u00e4dg\u00e5rd &amp; Fritid\" \/>\n<meta property=\"article:modified_time\" content=\"2026-03-12T08:28:22+00:00\" \/>\n<meta property=\"og:image\" content=\"https:\/\/i0.wp.com\/truusk.se\/wp-content\/uploads\/2024\/02\/set-med-2-skrapstolpar-kaktusdesign-for-att-fastas-pa-vaggen-30-cm-x-60-cm-ekvitgron.webp?fit=800%2C800&ssl=1\" \/>\n\t<meta property=\"og:image:width\" content=\"800\" \/>\n\t<meta property=\"og:image:height\" content=\"800\" \/>\n\t<meta property=\"og:image:type\" content=\"image\/webp\" \/>\n<meta name=\"twitter:card\" content=\"summary_large_image\" \/>\n<meta name=\"twitter:label1\" content=\"Ber\u00e4knad l\u00e4stid\" \/>\n\t<meta name=\"twitter:data1\" content=\"1 minut\" \/>\n<!-- \/ Yoast SEO plugin. -->","yoast_head_json":{"title":"TRUUSK Set med 2 V\u00e4ggkrokar i Kaktusdesign - 30 cm x 60 cm - Ek+Vit+Gr\u00f6n - TRUUSK - Hem, Tr\u00e4dg\u00e5rd &amp; Fritid","robots":{"index":"index","follow":"follow","max-snippet":"max-snippet:-1","max-image-preview":"max-image-preview:large","max-video-preview":"max-video-preview:-1"},"canonical":"https:\/\/truusk.store\/sv\/produkt\/truusk-set-med-2-vaggkrokar-i-kaktusdesign-30-cm-x-60-cm-ekvitgron\/","og_locale":"sv_SE","og_type":"article","og_title":"TRUUSK Set med 2 V\u00e4ggkrokar i Kaktusdesign - 30 cm x 60 cm - Ek+Vit+Gr\u00f6n - TRUUSK - Hem, Tr\u00e4dg\u00e5rd &amp; Fritid","og_description":"Kattskrapbr\u00e4dan kombinerar stil och funktion i en unik kaktusdesign, som inte bara fungerar som ett stilrent designelement f\u00f6r att lysa...","og_url":"https:\/\/truusk.store\/sv\/produkt\/truusk-set-med-2-vaggkrokar-i-kaktusdesign-30-cm-x-60-cm-ekvitgron\/","og_site_name":"TRUUSK - Hem, Tr\u00e4dg\u00e5rd &amp; Fritid","article_modified_time":"2026-03-12T08:28:22+00:00","og_image":[{"width":800,"height":800,"url":"https:\/\/i0.wp.com\/truusk.se\/wp-content\/uploads\/2024\/02\/set-med-2-skrapstolpar-kaktusdesign-for-att-fastas-pa-vaggen-30-cm-x-60-cm-ekvitgron.webp?fit=800%2C800&ssl=1","type":"image\/webp"}],"twitter_card":"summary_large_image","twitter_misc":{"Ber\u00e4knad l\u00e4stid":"1 minut"},"schema":{"@context":"https:\/\/schema.org","@graph":[{"@type":"WebPage","@id":"https:\/\/truusk.store\/sv\/produkt\/truusk-set-med-2-vaggkrokar-i-kaktusdesign-30-cm-x-60-cm-ekvitgron\/","url":"https:\/\/truusk.store\/sv\/produkt\/truusk-set-med-2-vaggkrokar-i-kaktusdesign-30-cm-x-60-cm-ekvitgron\/","name":"TRUUSK Set med 2 V\u00e4ggkrokar i Kaktusdesign - 30 cm x 60 cm - Ek+Vit+Gr\u00f6n - TRUUSK - Hem, Tr\u00e4dg\u00e5rd &amp; Fritid","isPartOf":{"@id":"https:\/\/truusk.store\/sv\/#website"},"primaryImageOfPage":{"@id":"https:\/\/truusk.store\/sv\/produkt\/truusk-set-med-2-vaggkrokar-i-kaktusdesign-30-cm-x-60-cm-ekvitgron\/#primaryimage"},"image":{"@id":"https:\/\/truusk.store\/sv\/produkt\/truusk-set-med-2-vaggkrokar-i-kaktusdesign-30-cm-x-60-cm-ekvitgron\/#primaryimage"},"thumbnailUrl":"https:\/\/i0.wp.com\/truusk.store\/wp-content\/uploads\/2024\/02\/set-med-2-skrapstolpar-kaktusdesign-for-att-fastas-pa-vaggen-30-cm-x-60-cm-ekvitgron.webp?fit=800%2C800&ssl=1","datePublished":"2024-02-14T05:21:17+00:00","dateModified":"2026-03-12T08:28:22+00:00","breadcrumb":{"@id":"https:\/\/truusk.store\/sv\/produkt\/truusk-set-med-2-vaggkrokar-i-kaktusdesign-30-cm-x-60-cm-ekvitgron\/#breadcrumb"},"inLanguage":"sv-SE","potentialAction":[{"@type":"ReadAction","target":["https:\/\/truusk.store\/sv\/produkt\/truusk-set-med-2-vaggkrokar-i-kaktusdesign-30-cm-x-60-cm-ekvitgron\/"]}]},{"@type":"ImageObject","inLanguage":"sv-SE","@id":"https:\/\/truusk.store\/sv\/produkt\/truusk-set-med-2-vaggkrokar-i-kaktusdesign-30-cm-x-60-cm-ekvitgron\/#primaryimage","url":"https:\/\/i0.wp.com\/truusk.store\/wp-content\/uploads\/2024\/02\/set-med-2-skrapstolpar-kaktusdesign-for-att-fastas-pa-vaggen-30-cm-x-60-cm-ekvitgron.webp?fit=800%2C800&ssl=1","contentUrl":"https:\/\/i0.wp.com\/truusk.store\/wp-content\/uploads\/2024\/02\/set-med-2-skrapstolpar-kaktusdesign-for-att-fastas-pa-vaggen-30-cm-x-60-cm-ekvitgron.webp?fit=800%2C800&ssl=1","width":800,"height":800,"caption":"Set Med 2 Skrapstolpar, Kaktusdesign F\u00f6r Att F\u00e4stas P\u00e5 V\u00e4ggen, 30 Cm X 60 Cm, Ek+vit+gr\u00f6n 1"},{"@type":"BreadcrumbList","@id":"https:\/\/truusk.store\/sv\/produkt\/truusk-set-med-2-vaggkrokar-i-kaktusdesign-30-cm-x-60-cm-ekvitgron\/#breadcrumb","itemListElement":[{"@type":"ListItem","position":1,"name":"Home","item":"https:\/\/truusk.store\/sv\/"},{"@type":"ListItem","position":2,"name":"Shop","item":"https:\/\/truusk.store\/shop\/"},{"@type":"ListItem","position":3,"name":"TRUUSK Set med 2 V\u00e4ggkrokar i Kaktusdesign &#8211; 30 cm x 60 cm &#8211; Ek+Vit+Gr\u00f6n"}]},{"@type":"WebSite","@id":"https:\/\/truusk.store\/sv\/#website","url":"https:\/\/truusk.store\/sv\/","name":"TRUUSK - Hem, Tr\u00e4dg\u00e5rd & Fritid","description":"","publisher":{"@id":"https:\/\/truusk.store\/sv\/#organization"},"potentialAction":[{"@type":"SearchAction","target":{"@type":"EntryPoint","urlTemplate":"https:\/\/truusk.store\/sv\/?s={search_term_string}"},"query-input":{"@type":"PropertyValueSpecification","valueRequired":true,"valueName":"search_term_string"}}],"inLanguage":"sv-SE"},{"@type":"Organization","@id":"https:\/\/truusk.store\/sv\/#organization","name":"TRUUSK - Hem, Tr\u00e4dg\u00e5rd & Fritid","url":"https:\/\/truusk.store\/sv\/","logo":{"@type":"ImageObject","inLanguage":"sv-SE","@id":"https:\/\/truusk.store\/sv\/#\/schema\/logo\/image\/","url":"https:\/\/i0.wp.com\/truusk.store\/wp-content\/uploads\/2026\/03\/cropped-TRUUSK.png?fit=2032%2C917&ssl=1","contentUrl":"https:\/\/i0.wp.com\/truusk.store\/wp-content\/uploads\/2026\/03\/cropped-TRUUSK.png?fit=2032%2C917&ssl=1","width":2032,"height":917,"caption":"TRUUSK - Hem, Tr\u00e4dg\u00e5rd & Fritid"},"image":{"@id":"https:\/\/truusk.store\/sv\/#\/schema\/logo\/image\/"}}]}},"jetpack_sharing_enabled":true,"_links":{"self":[{"href":"https:\/\/truusk.store\/sv\/wp-json\/wp\/v2\/product\/46119","targetHints":{"allow":["GET"]}}],"collection":[{"href":"https:\/\/truusk.store\/sv\/wp-json\/wp\/v2\/product"}],"about":[{"href":"https:\/\/truusk.store\/sv\/wp-json\/wp\/v2\/types\/product"}],"wp:featuredmedia":[{"embeddable":true,"href":"https:\/\/truusk.store\/sv\/wp-json\/wp\/v2\/media\/46120"}],"wp:attachment":[{"href":"https:\/\/truusk.store\/sv\/wp-json\/wp\/v2\/media?parent=46119"}],"wp:term":[{"taxonomy":"product_brand","embeddable":true,"href":"https:\/\/truusk.store\/sv\/wp-json\/wp\/v2\/product_brand?post=46119"},{"taxonomy":"product_cat","embeddable":true,"href":"https:\/\/truusk.store\/sv\/wp-json\/wp\/v2\/product_cat?post=46119"},{"taxonomy":"product_tag","embeddable":true,"href":"https:\/\/truusk.store\/sv\/wp-json\/wp\/v2\/product_tag?post=46119"}],"curies":[{"name":"wp","href":"https:\/\/api.w.org\/{rel}","templated":true}]}}