{"id":46166,"date":"2024-02-14T06:23:00","date_gmt":"2024-02-14T05:23:00","guid":{"rendered":"https:\/\/truusk.store\/product\/pedaltraktor-med-slap-verktyg-horn-for-barn-fran-3-ar-och-uppat-metallram-svart-och-gul-133-x-42-x-51-cm\/"},"modified":"2026-03-12T09:28:23","modified_gmt":"2026-03-12T08:28:23","slug":"truusk-pedaltraktor-med-slap-och-verktyg-horn-ingar-for-barn-fran-3-ar-metallram-svart-och-gul-133-x-42-x-51-cm","status":"publish","type":"product","link":"https:\/\/truusk.store\/sv\/produkt\/truusk-pedaltraktor-med-slap-och-verktyg-horn-ingar-for-barn-fran-3-ar-metallram-svart-och-gul-133-x-42-x-51-cm\/","title":{"rendered":"TRUUSK Pedaltraktor med Sl\u00e4p och Verktyg &#8211; Horn ing\u00e5r &#8211; F\u00f6r barn fr\u00e5n 3 \u00e5r &#8211; Metallram &#8211; Svart och Gul &#8211; 133 x 42 x 51 cm"},"content":{"rendered":"<p>Oavsett om dina sm\u00e5 \u00e4ventyrare vill flytta sand och grus eller rensa skr\u00e4p ur v\u00e4gen, \u00e4r denna pedaltraktor deras p\u00e5litliga partner! V\u00e5r terr\u00e4ngv\u00e4nliga traktor kommer med sl\u00e4p och tv\u00e5 praktiska verktyg s\u00e5 att dina barn kan ta sig an alla bygg- och r\u00e4ddningsuppdrag med l\u00e4tthet. Kedjedrevet \u00e4r s\u00e4kert g\u00f6mt under ett skyddsk\u00e5pa s\u00e5 att sm\u00e5 h\u00e4nder och f\u00f6tter inte fastnar i den och bara m\u00e5ste trampa.<\/p>\n<h3>Beskrivning:<\/h3>\n<ul>\n<li>S\u00f6t svart och gul pedaltraktor<\/li>\n<li>L\u00e4mplig f\u00f6r barn fr\u00e5n 3 \u00e5r och upp\u00e5t<\/li>\n<li>G\u00e5 fram\u00e5t och bak\u00e5t genom att trampa<\/li>\n<li>Utrustad med bekv\u00e4m sits<\/li>\n<li>Med sl\u00e4pvagn och verktyg f\u00f6r mer n\u00f6je<\/li>\n<li>6 hjul f\u00f6r optimal stabilitet<\/li>\n<li>Enkel konstruktion<\/li>\n<\/ul>\n<h3>Teknisk data:<\/h3>\n<ul>\n<li>Material: j\u00e4rn, plast<\/li>\n<li>F\u00e4rg gul<\/li>\n<li>\u00d6vergripande m\u00e5tt: L133 x B42 x H51cm<\/li>\n<li>Sitsm\u00e5tt: L18,5 x B20 x H15,5 cm<\/li>\n<li>Sitth\u00f6jd: 28 cm<\/li>\n<li>Certifierad \u00e5lder: barn fr\u00e5n tre \u00e5r<\/li>\n<li>Vikt: ca 7,5 kg<\/li>\n<li>Max lastkapacitet: 35 kg<\/li>\n<\/ul>\n<h3>Leveransens omfattning:<\/h3>\n<ul>\n<li>1 x barntraktor<\/li>\n<li>1 x monteringsanvisning<\/li>\n<\/ul>\n","protected":false},"excerpt":{"rendered":"<p>Oavsett om dina sm\u00e5 \u00e4ventyrare vill flytta sand och grus eller rensa skr\u00e4p ur v\u00e4gen, \u00e4r denna pedaltraktor deras p\u00e5litliga&#8230;<\/p>\n","protected":false},"featured_media":46167,"template":"","meta":[],"product_brand":[],"product_cat":[609,610,614],"product_tag":[],"class_list":{"0":"post-46166","1":"product","2":"type-product","3":"status-publish","4":"has-post-thumbnail","6":"product_cat-baby-barn","7":"product_cat-barnfordon","8":"product_cat-gokart-och-trampfordon","10":"first","11":"instock","12":"sale","13":"taxable","14":"shipping-taxable","15":"purchasable","16":"product-type-simple"},"yoast_head":"<!-- This site is optimized with the Yoast SEO plugin v25.4 - https:\/\/yoast.com\/wordpress\/plugins\/seo\/ -->\n<title>TRUUSK Pedaltraktor med Sl\u00e4p och Verktyg - Horn ing\u00e5r - F\u00f6r barn fr\u00e5n 3 \u00e5r - Metallram - Svart och Gul - 133 x 42 x 51 cm - TRUUSK - Hem, Tr\u00e4dg\u00e5rd &amp; Fritid<\/title>\n<meta name=\"robots\" content=\"index, follow, max-snippet:-1, max-image-preview:large, max-video-preview:-1\" \/>\n<link rel=\"canonical\" href=\"https:\/\/truusk.store\/sv\/produkt\/truusk-pedaltraktor-med-slap-och-verktyg-horn-ingar-for-barn-fran-3-ar-metallram-svart-och-gul-133-x-42-x-51-cm\/\" \/>\n<meta property=\"og:locale\" content=\"sv_SE\" \/>\n<meta property=\"og:type\" content=\"article\" \/>\n<meta property=\"og:title\" content=\"TRUUSK Pedaltraktor med Sl\u00e4p och Verktyg - Horn ing\u00e5r - F\u00f6r barn fr\u00e5n 3 \u00e5r - Metallram - Svart och Gul - 133 x 42 x 51 cm - TRUUSK - Hem, Tr\u00e4dg\u00e5rd &amp; Fritid\" \/>\n<meta property=\"og:description\" content=\"Oavsett om dina sm\u00e5 \u00e4ventyrare vill flytta sand och grus eller rensa skr\u00e4p ur v\u00e4gen, \u00e4r denna pedaltraktor deras p\u00e5litliga...\" \/>\n<meta property=\"og:url\" content=\"https:\/\/truusk.store\/sv\/produkt\/truusk-pedaltraktor-med-slap-och-verktyg-horn-ingar-for-barn-fran-3-ar-metallram-svart-och-gul-133-x-42-x-51-cm\/\" \/>\n<meta property=\"og:site_name\" content=\"TRUUSK - Hem, Tr\u00e4dg\u00e5rd &amp; Fritid\" \/>\n<meta property=\"article:modified_time\" content=\"2026-03-12T08:28:23+00:00\" \/>\n<meta property=\"og:image\" content=\"https:\/\/i0.wp.com\/truusk.se\/wp-content\/uploads\/2024\/02\/pedaltraktor-med-slap-verktyg-horn-for-barn-fran-3-ar-och-uppat-metallram-svart-och-gul-133-x-42-x-51-cm.webp?fit=800%2C800&ssl=1\" \/>\n\t<meta property=\"og:image:width\" content=\"800\" \/>\n\t<meta property=\"og:image:height\" content=\"800\" \/>\n\t<meta property=\"og:image:type\" content=\"image\/webp\" \/>\n<meta name=\"twitter:card\" content=\"summary_large_image\" \/>\n<meta name=\"twitter:label1\" content=\"Ber\u00e4knad l\u00e4stid\" \/>\n\t<meta name=\"twitter:data1\" content=\"1 minut\" \/>\n<!-- \/ Yoast SEO plugin. -->","yoast_head_json":{"title":"TRUUSK Pedaltraktor med Sl\u00e4p och Verktyg - Horn ing\u00e5r - F\u00f6r barn fr\u00e5n 3 \u00e5r - Metallram - Svart och Gul - 133 x 42 x 51 cm - TRUUSK - Hem, Tr\u00e4dg\u00e5rd &amp; Fritid","robots":{"index":"index","follow":"follow","max-snippet":"max-snippet:-1","max-image-preview":"max-image-preview:large","max-video-preview":"max-video-preview:-1"},"canonical":"https:\/\/truusk.store\/sv\/produkt\/truusk-pedaltraktor-med-slap-och-verktyg-horn-ingar-for-barn-fran-3-ar-metallram-svart-och-gul-133-x-42-x-51-cm\/","og_locale":"sv_SE","og_type":"article","og_title":"TRUUSK Pedaltraktor med Sl\u00e4p och Verktyg - Horn ing\u00e5r - F\u00f6r barn fr\u00e5n 3 \u00e5r - Metallram - Svart och Gul - 133 x 42 x 51 cm - TRUUSK - Hem, Tr\u00e4dg\u00e5rd &amp; Fritid","og_description":"Oavsett om dina sm\u00e5 \u00e4ventyrare vill flytta sand och grus eller rensa skr\u00e4p ur v\u00e4gen, \u00e4r denna pedaltraktor deras p\u00e5litliga...","og_url":"https:\/\/truusk.store\/sv\/produkt\/truusk-pedaltraktor-med-slap-och-verktyg-horn-ingar-for-barn-fran-3-ar-metallram-svart-och-gul-133-x-42-x-51-cm\/","og_site_name":"TRUUSK - Hem, Tr\u00e4dg\u00e5rd &amp; Fritid","article_modified_time":"2026-03-12T08:28:23+00:00","og_image":[{"width":800,"height":800,"url":"https:\/\/i0.wp.com\/truusk.se\/wp-content\/uploads\/2024\/02\/pedaltraktor-med-slap-verktyg-horn-for-barn-fran-3-ar-och-uppat-metallram-svart-och-gul-133-x-42-x-51-cm.webp?fit=800%2C800&ssl=1","type":"image\/webp"}],"twitter_card":"summary_large_image","twitter_misc":{"Ber\u00e4knad l\u00e4stid":"1 minut"},"schema":{"@context":"https:\/\/schema.org","@graph":[{"@type":"WebPage","@id":"https:\/\/truusk.store\/sv\/produkt\/truusk-pedaltraktor-med-slap-och-verktyg-horn-ingar-for-barn-fran-3-ar-metallram-svart-och-gul-133-x-42-x-51-cm\/","url":"https:\/\/truusk.store\/sv\/produkt\/truusk-pedaltraktor-med-slap-och-verktyg-horn-ingar-for-barn-fran-3-ar-metallram-svart-och-gul-133-x-42-x-51-cm\/","name":"TRUUSK Pedaltraktor med Sl\u00e4p och Verktyg - Horn ing\u00e5r - F\u00f6r barn fr\u00e5n 3 \u00e5r - Metallram - Svart och Gul - 133 x 42 x 51 cm - TRUUSK - Hem, Tr\u00e4dg\u00e5rd &amp; Fritid","isPartOf":{"@id":"https:\/\/truusk.store\/sv\/#website"},"primaryImageOfPage":{"@id":"https:\/\/truusk.store\/sv\/produkt\/truusk-pedaltraktor-med-slap-och-verktyg-horn-ingar-for-barn-fran-3-ar-metallram-svart-och-gul-133-x-42-x-51-cm\/#primaryimage"},"image":{"@id":"https:\/\/truusk.store\/sv\/produkt\/truusk-pedaltraktor-med-slap-och-verktyg-horn-ingar-for-barn-fran-3-ar-metallram-svart-och-gul-133-x-42-x-51-cm\/#primaryimage"},"thumbnailUrl":"https:\/\/i0.wp.com\/truusk.store\/wp-content\/uploads\/2024\/02\/pedaltraktor-med-slap-verktyg-horn-for-barn-fran-3-ar-och-uppat-metallram-svart-och-gul-133-x-42-x-51-cm.webp?fit=800%2C800&ssl=1","datePublished":"2024-02-14T05:23:00+00:00","dateModified":"2026-03-12T08:28:23+00:00","breadcrumb":{"@id":"https:\/\/truusk.store\/sv\/produkt\/truusk-pedaltraktor-med-slap-och-verktyg-horn-ingar-for-barn-fran-3-ar-metallram-svart-och-gul-133-x-42-x-51-cm\/#breadcrumb"},"inLanguage":"sv-SE","potentialAction":[{"@type":"ReadAction","target":["https:\/\/truusk.store\/sv\/produkt\/truusk-pedaltraktor-med-slap-och-verktyg-horn-ingar-for-barn-fran-3-ar-metallram-svart-och-gul-133-x-42-x-51-cm\/"]}]},{"@type":"ImageObject","inLanguage":"sv-SE","@id":"https:\/\/truusk.store\/sv\/produkt\/truusk-pedaltraktor-med-slap-och-verktyg-horn-ingar-for-barn-fran-3-ar-metallram-svart-och-gul-133-x-42-x-51-cm\/#primaryimage","url":"https:\/\/i0.wp.com\/truusk.store\/wp-content\/uploads\/2024\/02\/pedaltraktor-med-slap-verktyg-horn-for-barn-fran-3-ar-och-uppat-metallram-svart-och-gul-133-x-42-x-51-cm.webp?fit=800%2C800&ssl=1","contentUrl":"https:\/\/i0.wp.com\/truusk.store\/wp-content\/uploads\/2024\/02\/pedaltraktor-med-slap-verktyg-horn-for-barn-fran-3-ar-och-uppat-metallram-svart-och-gul-133-x-42-x-51-cm.webp?fit=800%2C800&ssl=1","width":800,"height":800,"caption":"Pedaltraktor Med Sl\u00e4p, Verktyg, Horn, F\u00f6r Barn Fr\u00e5n 3 \u00e5r Och Upp\u00e5t, Metallram, Svart Och Gul, 133 X 42 X 51 Cm 1"},{"@type":"BreadcrumbList","@id":"https:\/\/truusk.store\/sv\/produkt\/truusk-pedaltraktor-med-slap-och-verktyg-horn-ingar-for-barn-fran-3-ar-metallram-svart-och-gul-133-x-42-x-51-cm\/#breadcrumb","itemListElement":[{"@type":"ListItem","position":1,"name":"Home","item":"https:\/\/truusk.store\/sv\/"},{"@type":"ListItem","position":2,"name":"Shop","item":"https:\/\/truusk.store\/shop\/"},{"@type":"ListItem","position":3,"name":"TRUUSK Pedaltraktor med Sl\u00e4p och Verktyg &#8211; Horn ing\u00e5r &#8211; F\u00f6r barn fr\u00e5n 3 \u00e5r &#8211; Metallram &#8211; Svart och Gul &#8211; 133 x 42 x 51 cm"}]},{"@type":"WebSite","@id":"https:\/\/truusk.store\/sv\/#website","url":"https:\/\/truusk.store\/sv\/","name":"TRUUSK - Hem, Tr\u00e4dg\u00e5rd & Fritid","description":"","publisher":{"@id":"https:\/\/truusk.store\/sv\/#organization"},"potentialAction":[{"@type":"SearchAction","target":{"@type":"EntryPoint","urlTemplate":"https:\/\/truusk.store\/sv\/?s={search_term_string}"},"query-input":{"@type":"PropertyValueSpecification","valueRequired":true,"valueName":"search_term_string"}}],"inLanguage":"sv-SE"},{"@type":"Organization","@id":"https:\/\/truusk.store\/sv\/#organization","name":"TRUUSK - Hem, Tr\u00e4dg\u00e5rd & Fritid","url":"https:\/\/truusk.store\/sv\/","logo":{"@type":"ImageObject","inLanguage":"sv-SE","@id":"https:\/\/truusk.store\/sv\/#\/schema\/logo\/image\/","url":"https:\/\/i0.wp.com\/truusk.store\/wp-content\/uploads\/2026\/03\/cropped-TRUUSK.png?fit=2032%2C917&ssl=1","contentUrl":"https:\/\/i0.wp.com\/truusk.store\/wp-content\/uploads\/2026\/03\/cropped-TRUUSK.png?fit=2032%2C917&ssl=1","width":2032,"height":917,"caption":"TRUUSK - Hem, Tr\u00e4dg\u00e5rd & Fritid"},"image":{"@id":"https:\/\/truusk.store\/sv\/#\/schema\/logo\/image\/"}}]}},"jetpack_sharing_enabled":true,"_links":{"self":[{"href":"https:\/\/truusk.store\/sv\/wp-json\/wp\/v2\/product\/46166","targetHints":{"allow":["GET"]}}],"collection":[{"href":"https:\/\/truusk.store\/sv\/wp-json\/wp\/v2\/product"}],"about":[{"href":"https:\/\/truusk.store\/sv\/wp-json\/wp\/v2\/types\/product"}],"wp:featuredmedia":[{"embeddable":true,"href":"https:\/\/truusk.store\/sv\/wp-json\/wp\/v2\/media\/46167"}],"wp:attachment":[{"href":"https:\/\/truusk.store\/sv\/wp-json\/wp\/v2\/media?parent=46166"}],"wp:term":[{"taxonomy":"product_brand","embeddable":true,"href":"https:\/\/truusk.store\/sv\/wp-json\/wp\/v2\/product_brand?post=46166"},{"taxonomy":"product_cat","embeddable":true,"href":"https:\/\/truusk.store\/sv\/wp-json\/wp\/v2\/product_cat?post=46166"},{"taxonomy":"product_tag","embeddable":true,"href":"https:\/\/truusk.store\/sv\/wp-json\/wp\/v2\/product_tag?post=46166"}],"curies":[{"name":"wp","href":"https:\/\/api.w.org\/{rel}","templated":true}]}}