{"id":46176,"date":"2024-02-14T06:23:19","date_gmt":"2024-02-14T05:23:19","guid":{"rendered":"https:\/\/truusk.store\/product\/barnhjullastare-rorlig-spade-horn-pedaldrift-fran-3-ar-metallram-gul-114-x-41-x-52-cm\/"},"modified":"2026-03-12T09:28:24","modified_gmt":"2026-03-12T08:28:24","slug":"truusk-barnhjullastare-rorlig-spade-horn-pedaldrift-fran-3-ar-metallram-gul-114-x-41-x-52-cm","status":"publish","type":"product","link":"https:\/\/truusk.store\/sv\/produkt\/truusk-barnhjullastare-rorlig-spade-horn-pedaldrift-fran-3-ar-metallram-gul-114-x-41-x-52-cm\/","title":{"rendered":"TRUUSK Barnhjullastare &#8211; R\u00f6rlig Spade &#8211; Horn &#8211; Pedaldrift &#8211; Fr\u00e5n 3 \u00e5r &#8211; Metallram &#8211; Gul &#8211; 114 x 41 x 52 cm"},"content":{"rendered":"<p>Denna barnhjullastare erbjuder inte bara o\u00e4ndligt roligt, utan ocks\u00e5 ett underbart s\u00e4tt f\u00f6r f\u00f6r\u00e4ldrar och barn att tillbringa tid tillsammans. Den stora, fullt r\u00f6rliga spaden rymmer mycket sand, jord eller stenar f\u00f6r att g\u00f6ra \u00e4ven de st\u00f6rsta byggprojekten i sandl\u00e5dan till barnlek. Att k\u00f6ra fram\u00e5t och bak\u00e5t \u00e4r ocks\u00e5 s\u00e4rskilt bekv\u00e4mt tack vare pedaldriften, som fr\u00e4mjar hand-\u00f6ga-koordination, kognitiva f\u00e4rdigheter och finmotorik.<\/p>\n<h3>Beskrivning:<\/h3>\n<ul>\n<li>Trampbil i barnv\u00e4nlig, realistisk hjullastardesign<\/li>\n<li>L\u00e4mplig f\u00f6r 3-\u00e5riga barn<\/li>\n<li>G\u00e5 fram\u00e5t och bak\u00e5t genom att trampa<\/li>\n<li>Utrustad med bekv\u00e4m sits<\/li>\n<li>R\u00f6rlig spade med flera handtag att styra<\/li>\n<li>4 hjul f\u00f6r s\u00e4ker stabilitet<\/li>\n<li>Enkel konstruktion<\/li>\n<\/ul>\n<h3>Teknisk data:<\/h3>\n<ul>\n<li>Material: j\u00e4rn, plast<\/li>\n<li>F\u00e4rg: Svart+Gul<\/li>\n<li>\u00d6vergripande m\u00e5tt: 114L x 41W x 52H cm<\/li>\n<li>Sittm\u00e5tt: 18,5L x 20W x 15,5H cm<\/li>\n<li>Markfrig\u00e5ng: 28 cm<\/li>\n<li>Max lastkapacitet: 35 kg<\/li>\n<\/ul>\n<h3>Leveransens omfattning:<\/h3>\n<ul>\n<li>1 x barnhjullastare<\/li>\n<li>1 x monteringsanvisning<\/li>\n<\/ul>\n","protected":false},"excerpt":{"rendered":"<p>Denna barnhjullastare erbjuder inte bara o\u00e4ndligt roligt, utan ocks\u00e5 ett underbart s\u00e4tt f\u00f6r f\u00f6r\u00e4ldrar och barn att tillbringa tid tillsammans&#8230;.<\/p>\n","protected":false},"featured_media":46177,"template":"","meta":[],"product_brand":[],"product_cat":[609,610,614],"product_tag":[],"class_list":{"0":"post-46176","1":"product","2":"type-product","3":"status-publish","4":"has-post-thumbnail","6":"product_cat-baby-barn","7":"product_cat-barnfordon","8":"product_cat-gokart-och-trampfordon","10":"first","11":"instock","12":"sale","13":"taxable","14":"shipping-taxable","15":"purchasable","16":"product-type-simple"},"yoast_head":"<!-- This site is optimized with the Yoast SEO plugin v25.4 - https:\/\/yoast.com\/wordpress\/plugins\/seo\/ -->\n<title>TRUUSK Barnhjullastare - R\u00f6rlig Spade - Horn - Pedaldrift - Fr\u00e5n 3 \u00e5r - Metallram - Gul - 114 x 41 x 52 cm - TRUUSK - Hem, Tr\u00e4dg\u00e5rd &amp; Fritid<\/title>\n<meta name=\"robots\" content=\"index, follow, max-snippet:-1, max-image-preview:large, max-video-preview:-1\" \/>\n<link rel=\"canonical\" href=\"https:\/\/truusk.store\/sv\/produkt\/truusk-barnhjullastare-rorlig-spade-horn-pedaldrift-fran-3-ar-metallram-gul-114-x-41-x-52-cm\/\" \/>\n<meta property=\"og:locale\" content=\"sv_SE\" \/>\n<meta property=\"og:type\" content=\"article\" \/>\n<meta property=\"og:title\" content=\"TRUUSK Barnhjullastare - R\u00f6rlig Spade - Horn - Pedaldrift - Fr\u00e5n 3 \u00e5r - Metallram - Gul - 114 x 41 x 52 cm - TRUUSK - Hem, Tr\u00e4dg\u00e5rd &amp; Fritid\" \/>\n<meta property=\"og:description\" content=\"Denna barnhjullastare erbjuder inte bara o\u00e4ndligt roligt, utan ocks\u00e5 ett underbart s\u00e4tt f\u00f6r f\u00f6r\u00e4ldrar och barn att tillbringa tid tillsammans....\" \/>\n<meta property=\"og:url\" content=\"https:\/\/truusk.store\/sv\/produkt\/truusk-barnhjullastare-rorlig-spade-horn-pedaldrift-fran-3-ar-metallram-gul-114-x-41-x-52-cm\/\" \/>\n<meta property=\"og:site_name\" content=\"TRUUSK - Hem, Tr\u00e4dg\u00e5rd &amp; Fritid\" \/>\n<meta property=\"article:modified_time\" content=\"2026-03-12T08:28:24+00:00\" \/>\n<meta property=\"og:image\" content=\"https:\/\/i0.wp.com\/truusk.se\/wp-content\/uploads\/2024\/02\/barnhjullastare-rorlig-spade-horn-pedaldrift-fran-3-ar-metallram-gul-114-x-41-x-52-cm.webp?fit=800%2C800&ssl=1\" \/>\n\t<meta property=\"og:image:width\" content=\"800\" \/>\n\t<meta property=\"og:image:height\" content=\"800\" \/>\n\t<meta property=\"og:image:type\" content=\"image\/webp\" \/>\n<meta name=\"twitter:card\" content=\"summary_large_image\" \/>\n<meta name=\"twitter:label1\" content=\"Ber\u00e4knad l\u00e4stid\" \/>\n\t<meta name=\"twitter:data1\" content=\"1 minut\" \/>\n<!-- \/ Yoast SEO plugin. -->","yoast_head_json":{"title":"TRUUSK Barnhjullastare - R\u00f6rlig Spade - Horn - Pedaldrift - Fr\u00e5n 3 \u00e5r - Metallram - Gul - 114 x 41 x 52 cm - TRUUSK - Hem, Tr\u00e4dg\u00e5rd &amp; Fritid","robots":{"index":"index","follow":"follow","max-snippet":"max-snippet:-1","max-image-preview":"max-image-preview:large","max-video-preview":"max-video-preview:-1"},"canonical":"https:\/\/truusk.store\/sv\/produkt\/truusk-barnhjullastare-rorlig-spade-horn-pedaldrift-fran-3-ar-metallram-gul-114-x-41-x-52-cm\/","og_locale":"sv_SE","og_type":"article","og_title":"TRUUSK Barnhjullastare - R\u00f6rlig Spade - Horn - Pedaldrift - Fr\u00e5n 3 \u00e5r - Metallram - Gul - 114 x 41 x 52 cm - TRUUSK - Hem, Tr\u00e4dg\u00e5rd &amp; Fritid","og_description":"Denna barnhjullastare erbjuder inte bara o\u00e4ndligt roligt, utan ocks\u00e5 ett underbart s\u00e4tt f\u00f6r f\u00f6r\u00e4ldrar och barn att tillbringa tid tillsammans....","og_url":"https:\/\/truusk.store\/sv\/produkt\/truusk-barnhjullastare-rorlig-spade-horn-pedaldrift-fran-3-ar-metallram-gul-114-x-41-x-52-cm\/","og_site_name":"TRUUSK - Hem, Tr\u00e4dg\u00e5rd &amp; Fritid","article_modified_time":"2026-03-12T08:28:24+00:00","og_image":[{"width":800,"height":800,"url":"https:\/\/i0.wp.com\/truusk.se\/wp-content\/uploads\/2024\/02\/barnhjullastare-rorlig-spade-horn-pedaldrift-fran-3-ar-metallram-gul-114-x-41-x-52-cm.webp?fit=800%2C800&ssl=1","type":"image\/webp"}],"twitter_card":"summary_large_image","twitter_misc":{"Ber\u00e4knad l\u00e4stid":"1 minut"},"schema":{"@context":"https:\/\/schema.org","@graph":[{"@type":"WebPage","@id":"https:\/\/truusk.store\/sv\/produkt\/truusk-barnhjullastare-rorlig-spade-horn-pedaldrift-fran-3-ar-metallram-gul-114-x-41-x-52-cm\/","url":"https:\/\/truusk.store\/sv\/produkt\/truusk-barnhjullastare-rorlig-spade-horn-pedaldrift-fran-3-ar-metallram-gul-114-x-41-x-52-cm\/","name":"TRUUSK Barnhjullastare - R\u00f6rlig Spade - Horn - Pedaldrift - Fr\u00e5n 3 \u00e5r - Metallram - Gul - 114 x 41 x 52 cm - TRUUSK - Hem, Tr\u00e4dg\u00e5rd &amp; Fritid","isPartOf":{"@id":"https:\/\/truusk.store\/sv\/#website"},"primaryImageOfPage":{"@id":"https:\/\/truusk.store\/sv\/produkt\/truusk-barnhjullastare-rorlig-spade-horn-pedaldrift-fran-3-ar-metallram-gul-114-x-41-x-52-cm\/#primaryimage"},"image":{"@id":"https:\/\/truusk.store\/sv\/produkt\/truusk-barnhjullastare-rorlig-spade-horn-pedaldrift-fran-3-ar-metallram-gul-114-x-41-x-52-cm\/#primaryimage"},"thumbnailUrl":"https:\/\/i0.wp.com\/truusk.store\/wp-content\/uploads\/2024\/02\/barnhjullastare-rorlig-spade-horn-pedaldrift-fran-3-ar-metallram-gul-114-x-41-x-52-cm.webp?fit=800%2C800&ssl=1","datePublished":"2024-02-14T05:23:19+00:00","dateModified":"2026-03-12T08:28:24+00:00","breadcrumb":{"@id":"https:\/\/truusk.store\/sv\/produkt\/truusk-barnhjullastare-rorlig-spade-horn-pedaldrift-fran-3-ar-metallram-gul-114-x-41-x-52-cm\/#breadcrumb"},"inLanguage":"sv-SE","potentialAction":[{"@type":"ReadAction","target":["https:\/\/truusk.store\/sv\/produkt\/truusk-barnhjullastare-rorlig-spade-horn-pedaldrift-fran-3-ar-metallram-gul-114-x-41-x-52-cm\/"]}]},{"@type":"ImageObject","inLanguage":"sv-SE","@id":"https:\/\/truusk.store\/sv\/produkt\/truusk-barnhjullastare-rorlig-spade-horn-pedaldrift-fran-3-ar-metallram-gul-114-x-41-x-52-cm\/#primaryimage","url":"https:\/\/i0.wp.com\/truusk.store\/wp-content\/uploads\/2024\/02\/barnhjullastare-rorlig-spade-horn-pedaldrift-fran-3-ar-metallram-gul-114-x-41-x-52-cm.webp?fit=800%2C800&ssl=1","contentUrl":"https:\/\/i0.wp.com\/truusk.store\/wp-content\/uploads\/2024\/02\/barnhjullastare-rorlig-spade-horn-pedaldrift-fran-3-ar-metallram-gul-114-x-41-x-52-cm.webp?fit=800%2C800&ssl=1","width":800,"height":800,"caption":"Barnhjullastare, R\u00f6rlig Spade, Horn, Pedaldrift, Fr\u00e5n 3 \u00e5r, Metallram, Gul, 114 X 41 X 52 Cm 1"},{"@type":"BreadcrumbList","@id":"https:\/\/truusk.store\/sv\/produkt\/truusk-barnhjullastare-rorlig-spade-horn-pedaldrift-fran-3-ar-metallram-gul-114-x-41-x-52-cm\/#breadcrumb","itemListElement":[{"@type":"ListItem","position":1,"name":"Home","item":"https:\/\/truusk.store\/sv\/"},{"@type":"ListItem","position":2,"name":"Shop","item":"https:\/\/truusk.store\/shop\/"},{"@type":"ListItem","position":3,"name":"TRUUSK Barnhjullastare &#8211; R\u00f6rlig Spade &#8211; Horn &#8211; Pedaldrift &#8211; Fr\u00e5n 3 \u00e5r &#8211; Metallram &#8211; Gul &#8211; 114 x 41 x 52 cm"}]},{"@type":"WebSite","@id":"https:\/\/truusk.store\/sv\/#website","url":"https:\/\/truusk.store\/sv\/","name":"TRUUSK - Hem, Tr\u00e4dg\u00e5rd & Fritid","description":"","publisher":{"@id":"https:\/\/truusk.store\/sv\/#organization"},"potentialAction":[{"@type":"SearchAction","target":{"@type":"EntryPoint","urlTemplate":"https:\/\/truusk.store\/sv\/?s={search_term_string}"},"query-input":{"@type":"PropertyValueSpecification","valueRequired":true,"valueName":"search_term_string"}}],"inLanguage":"sv-SE"},{"@type":"Organization","@id":"https:\/\/truusk.store\/sv\/#organization","name":"TRUUSK - Hem, Tr\u00e4dg\u00e5rd & Fritid","url":"https:\/\/truusk.store\/sv\/","logo":{"@type":"ImageObject","inLanguage":"sv-SE","@id":"https:\/\/truusk.store\/sv\/#\/schema\/logo\/image\/","url":"https:\/\/i0.wp.com\/truusk.store\/wp-content\/uploads\/2026\/03\/cropped-TRUUSK.png?fit=2032%2C917&ssl=1","contentUrl":"https:\/\/i0.wp.com\/truusk.store\/wp-content\/uploads\/2026\/03\/cropped-TRUUSK.png?fit=2032%2C917&ssl=1","width":2032,"height":917,"caption":"TRUUSK - Hem, Tr\u00e4dg\u00e5rd & Fritid"},"image":{"@id":"https:\/\/truusk.store\/sv\/#\/schema\/logo\/image\/"}}]}},"jetpack_sharing_enabled":true,"_links":{"self":[{"href":"https:\/\/truusk.store\/sv\/wp-json\/wp\/v2\/product\/46176","targetHints":{"allow":["GET"]}}],"collection":[{"href":"https:\/\/truusk.store\/sv\/wp-json\/wp\/v2\/product"}],"about":[{"href":"https:\/\/truusk.store\/sv\/wp-json\/wp\/v2\/types\/product"}],"wp:featuredmedia":[{"embeddable":true,"href":"https:\/\/truusk.store\/sv\/wp-json\/wp\/v2\/media\/46177"}],"wp:attachment":[{"href":"https:\/\/truusk.store\/sv\/wp-json\/wp\/v2\/media?parent=46176"}],"wp:term":[{"taxonomy":"product_brand","embeddable":true,"href":"https:\/\/truusk.store\/sv\/wp-json\/wp\/v2\/product_brand?post=46176"},{"taxonomy":"product_cat","embeddable":true,"href":"https:\/\/truusk.store\/sv\/wp-json\/wp\/v2\/product_cat?post=46176"},{"taxonomy":"product_tag","embeddable":true,"href":"https:\/\/truusk.store\/sv\/wp-json\/wp\/v2\/product_tag?post=46176"}],"curies":[{"name":"wp","href":"https:\/\/api.w.org\/{rel}","templated":true}]}}