{"id":46203,"date":"2024-02-14T06:24:21","date_gmt":"2024-02-14T05:24:21","guid":{"rendered":"https:\/\/truusk.store\/product\/fyrhjuling-for-barn-laddningsbar-25-km-h-med-slap-50-min-restid-for-barn-15-till-3-ar-gron\/"},"modified":"2026-03-12T09:28:32","modified_gmt":"2026-03-12T08:28:32","slug":"truusk-fyrhjuling-for-barn-laddningsbar-25-km-h-med-slap-50-min-restid-for-barn-15-till-3-ar-gron","status":"publish","type":"product","link":"https:\/\/truusk.store\/sv\/produkt\/truusk-fyrhjuling-for-barn-laddningsbar-25-km-h-med-slap-50-min-restid-for-barn-15-till-3-ar-gron\/","title":{"rendered":"TRUUSK Fyrhjuling f\u00f6r Barn &#8211; Laddningsbar &#8211; 2,5 Km\/h &#8211; Med Sl\u00e4p &#8211; 50 Min Restid &#8211; F\u00f6r Barn 1,5 till 3 \u00e5r &#8211; Gr\u00f6n"},"content":{"rendered":"<p>V\u00e4ck \u00e4ventyrsandan med v\u00e5r fyrhjuling f\u00f6r barn! Designad speciellt f\u00f6r unga uppt\u00e4cktsresande garanterar denna fyrhjuling en sp\u00e4nnande och s\u00e4ker \u00e5ktur som bygger upp motoriska f\u00e4rdigheter och sj\u00e4lvf\u00f6rtroende. Se dina barns leende ansikten n\u00e4r de utforskar terr\u00e4ngen och tar det f\u00f6rsta steget mot sj\u00e4lvst\u00e4ndig k\u00f6rning. Det praktiska f\u00f6rvaringsutrymmet rymmer enkelt dryckesflaskor, snacksbeh\u00e5llare och en m\u00e4ngd olika leksaker.<\/p>\n<h3>Beskrivning:<\/h3>\n<ul>\n<li>H\u00e4nge f\u00f6r leksaker, vattenflaskor med mera.<\/li>\n<li>S\u00e4ker hastighet p\u00e5 2,5 km\/h, 50 minuters drift p\u00e5 full laddning.<\/li>\n<li>Fram\u00e5t, bak\u00e5t och pedalen f\u00f6r en autentisk k\u00f6rupplevelse.<\/li>\n<li>Bekv\u00e4m, bred sits f\u00f6r bekv\u00e4mlighet under k\u00f6rning.<\/li>\n<li>Mest slitstarka d\u00e4ck f\u00f6r m\u00e5ngsidiga ytor.<\/li>\n<li>Montering kr\u00e4vs.<\/li>\n<\/ul>\n<h3>Teknisk data:<\/h3>\n<ul>\n<li>F\u00e4rg: Gr\u00f6n+Gr\u00e5+Svart<\/li>\n<li>Material: metall, plast<\/li>\n<li>\u00d6vergripande m\u00e5tt: 106W x 41,5D x 48,5H cm<\/li>\n<li>Sitsstorlek: 28W x 10D x 30H cm<\/li>\n<li>M\u00e5tt kvadrat: 20 cm<\/li>\n<li>M\u00e5tt p\u00e5 trailer: 35W x 27D x 11H cm<\/li>\n<li>Hastighet: 2,5 km\/h<\/li>\n<li>M\u00e5tt p\u00e5 sl\u00e4pvagnshjul: 15,5 cm<\/li>\n<li>Batteri: 6V 4,5AH<\/li>\n<li>F\u00f6rsta laddning: 6-8 timmar. Regelbunden laddning: 8-12 timmar. Drifttid: 50 minuter (beroende p\u00e5 typ av anv\u00e4ndning)<\/li>\n<li>Certifierad \u00e5lder: 18+ m\u00e5nader. L\u00e4mplig \u00e5lder: 18-36 m\u00e5nader<\/li>\n<li>Lastkapacitet: 25 kg<\/li>\n<li>Obs: L\u00e4mna aldrig ditt barn utan uppsikt n\u00e4r du k\u00f6r<\/li>\n<\/ul>\n<h3>Leveransens omfattning:<\/h3>\n<ul>\n<li>1 x fyrhjuling f\u00f6r barn<\/li>\n<li>1 x manuell<\/li>\n<\/ul>\n","protected":false},"excerpt":{"rendered":"<p>V\u00e4ck \u00e4ventyrsandan med v\u00e5r fyrhjuling f\u00f6r barn! Designad speciellt f\u00f6r unga uppt\u00e4cktsresande garanterar denna fyrhjuling en sp\u00e4nnande och s\u00e4ker \u00e5ktur&#8230;<\/p>\n","protected":false},"featured_media":46204,"template":"","meta":[],"product_brand":[],"product_cat":[609,610,612],"product_tag":[],"class_list":{"0":"post-46203","1":"product","2":"type-product","3":"status-publish","4":"has-post-thumbnail","6":"product_cat-baby-barn","7":"product_cat-barnfordon","8":"product_cat-elektriska-fordon","10":"first","11":"instock","12":"sale","13":"taxable","14":"shipping-taxable","15":"purchasable","16":"product-type-simple"},"yoast_head":"<!-- This site is optimized with the Yoast SEO plugin v25.4 - https:\/\/yoast.com\/wordpress\/plugins\/seo\/ -->\n<title>TRUUSK Fyrhjuling f\u00f6r Barn - Laddningsbar - 2,5 Km\/h - Med Sl\u00e4p - 50 Min Restid - F\u00f6r Barn 1,5 till 3 \u00e5r - Gr\u00f6n - TRUUSK - Hem, Tr\u00e4dg\u00e5rd &amp; Fritid<\/title>\n<meta name=\"robots\" content=\"index, follow, max-snippet:-1, max-image-preview:large, max-video-preview:-1\" \/>\n<link rel=\"canonical\" href=\"https:\/\/truusk.store\/sv\/produkt\/truusk-fyrhjuling-for-barn-laddningsbar-25-km-h-med-slap-50-min-restid-for-barn-15-till-3-ar-gron\/\" \/>\n<meta property=\"og:locale\" content=\"sv_SE\" \/>\n<meta property=\"og:type\" content=\"article\" \/>\n<meta property=\"og:title\" content=\"TRUUSK Fyrhjuling f\u00f6r Barn - Laddningsbar - 2,5 Km\/h - Med Sl\u00e4p - 50 Min Restid - F\u00f6r Barn 1,5 till 3 \u00e5r - Gr\u00f6n - TRUUSK - Hem, Tr\u00e4dg\u00e5rd &amp; Fritid\" \/>\n<meta property=\"og:description\" content=\"V\u00e4ck \u00e4ventyrsandan med v\u00e5r fyrhjuling f\u00f6r barn! Designad speciellt f\u00f6r unga uppt\u00e4cktsresande garanterar denna fyrhjuling en sp\u00e4nnande och s\u00e4ker \u00e5ktur...\" \/>\n<meta property=\"og:url\" content=\"https:\/\/truusk.store\/sv\/produkt\/truusk-fyrhjuling-for-barn-laddningsbar-25-km-h-med-slap-50-min-restid-for-barn-15-till-3-ar-gron\/\" \/>\n<meta property=\"og:site_name\" content=\"TRUUSK - Hem, Tr\u00e4dg\u00e5rd &amp; Fritid\" \/>\n<meta property=\"article:modified_time\" content=\"2026-03-12T08:28:32+00:00\" \/>\n<meta property=\"og:image\" content=\"https:\/\/i0.wp.com\/truusk.se\/wp-content\/uploads\/2024\/02\/fyrhjuling-for-barn-laddningsbar-25-km-h-med-slap-50-min-restid-for-barn-15-till-3-ar-gron.webp?fit=800%2C800&ssl=1\" \/>\n\t<meta property=\"og:image:width\" content=\"800\" \/>\n\t<meta property=\"og:image:height\" content=\"800\" \/>\n\t<meta property=\"og:image:type\" content=\"image\/webp\" \/>\n<meta name=\"twitter:card\" content=\"summary_large_image\" \/>\n<meta name=\"twitter:label1\" content=\"Ber\u00e4knad l\u00e4stid\" \/>\n\t<meta name=\"twitter:data1\" content=\"1 minut\" \/>\n<!-- \/ Yoast SEO plugin. -->","yoast_head_json":{"title":"TRUUSK Fyrhjuling f\u00f6r Barn - Laddningsbar - 2,5 Km\/h - Med Sl\u00e4p - 50 Min Restid - F\u00f6r Barn 1,5 till 3 \u00e5r - Gr\u00f6n - TRUUSK - Hem, Tr\u00e4dg\u00e5rd &amp; Fritid","robots":{"index":"index","follow":"follow","max-snippet":"max-snippet:-1","max-image-preview":"max-image-preview:large","max-video-preview":"max-video-preview:-1"},"canonical":"https:\/\/truusk.store\/sv\/produkt\/truusk-fyrhjuling-for-barn-laddningsbar-25-km-h-med-slap-50-min-restid-for-barn-15-till-3-ar-gron\/","og_locale":"sv_SE","og_type":"article","og_title":"TRUUSK Fyrhjuling f\u00f6r Barn - Laddningsbar - 2,5 Km\/h - Med Sl\u00e4p - 50 Min Restid - F\u00f6r Barn 1,5 till 3 \u00e5r - Gr\u00f6n - TRUUSK - Hem, Tr\u00e4dg\u00e5rd &amp; Fritid","og_description":"V\u00e4ck \u00e4ventyrsandan med v\u00e5r fyrhjuling f\u00f6r barn! Designad speciellt f\u00f6r unga uppt\u00e4cktsresande garanterar denna fyrhjuling en sp\u00e4nnande och s\u00e4ker \u00e5ktur...","og_url":"https:\/\/truusk.store\/sv\/produkt\/truusk-fyrhjuling-for-barn-laddningsbar-25-km-h-med-slap-50-min-restid-for-barn-15-till-3-ar-gron\/","og_site_name":"TRUUSK - Hem, Tr\u00e4dg\u00e5rd &amp; Fritid","article_modified_time":"2026-03-12T08:28:32+00:00","og_image":[{"width":800,"height":800,"url":"https:\/\/i0.wp.com\/truusk.se\/wp-content\/uploads\/2024\/02\/fyrhjuling-for-barn-laddningsbar-25-km-h-med-slap-50-min-restid-for-barn-15-till-3-ar-gron.webp?fit=800%2C800&ssl=1","type":"image\/webp"}],"twitter_card":"summary_large_image","twitter_misc":{"Ber\u00e4knad l\u00e4stid":"1 minut"},"schema":{"@context":"https:\/\/schema.org","@graph":[{"@type":"WebPage","@id":"https:\/\/truusk.store\/sv\/produkt\/truusk-fyrhjuling-for-barn-laddningsbar-25-km-h-med-slap-50-min-restid-for-barn-15-till-3-ar-gron\/","url":"https:\/\/truusk.store\/sv\/produkt\/truusk-fyrhjuling-for-barn-laddningsbar-25-km-h-med-slap-50-min-restid-for-barn-15-till-3-ar-gron\/","name":"TRUUSK Fyrhjuling f\u00f6r Barn - Laddningsbar - 2,5 Km\/h - Med Sl\u00e4p - 50 Min Restid - F\u00f6r Barn 1,5 till 3 \u00e5r - Gr\u00f6n - TRUUSK - Hem, Tr\u00e4dg\u00e5rd &amp; Fritid","isPartOf":{"@id":"https:\/\/truusk.store\/sv\/#website"},"primaryImageOfPage":{"@id":"https:\/\/truusk.store\/sv\/produkt\/truusk-fyrhjuling-for-barn-laddningsbar-25-km-h-med-slap-50-min-restid-for-barn-15-till-3-ar-gron\/#primaryimage"},"image":{"@id":"https:\/\/truusk.store\/sv\/produkt\/truusk-fyrhjuling-for-barn-laddningsbar-25-km-h-med-slap-50-min-restid-for-barn-15-till-3-ar-gron\/#primaryimage"},"thumbnailUrl":"https:\/\/i0.wp.com\/truusk.store\/wp-content\/uploads\/2024\/02\/fyrhjuling-for-barn-laddningsbar-25-km-h-med-slap-50-min-restid-for-barn-15-till-3-ar-gron.webp?fit=800%2C800&ssl=1","datePublished":"2024-02-14T05:24:21+00:00","dateModified":"2026-03-12T08:28:32+00:00","breadcrumb":{"@id":"https:\/\/truusk.store\/sv\/produkt\/truusk-fyrhjuling-for-barn-laddningsbar-25-km-h-med-slap-50-min-restid-for-barn-15-till-3-ar-gron\/#breadcrumb"},"inLanguage":"sv-SE","potentialAction":[{"@type":"ReadAction","target":["https:\/\/truusk.store\/sv\/produkt\/truusk-fyrhjuling-for-barn-laddningsbar-25-km-h-med-slap-50-min-restid-for-barn-15-till-3-ar-gron\/"]}]},{"@type":"ImageObject","inLanguage":"sv-SE","@id":"https:\/\/truusk.store\/sv\/produkt\/truusk-fyrhjuling-for-barn-laddningsbar-25-km-h-med-slap-50-min-restid-for-barn-15-till-3-ar-gron\/#primaryimage","url":"https:\/\/i0.wp.com\/truusk.store\/wp-content\/uploads\/2024\/02\/fyrhjuling-for-barn-laddningsbar-25-km-h-med-slap-50-min-restid-for-barn-15-till-3-ar-gron.webp?fit=800%2C800&ssl=1","contentUrl":"https:\/\/i0.wp.com\/truusk.store\/wp-content\/uploads\/2024\/02\/fyrhjuling-for-barn-laddningsbar-25-km-h-med-slap-50-min-restid-for-barn-15-till-3-ar-gron.webp?fit=800%2C800&ssl=1","width":800,"height":800,"caption":"Fyrhjuling F\u00f6r Barn, Laddningsbar, 2,5 Km\/h, Med Sl\u00e4p, 50 Min Restid, F\u00f6r Barn 1,5 Till 3 \u00e5r, Gr\u00f6n 1"},{"@type":"BreadcrumbList","@id":"https:\/\/truusk.store\/sv\/produkt\/truusk-fyrhjuling-for-barn-laddningsbar-25-km-h-med-slap-50-min-restid-for-barn-15-till-3-ar-gron\/#breadcrumb","itemListElement":[{"@type":"ListItem","position":1,"name":"Home","item":"https:\/\/truusk.store\/sv\/"},{"@type":"ListItem","position":2,"name":"Shop","item":"https:\/\/truusk.store\/shop\/"},{"@type":"ListItem","position":3,"name":"TRUUSK Fyrhjuling f\u00f6r Barn &#8211; Laddningsbar &#8211; 2,5 Km\/h &#8211; Med Sl\u00e4p &#8211; 50 Min Restid &#8211; F\u00f6r Barn 1,5 till 3 \u00e5r &#8211; Gr\u00f6n"}]},{"@type":"WebSite","@id":"https:\/\/truusk.store\/sv\/#website","url":"https:\/\/truusk.store\/sv\/","name":"TRUUSK - Hem, Tr\u00e4dg\u00e5rd & Fritid","description":"","publisher":{"@id":"https:\/\/truusk.store\/sv\/#organization"},"potentialAction":[{"@type":"SearchAction","target":{"@type":"EntryPoint","urlTemplate":"https:\/\/truusk.store\/sv\/?s={search_term_string}"},"query-input":{"@type":"PropertyValueSpecification","valueRequired":true,"valueName":"search_term_string"}}],"inLanguage":"sv-SE"},{"@type":"Organization","@id":"https:\/\/truusk.store\/sv\/#organization","name":"TRUUSK - Hem, Tr\u00e4dg\u00e5rd & Fritid","url":"https:\/\/truusk.store\/sv\/","logo":{"@type":"ImageObject","inLanguage":"sv-SE","@id":"https:\/\/truusk.store\/sv\/#\/schema\/logo\/image\/","url":"https:\/\/i0.wp.com\/truusk.store\/wp-content\/uploads\/2026\/03\/cropped-TRUUSK.png?fit=2032%2C917&ssl=1","contentUrl":"https:\/\/i0.wp.com\/truusk.store\/wp-content\/uploads\/2026\/03\/cropped-TRUUSK.png?fit=2032%2C917&ssl=1","width":2032,"height":917,"caption":"TRUUSK - Hem, Tr\u00e4dg\u00e5rd & Fritid"},"image":{"@id":"https:\/\/truusk.store\/sv\/#\/schema\/logo\/image\/"}}]}},"jetpack_sharing_enabled":true,"_links":{"self":[{"href":"https:\/\/truusk.store\/sv\/wp-json\/wp\/v2\/product\/46203","targetHints":{"allow":["GET"]}}],"collection":[{"href":"https:\/\/truusk.store\/sv\/wp-json\/wp\/v2\/product"}],"about":[{"href":"https:\/\/truusk.store\/sv\/wp-json\/wp\/v2\/types\/product"}],"wp:featuredmedia":[{"embeddable":true,"href":"https:\/\/truusk.store\/sv\/wp-json\/wp\/v2\/media\/46204"}],"wp:attachment":[{"href":"https:\/\/truusk.store\/sv\/wp-json\/wp\/v2\/media?parent=46203"}],"wp:term":[{"taxonomy":"product_brand","embeddable":true,"href":"https:\/\/truusk.store\/sv\/wp-json\/wp\/v2\/product_brand?post=46203"},{"taxonomy":"product_cat","embeddable":true,"href":"https:\/\/truusk.store\/sv\/wp-json\/wp\/v2\/product_cat?post=46203"},{"taxonomy":"product_tag","embeddable":true,"href":"https:\/\/truusk.store\/sv\/wp-json\/wp\/v2\/product_tag?post=46203"}],"curies":[{"name":"wp","href":"https:\/\/api.w.org\/{rel}","templated":true}]}}