{"id":46247,"date":"2024-02-14T06:25:49","date_gmt":"2024-02-14T05:25:49","guid":{"rendered":"https:\/\/truusk.store\/product\/retro-gungstol-gungstol-i-massivt-tra-71cm-x-92cm-x-101cm-morkgra\/"},"modified":"2026-03-12T09:28:38","modified_gmt":"2026-03-12T08:28:38","slug":"truusk-retro-gungstol-i-massivt-tra-morkgra-71cm-x-92cm-x-101cm-klassisk-design-bekvam-sittplats-stilren-inredning","status":"publish","type":"product","link":"https:\/\/truusk.store\/sv\/produkt\/truusk-retro-gungstol-i-massivt-tra-morkgra-71cm-x-92cm-x-101cm-klassisk-design-bekvam-sittplats-stilren-inredning\/","title":{"rendered":"TRUUSK Retro Gungstol i Massivt Tr\u00e4 &#8211; M\u00f6rkgr\u00e5 &#8211; 71cm x 92cm x 101cm &#8211; Klassisk Design &#8211; Bekv\u00e4m Sittplats &#8211; Stilren Inredning"},"content":{"rendered":"<p>Efter en l\u00e5ng dag p\u00e5 jobbet vill du ha en avkopplande paus. Gunga dig sj\u00e4lv till ett tillst\u00e5nd av lugn och harmoni med gungstolen. Den stora sitsen har en bekv\u00e4m sitsform och mjuk stoppning som s\u00e4kerst\u00e4ller komfort. Armst\u00f6den och det b\u00f6jda ryggst\u00f6det st\u00f6djer din kropp och s\u00e4kerst\u00e4ller mycket avkoppling. Gunga dig in i en avslappnad kv\u00e4ll med denna gungstol.<\/p>\n<h3>Beskrivning:<\/h3>\n<ul>\n<li>Den eleganta designen ger din favoritplats charmen fr\u00e5n svunna tider<\/li>\n<li>B\u00f6jda tr\u00e4l\u00f6pare f\u00f6r att gunga fram och tillbaka<\/li>\n<li>Den tjocka stoppningen s\u00e4kerst\u00e4ller en utm\u00e4rkt sittupplevelse<\/li>\n<li>Det breda ryggst\u00f6det och armst\u00f6den ger allsidigt st\u00f6d<\/li>\n<li>Perfekt f\u00f6r barnrummet, f\u00f6r att sova, l\u00e4sa och titta p\u00e5 TV<\/li>\n<li>Botten av boktr\u00e4 och en st\u00e5lram s\u00e4kerst\u00e4ller tillf\u00f6rlitligt st\u00f6d under anv\u00e4ndning<\/li>\n<li>Montering kr\u00e4vs<\/li>\n<\/ul>\n<h3>Teknisk data:<\/h3>\n<ul>\n<li>F\u00e4rg: M\u00f6rkgr\u00e5<\/li>\n<li>Material: Berberfleece (100% polyester), boktr\u00e4, st\u00e5l, skum<\/li>\n<li>\u00d6vergripande m\u00e5tt: 71L x 92W x 101H cm<\/li>\n<li>Sitsstorlek: 54W x 49D cm<\/li>\n<li>Sitth\u00f6jd: 47 cm<\/li>\n<li>Sitstjocklek: 9 cm<\/li>\n<li>M\u00e5tt bak: 73W x 66H cm<\/li>\n<li>Ryggst\u00f6dets tjocklek: 8 cm<\/li>\n<li>Viktkapacitet: 120 kg<\/li>\n<\/ul>\n<h3>Leveransens omfattning:<\/h3>\n<ul>\n<li>1 x gungstol<\/li>\n<li>1 x Instruktioner<\/li>\n<\/ul>\n","protected":false},"excerpt":{"rendered":"<p>Efter en l\u00e5ng dag p\u00e5 jobbet vill du ha en avkopplande paus. Gunga dig sj\u00e4lv till ett tillst\u00e5nd av lugn&#8230;<\/p>\n","protected":false},"featured_media":46248,"template":"","meta":[],"product_brand":[],"product_cat":[520,485,515],"product_tag":[],"class_list":{"0":"post-46247","1":"product","2":"type-product","3":"status-publish","4":"has-post-thumbnail","6":"product_cat-gungstolar","7":"product_cat-hus-bo","8":"product_cat-stolar","10":"first","11":"instock","12":"sale","13":"taxable","14":"shipping-taxable","15":"purchasable","16":"product-type-simple"},"yoast_head":"<!-- This site is optimized with the Yoast SEO plugin v25.4 - https:\/\/yoast.com\/wordpress\/plugins\/seo\/ -->\n<title>TRUUSK Retro Gungstol i Massivt Tr\u00e4 - M\u00f6rkgr\u00e5 - 71cm x 92cm x 101cm - Klassisk Design - Bekv\u00e4m Sittplats - Stilren Inredning - TRUUSK - Hem, Tr\u00e4dg\u00e5rd &amp; Fritid<\/title>\n<meta name=\"robots\" content=\"index, follow, max-snippet:-1, max-image-preview:large, max-video-preview:-1\" \/>\n<link rel=\"canonical\" href=\"https:\/\/truusk.store\/sv\/produkt\/truusk-retro-gungstol-i-massivt-tra-morkgra-71cm-x-92cm-x-101cm-klassisk-design-bekvam-sittplats-stilren-inredning\/\" \/>\n<meta property=\"og:locale\" content=\"sv_SE\" \/>\n<meta property=\"og:type\" content=\"article\" \/>\n<meta property=\"og:title\" content=\"TRUUSK Retro Gungstol i Massivt Tr\u00e4 - M\u00f6rkgr\u00e5 - 71cm x 92cm x 101cm - Klassisk Design - Bekv\u00e4m Sittplats - Stilren Inredning - TRUUSK - Hem, Tr\u00e4dg\u00e5rd &amp; Fritid\" \/>\n<meta property=\"og:description\" content=\"Efter en l\u00e5ng dag p\u00e5 jobbet vill du ha en avkopplande paus. Gunga dig sj\u00e4lv till ett tillst\u00e5nd av lugn...\" \/>\n<meta property=\"og:url\" content=\"https:\/\/truusk.store\/sv\/produkt\/truusk-retro-gungstol-i-massivt-tra-morkgra-71cm-x-92cm-x-101cm-klassisk-design-bekvam-sittplats-stilren-inredning\/\" \/>\n<meta property=\"og:site_name\" content=\"TRUUSK - Hem, Tr\u00e4dg\u00e5rd &amp; Fritid\" \/>\n<meta property=\"article:modified_time\" content=\"2026-03-12T08:28:38+00:00\" \/>\n<meta property=\"og:image\" content=\"https:\/\/i0.wp.com\/truusk.se\/wp-content\/uploads\/2024\/02\/retro-gungstol-gungstol-i-massivt-tra-71cm-x-92cm-x-101cm-morkgra.webp?fit=800%2C800&ssl=1\" \/>\n\t<meta property=\"og:image:width\" content=\"800\" \/>\n\t<meta property=\"og:image:height\" content=\"800\" \/>\n\t<meta property=\"og:image:type\" content=\"image\/webp\" \/>\n<meta name=\"twitter:card\" content=\"summary_large_image\" \/>\n<meta name=\"twitter:label1\" content=\"Ber\u00e4knad l\u00e4stid\" \/>\n\t<meta name=\"twitter:data1\" content=\"1 minut\" \/>\n<!-- \/ Yoast SEO plugin. -->","yoast_head_json":{"title":"TRUUSK Retro Gungstol i Massivt Tr\u00e4 - M\u00f6rkgr\u00e5 - 71cm x 92cm x 101cm - Klassisk Design - Bekv\u00e4m Sittplats - Stilren Inredning - TRUUSK - Hem, Tr\u00e4dg\u00e5rd &amp; Fritid","robots":{"index":"index","follow":"follow","max-snippet":"max-snippet:-1","max-image-preview":"max-image-preview:large","max-video-preview":"max-video-preview:-1"},"canonical":"https:\/\/truusk.store\/sv\/produkt\/truusk-retro-gungstol-i-massivt-tra-morkgra-71cm-x-92cm-x-101cm-klassisk-design-bekvam-sittplats-stilren-inredning\/","og_locale":"sv_SE","og_type":"article","og_title":"TRUUSK Retro Gungstol i Massivt Tr\u00e4 - M\u00f6rkgr\u00e5 - 71cm x 92cm x 101cm - Klassisk Design - Bekv\u00e4m Sittplats - Stilren Inredning - TRUUSK - Hem, Tr\u00e4dg\u00e5rd &amp; Fritid","og_description":"Efter en l\u00e5ng dag p\u00e5 jobbet vill du ha en avkopplande paus. Gunga dig sj\u00e4lv till ett tillst\u00e5nd av lugn...","og_url":"https:\/\/truusk.store\/sv\/produkt\/truusk-retro-gungstol-i-massivt-tra-morkgra-71cm-x-92cm-x-101cm-klassisk-design-bekvam-sittplats-stilren-inredning\/","og_site_name":"TRUUSK - Hem, Tr\u00e4dg\u00e5rd &amp; Fritid","article_modified_time":"2026-03-12T08:28:38+00:00","og_image":[{"width":800,"height":800,"url":"https:\/\/i0.wp.com\/truusk.se\/wp-content\/uploads\/2024\/02\/retro-gungstol-gungstol-i-massivt-tra-71cm-x-92cm-x-101cm-morkgra.webp?fit=800%2C800&ssl=1","type":"image\/webp"}],"twitter_card":"summary_large_image","twitter_misc":{"Ber\u00e4knad l\u00e4stid":"1 minut"},"schema":{"@context":"https:\/\/schema.org","@graph":[{"@type":"WebPage","@id":"https:\/\/truusk.store\/sv\/produkt\/truusk-retro-gungstol-i-massivt-tra-morkgra-71cm-x-92cm-x-101cm-klassisk-design-bekvam-sittplats-stilren-inredning\/","url":"https:\/\/truusk.store\/sv\/produkt\/truusk-retro-gungstol-i-massivt-tra-morkgra-71cm-x-92cm-x-101cm-klassisk-design-bekvam-sittplats-stilren-inredning\/","name":"TRUUSK Retro Gungstol i Massivt Tr\u00e4 - M\u00f6rkgr\u00e5 - 71cm x 92cm x 101cm - Klassisk Design - Bekv\u00e4m Sittplats - Stilren Inredning - TRUUSK - Hem, Tr\u00e4dg\u00e5rd &amp; Fritid","isPartOf":{"@id":"https:\/\/truusk.store\/sv\/#website"},"primaryImageOfPage":{"@id":"https:\/\/truusk.store\/sv\/produkt\/truusk-retro-gungstol-i-massivt-tra-morkgra-71cm-x-92cm-x-101cm-klassisk-design-bekvam-sittplats-stilren-inredning\/#primaryimage"},"image":{"@id":"https:\/\/truusk.store\/sv\/produkt\/truusk-retro-gungstol-i-massivt-tra-morkgra-71cm-x-92cm-x-101cm-klassisk-design-bekvam-sittplats-stilren-inredning\/#primaryimage"},"thumbnailUrl":"https:\/\/i0.wp.com\/truusk.store\/wp-content\/uploads\/2024\/02\/retro-gungstol-gungstol-i-massivt-tra-71cm-x-92cm-x-101cm-morkgra.webp?fit=800%2C800&ssl=1","datePublished":"2024-02-14T05:25:49+00:00","dateModified":"2026-03-12T08:28:38+00:00","breadcrumb":{"@id":"https:\/\/truusk.store\/sv\/produkt\/truusk-retro-gungstol-i-massivt-tra-morkgra-71cm-x-92cm-x-101cm-klassisk-design-bekvam-sittplats-stilren-inredning\/#breadcrumb"},"inLanguage":"sv-SE","potentialAction":[{"@type":"ReadAction","target":["https:\/\/truusk.store\/sv\/produkt\/truusk-retro-gungstol-i-massivt-tra-morkgra-71cm-x-92cm-x-101cm-klassisk-design-bekvam-sittplats-stilren-inredning\/"]}]},{"@type":"ImageObject","inLanguage":"sv-SE","@id":"https:\/\/truusk.store\/sv\/produkt\/truusk-retro-gungstol-i-massivt-tra-morkgra-71cm-x-92cm-x-101cm-klassisk-design-bekvam-sittplats-stilren-inredning\/#primaryimage","url":"https:\/\/i0.wp.com\/truusk.store\/wp-content\/uploads\/2024\/02\/retro-gungstol-gungstol-i-massivt-tra-71cm-x-92cm-x-101cm-morkgra.webp?fit=800%2C800&ssl=1","contentUrl":"https:\/\/i0.wp.com\/truusk.store\/wp-content\/uploads\/2024\/02\/retro-gungstol-gungstol-i-massivt-tra-71cm-x-92cm-x-101cm-morkgra.webp?fit=800%2C800&ssl=1","width":800,"height":800,"caption":"Retro Gungstol Gungstol I Massivt Tr\u00e4 71cm X 92cm X 101cm M\u00f6rkgr\u00e5 1"},{"@type":"BreadcrumbList","@id":"https:\/\/truusk.store\/sv\/produkt\/truusk-retro-gungstol-i-massivt-tra-morkgra-71cm-x-92cm-x-101cm-klassisk-design-bekvam-sittplats-stilren-inredning\/#breadcrumb","itemListElement":[{"@type":"ListItem","position":1,"name":"Home","item":"https:\/\/truusk.store\/sv\/"},{"@type":"ListItem","position":2,"name":"Shop","item":"https:\/\/truusk.store\/shop\/"},{"@type":"ListItem","position":3,"name":"TRUUSK Retro Gungstol i Massivt Tr\u00e4 &#8211; M\u00f6rkgr\u00e5 &#8211; 71cm x 92cm x 101cm &#8211; Klassisk Design &#8211; Bekv\u00e4m Sittplats &#8211; Stilren Inredning"}]},{"@type":"WebSite","@id":"https:\/\/truusk.store\/sv\/#website","url":"https:\/\/truusk.store\/sv\/","name":"TRUUSK - Hem, Tr\u00e4dg\u00e5rd & Fritid","description":"","publisher":{"@id":"https:\/\/truusk.store\/sv\/#organization"},"potentialAction":[{"@type":"SearchAction","target":{"@type":"EntryPoint","urlTemplate":"https:\/\/truusk.store\/sv\/?s={search_term_string}"},"query-input":{"@type":"PropertyValueSpecification","valueRequired":true,"valueName":"search_term_string"}}],"inLanguage":"sv-SE"},{"@type":"Organization","@id":"https:\/\/truusk.store\/sv\/#organization","name":"TRUUSK - Hem, Tr\u00e4dg\u00e5rd & Fritid","url":"https:\/\/truusk.store\/sv\/","logo":{"@type":"ImageObject","inLanguage":"sv-SE","@id":"https:\/\/truusk.store\/sv\/#\/schema\/logo\/image\/","url":"https:\/\/i0.wp.com\/truusk.store\/wp-content\/uploads\/2026\/03\/cropped-TRUUSK.png?fit=2032%2C917&ssl=1","contentUrl":"https:\/\/i0.wp.com\/truusk.store\/wp-content\/uploads\/2026\/03\/cropped-TRUUSK.png?fit=2032%2C917&ssl=1","width":2032,"height":917,"caption":"TRUUSK - Hem, Tr\u00e4dg\u00e5rd & Fritid"},"image":{"@id":"https:\/\/truusk.store\/sv\/#\/schema\/logo\/image\/"}}]}},"jetpack_sharing_enabled":true,"_links":{"self":[{"href":"https:\/\/truusk.store\/sv\/wp-json\/wp\/v2\/product\/46247","targetHints":{"allow":["GET"]}}],"collection":[{"href":"https:\/\/truusk.store\/sv\/wp-json\/wp\/v2\/product"}],"about":[{"href":"https:\/\/truusk.store\/sv\/wp-json\/wp\/v2\/types\/product"}],"wp:featuredmedia":[{"embeddable":true,"href":"https:\/\/truusk.store\/sv\/wp-json\/wp\/v2\/media\/46248"}],"wp:attachment":[{"href":"https:\/\/truusk.store\/sv\/wp-json\/wp\/v2\/media?parent=46247"}],"wp:term":[{"taxonomy":"product_brand","embeddable":true,"href":"https:\/\/truusk.store\/sv\/wp-json\/wp\/v2\/product_brand?post=46247"},{"taxonomy":"product_cat","embeddable":true,"href":"https:\/\/truusk.store\/sv\/wp-json\/wp\/v2\/product_cat?post=46247"},{"taxonomy":"product_tag","embeddable":true,"href":"https:\/\/truusk.store\/sv\/wp-json\/wp\/v2\/product_tag?post=46247"}],"curies":[{"name":"wp","href":"https:\/\/api.w.org\/{rel}","templated":true}]}}