{"id":46280,"date":"2024-02-14T06:27:06","date_gmt":"2024-02-14T05:27:06","guid":{"rendered":"https:\/\/truusk.store\/product\/elektrisk-barnmotorcykel-med-stodhjul-stralkastare-15-till-3-km-h-for-barn-i-aldern-15-till-3-ar-rosa\/"},"modified":"2026-03-12T09:31:05","modified_gmt":"2026-03-12T08:31:05","slug":"truusk-elektrisk-barnmotorcykel-med-stodhjul-och-stralkastare-15-till-3-km-h-for-barn-15-till-3-ar-rosa","status":"publish","type":"product","link":"https:\/\/truusk.store\/sv\/produkt\/truusk-elektrisk-barnmotorcykel-med-stodhjul-och-stralkastare-15-till-3-km-h-for-barn-15-till-3-ar-rosa\/","title":{"rendered":"TRUUSK Elektrisk Barnmotorcykel &#8211; Med St\u00f6dhjul och Str\u00e5lkastare &#8211; 1,5 till 3 Km\/h &#8211; F\u00f6r Barn 1,5 till 3 \u00e5r &#8211; Rosa"},"content":{"rendered":"<p>Ditt barn kommer aldrig att vilja kliva av denna h\u00f6gkvalitativa barnmotorcykel. N\u00e4r skymningen faller kan str\u00e5lkastaren lysa upp v\u00e4gen s\u00e5 att ditt barn syns tydligt. De robusta hjulen \u00e4r designade f\u00f6r att \u00e5ka genom vattenp\u00f6lar p\u00e5 ett s\u00e4kert slitbana, och tack vare st\u00f6dhjulen f\u00e5r ditt barn viktiga finmotoriska f\u00e4rdigheter och koordinationsf\u00f6rm\u00e5ga samtidigt som de f\u00e5r en daglig dos av varierad aktivitet.<\/p>\n<h3>Beskrivning:<\/h3>\n<ul>\n<li>Robusta hjul f\u00f6r att spraya genom vattenp\u00f6lar<\/li>\n<li>Str\u00e5lkastare ger tryggheten att ditt barn k\u00f6r upplyst under skymning och gryning<\/li>\n<li>Avtagbara st\u00f6dhjul f\u00f6r k\u00f6r\u00f6vningar<\/li>\n<li>En startknapp och en bekv\u00e4m sits<\/li>\n<li>K\u00f6r p\u00e5 asfalt, tegel eller cement<\/li>\n<li>Utvecklar naturligt hand-\u00f6ga-koordination<\/li>\n<\/ul>\n<h3>Teknisk data:<\/h3>\n<ul>\n<li>F\u00e4rg: Rosa+svart<\/li>\n<li>Material: plast, j\u00e4rn<\/li>\n<li>Totala m\u00e5tt: 76L x 42W x 57H cm<\/li>\n<li>Sitsstorlek: 15,5W x 23D x 29H cm (fr\u00e5n golvet)<\/li>\n<li>Laddningstid: F\u00f6rsta: 6-8 timmar. Normalt: 8-12 timmar<\/li>\n<li>Batteri: 6V, 4,5AH<\/li>\n<li>Drifttid: 45 minuter<\/li>\n<li>Hastighet: 3 km\/h<\/li>\n<li>Hjul: 21 cm<\/li>\n<li>Viktkapacitet: 25 kg<\/li>\n<li>Certifierings\u00e5lder: 18+ m\u00e5nader. Rekommenderade \u00e5ldersgrupper: 18-36 m\u00e5nader<\/li>\n<li>OBS: \u00d6vervaka alltid dina barn n\u00e4r de k\u00f6r<\/li>\n<\/ul>\n<h3>Leveransens omfattning:<\/h3>\n<ul>\n<li>1 x Elmotorcykel f\u00f6r barn<\/li>\n<li>1 x manuell<\/li>\n<\/ul>\n","protected":false},"excerpt":{"rendered":"<p>Ditt barn kommer aldrig att vilja kliva av denna h\u00f6gkvalitativa barnmotorcykel. N\u00e4r skymningen faller kan str\u00e5lkastaren lysa upp v\u00e4gen s\u00e5&#8230;<\/p>\n","protected":false},"featured_media":46281,"template":"","meta":[],"product_brand":[],"product_cat":[609,610,612],"product_tag":[],"class_list":{"0":"post-46280","1":"product","2":"type-product","3":"status-publish","4":"has-post-thumbnail","6":"product_cat-baby-barn","7":"product_cat-barnfordon","8":"product_cat-elektriska-fordon","10":"first","11":"instock","12":"sale","13":"taxable","14":"shipping-taxable","15":"purchasable","16":"product-type-simple"},"yoast_head":"<!-- This site is optimized with the Yoast SEO plugin v25.4 - https:\/\/yoast.com\/wordpress\/plugins\/seo\/ -->\n<title>TRUUSK Elektrisk Barnmotorcykel - Med St\u00f6dhjul och Str\u00e5lkastare - 1,5 till 3 Km\/h - F\u00f6r Barn 1,5 till 3 \u00e5r - Rosa - TRUUSK - Hem, Tr\u00e4dg\u00e5rd &amp; Fritid<\/title>\n<meta name=\"robots\" content=\"index, follow, max-snippet:-1, max-image-preview:large, max-video-preview:-1\" \/>\n<link rel=\"canonical\" href=\"https:\/\/truusk.store\/sv\/produkt\/truusk-elektrisk-barnmotorcykel-med-stodhjul-och-stralkastare-15-till-3-km-h-for-barn-15-till-3-ar-rosa\/\" \/>\n<meta property=\"og:locale\" content=\"sv_SE\" \/>\n<meta property=\"og:type\" content=\"article\" \/>\n<meta property=\"og:title\" content=\"TRUUSK Elektrisk Barnmotorcykel - Med St\u00f6dhjul och Str\u00e5lkastare - 1,5 till 3 Km\/h - F\u00f6r Barn 1,5 till 3 \u00e5r - Rosa - TRUUSK - Hem, Tr\u00e4dg\u00e5rd &amp; Fritid\" \/>\n<meta property=\"og:description\" content=\"Ditt barn kommer aldrig att vilja kliva av denna h\u00f6gkvalitativa barnmotorcykel. N\u00e4r skymningen faller kan str\u00e5lkastaren lysa upp v\u00e4gen s\u00e5...\" \/>\n<meta property=\"og:url\" content=\"https:\/\/truusk.store\/sv\/produkt\/truusk-elektrisk-barnmotorcykel-med-stodhjul-och-stralkastare-15-till-3-km-h-for-barn-15-till-3-ar-rosa\/\" \/>\n<meta property=\"og:site_name\" content=\"TRUUSK - Hem, Tr\u00e4dg\u00e5rd &amp; Fritid\" \/>\n<meta property=\"article:modified_time\" content=\"2026-03-12T08:31:05+00:00\" \/>\n<meta property=\"og:image\" content=\"https:\/\/i0.wp.com\/truusk.se\/wp-content\/uploads\/2024\/02\/elektrisk-barnmotorcykel-med-stodhjul-stralkastare-15-till-3-km-h-for-barn-i-aldern-15-till-3-ar-rosa.webp?fit=800%2C800&ssl=1\" \/>\n\t<meta property=\"og:image:width\" content=\"800\" \/>\n\t<meta property=\"og:image:height\" content=\"800\" \/>\n\t<meta property=\"og:image:type\" content=\"image\/webp\" \/>\n<meta name=\"twitter:card\" content=\"summary_large_image\" \/>\n<meta name=\"twitter:label1\" content=\"Ber\u00e4knad l\u00e4stid\" \/>\n\t<meta name=\"twitter:data1\" content=\"1 minut\" \/>\n<!-- \/ Yoast SEO plugin. -->","yoast_head_json":{"title":"TRUUSK Elektrisk Barnmotorcykel - Med St\u00f6dhjul och Str\u00e5lkastare - 1,5 till 3 Km\/h - F\u00f6r Barn 1,5 till 3 \u00e5r - Rosa - TRUUSK - Hem, Tr\u00e4dg\u00e5rd &amp; Fritid","robots":{"index":"index","follow":"follow","max-snippet":"max-snippet:-1","max-image-preview":"max-image-preview:large","max-video-preview":"max-video-preview:-1"},"canonical":"https:\/\/truusk.store\/sv\/produkt\/truusk-elektrisk-barnmotorcykel-med-stodhjul-och-stralkastare-15-till-3-km-h-for-barn-15-till-3-ar-rosa\/","og_locale":"sv_SE","og_type":"article","og_title":"TRUUSK Elektrisk Barnmotorcykel - Med St\u00f6dhjul och Str\u00e5lkastare - 1,5 till 3 Km\/h - F\u00f6r Barn 1,5 till 3 \u00e5r - Rosa - TRUUSK - Hem, Tr\u00e4dg\u00e5rd &amp; Fritid","og_description":"Ditt barn kommer aldrig att vilja kliva av denna h\u00f6gkvalitativa barnmotorcykel. N\u00e4r skymningen faller kan str\u00e5lkastaren lysa upp v\u00e4gen s\u00e5...","og_url":"https:\/\/truusk.store\/sv\/produkt\/truusk-elektrisk-barnmotorcykel-med-stodhjul-och-stralkastare-15-till-3-km-h-for-barn-15-till-3-ar-rosa\/","og_site_name":"TRUUSK - Hem, Tr\u00e4dg\u00e5rd &amp; Fritid","article_modified_time":"2026-03-12T08:31:05+00:00","og_image":[{"width":800,"height":800,"url":"https:\/\/i0.wp.com\/truusk.se\/wp-content\/uploads\/2024\/02\/elektrisk-barnmotorcykel-med-stodhjul-stralkastare-15-till-3-km-h-for-barn-i-aldern-15-till-3-ar-rosa.webp?fit=800%2C800&ssl=1","type":"image\/webp"}],"twitter_card":"summary_large_image","twitter_misc":{"Ber\u00e4knad l\u00e4stid":"1 minut"},"schema":{"@context":"https:\/\/schema.org","@graph":[{"@type":"WebPage","@id":"https:\/\/truusk.store\/sv\/produkt\/truusk-elektrisk-barnmotorcykel-med-stodhjul-och-stralkastare-15-till-3-km-h-for-barn-15-till-3-ar-rosa\/","url":"https:\/\/truusk.store\/sv\/produkt\/truusk-elektrisk-barnmotorcykel-med-stodhjul-och-stralkastare-15-till-3-km-h-for-barn-15-till-3-ar-rosa\/","name":"TRUUSK Elektrisk Barnmotorcykel - Med St\u00f6dhjul och Str\u00e5lkastare - 1,5 till 3 Km\/h - F\u00f6r Barn 1,5 till 3 \u00e5r - Rosa - TRUUSK - Hem, Tr\u00e4dg\u00e5rd &amp; Fritid","isPartOf":{"@id":"https:\/\/truusk.store\/sv\/#website"},"primaryImageOfPage":{"@id":"https:\/\/truusk.store\/sv\/produkt\/truusk-elektrisk-barnmotorcykel-med-stodhjul-och-stralkastare-15-till-3-km-h-for-barn-15-till-3-ar-rosa\/#primaryimage"},"image":{"@id":"https:\/\/truusk.store\/sv\/produkt\/truusk-elektrisk-barnmotorcykel-med-stodhjul-och-stralkastare-15-till-3-km-h-for-barn-15-till-3-ar-rosa\/#primaryimage"},"thumbnailUrl":"https:\/\/i0.wp.com\/truusk.store\/wp-content\/uploads\/2024\/02\/elektrisk-barnmotorcykel-med-stodhjul-stralkastare-15-till-3-km-h-for-barn-i-aldern-15-till-3-ar-rosa.webp?fit=800%2C800&ssl=1","datePublished":"2024-02-14T05:27:06+00:00","dateModified":"2026-03-12T08:31:05+00:00","breadcrumb":{"@id":"https:\/\/truusk.store\/sv\/produkt\/truusk-elektrisk-barnmotorcykel-med-stodhjul-och-stralkastare-15-till-3-km-h-for-barn-15-till-3-ar-rosa\/#breadcrumb"},"inLanguage":"sv-SE","potentialAction":[{"@type":"ReadAction","target":["https:\/\/truusk.store\/sv\/produkt\/truusk-elektrisk-barnmotorcykel-med-stodhjul-och-stralkastare-15-till-3-km-h-for-barn-15-till-3-ar-rosa\/"]}]},{"@type":"ImageObject","inLanguage":"sv-SE","@id":"https:\/\/truusk.store\/sv\/produkt\/truusk-elektrisk-barnmotorcykel-med-stodhjul-och-stralkastare-15-till-3-km-h-for-barn-15-till-3-ar-rosa\/#primaryimage","url":"https:\/\/i0.wp.com\/truusk.store\/wp-content\/uploads\/2024\/02\/elektrisk-barnmotorcykel-med-stodhjul-stralkastare-15-till-3-km-h-for-barn-i-aldern-15-till-3-ar-rosa.webp?fit=800%2C800&ssl=1","contentUrl":"https:\/\/i0.wp.com\/truusk.store\/wp-content\/uploads\/2024\/02\/elektrisk-barnmotorcykel-med-stodhjul-stralkastare-15-till-3-km-h-for-barn-i-aldern-15-till-3-ar-rosa.webp?fit=800%2C800&ssl=1","width":800,"height":800,"caption":"Elektrisk Barnmotorcykel Med St\u00f6dhjul, Str\u00e5lkastare, 1,5 Till 3 Km\/h, F\u00f6r Barn I \u00e5ldern 1,5 Till 3 \u00e5r, Rosa 1"},{"@type":"BreadcrumbList","@id":"https:\/\/truusk.store\/sv\/produkt\/truusk-elektrisk-barnmotorcykel-med-stodhjul-och-stralkastare-15-till-3-km-h-for-barn-15-till-3-ar-rosa\/#breadcrumb","itemListElement":[{"@type":"ListItem","position":1,"name":"Home","item":"https:\/\/truusk.store\/sv\/"},{"@type":"ListItem","position":2,"name":"Shop","item":"https:\/\/truusk.store\/shop\/"},{"@type":"ListItem","position":3,"name":"TRUUSK Elektrisk Barnmotorcykel &#8211; Med St\u00f6dhjul och Str\u00e5lkastare &#8211; 1,5 till 3 Km\/h &#8211; F\u00f6r Barn 1,5 till 3 \u00e5r &#8211; Rosa"}]},{"@type":"WebSite","@id":"https:\/\/truusk.store\/sv\/#website","url":"https:\/\/truusk.store\/sv\/","name":"TRUUSK - Hem, Tr\u00e4dg\u00e5rd & Fritid","description":"","publisher":{"@id":"https:\/\/truusk.store\/sv\/#organization"},"potentialAction":[{"@type":"SearchAction","target":{"@type":"EntryPoint","urlTemplate":"https:\/\/truusk.store\/sv\/?s={search_term_string}"},"query-input":{"@type":"PropertyValueSpecification","valueRequired":true,"valueName":"search_term_string"}}],"inLanguage":"sv-SE"},{"@type":"Organization","@id":"https:\/\/truusk.store\/sv\/#organization","name":"TRUUSK - Hem, Tr\u00e4dg\u00e5rd & Fritid","url":"https:\/\/truusk.store\/sv\/","logo":{"@type":"ImageObject","inLanguage":"sv-SE","@id":"https:\/\/truusk.store\/sv\/#\/schema\/logo\/image\/","url":"https:\/\/i0.wp.com\/truusk.store\/wp-content\/uploads\/2026\/03\/cropped-TRUUSK.png?fit=2032%2C917&ssl=1","contentUrl":"https:\/\/i0.wp.com\/truusk.store\/wp-content\/uploads\/2026\/03\/cropped-TRUUSK.png?fit=2032%2C917&ssl=1","width":2032,"height":917,"caption":"TRUUSK - Hem, Tr\u00e4dg\u00e5rd & Fritid"},"image":{"@id":"https:\/\/truusk.store\/sv\/#\/schema\/logo\/image\/"}}]}},"jetpack_sharing_enabled":true,"_links":{"self":[{"href":"https:\/\/truusk.store\/sv\/wp-json\/wp\/v2\/product\/46280","targetHints":{"allow":["GET"]}}],"collection":[{"href":"https:\/\/truusk.store\/sv\/wp-json\/wp\/v2\/product"}],"about":[{"href":"https:\/\/truusk.store\/sv\/wp-json\/wp\/v2\/types\/product"}],"wp:featuredmedia":[{"embeddable":true,"href":"https:\/\/truusk.store\/sv\/wp-json\/wp\/v2\/media\/46281"}],"wp:attachment":[{"href":"https:\/\/truusk.store\/sv\/wp-json\/wp\/v2\/media?parent=46280"}],"wp:term":[{"taxonomy":"product_brand","embeddable":true,"href":"https:\/\/truusk.store\/sv\/wp-json\/wp\/v2\/product_brand?post=46280"},{"taxonomy":"product_cat","embeddable":true,"href":"https:\/\/truusk.store\/sv\/wp-json\/wp\/v2\/product_cat?post=46280"},{"taxonomy":"product_tag","embeddable":true,"href":"https:\/\/truusk.store\/sv\/wp-json\/wp\/v2\/product_tag?post=46280"}],"curies":[{"name":"wp","href":"https:\/\/api.w.org\/{rel}","templated":true}]}}