{"id":46291,"date":"2024-02-14T06:27:27","date_gmt":"2024-02-14T05:27:27","guid":{"rendered":"https:\/\/truusk.store\/product\/elektrisk-barnbil-licensierad-mercedes-benz-eqa-3-8-km-h-musik-stralkastare-signalhorn-fjarrkontroll-vit\/"},"modified":"2026-03-12T09:31:05","modified_gmt":"2026-03-12T08:31:05","slug":"truusk-elektrisk-barnbil-mercedes-benz-eqa-musik-stralkastare-fjarrkontroll-vit","status":"publish","type":"product","link":"https:\/\/truusk.store\/sv\/produkt\/truusk-elektrisk-barnbil-mercedes-benz-eqa-musik-stralkastare-fjarrkontroll-vit\/","title":{"rendered":"TRUUSK Elektrisk Barnbil Mercedes-Benz EQA &#8211; Musik &amp; Str\u00e5lkastare &#8211; Fj\u00e4rrkontroll &#8211; Vit"},"content":{"rendered":"<p>Vilken fantastisk utrustning: robusta hjul, mjuka st\u00f6td\u00e4mpare, bekv\u00e4m sits med s\u00e4kerhetsb\u00e4lte, str\u00e5lkastare och horn. L\u00e5t din lilla f\u00f6rare sl\u00e5 p\u00e5 elfordonets musikfunktion medan ni k\u00f6r i parken tillsammans! Tack vare maxhastigheten p\u00e5 8 km\/h och en fj\u00e4rrkontroll av barnbilen f\u00f6r f\u00f6r\u00e4ldrar, kan varje joyride g\u00f6ras s\u00e5 s\u00e4ker och kontrollerad som m\u00f6jligt utan att offra det roliga med att k\u00f6ra!<\/p>\n<h3>Beskrivning:<\/h3>\n<ul>\n<li>Mercedes-Benz EQA licensierad barnbil<\/li>\n<li>Horn och musik fr\u00e5n barnens elbil f\u00f6r \u00e4nnu roligare<\/li>\n<li>Plasthjul f\u00f6r h\u00f6gt grepp i oj\u00e4mn terr\u00e4ng<\/li>\n<li>Ett l\u00f6stagbart batteri \u00e4r bekv\u00e4mt eftersom du inte beh\u00f6ver ta med bilen hem f\u00f6r att ladda den<\/li>\n<li>Barnbils batteriniv\u00e5indikator f\u00f6r att h\u00e5lla ett \u00f6ga p\u00e5 den \u00e5terst\u00e5ende laddningen<\/li>\n<li>Manuell man\u00f6vrering fr\u00e5n f\u00f6rars\u00e4tet eller styrning via fj\u00e4rrkontroll<\/li>\n<li>Montering kr\u00e4vs<\/li>\n<\/ul>\n<h3>Teknisk data:<\/h3>\n<ul>\n<li>F\u00e4rg vit<\/li>\n<li>Material: plast, metall<\/li>\n<li>Totalstorlek: 111,5L x 69W x 52,5H cm<\/li>\n<li>Sitsstorlek: 35W x 20D x 26H cm<\/li>\n<li>Hjuldiameter: 24 cm<\/li>\n<li>Hastighet: 3-8 km\/h<\/li>\n<li>R\u00e4ckvidd d. Fj\u00e4rrkontroll: 15 meter<\/li>\n<li>Batteri: 12V 4,5AH x 1<\/li>\n<li>Motor: 2 x 12V<\/li>\n<li>F\u00f6rsta laddning: 6-8 timmar. Vanligt: \u200b\u200b8-12 timmar<\/li>\n<li>Drifttid: 45 minuter<\/li>\n<li>Rekommenderad \u00e5lder: 3 \u00e5r och upp\u00e5t. L\u00e4mplig \u00e5lder: 3-8 \u00e5r<\/li>\n<li>Lastkapacitet: 30 kg<\/li>\n<li>Anm\u00e4rkningar: 1. 2 x 1,5V AAA-batterier ing\u00e5r inte<\/li>\n<li>2. \u00d6vervaka alltid dina barn n\u00e4r de k\u00f6r.<\/li>\n<\/ul>\n<h3>Leveransens omfattning:<\/h3>\n<ul>\n<li>1 x Elektrisk barnbil<\/li>\n<li>1 x Anv\u00e4ndarmanual<\/li>\n<\/ul>\n","protected":false},"excerpt":{"rendered":"<p>Vilken fantastisk utrustning: robusta hjul, mjuka st\u00f6td\u00e4mpare, bekv\u00e4m sits med s\u00e4kerhetsb\u00e4lte, str\u00e5lkastare och horn. L\u00e5t din lilla f\u00f6rare sl\u00e5 p\u00e5&#8230;<\/p>\n","protected":false},"featured_media":46292,"template":"","meta":[],"product_brand":[],"product_cat":[609,610,612],"product_tag":[],"class_list":{"0":"post-46291","1":"product","2":"type-product","3":"status-publish","4":"has-post-thumbnail","6":"product_cat-baby-barn","7":"product_cat-barnfordon","8":"product_cat-elektriska-fordon","10":"first","11":"instock","12":"sale","13":"taxable","14":"shipping-taxable","15":"purchasable","16":"product-type-simple"},"yoast_head":"<!-- This site is optimized with the Yoast SEO plugin v25.4 - https:\/\/yoast.com\/wordpress\/plugins\/seo\/ -->\n<title>TRUUSK Elektrisk Barnbil Mercedes-Benz EQA - Musik &amp; Str\u00e5lkastare - Fj\u00e4rrkontroll - Vit - TRUUSK - Hem, Tr\u00e4dg\u00e5rd &amp; Fritid<\/title>\n<meta name=\"robots\" content=\"index, follow, max-snippet:-1, max-image-preview:large, max-video-preview:-1\" \/>\n<link rel=\"canonical\" href=\"https:\/\/truusk.store\/sv\/produkt\/truusk-elektrisk-barnbil-mercedes-benz-eqa-musik-stralkastare-fjarrkontroll-vit\/\" \/>\n<meta property=\"og:locale\" content=\"sv_SE\" \/>\n<meta property=\"og:type\" content=\"article\" \/>\n<meta property=\"og:title\" content=\"TRUUSK Elektrisk Barnbil Mercedes-Benz EQA - Musik &amp; Str\u00e5lkastare - Fj\u00e4rrkontroll - Vit - TRUUSK - Hem, Tr\u00e4dg\u00e5rd &amp; Fritid\" \/>\n<meta property=\"og:description\" content=\"Vilken fantastisk utrustning: robusta hjul, mjuka st\u00f6td\u00e4mpare, bekv\u00e4m sits med s\u00e4kerhetsb\u00e4lte, str\u00e5lkastare och horn. L\u00e5t din lilla f\u00f6rare sl\u00e5 p\u00e5...\" \/>\n<meta property=\"og:url\" content=\"https:\/\/truusk.store\/sv\/produkt\/truusk-elektrisk-barnbil-mercedes-benz-eqa-musik-stralkastare-fjarrkontroll-vit\/\" \/>\n<meta property=\"og:site_name\" content=\"TRUUSK - Hem, Tr\u00e4dg\u00e5rd &amp; Fritid\" \/>\n<meta property=\"article:modified_time\" content=\"2026-03-12T08:31:05+00:00\" \/>\n<meta property=\"og:image\" content=\"https:\/\/i0.wp.com\/truusk.se\/wp-content\/uploads\/2024\/02\/elektrisk-barnbil-licensierad-mercedes-benz-eqa-3-8-km-h-musik-stralkastare-signalhorn-fjarrkontroll-vit.webp?fit=800%2C800&ssl=1\" \/>\n\t<meta property=\"og:image:width\" content=\"800\" \/>\n\t<meta property=\"og:image:height\" content=\"800\" \/>\n\t<meta property=\"og:image:type\" content=\"image\/webp\" \/>\n<meta name=\"twitter:card\" content=\"summary_large_image\" \/>\n<meta name=\"twitter:label1\" content=\"Ber\u00e4knad l\u00e4stid\" \/>\n\t<meta name=\"twitter:data1\" content=\"1 minut\" \/>\n<!-- \/ Yoast SEO plugin. -->","yoast_head_json":{"title":"TRUUSK Elektrisk Barnbil Mercedes-Benz EQA - Musik &amp; Str\u00e5lkastare - Fj\u00e4rrkontroll - Vit - TRUUSK - Hem, Tr\u00e4dg\u00e5rd &amp; Fritid","robots":{"index":"index","follow":"follow","max-snippet":"max-snippet:-1","max-image-preview":"max-image-preview:large","max-video-preview":"max-video-preview:-1"},"canonical":"https:\/\/truusk.store\/sv\/produkt\/truusk-elektrisk-barnbil-mercedes-benz-eqa-musik-stralkastare-fjarrkontroll-vit\/","og_locale":"sv_SE","og_type":"article","og_title":"TRUUSK Elektrisk Barnbil Mercedes-Benz EQA - Musik &amp; Str\u00e5lkastare - Fj\u00e4rrkontroll - Vit - TRUUSK - Hem, Tr\u00e4dg\u00e5rd &amp; Fritid","og_description":"Vilken fantastisk utrustning: robusta hjul, mjuka st\u00f6td\u00e4mpare, bekv\u00e4m sits med s\u00e4kerhetsb\u00e4lte, str\u00e5lkastare och horn. L\u00e5t din lilla f\u00f6rare sl\u00e5 p\u00e5...","og_url":"https:\/\/truusk.store\/sv\/produkt\/truusk-elektrisk-barnbil-mercedes-benz-eqa-musik-stralkastare-fjarrkontroll-vit\/","og_site_name":"TRUUSK - Hem, Tr\u00e4dg\u00e5rd &amp; Fritid","article_modified_time":"2026-03-12T08:31:05+00:00","og_image":[{"width":800,"height":800,"url":"https:\/\/i0.wp.com\/truusk.se\/wp-content\/uploads\/2024\/02\/elektrisk-barnbil-licensierad-mercedes-benz-eqa-3-8-km-h-musik-stralkastare-signalhorn-fjarrkontroll-vit.webp?fit=800%2C800&ssl=1","type":"image\/webp"}],"twitter_card":"summary_large_image","twitter_misc":{"Ber\u00e4knad l\u00e4stid":"1 minut"},"schema":{"@context":"https:\/\/schema.org","@graph":[{"@type":"WebPage","@id":"https:\/\/truusk.store\/sv\/produkt\/truusk-elektrisk-barnbil-mercedes-benz-eqa-musik-stralkastare-fjarrkontroll-vit\/","url":"https:\/\/truusk.store\/sv\/produkt\/truusk-elektrisk-barnbil-mercedes-benz-eqa-musik-stralkastare-fjarrkontroll-vit\/","name":"TRUUSK Elektrisk Barnbil Mercedes-Benz EQA - Musik &amp; Str\u00e5lkastare - Fj\u00e4rrkontroll - Vit - TRUUSK - Hem, Tr\u00e4dg\u00e5rd &amp; Fritid","isPartOf":{"@id":"https:\/\/truusk.store\/sv\/#website"},"primaryImageOfPage":{"@id":"https:\/\/truusk.store\/sv\/produkt\/truusk-elektrisk-barnbil-mercedes-benz-eqa-musik-stralkastare-fjarrkontroll-vit\/#primaryimage"},"image":{"@id":"https:\/\/truusk.store\/sv\/produkt\/truusk-elektrisk-barnbil-mercedes-benz-eqa-musik-stralkastare-fjarrkontroll-vit\/#primaryimage"},"thumbnailUrl":"https:\/\/i0.wp.com\/truusk.store\/wp-content\/uploads\/2024\/02\/elektrisk-barnbil-licensierad-mercedes-benz-eqa-3-8-km-h-musik-stralkastare-signalhorn-fjarrkontroll-vit.webp?fit=800%2C800&ssl=1","datePublished":"2024-02-14T05:27:27+00:00","dateModified":"2026-03-12T08:31:05+00:00","breadcrumb":{"@id":"https:\/\/truusk.store\/sv\/produkt\/truusk-elektrisk-barnbil-mercedes-benz-eqa-musik-stralkastare-fjarrkontroll-vit\/#breadcrumb"},"inLanguage":"sv-SE","potentialAction":[{"@type":"ReadAction","target":["https:\/\/truusk.store\/sv\/produkt\/truusk-elektrisk-barnbil-mercedes-benz-eqa-musik-stralkastare-fjarrkontroll-vit\/"]}]},{"@type":"ImageObject","inLanguage":"sv-SE","@id":"https:\/\/truusk.store\/sv\/produkt\/truusk-elektrisk-barnbil-mercedes-benz-eqa-musik-stralkastare-fjarrkontroll-vit\/#primaryimage","url":"https:\/\/i0.wp.com\/truusk.store\/wp-content\/uploads\/2024\/02\/elektrisk-barnbil-licensierad-mercedes-benz-eqa-3-8-km-h-musik-stralkastare-signalhorn-fjarrkontroll-vit.webp?fit=800%2C800&ssl=1","contentUrl":"https:\/\/i0.wp.com\/truusk.store\/wp-content\/uploads\/2024\/02\/elektrisk-barnbil-licensierad-mercedes-benz-eqa-3-8-km-h-musik-stralkastare-signalhorn-fjarrkontroll-vit.webp?fit=800%2C800&ssl=1","width":800,"height":800,"caption":"Elektrisk Barnbil, Licensierad Mercedes-Benz EQA, 3-8 Km\/h, Musik, Str\u00e5lkastare, Signalhorn, Fj\u00e4rrkontroll, Vit 1"},{"@type":"BreadcrumbList","@id":"https:\/\/truusk.store\/sv\/produkt\/truusk-elektrisk-barnbil-mercedes-benz-eqa-musik-stralkastare-fjarrkontroll-vit\/#breadcrumb","itemListElement":[{"@type":"ListItem","position":1,"name":"Home","item":"https:\/\/truusk.store\/sv\/"},{"@type":"ListItem","position":2,"name":"Shop","item":"https:\/\/truusk.store\/shop\/"},{"@type":"ListItem","position":3,"name":"TRUUSK Elektrisk Barnbil Mercedes-Benz EQA &#8211; Musik &amp; Str\u00e5lkastare &#8211; Fj\u00e4rrkontroll &#8211; Vit"}]},{"@type":"WebSite","@id":"https:\/\/truusk.store\/sv\/#website","url":"https:\/\/truusk.store\/sv\/","name":"TRUUSK - Hem, Tr\u00e4dg\u00e5rd & Fritid","description":"","publisher":{"@id":"https:\/\/truusk.store\/sv\/#organization"},"potentialAction":[{"@type":"SearchAction","target":{"@type":"EntryPoint","urlTemplate":"https:\/\/truusk.store\/sv\/?s={search_term_string}"},"query-input":{"@type":"PropertyValueSpecification","valueRequired":true,"valueName":"search_term_string"}}],"inLanguage":"sv-SE"},{"@type":"Organization","@id":"https:\/\/truusk.store\/sv\/#organization","name":"TRUUSK - Hem, Tr\u00e4dg\u00e5rd & Fritid","url":"https:\/\/truusk.store\/sv\/","logo":{"@type":"ImageObject","inLanguage":"sv-SE","@id":"https:\/\/truusk.store\/sv\/#\/schema\/logo\/image\/","url":"https:\/\/i0.wp.com\/truusk.store\/wp-content\/uploads\/2026\/03\/cropped-TRUUSK.png?fit=2032%2C917&ssl=1","contentUrl":"https:\/\/i0.wp.com\/truusk.store\/wp-content\/uploads\/2026\/03\/cropped-TRUUSK.png?fit=2032%2C917&ssl=1","width":2032,"height":917,"caption":"TRUUSK - Hem, Tr\u00e4dg\u00e5rd & Fritid"},"image":{"@id":"https:\/\/truusk.store\/sv\/#\/schema\/logo\/image\/"}}]}},"jetpack_sharing_enabled":true,"_links":{"self":[{"href":"https:\/\/truusk.store\/sv\/wp-json\/wp\/v2\/product\/46291","targetHints":{"allow":["GET"]}}],"collection":[{"href":"https:\/\/truusk.store\/sv\/wp-json\/wp\/v2\/product"}],"about":[{"href":"https:\/\/truusk.store\/sv\/wp-json\/wp\/v2\/types\/product"}],"wp:featuredmedia":[{"embeddable":true,"href":"https:\/\/truusk.store\/sv\/wp-json\/wp\/v2\/media\/46292"}],"wp:attachment":[{"href":"https:\/\/truusk.store\/sv\/wp-json\/wp\/v2\/media?parent=46291"}],"wp:term":[{"taxonomy":"product_brand","embeddable":true,"href":"https:\/\/truusk.store\/sv\/wp-json\/wp\/v2\/product_brand?post=46291"},{"taxonomy":"product_cat","embeddable":true,"href":"https:\/\/truusk.store\/sv\/wp-json\/wp\/v2\/product_cat?post=46291"},{"taxonomy":"product_tag","embeddable":true,"href":"https:\/\/truusk.store\/sv\/wp-json\/wp\/v2\/product_tag?post=46291"}],"curies":[{"name":"wp","href":"https:\/\/api.w.org\/{rel}","templated":true}]}}