{"id":46324,"date":"2024-02-14T06:28:37","date_gmt":"2024-02-14T05:28:37","guid":{"rendered":"https:\/\/truusk.store\/product\/elektrisk-barnbil-barntraktor-inklusive-foraldrafjarrkontroll-maxhastighet-6-km-h-rod-svart\/"},"modified":"2026-03-12T09:31:10","modified_gmt":"2026-03-12T08:31:10","slug":"truusk-elektrisk-barnbil-inklusive-foraldrafjarrkontroll-maxhastighet-6-km-h-rod-svart","status":"publish","type":"product","link":"https:\/\/truusk.store\/sv\/produkt\/truusk-elektrisk-barnbil-inklusive-foraldrafjarrkontroll-maxhastighet-6-km-h-rod-svart\/","title":{"rendered":"TRUUSK Elektrisk Barnbil &#8211; Inklusive F\u00f6r\u00e4ldrafj\u00e4rrkontroll &#8211; Maxhastighet 6 Km\/h &#8211; R\u00f6d + Svart"},"content":{"rendered":"<p>Stimulera ditt barns lust att utforska med v\u00e5r barntramptraktor! Det h\u00e4r \u00e4r mer \u00e4n bara en leksak &#8211; det \u00f6ppnar d\u00f6rren till gr\u00e4nsl\u00f6s fantasi och utveckling. Se dem utforska sin omgivning med den avtagbara trailern och transportera leksaker och skatter l\u00e4ngs v\u00e4gen. V\u00e5r pedaltraktor fr\u00e4mjar kreativitet, motorik och forskningsanda. \u00c5teruppliva ditt barns k\u00e4nsla f\u00f6r \u00e4ventyr!<\/p>\n<h3>Beskrivning:<\/h3>\n<ul>\n<li>Avtagbar sl\u00e4pvagn f\u00f6r leksakstransport<\/li>\n<li>Horn, startljud och musik f\u00f6r extra n\u00f6je<\/li>\n<li>7 str\u00e5lkastare och 4 baklyktor f\u00f6r k\u00f6rkul<\/li>\n<li>Str\u00f6mdisplay f\u00f6r batteri\u00f6vervakning<\/li>\n<li>Plasthjul f\u00f6r kr\u00e4vande terr\u00e4ng<\/li>\n<li>Fj\u00e4rrkontroll f\u00f6r f\u00f6r\u00e4ldrakontroll eller enkel man\u00f6vrering, max 6 km\/h<\/li>\n<li>Montering kr\u00e4vs<\/li>\n<\/ul>\n<h3>Teknisk data:<\/h3>\n<ul>\n<li>r\u00f6d f\u00e4rg<\/li>\n<li>Material: plast, metall<\/li>\n<li>Totalstorlek: 136,5W x 50D x 52,5H cm<\/li>\n<li>Sitsstorlek: 28L x 14W x 21H cm<\/li>\n<li>Hastighet: 3-6 km\/h<\/li>\n<li>Plasthjulstorlek: 26cm, 22cm<\/li>\n<li>Batteri: 12V 4,5AH x 1<\/li>\n<li>Kontrollavst\u00e5nd: 15M<\/li>\n<li>F\u00f6rsta laddning: 6-8 timmar. Vanligt: \u200b\u200b8-12 timmar<\/li>\n<li>Drifttid: 45 minuter<\/li>\n<li>Certifierad \u00e5lder: 3+ \u00e5r gammal. L\u00e4mplig \u00e5lder: 3-6 \u00e5r<\/li>\n<li>Viktkapacitet: 30 kg<\/li>\n<li>ETT MEDDELANDE:<\/li>\n<li>1. 2 x 1,5V AAA-batterier ing\u00e5r ej<\/li>\n<li>2. \u00d6vervaka alltid dina barn n\u00e4r de k\u00f6r<\/li>\n<\/ul>\n<h3>Leveransens omfattning:<\/h3>\n<ul>\n<li>1 x elektrisk \u00e5kbil<\/li>\n<li>1 x Instruktioner<\/li>\n<\/ul>\n","protected":false},"excerpt":{"rendered":"<p>Stimulera ditt barns lust att utforska med v\u00e5r barntramptraktor! Det h\u00e4r \u00e4r mer \u00e4n bara en leksak &#8211; det \u00f6ppnar&#8230;<\/p>\n","protected":false},"featured_media":46325,"template":"","meta":[],"product_brand":[],"product_cat":[609,610,612],"product_tag":[],"class_list":{"0":"post-46324","1":"product","2":"type-product","3":"status-publish","4":"has-post-thumbnail","6":"product_cat-baby-barn","7":"product_cat-barnfordon","8":"product_cat-elektriska-fordon","10":"first","11":"instock","12":"sale","13":"taxable","14":"shipping-taxable","15":"purchasable","16":"product-type-simple"},"yoast_head":"<!-- This site is optimized with the Yoast SEO plugin v25.4 - https:\/\/yoast.com\/wordpress\/plugins\/seo\/ -->\n<title>TRUUSK Elektrisk Barnbil - Inklusive F\u00f6r\u00e4ldrafj\u00e4rrkontroll - Maxhastighet 6 Km\/h - R\u00f6d + Svart - TRUUSK - Hem, Tr\u00e4dg\u00e5rd &amp; Fritid<\/title>\n<meta name=\"robots\" content=\"index, follow, max-snippet:-1, max-image-preview:large, max-video-preview:-1\" \/>\n<link rel=\"canonical\" href=\"https:\/\/truusk.store\/sv\/produkt\/truusk-elektrisk-barnbil-inklusive-foraldrafjarrkontroll-maxhastighet-6-km-h-rod-svart\/\" \/>\n<meta property=\"og:locale\" content=\"sv_SE\" \/>\n<meta property=\"og:type\" content=\"article\" \/>\n<meta property=\"og:title\" content=\"TRUUSK Elektrisk Barnbil - Inklusive F\u00f6r\u00e4ldrafj\u00e4rrkontroll - Maxhastighet 6 Km\/h - R\u00f6d + Svart - TRUUSK - Hem, Tr\u00e4dg\u00e5rd &amp; Fritid\" \/>\n<meta property=\"og:description\" content=\"Stimulera ditt barns lust att utforska med v\u00e5r barntramptraktor! Det h\u00e4r \u00e4r mer \u00e4n bara en leksak &#8211; det \u00f6ppnar...\" \/>\n<meta property=\"og:url\" content=\"https:\/\/truusk.store\/sv\/produkt\/truusk-elektrisk-barnbil-inklusive-foraldrafjarrkontroll-maxhastighet-6-km-h-rod-svart\/\" \/>\n<meta property=\"og:site_name\" content=\"TRUUSK - Hem, Tr\u00e4dg\u00e5rd &amp; Fritid\" \/>\n<meta property=\"article:modified_time\" content=\"2026-03-12T08:31:10+00:00\" \/>\n<meta property=\"og:image\" content=\"https:\/\/i0.wp.com\/truusk.se\/wp-content\/uploads\/2024\/02\/elektrisk-barnbil-barntraktor-inklusive-foraldrafjarrkontroll-maxhastighet-6-km-h-rod-svart.webp?fit=800%2C800&ssl=1\" \/>\n\t<meta property=\"og:image:width\" content=\"800\" \/>\n\t<meta property=\"og:image:height\" content=\"800\" \/>\n\t<meta property=\"og:image:type\" content=\"image\/webp\" \/>\n<meta name=\"twitter:card\" content=\"summary_large_image\" \/>\n<meta name=\"twitter:label1\" content=\"Ber\u00e4knad l\u00e4stid\" \/>\n\t<meta name=\"twitter:data1\" content=\"1 minut\" \/>\n<!-- \/ Yoast SEO plugin. -->","yoast_head_json":{"title":"TRUUSK Elektrisk Barnbil - Inklusive F\u00f6r\u00e4ldrafj\u00e4rrkontroll - Maxhastighet 6 Km\/h - R\u00f6d + Svart - TRUUSK - Hem, Tr\u00e4dg\u00e5rd &amp; Fritid","robots":{"index":"index","follow":"follow","max-snippet":"max-snippet:-1","max-image-preview":"max-image-preview:large","max-video-preview":"max-video-preview:-1"},"canonical":"https:\/\/truusk.store\/sv\/produkt\/truusk-elektrisk-barnbil-inklusive-foraldrafjarrkontroll-maxhastighet-6-km-h-rod-svart\/","og_locale":"sv_SE","og_type":"article","og_title":"TRUUSK Elektrisk Barnbil - Inklusive F\u00f6r\u00e4ldrafj\u00e4rrkontroll - Maxhastighet 6 Km\/h - R\u00f6d + Svart - TRUUSK - Hem, Tr\u00e4dg\u00e5rd &amp; Fritid","og_description":"Stimulera ditt barns lust att utforska med v\u00e5r barntramptraktor! Det h\u00e4r \u00e4r mer \u00e4n bara en leksak &#8211; det \u00f6ppnar...","og_url":"https:\/\/truusk.store\/sv\/produkt\/truusk-elektrisk-barnbil-inklusive-foraldrafjarrkontroll-maxhastighet-6-km-h-rod-svart\/","og_site_name":"TRUUSK - Hem, Tr\u00e4dg\u00e5rd &amp; Fritid","article_modified_time":"2026-03-12T08:31:10+00:00","og_image":[{"width":800,"height":800,"url":"https:\/\/i0.wp.com\/truusk.se\/wp-content\/uploads\/2024\/02\/elektrisk-barnbil-barntraktor-inklusive-foraldrafjarrkontroll-maxhastighet-6-km-h-rod-svart.webp?fit=800%2C800&ssl=1","type":"image\/webp"}],"twitter_card":"summary_large_image","twitter_misc":{"Ber\u00e4knad l\u00e4stid":"1 minut"},"schema":{"@context":"https:\/\/schema.org","@graph":[{"@type":"WebPage","@id":"https:\/\/truusk.store\/sv\/produkt\/truusk-elektrisk-barnbil-inklusive-foraldrafjarrkontroll-maxhastighet-6-km-h-rod-svart\/","url":"https:\/\/truusk.store\/sv\/produkt\/truusk-elektrisk-barnbil-inklusive-foraldrafjarrkontroll-maxhastighet-6-km-h-rod-svart\/","name":"TRUUSK Elektrisk Barnbil - Inklusive F\u00f6r\u00e4ldrafj\u00e4rrkontroll - Maxhastighet 6 Km\/h - R\u00f6d + Svart - TRUUSK - Hem, Tr\u00e4dg\u00e5rd &amp; Fritid","isPartOf":{"@id":"https:\/\/truusk.store\/sv\/#website"},"primaryImageOfPage":{"@id":"https:\/\/truusk.store\/sv\/produkt\/truusk-elektrisk-barnbil-inklusive-foraldrafjarrkontroll-maxhastighet-6-km-h-rod-svart\/#primaryimage"},"image":{"@id":"https:\/\/truusk.store\/sv\/produkt\/truusk-elektrisk-barnbil-inklusive-foraldrafjarrkontroll-maxhastighet-6-km-h-rod-svart\/#primaryimage"},"thumbnailUrl":"https:\/\/i0.wp.com\/truusk.store\/wp-content\/uploads\/2024\/02\/elektrisk-barnbil-barntraktor-inklusive-foraldrafjarrkontroll-maxhastighet-6-km-h-rod-svart.webp?fit=800%2C800&ssl=1","datePublished":"2024-02-14T05:28:37+00:00","dateModified":"2026-03-12T08:31:10+00:00","breadcrumb":{"@id":"https:\/\/truusk.store\/sv\/produkt\/truusk-elektrisk-barnbil-inklusive-foraldrafjarrkontroll-maxhastighet-6-km-h-rod-svart\/#breadcrumb"},"inLanguage":"sv-SE","potentialAction":[{"@type":"ReadAction","target":["https:\/\/truusk.store\/sv\/produkt\/truusk-elektrisk-barnbil-inklusive-foraldrafjarrkontroll-maxhastighet-6-km-h-rod-svart\/"]}]},{"@type":"ImageObject","inLanguage":"sv-SE","@id":"https:\/\/truusk.store\/sv\/produkt\/truusk-elektrisk-barnbil-inklusive-foraldrafjarrkontroll-maxhastighet-6-km-h-rod-svart\/#primaryimage","url":"https:\/\/i0.wp.com\/truusk.store\/wp-content\/uploads\/2024\/02\/elektrisk-barnbil-barntraktor-inklusive-foraldrafjarrkontroll-maxhastighet-6-km-h-rod-svart.webp?fit=800%2C800&ssl=1","contentUrl":"https:\/\/i0.wp.com\/truusk.store\/wp-content\/uploads\/2024\/02\/elektrisk-barnbil-barntraktor-inklusive-foraldrafjarrkontroll-maxhastighet-6-km-h-rod-svart.webp?fit=800%2C800&ssl=1","width":800,"height":800,"caption":"Elektrisk Barnbil, Barntraktor, Inklusive F\u00f6r\u00e4ldrafj\u00e4rrkontroll, Maxhastighet 6 Km\/h; R\u00f6d + Svart 1"},{"@type":"BreadcrumbList","@id":"https:\/\/truusk.store\/sv\/produkt\/truusk-elektrisk-barnbil-inklusive-foraldrafjarrkontroll-maxhastighet-6-km-h-rod-svart\/#breadcrumb","itemListElement":[{"@type":"ListItem","position":1,"name":"Home","item":"https:\/\/truusk.store\/sv\/"},{"@type":"ListItem","position":2,"name":"Shop","item":"https:\/\/truusk.store\/shop\/"},{"@type":"ListItem","position":3,"name":"TRUUSK Elektrisk Barnbil &#8211; Inklusive F\u00f6r\u00e4ldrafj\u00e4rrkontroll &#8211; Maxhastighet 6 Km\/h &#8211; R\u00f6d + Svart"}]},{"@type":"WebSite","@id":"https:\/\/truusk.store\/sv\/#website","url":"https:\/\/truusk.store\/sv\/","name":"TRUUSK - Hem, Tr\u00e4dg\u00e5rd & Fritid","description":"","publisher":{"@id":"https:\/\/truusk.store\/sv\/#organization"},"potentialAction":[{"@type":"SearchAction","target":{"@type":"EntryPoint","urlTemplate":"https:\/\/truusk.store\/sv\/?s={search_term_string}"},"query-input":{"@type":"PropertyValueSpecification","valueRequired":true,"valueName":"search_term_string"}}],"inLanguage":"sv-SE"},{"@type":"Organization","@id":"https:\/\/truusk.store\/sv\/#organization","name":"TRUUSK - Hem, Tr\u00e4dg\u00e5rd & Fritid","url":"https:\/\/truusk.store\/sv\/","logo":{"@type":"ImageObject","inLanguage":"sv-SE","@id":"https:\/\/truusk.store\/sv\/#\/schema\/logo\/image\/","url":"https:\/\/i0.wp.com\/truusk.store\/wp-content\/uploads\/2026\/03\/cropped-TRUUSK.png?fit=2032%2C917&ssl=1","contentUrl":"https:\/\/i0.wp.com\/truusk.store\/wp-content\/uploads\/2026\/03\/cropped-TRUUSK.png?fit=2032%2C917&ssl=1","width":2032,"height":917,"caption":"TRUUSK - Hem, Tr\u00e4dg\u00e5rd & Fritid"},"image":{"@id":"https:\/\/truusk.store\/sv\/#\/schema\/logo\/image\/"}}]}},"jetpack_sharing_enabled":true,"_links":{"self":[{"href":"https:\/\/truusk.store\/sv\/wp-json\/wp\/v2\/product\/46324","targetHints":{"allow":["GET"]}}],"collection":[{"href":"https:\/\/truusk.store\/sv\/wp-json\/wp\/v2\/product"}],"about":[{"href":"https:\/\/truusk.store\/sv\/wp-json\/wp\/v2\/types\/product"}],"wp:featuredmedia":[{"embeddable":true,"href":"https:\/\/truusk.store\/sv\/wp-json\/wp\/v2\/media\/46325"}],"wp:attachment":[{"href":"https:\/\/truusk.store\/sv\/wp-json\/wp\/v2\/media?parent=46324"}],"wp:term":[{"taxonomy":"product_brand","embeddable":true,"href":"https:\/\/truusk.store\/sv\/wp-json\/wp\/v2\/product_brand?post=46324"},{"taxonomy":"product_cat","embeddable":true,"href":"https:\/\/truusk.store\/sv\/wp-json\/wp\/v2\/product_cat?post=46324"},{"taxonomy":"product_tag","embeddable":true,"href":"https:\/\/truusk.store\/sv\/wp-json\/wp\/v2\/product_tag?post=46324"}],"curies":[{"name":"wp","href":"https:\/\/api.w.org\/{rel}","templated":true}]}}