{"id":46386,"date":"2024-02-14T06:31:43","date_gmt":"2024-02-14T05:31:43","guid":{"rendered":"https:\/\/truusk.store\/product\/relaxstol-i-scandi-design-fatolj-lasstol-inkl-kudde-med-knappsommar-svart-natur\/"},"modified":"2026-03-12T09:31:15","modified_gmt":"2026-03-12T08:31:15","slug":"truusk-skonhetstol-i-skandinavisk-design-inklusive-kudde-med-knappdetaljer-svart-och-natur-modern-och-bekvam","status":"publish","type":"product","link":"https:\/\/truusk.store\/sv\/produkt\/truusk-skonhetstol-i-skandinavisk-design-inklusive-kudde-med-knappdetaljer-svart-och-natur-modern-och-bekvam\/","title":{"rendered":"TRUUSK Sk\u00f6nhetstol i Skandinavisk Design &#8211; Inklusive Kudde med Knappdetaljer &#8211; Svart och Natur &#8211; Modern och Bekv\u00e4m"},"content":{"rendered":"<p>G\u00e5 fr\u00e5n att sitta till att sova utan anstr\u00e4ngning tack vare denna b\u00e4ddsoffa. Stolen har en st\u00e5lram, \u00e4r stabil och robust och erbjuder 5-niv\u00e5 ryggst\u00f6dsjustering f\u00f6r att passa din \u00f6nskade position. Fylld med tjock vaddering och t\u00e4ckt av sammetslena tyg f\u00f6r utm\u00e4rkt komfort. Denna g\u00e4sts\u00e4ng har en kudde f\u00f6r extra komfort och st\u00f6d.<\/p>\n<h3>Beskrivning:<\/h3>\n<ul>\n<li>Kan anv\u00e4ndas som solstol och som enkels\u00e4ng f\u00f6r \u00f6vernattningar<\/li>\n<li>Ryggst\u00f6d justerbart i 5 niv\u00e5er: 100, 120, 140, 160, 180<\/li>\n<li>Extra dyna och vadderad sits f\u00f6r bekv\u00e4m neds\u00e4nkning<\/li>\n<li>Dyna med avtagbart och tv\u00e4ttbart \u00f6verdrag<\/li>\n<li>St\u00e5lram f\u00f6r stabilitet och l\u00e5ng livsl\u00e4ngd<\/li>\n<li>Med armst\u00f6d av gummitr\u00e4<\/li>\n<li>Montering kr\u00e4vs<\/li>\n<\/ul>\n<h3>Teknisk data:<\/h3>\n<ul>\n<li>F\u00e4rg: M\u00f6rkgr\u00e5<\/li>\n<li>Material: st\u00e5l, skum, sammet (100% polyester), gummitr\u00e4<\/li>\n<li>Soffstorlek: 63L x 73W x 81H cm<\/li>\n<li>S\u00e4ngstorlek: 185L x 63W x 26H cm<\/li>\n<li>Soffsitsstorlek: 56L x 57W x 37H cm<\/li>\n<li>Sitstjocklek: 20 cm<\/li>\n<li>S\u00e4ngstorlek: 185L x 60W x 9H cm<\/li>\n<li>M\u00e5tt bak: 48L x 58W x 9H cm<\/li>\n<li>Kuddstorlek: 61L x 40W x 11H cm<\/li>\n<li>Armst\u00f6dsstorlek: 36L x 4W<\/li>\n<li>H\u00f6jd p\u00e5 armst\u00f6d till sits: 15 cm<\/li>\n<li>Viktkapacitet: 120 kg<\/li>\n<\/ul>\n<h3>Leveransens omfattning:<\/h3>\n<ul>\n<li>1 x b\u00e4ddsoffa<\/li>\n<li>1 x kudde<\/li>\n<li>1 x manuell<\/li>\n<\/ul>\n","protected":false},"excerpt":{"rendered":"<p>G\u00e5 fr\u00e5n att sitta till att sova utan anstr\u00e4ngning tack vare denna b\u00e4ddsoffa. Stolen har en st\u00e5lram, \u00e4r stabil och&#8230;<\/p>\n","protected":false},"featured_media":46387,"template":"","meta":[],"product_brand":[],"product_cat":[521,485,525],"product_tag":[],"class_list":{"0":"post-46386","1":"product","2":"type-product","3":"status-publish","4":"has-post-thumbnail","6":"product_cat-fatolj","7":"product_cat-hus-bo","8":"product_cat-sovstol","10":"first","11":"instock","12":"sale","13":"taxable","14":"shipping-taxable","15":"purchasable","16":"product-type-simple"},"yoast_head":"<!-- This site is optimized with the Yoast SEO plugin v25.4 - https:\/\/yoast.com\/wordpress\/plugins\/seo\/ -->\n<title>TRUUSK Sk\u00f6nhetstol i Skandinavisk Design - Inklusive Kudde med Knappdetaljer - Svart och Natur - Modern och Bekv\u00e4m - TRUUSK - Hem, Tr\u00e4dg\u00e5rd &amp; Fritid<\/title>\n<meta name=\"robots\" content=\"index, follow, max-snippet:-1, max-image-preview:large, max-video-preview:-1\" \/>\n<link rel=\"canonical\" href=\"https:\/\/truusk.store\/sv\/produkt\/truusk-skonhetstol-i-skandinavisk-design-inklusive-kudde-med-knappdetaljer-svart-och-natur-modern-och-bekvam\/\" \/>\n<meta property=\"og:locale\" content=\"sv_SE\" \/>\n<meta property=\"og:type\" content=\"article\" \/>\n<meta property=\"og:title\" content=\"TRUUSK Sk\u00f6nhetstol i Skandinavisk Design - Inklusive Kudde med Knappdetaljer - Svart och Natur - Modern och Bekv\u00e4m - TRUUSK - Hem, Tr\u00e4dg\u00e5rd &amp; Fritid\" \/>\n<meta property=\"og:description\" content=\"G\u00e5 fr\u00e5n att sitta till att sova utan anstr\u00e4ngning tack vare denna b\u00e4ddsoffa. Stolen har en st\u00e5lram, \u00e4r stabil och...\" \/>\n<meta property=\"og:url\" content=\"https:\/\/truusk.store\/sv\/produkt\/truusk-skonhetstol-i-skandinavisk-design-inklusive-kudde-med-knappdetaljer-svart-och-natur-modern-och-bekvam\/\" \/>\n<meta property=\"og:site_name\" content=\"TRUUSK - Hem, Tr\u00e4dg\u00e5rd &amp; Fritid\" \/>\n<meta property=\"article:modified_time\" content=\"2026-03-12T08:31:15+00:00\" \/>\n<meta property=\"og:image\" content=\"https:\/\/i0.wp.com\/truusk.se\/wp-content\/uploads\/2024\/02\/relaxstol-i-scandi-design-fatolj-lasstol-inkl-kudde-med-knappsommar-svart-natur.webp?fit=800%2C800&ssl=1\" \/>\n\t<meta property=\"og:image:width\" content=\"800\" \/>\n\t<meta property=\"og:image:height\" content=\"800\" \/>\n\t<meta property=\"og:image:type\" content=\"image\/webp\" \/>\n<meta name=\"twitter:card\" content=\"summary_large_image\" \/>\n<meta name=\"twitter:label1\" content=\"Ber\u00e4knad l\u00e4stid\" \/>\n\t<meta name=\"twitter:data1\" content=\"1 minut\" \/>\n<!-- \/ Yoast SEO plugin. -->","yoast_head_json":{"title":"TRUUSK Sk\u00f6nhetstol i Skandinavisk Design - Inklusive Kudde med Knappdetaljer - Svart och Natur - Modern och Bekv\u00e4m - TRUUSK - Hem, Tr\u00e4dg\u00e5rd &amp; Fritid","robots":{"index":"index","follow":"follow","max-snippet":"max-snippet:-1","max-image-preview":"max-image-preview:large","max-video-preview":"max-video-preview:-1"},"canonical":"https:\/\/truusk.store\/sv\/produkt\/truusk-skonhetstol-i-skandinavisk-design-inklusive-kudde-med-knappdetaljer-svart-och-natur-modern-och-bekvam\/","og_locale":"sv_SE","og_type":"article","og_title":"TRUUSK Sk\u00f6nhetstol i Skandinavisk Design - Inklusive Kudde med Knappdetaljer - Svart och Natur - Modern och Bekv\u00e4m - TRUUSK - Hem, Tr\u00e4dg\u00e5rd &amp; Fritid","og_description":"G\u00e5 fr\u00e5n att sitta till att sova utan anstr\u00e4ngning tack vare denna b\u00e4ddsoffa. Stolen har en st\u00e5lram, \u00e4r stabil och...","og_url":"https:\/\/truusk.store\/sv\/produkt\/truusk-skonhetstol-i-skandinavisk-design-inklusive-kudde-med-knappdetaljer-svart-och-natur-modern-och-bekvam\/","og_site_name":"TRUUSK - Hem, Tr\u00e4dg\u00e5rd &amp; Fritid","article_modified_time":"2026-03-12T08:31:15+00:00","og_image":[{"width":800,"height":800,"url":"https:\/\/i0.wp.com\/truusk.se\/wp-content\/uploads\/2024\/02\/relaxstol-i-scandi-design-fatolj-lasstol-inkl-kudde-med-knappsommar-svart-natur.webp?fit=800%2C800&ssl=1","type":"image\/webp"}],"twitter_card":"summary_large_image","twitter_misc":{"Ber\u00e4knad l\u00e4stid":"1 minut"},"schema":{"@context":"https:\/\/schema.org","@graph":[{"@type":"WebPage","@id":"https:\/\/truusk.store\/sv\/produkt\/truusk-skonhetstol-i-skandinavisk-design-inklusive-kudde-med-knappdetaljer-svart-och-natur-modern-och-bekvam\/","url":"https:\/\/truusk.store\/sv\/produkt\/truusk-skonhetstol-i-skandinavisk-design-inklusive-kudde-med-knappdetaljer-svart-och-natur-modern-och-bekvam\/","name":"TRUUSK Sk\u00f6nhetstol i Skandinavisk Design - Inklusive Kudde med Knappdetaljer - Svart och Natur - Modern och Bekv\u00e4m - TRUUSK - Hem, Tr\u00e4dg\u00e5rd &amp; Fritid","isPartOf":{"@id":"https:\/\/truusk.store\/sv\/#website"},"primaryImageOfPage":{"@id":"https:\/\/truusk.store\/sv\/produkt\/truusk-skonhetstol-i-skandinavisk-design-inklusive-kudde-med-knappdetaljer-svart-och-natur-modern-och-bekvam\/#primaryimage"},"image":{"@id":"https:\/\/truusk.store\/sv\/produkt\/truusk-skonhetstol-i-skandinavisk-design-inklusive-kudde-med-knappdetaljer-svart-och-natur-modern-och-bekvam\/#primaryimage"},"thumbnailUrl":"https:\/\/i0.wp.com\/truusk.store\/wp-content\/uploads\/2024\/02\/relaxstol-i-scandi-design-fatolj-lasstol-inkl-kudde-med-knappsommar-svart-natur.webp?fit=800%2C800&ssl=1","datePublished":"2024-02-14T05:31:43+00:00","dateModified":"2026-03-12T08:31:15+00:00","breadcrumb":{"@id":"https:\/\/truusk.store\/sv\/produkt\/truusk-skonhetstol-i-skandinavisk-design-inklusive-kudde-med-knappdetaljer-svart-och-natur-modern-och-bekvam\/#breadcrumb"},"inLanguage":"sv-SE","potentialAction":[{"@type":"ReadAction","target":["https:\/\/truusk.store\/sv\/produkt\/truusk-skonhetstol-i-skandinavisk-design-inklusive-kudde-med-knappdetaljer-svart-och-natur-modern-och-bekvam\/"]}]},{"@type":"ImageObject","inLanguage":"sv-SE","@id":"https:\/\/truusk.store\/sv\/produkt\/truusk-skonhetstol-i-skandinavisk-design-inklusive-kudde-med-knappdetaljer-svart-och-natur-modern-och-bekvam\/#primaryimage","url":"https:\/\/i0.wp.com\/truusk.store\/wp-content\/uploads\/2024\/02\/relaxstol-i-scandi-design-fatolj-lasstol-inkl-kudde-med-knappsommar-svart-natur.webp?fit=800%2C800&ssl=1","contentUrl":"https:\/\/i0.wp.com\/truusk.store\/wp-content\/uploads\/2024\/02\/relaxstol-i-scandi-design-fatolj-lasstol-inkl-kudde-med-knappsommar-svart-natur.webp?fit=800%2C800&ssl=1","width":800,"height":800,"caption":"Relaxstol I Scandi Design, F\u00e5t\u00f6lj, L\u00e4sstol. Inkl. Kudde Med Knapps\u00f6mmar, Svart + Natur 1"},{"@type":"BreadcrumbList","@id":"https:\/\/truusk.store\/sv\/produkt\/truusk-skonhetstol-i-skandinavisk-design-inklusive-kudde-med-knappdetaljer-svart-och-natur-modern-och-bekvam\/#breadcrumb","itemListElement":[{"@type":"ListItem","position":1,"name":"Home","item":"https:\/\/truusk.store\/sv\/"},{"@type":"ListItem","position":2,"name":"Shop","item":"https:\/\/truusk.store\/shop\/"},{"@type":"ListItem","position":3,"name":"TRUUSK Sk\u00f6nhetstol i Skandinavisk Design &#8211; Inklusive Kudde med Knappdetaljer &#8211; Svart och Natur &#8211; Modern och Bekv\u00e4m"}]},{"@type":"WebSite","@id":"https:\/\/truusk.store\/sv\/#website","url":"https:\/\/truusk.store\/sv\/","name":"TRUUSK - Hem, Tr\u00e4dg\u00e5rd & Fritid","description":"","publisher":{"@id":"https:\/\/truusk.store\/sv\/#organization"},"potentialAction":[{"@type":"SearchAction","target":{"@type":"EntryPoint","urlTemplate":"https:\/\/truusk.store\/sv\/?s={search_term_string}"},"query-input":{"@type":"PropertyValueSpecification","valueRequired":true,"valueName":"search_term_string"}}],"inLanguage":"sv-SE"},{"@type":"Organization","@id":"https:\/\/truusk.store\/sv\/#organization","name":"TRUUSK - Hem, Tr\u00e4dg\u00e5rd & Fritid","url":"https:\/\/truusk.store\/sv\/","logo":{"@type":"ImageObject","inLanguage":"sv-SE","@id":"https:\/\/truusk.store\/sv\/#\/schema\/logo\/image\/","url":"https:\/\/i0.wp.com\/truusk.store\/wp-content\/uploads\/2026\/03\/cropped-TRUUSK.png?fit=2032%2C917&ssl=1","contentUrl":"https:\/\/i0.wp.com\/truusk.store\/wp-content\/uploads\/2026\/03\/cropped-TRUUSK.png?fit=2032%2C917&ssl=1","width":2032,"height":917,"caption":"TRUUSK - Hem, Tr\u00e4dg\u00e5rd & Fritid"},"image":{"@id":"https:\/\/truusk.store\/sv\/#\/schema\/logo\/image\/"}}]}},"jetpack_sharing_enabled":true,"_links":{"self":[{"href":"https:\/\/truusk.store\/sv\/wp-json\/wp\/v2\/product\/46386","targetHints":{"allow":["GET"]}}],"collection":[{"href":"https:\/\/truusk.store\/sv\/wp-json\/wp\/v2\/product"}],"about":[{"href":"https:\/\/truusk.store\/sv\/wp-json\/wp\/v2\/types\/product"}],"wp:featuredmedia":[{"embeddable":true,"href":"https:\/\/truusk.store\/sv\/wp-json\/wp\/v2\/media\/46387"}],"wp:attachment":[{"href":"https:\/\/truusk.store\/sv\/wp-json\/wp\/v2\/media?parent=46386"}],"wp:term":[{"taxonomy":"product_brand","embeddable":true,"href":"https:\/\/truusk.store\/sv\/wp-json\/wp\/v2\/product_brand?post=46386"},{"taxonomy":"product_cat","embeddable":true,"href":"https:\/\/truusk.store\/sv\/wp-json\/wp\/v2\/product_cat?post=46386"},{"taxonomy":"product_tag","embeddable":true,"href":"https:\/\/truusk.store\/sv\/wp-json\/wp\/v2\/product_tag?post=46386"}],"curies":[{"name":"wp","href":"https:\/\/api.w.org\/{rel}","templated":true}]}}