{"id":46517,"date":"2024-02-14T06:36:40","date_gmt":"2024-02-14T05:36:40","guid":{"rendered":"https:\/\/truusk.store\/product\/barnbil-laddningsbart-batteri-3-5-km-h-med-fjarrkontroll-multimediaspelare-svart\/"},"modified":"2026-03-12T09:31:23","modified_gmt":"2026-03-12T08:31:23","slug":"truusk-barnbil-laddningsbart-batteri-3-5-km-h-med-fjarrkontroll-multimediaspelare-svart","status":"publish","type":"product","link":"https:\/\/truusk.store\/sv\/produkt\/truusk-barnbil-laddningsbart-batteri-3-5-km-h-med-fjarrkontroll-multimediaspelare-svart\/","title":{"rendered":"TRUUSK Barnbil &#8211; Laddningsbart Batteri &#8211; 3-5 Km\/h &#8211; Med Fj\u00e4rrkontroll &#8211; Multimediaspelare &#8211; Svart"},"content":{"rendered":"<p>De stora, breda d\u00e4cken, den mjuka fj\u00e4dringen och str\u00e5lkastarna i denna licensierade bil ger inte bara mycket n\u00f6je, utan ocks\u00e5 en realistisk k\u00f6rupplevelse. Utrustad med ett s\u00e4kerhetsb\u00e4lte kommer din lilla f\u00f6rare att vara extra s\u00e4ker h\u00e4r. Vid behov kan du \u00e4ven styra bilen med en fj\u00e4rrkontroll f\u00f6r att korrigera joyriden lite. Multimediaspelaren spelar din \u00e4lsklings favoritmusik medan ni g\u00e5r en promenad tillsammans.<\/p>\n<h3>Beskrivning:<\/h3>\n<ul>\n<li>Horn och musik f\u00f6r roligare<\/li>\n<li>Halkfria plastd\u00e4ck, l\u00e4mpliga f\u00f6r m\u00e5nga golvbel\u00e4ggningar<\/li>\n<li>Batteriet kan tas ut f\u00f6r laddning<\/li>\n<li>Tyst och skonsamt tillv\u00e4gag\u00e5ngss\u00e4tt f\u00f6r trevlig k\u00f6rning<\/li>\n<li>Str\u00f6mlampa indikerar batteriladdning<\/li>\n<li>Inkluderar fj\u00e4rrkontroll f\u00f6r f\u00f6r\u00e4ldrar<\/li>\n<li>Montering kr\u00e4vs<\/li>\n<\/ul>\n<h3>Teknisk data:<\/h3>\n<ul>\n<li>F\u00e4rg: Svart, Ljusbl\u00e5<\/li>\n<li>Material: plast, j\u00e4rn<\/li>\n<li>Totalstorlek: 115L x 67W x 45H cm<\/li>\n<li>Sitsstorlek: 33W x 19D x 12H cm<\/li>\n<li>Radma: 23 cm<\/li>\n<li>Hastighet: 3-5km\/h<\/li>\n<li>Fj\u00e4rrkontrollens r\u00e4ckvidd: 15m<\/li>\n<li>Batteri: 12V 4,5AH x 1<\/li>\n<li>F\u00f6rsta laddning: 6-8 timmar. Regelbunden laddning: 8-12 timmar<\/li>\n<li>Drifttid: 45 minuter<\/li>\n<li>Certifierad \u00e5lder: 3-8 \u00e5r. L\u00e4mplig \u00e5lder: 3-6 \u00e5r<\/li>\n<li>Lastkapacitet: 30 kg<\/li>\n<li>TIPS:<\/li>\n<li>1.) 2 x 1,5V AAA-batterier ing\u00e5r inte<\/li>\n<li>2.) L\u00e4mna aldrig dina barn utan uppsikt<\/li>\n<\/ul>\n<h3>Leveransens omfattning:<\/h3>\n<ul>\n<li>1 x Elektrisk barnbil<\/li>\n<li>1 x Anv\u00e4ndarmanual<\/li>\n<\/ul>\n","protected":false},"excerpt":{"rendered":"<p>De stora, breda d\u00e4cken, den mjuka fj\u00e4dringen och str\u00e5lkastarna i denna licensierade bil ger inte bara mycket n\u00f6je, utan ocks\u00e5&#8230;<\/p>\n","protected":false},"featured_media":46518,"template":"","meta":[],"product_brand":[],"product_cat":[609,610,612],"product_tag":[],"class_list":{"0":"post-46517","1":"product","2":"type-product","3":"status-publish","4":"has-post-thumbnail","6":"product_cat-baby-barn","7":"product_cat-barnfordon","8":"product_cat-elektriska-fordon","10":"first","11":"instock","12":"sale","13":"taxable","14":"shipping-taxable","15":"purchasable","16":"product-type-simple"},"yoast_head":"<!-- This site is optimized with the Yoast SEO plugin v25.4 - https:\/\/yoast.com\/wordpress\/plugins\/seo\/ -->\n<title>TRUUSK Barnbil - Laddningsbart Batteri - 3-5 Km\/h - Med Fj\u00e4rrkontroll - Multimediaspelare - Svart - TRUUSK - Hem, Tr\u00e4dg\u00e5rd &amp; Fritid<\/title>\n<meta name=\"robots\" content=\"index, follow, max-snippet:-1, max-image-preview:large, max-video-preview:-1\" \/>\n<link rel=\"canonical\" href=\"https:\/\/truusk.store\/sv\/produkt\/truusk-barnbil-laddningsbart-batteri-3-5-km-h-med-fjarrkontroll-multimediaspelare-svart\/\" \/>\n<meta property=\"og:locale\" content=\"sv_SE\" \/>\n<meta property=\"og:type\" content=\"article\" \/>\n<meta property=\"og:title\" content=\"TRUUSK Barnbil - Laddningsbart Batteri - 3-5 Km\/h - Med Fj\u00e4rrkontroll - Multimediaspelare - Svart - TRUUSK - Hem, Tr\u00e4dg\u00e5rd &amp; Fritid\" \/>\n<meta property=\"og:description\" content=\"De stora, breda d\u00e4cken, den mjuka fj\u00e4dringen och str\u00e5lkastarna i denna licensierade bil ger inte bara mycket n\u00f6je, utan ocks\u00e5...\" \/>\n<meta property=\"og:url\" content=\"https:\/\/truusk.store\/sv\/produkt\/truusk-barnbil-laddningsbart-batteri-3-5-km-h-med-fjarrkontroll-multimediaspelare-svart\/\" \/>\n<meta property=\"og:site_name\" content=\"TRUUSK - Hem, Tr\u00e4dg\u00e5rd &amp; Fritid\" \/>\n<meta property=\"article:modified_time\" content=\"2026-03-12T08:31:23+00:00\" \/>\n<meta property=\"og:image\" content=\"https:\/\/i0.wp.com\/truusk.se\/wp-content\/uploads\/2024\/02\/barnbil-laddningsbart-batteri-3-5-km-h-med-fjarrkontroll-multimediaspelare-svart.webp?fit=800%2C800&ssl=1\" \/>\n\t<meta property=\"og:image:width\" content=\"800\" \/>\n\t<meta property=\"og:image:height\" content=\"800\" \/>\n\t<meta property=\"og:image:type\" content=\"image\/webp\" \/>\n<meta name=\"twitter:card\" content=\"summary_large_image\" \/>\n<meta name=\"twitter:label1\" content=\"Ber\u00e4knad l\u00e4stid\" \/>\n\t<meta name=\"twitter:data1\" content=\"1 minut\" \/>\n<!-- \/ Yoast SEO plugin. -->","yoast_head_json":{"title":"TRUUSK Barnbil - Laddningsbart Batteri - 3-5 Km\/h - Med Fj\u00e4rrkontroll - Multimediaspelare - Svart - TRUUSK - Hem, Tr\u00e4dg\u00e5rd &amp; Fritid","robots":{"index":"index","follow":"follow","max-snippet":"max-snippet:-1","max-image-preview":"max-image-preview:large","max-video-preview":"max-video-preview:-1"},"canonical":"https:\/\/truusk.store\/sv\/produkt\/truusk-barnbil-laddningsbart-batteri-3-5-km-h-med-fjarrkontroll-multimediaspelare-svart\/","og_locale":"sv_SE","og_type":"article","og_title":"TRUUSK Barnbil - Laddningsbart Batteri - 3-5 Km\/h - Med Fj\u00e4rrkontroll - Multimediaspelare - Svart - TRUUSK - Hem, Tr\u00e4dg\u00e5rd &amp; Fritid","og_description":"De stora, breda d\u00e4cken, den mjuka fj\u00e4dringen och str\u00e5lkastarna i denna licensierade bil ger inte bara mycket n\u00f6je, utan ocks\u00e5...","og_url":"https:\/\/truusk.store\/sv\/produkt\/truusk-barnbil-laddningsbart-batteri-3-5-km-h-med-fjarrkontroll-multimediaspelare-svart\/","og_site_name":"TRUUSK - Hem, Tr\u00e4dg\u00e5rd &amp; Fritid","article_modified_time":"2026-03-12T08:31:23+00:00","og_image":[{"width":800,"height":800,"url":"https:\/\/i0.wp.com\/truusk.se\/wp-content\/uploads\/2024\/02\/barnbil-laddningsbart-batteri-3-5-km-h-med-fjarrkontroll-multimediaspelare-svart.webp?fit=800%2C800&ssl=1","type":"image\/webp"}],"twitter_card":"summary_large_image","twitter_misc":{"Ber\u00e4knad l\u00e4stid":"1 minut"},"schema":{"@context":"https:\/\/schema.org","@graph":[{"@type":"WebPage","@id":"https:\/\/truusk.store\/sv\/produkt\/truusk-barnbil-laddningsbart-batteri-3-5-km-h-med-fjarrkontroll-multimediaspelare-svart\/","url":"https:\/\/truusk.store\/sv\/produkt\/truusk-barnbil-laddningsbart-batteri-3-5-km-h-med-fjarrkontroll-multimediaspelare-svart\/","name":"TRUUSK Barnbil - Laddningsbart Batteri - 3-5 Km\/h - Med Fj\u00e4rrkontroll - Multimediaspelare - Svart - TRUUSK - Hem, Tr\u00e4dg\u00e5rd &amp; Fritid","isPartOf":{"@id":"https:\/\/truusk.store\/sv\/#website"},"primaryImageOfPage":{"@id":"https:\/\/truusk.store\/sv\/produkt\/truusk-barnbil-laddningsbart-batteri-3-5-km-h-med-fjarrkontroll-multimediaspelare-svart\/#primaryimage"},"image":{"@id":"https:\/\/truusk.store\/sv\/produkt\/truusk-barnbil-laddningsbart-batteri-3-5-km-h-med-fjarrkontroll-multimediaspelare-svart\/#primaryimage"},"thumbnailUrl":"https:\/\/i0.wp.com\/truusk.store\/wp-content\/uploads\/2024\/02\/barnbil-laddningsbart-batteri-3-5-km-h-med-fjarrkontroll-multimediaspelare-svart.webp?fit=800%2C800&ssl=1","datePublished":"2024-02-14T05:36:40+00:00","dateModified":"2026-03-12T08:31:23+00:00","breadcrumb":{"@id":"https:\/\/truusk.store\/sv\/produkt\/truusk-barnbil-laddningsbart-batteri-3-5-km-h-med-fjarrkontroll-multimediaspelare-svart\/#breadcrumb"},"inLanguage":"sv-SE","potentialAction":[{"@type":"ReadAction","target":["https:\/\/truusk.store\/sv\/produkt\/truusk-barnbil-laddningsbart-batteri-3-5-km-h-med-fjarrkontroll-multimediaspelare-svart\/"]}]},{"@type":"ImageObject","inLanguage":"sv-SE","@id":"https:\/\/truusk.store\/sv\/produkt\/truusk-barnbil-laddningsbart-batteri-3-5-km-h-med-fjarrkontroll-multimediaspelare-svart\/#primaryimage","url":"https:\/\/i0.wp.com\/truusk.store\/wp-content\/uploads\/2024\/02\/barnbil-laddningsbart-batteri-3-5-km-h-med-fjarrkontroll-multimediaspelare-svart.webp?fit=800%2C800&ssl=1","contentUrl":"https:\/\/i0.wp.com\/truusk.store\/wp-content\/uploads\/2024\/02\/barnbil-laddningsbart-batteri-3-5-km-h-med-fjarrkontroll-multimediaspelare-svart.webp?fit=800%2C800&ssl=1","width":800,"height":800,"caption":"Barnbil, Laddningsbart Batteri, 3-5 Km\/h, Med Fj\u00e4rrkontroll, Multimediaspelare, Svart 1"},{"@type":"BreadcrumbList","@id":"https:\/\/truusk.store\/sv\/produkt\/truusk-barnbil-laddningsbart-batteri-3-5-km-h-med-fjarrkontroll-multimediaspelare-svart\/#breadcrumb","itemListElement":[{"@type":"ListItem","position":1,"name":"Home","item":"https:\/\/truusk.store\/sv\/"},{"@type":"ListItem","position":2,"name":"Shop","item":"https:\/\/truusk.store\/shop\/"},{"@type":"ListItem","position":3,"name":"TRUUSK Barnbil &#8211; Laddningsbart Batteri &#8211; 3-5 Km\/h &#8211; Med Fj\u00e4rrkontroll &#8211; Multimediaspelare &#8211; Svart"}]},{"@type":"WebSite","@id":"https:\/\/truusk.store\/sv\/#website","url":"https:\/\/truusk.store\/sv\/","name":"TRUUSK - Hem, Tr\u00e4dg\u00e5rd & Fritid","description":"","publisher":{"@id":"https:\/\/truusk.store\/sv\/#organization"},"potentialAction":[{"@type":"SearchAction","target":{"@type":"EntryPoint","urlTemplate":"https:\/\/truusk.store\/sv\/?s={search_term_string}"},"query-input":{"@type":"PropertyValueSpecification","valueRequired":true,"valueName":"search_term_string"}}],"inLanguage":"sv-SE"},{"@type":"Organization","@id":"https:\/\/truusk.store\/sv\/#organization","name":"TRUUSK - Hem, Tr\u00e4dg\u00e5rd & Fritid","url":"https:\/\/truusk.store\/sv\/","logo":{"@type":"ImageObject","inLanguage":"sv-SE","@id":"https:\/\/truusk.store\/sv\/#\/schema\/logo\/image\/","url":"https:\/\/i0.wp.com\/truusk.store\/wp-content\/uploads\/2026\/03\/cropped-TRUUSK.png?fit=2032%2C917&ssl=1","contentUrl":"https:\/\/i0.wp.com\/truusk.store\/wp-content\/uploads\/2026\/03\/cropped-TRUUSK.png?fit=2032%2C917&ssl=1","width":2032,"height":917,"caption":"TRUUSK - Hem, Tr\u00e4dg\u00e5rd & Fritid"},"image":{"@id":"https:\/\/truusk.store\/sv\/#\/schema\/logo\/image\/"}}]}},"jetpack_sharing_enabled":true,"_links":{"self":[{"href":"https:\/\/truusk.store\/sv\/wp-json\/wp\/v2\/product\/46517","targetHints":{"allow":["GET"]}}],"collection":[{"href":"https:\/\/truusk.store\/sv\/wp-json\/wp\/v2\/product"}],"about":[{"href":"https:\/\/truusk.store\/sv\/wp-json\/wp\/v2\/types\/product"}],"wp:featuredmedia":[{"embeddable":true,"href":"https:\/\/truusk.store\/sv\/wp-json\/wp\/v2\/media\/46518"}],"wp:attachment":[{"href":"https:\/\/truusk.store\/sv\/wp-json\/wp\/v2\/media?parent=46517"}],"wp:term":[{"taxonomy":"product_brand","embeddable":true,"href":"https:\/\/truusk.store\/sv\/wp-json\/wp\/v2\/product_brand?post=46517"},{"taxonomy":"product_cat","embeddable":true,"href":"https:\/\/truusk.store\/sv\/wp-json\/wp\/v2\/product_cat?post=46517"},{"taxonomy":"product_tag","embeddable":true,"href":"https:\/\/truusk.store\/sv\/wp-json\/wp\/v2\/product_tag?post=46517"}],"curies":[{"name":"wp","href":"https:\/\/api.w.org\/{rel}","templated":true}]}}