{"id":46528,"date":"2024-02-14T06:37:31","date_gmt":"2024-02-14T05:37:31","guid":{"rendered":"https:\/\/truusk.store\/product\/smabarnsrutschkana-hopfallbar-inomhus-halkfria-trappsteg-upphojd-sakerhetskant-gron\/"},"modified":"2026-03-12T09:31:24","modified_gmt":"2026-03-12T08:31:24","slug":"truusk-smabarnsrutschkana-hopfallbar-halkfria-trappsteg-gron","status":"publish","type":"product","link":"https:\/\/truusk.store\/sv\/produkt\/truusk-smabarnsrutschkana-hopfallbar-halkfria-trappsteg-gron\/","title":{"rendered":"TRUUSK Sm\u00e5barnsrutschkana &#8211; Hopf\u00e4llbar &#8211; Halkfria Trappsteg &#8211; Gr\u00f6n"},"content":{"rendered":"<p>Ge ditt barn o\u00e4ndligt roligt att leka med denna barnrutschkana. Denna rutschkana \u00e4r speciellt utvecklad f\u00f6r sm\u00e5 barn: Trestegsstegen har en upph\u00f6jd kant p\u00e5 b\u00e5da sidor, vilket fungerar som ett s\u00e4kert fallskydd. Det luktfria, barns\u00e4kra materialet t\u00e5l upp till 30 kg och ger dina sm\u00e5 en skonsam och bekv\u00e4m glidupplevelse. S\u00e4rskilt praktiskt: f\u00e4ll helt enkelt upp rutschkanan n\u00e4r den inte beh\u00f6vs.<\/p>\n<h3>Beskrivning:<\/h3>\n<ul>\n<li>Har en trestegs halkfri stege som m\u00f6jligg\u00f6r s\u00e4ker kl\u00e4ttring<\/li>\n<li>Den sl\u00e4ta, sm\u00e5barnsv\u00e4nliga rutschkanan g\u00f6r att barn kan glida smidigt och landa s\u00e4kert<\/li>\n<li>Tillverkad av s\u00e4ker PE och PP med sl\u00e4t yta och rundade h\u00f6rn<\/li>\n<li>Den vikbara designen sparar utrymme och ger extra bekv\u00e4mlighet<\/li>\n<li>L\u00e4mplig f\u00f6r barn i \u00e5ldrarna 1,5 till 3 \u00e5r och b\u00e4r upp till 30 kg<\/li>\n<li>Monteringen tar cirka en halvtimme<\/li>\n<\/ul>\n<h3>Teknisk data:<\/h3>\n<ul>\n<li>F\u00e4rg: Gr\u00f6n+Vit<\/li>\n<li>Material: PE, plast<\/li>\n<li>\u00d6vergripande m\u00e5tt: 120L x 53W x 53H cm<\/li>\n<li>Glidm\u00e5tt: 99L x 30W x 37H cm<\/li>\n<li>R\u00e4ckesh\u00f6jd: 6 cm<\/li>\n<li>Stegm\u00e5tt: 35W x 10,5D cm \/ 35W x 5D cm<\/li>\n<li>H\u00f6jd p\u00e5 varje steg: 11 cm<\/li>\n<li>Vikm\u00e5tt: 63L x 41W x 42H cm<\/li>\n<li>Rekommenderad \u00e5lder: 1,5 till 3 \u00e5r. \u00c5ldersintyg: 18+ m\u00e5nader<\/li>\n<li>Lastkapacitet: 30 kg<\/li>\n<\/ul>\n<h3>Leveransens omfattning:<\/h3>\n<ul>\n<li>1 x barnrutschkana<\/li>\n<li>1 x Monteringsanvisning<\/li>\n<\/ul>\n","protected":false},"excerpt":{"rendered":"<p>Ge ditt barn o\u00e4ndligt roligt att leka med denna barnrutschkana. Denna rutschkana \u00e4r speciellt utvecklad f\u00f6r sm\u00e5 barn: Trestegsstegen har&#8230;<\/p>\n","protected":false},"featured_media":46529,"template":"","meta":[],"product_brand":[],"product_cat":[609,622,616],"product_tag":[],"class_list":{"0":"post-46528","1":"product","2":"type-product","3":"status-publish","4":"has-post-thumbnail","6":"product_cat-baby-barn","7":"product_cat-barnrutschbanor","8":"product_cat-utomhusleksaker","10":"first","11":"instock","12":"sale","13":"taxable","14":"shipping-taxable","15":"purchasable","16":"product-type-simple"},"yoast_head":"<!-- This site is optimized with the Yoast SEO plugin v25.4 - https:\/\/yoast.com\/wordpress\/plugins\/seo\/ -->\n<title>TRUUSK Sm\u00e5barnsrutschkana - Hopf\u00e4llbar - Halkfria Trappsteg - Gr\u00f6n - TRUUSK - Hem, Tr\u00e4dg\u00e5rd &amp; Fritid<\/title>\n<meta name=\"robots\" content=\"index, follow, max-snippet:-1, max-image-preview:large, max-video-preview:-1\" \/>\n<link rel=\"canonical\" href=\"https:\/\/truusk.store\/sv\/produkt\/truusk-smabarnsrutschkana-hopfallbar-halkfria-trappsteg-gron\/\" \/>\n<meta property=\"og:locale\" content=\"sv_SE\" \/>\n<meta property=\"og:type\" content=\"article\" \/>\n<meta property=\"og:title\" content=\"TRUUSK Sm\u00e5barnsrutschkana - Hopf\u00e4llbar - Halkfria Trappsteg - Gr\u00f6n - TRUUSK - Hem, Tr\u00e4dg\u00e5rd &amp; Fritid\" \/>\n<meta property=\"og:description\" content=\"Ge ditt barn o\u00e4ndligt roligt att leka med denna barnrutschkana. Denna rutschkana \u00e4r speciellt utvecklad f\u00f6r sm\u00e5 barn: Trestegsstegen har...\" \/>\n<meta property=\"og:url\" content=\"https:\/\/truusk.store\/sv\/produkt\/truusk-smabarnsrutschkana-hopfallbar-halkfria-trappsteg-gron\/\" \/>\n<meta property=\"og:site_name\" content=\"TRUUSK - Hem, Tr\u00e4dg\u00e5rd &amp; Fritid\" \/>\n<meta property=\"article:modified_time\" content=\"2026-03-12T08:31:24+00:00\" \/>\n<meta property=\"og:image\" content=\"https:\/\/i0.wp.com\/truusk.se\/wp-content\/uploads\/2024\/02\/smabarnsrutschkana-hopfallbar-inomhus-halkfria-trappsteg-upphojd-sakerhetskant-gron.webp?fit=800%2C800&ssl=1\" \/>\n\t<meta property=\"og:image:width\" content=\"800\" \/>\n\t<meta property=\"og:image:height\" content=\"800\" \/>\n\t<meta property=\"og:image:type\" content=\"image\/webp\" \/>\n<meta name=\"twitter:card\" content=\"summary_large_image\" \/>\n<meta name=\"twitter:label1\" content=\"Ber\u00e4knad l\u00e4stid\" \/>\n\t<meta name=\"twitter:data1\" content=\"1 minut\" \/>\n<!-- \/ Yoast SEO plugin. -->","yoast_head_json":{"title":"TRUUSK Sm\u00e5barnsrutschkana - Hopf\u00e4llbar - Halkfria Trappsteg - Gr\u00f6n - TRUUSK - Hem, Tr\u00e4dg\u00e5rd &amp; Fritid","robots":{"index":"index","follow":"follow","max-snippet":"max-snippet:-1","max-image-preview":"max-image-preview:large","max-video-preview":"max-video-preview:-1"},"canonical":"https:\/\/truusk.store\/sv\/produkt\/truusk-smabarnsrutschkana-hopfallbar-halkfria-trappsteg-gron\/","og_locale":"sv_SE","og_type":"article","og_title":"TRUUSK Sm\u00e5barnsrutschkana - Hopf\u00e4llbar - Halkfria Trappsteg - Gr\u00f6n - TRUUSK - Hem, Tr\u00e4dg\u00e5rd &amp; Fritid","og_description":"Ge ditt barn o\u00e4ndligt roligt att leka med denna barnrutschkana. Denna rutschkana \u00e4r speciellt utvecklad f\u00f6r sm\u00e5 barn: Trestegsstegen har...","og_url":"https:\/\/truusk.store\/sv\/produkt\/truusk-smabarnsrutschkana-hopfallbar-halkfria-trappsteg-gron\/","og_site_name":"TRUUSK - Hem, Tr\u00e4dg\u00e5rd &amp; Fritid","article_modified_time":"2026-03-12T08:31:24+00:00","og_image":[{"width":800,"height":800,"url":"https:\/\/i0.wp.com\/truusk.se\/wp-content\/uploads\/2024\/02\/smabarnsrutschkana-hopfallbar-inomhus-halkfria-trappsteg-upphojd-sakerhetskant-gron.webp?fit=800%2C800&ssl=1","type":"image\/webp"}],"twitter_card":"summary_large_image","twitter_misc":{"Ber\u00e4knad l\u00e4stid":"1 minut"},"schema":{"@context":"https:\/\/schema.org","@graph":[{"@type":"WebPage","@id":"https:\/\/truusk.store\/sv\/produkt\/truusk-smabarnsrutschkana-hopfallbar-halkfria-trappsteg-gron\/","url":"https:\/\/truusk.store\/sv\/produkt\/truusk-smabarnsrutschkana-hopfallbar-halkfria-trappsteg-gron\/","name":"TRUUSK Sm\u00e5barnsrutschkana - Hopf\u00e4llbar - Halkfria Trappsteg - Gr\u00f6n - TRUUSK - Hem, Tr\u00e4dg\u00e5rd &amp; Fritid","isPartOf":{"@id":"https:\/\/truusk.store\/sv\/#website"},"primaryImageOfPage":{"@id":"https:\/\/truusk.store\/sv\/produkt\/truusk-smabarnsrutschkana-hopfallbar-halkfria-trappsteg-gron\/#primaryimage"},"image":{"@id":"https:\/\/truusk.store\/sv\/produkt\/truusk-smabarnsrutschkana-hopfallbar-halkfria-trappsteg-gron\/#primaryimage"},"thumbnailUrl":"https:\/\/i0.wp.com\/truusk.store\/wp-content\/uploads\/2024\/02\/smabarnsrutschkana-hopfallbar-inomhus-halkfria-trappsteg-upphojd-sakerhetskant-gron.webp?fit=800%2C800&ssl=1","datePublished":"2024-02-14T05:37:31+00:00","dateModified":"2026-03-12T08:31:24+00:00","breadcrumb":{"@id":"https:\/\/truusk.store\/sv\/produkt\/truusk-smabarnsrutschkana-hopfallbar-halkfria-trappsteg-gron\/#breadcrumb"},"inLanguage":"sv-SE","potentialAction":[{"@type":"ReadAction","target":["https:\/\/truusk.store\/sv\/produkt\/truusk-smabarnsrutschkana-hopfallbar-halkfria-trappsteg-gron\/"]}]},{"@type":"ImageObject","inLanguage":"sv-SE","@id":"https:\/\/truusk.store\/sv\/produkt\/truusk-smabarnsrutschkana-hopfallbar-halkfria-trappsteg-gron\/#primaryimage","url":"https:\/\/i0.wp.com\/truusk.store\/wp-content\/uploads\/2024\/02\/smabarnsrutschkana-hopfallbar-inomhus-halkfria-trappsteg-upphojd-sakerhetskant-gron.webp?fit=800%2C800&ssl=1","contentUrl":"https:\/\/i0.wp.com\/truusk.store\/wp-content\/uploads\/2024\/02\/smabarnsrutschkana-hopfallbar-inomhus-halkfria-trappsteg-upphojd-sakerhetskant-gron.webp?fit=800%2C800&ssl=1","width":800,"height":800,"caption":"Sm\u00e5barnsrutschkana, Hopf\u00e4llbar, Inomhus, Halkfria Trappsteg, Upph\u00f6jd S\u00e4kerhetskant, Gr\u00f6n 1"},{"@type":"BreadcrumbList","@id":"https:\/\/truusk.store\/sv\/produkt\/truusk-smabarnsrutschkana-hopfallbar-halkfria-trappsteg-gron\/#breadcrumb","itemListElement":[{"@type":"ListItem","position":1,"name":"Home","item":"https:\/\/truusk.store\/sv\/"},{"@type":"ListItem","position":2,"name":"Shop","item":"https:\/\/truusk.store\/shop\/"},{"@type":"ListItem","position":3,"name":"TRUUSK Sm\u00e5barnsrutschkana &#8211; Hopf\u00e4llbar &#8211; Halkfria Trappsteg &#8211; Gr\u00f6n"}]},{"@type":"WebSite","@id":"https:\/\/truusk.store\/sv\/#website","url":"https:\/\/truusk.store\/sv\/","name":"TRUUSK - Hem, Tr\u00e4dg\u00e5rd & Fritid","description":"","publisher":{"@id":"https:\/\/truusk.store\/sv\/#organization"},"potentialAction":[{"@type":"SearchAction","target":{"@type":"EntryPoint","urlTemplate":"https:\/\/truusk.store\/sv\/?s={search_term_string}"},"query-input":{"@type":"PropertyValueSpecification","valueRequired":true,"valueName":"search_term_string"}}],"inLanguage":"sv-SE"},{"@type":"Organization","@id":"https:\/\/truusk.store\/sv\/#organization","name":"TRUUSK - Hem, Tr\u00e4dg\u00e5rd & Fritid","url":"https:\/\/truusk.store\/sv\/","logo":{"@type":"ImageObject","inLanguage":"sv-SE","@id":"https:\/\/truusk.store\/sv\/#\/schema\/logo\/image\/","url":"https:\/\/i0.wp.com\/truusk.store\/wp-content\/uploads\/2026\/03\/cropped-TRUUSK.png?fit=2032%2C917&ssl=1","contentUrl":"https:\/\/i0.wp.com\/truusk.store\/wp-content\/uploads\/2026\/03\/cropped-TRUUSK.png?fit=2032%2C917&ssl=1","width":2032,"height":917,"caption":"TRUUSK - Hem, Tr\u00e4dg\u00e5rd & Fritid"},"image":{"@id":"https:\/\/truusk.store\/sv\/#\/schema\/logo\/image\/"}}]}},"jetpack_sharing_enabled":true,"_links":{"self":[{"href":"https:\/\/truusk.store\/sv\/wp-json\/wp\/v2\/product\/46528","targetHints":{"allow":["GET"]}}],"collection":[{"href":"https:\/\/truusk.store\/sv\/wp-json\/wp\/v2\/product"}],"about":[{"href":"https:\/\/truusk.store\/sv\/wp-json\/wp\/v2\/types\/product"}],"wp:featuredmedia":[{"embeddable":true,"href":"https:\/\/truusk.store\/sv\/wp-json\/wp\/v2\/media\/46529"}],"wp:attachment":[{"href":"https:\/\/truusk.store\/sv\/wp-json\/wp\/v2\/media?parent=46528"}],"wp:term":[{"taxonomy":"product_brand","embeddable":true,"href":"https:\/\/truusk.store\/sv\/wp-json\/wp\/v2\/product_brand?post=46528"},{"taxonomy":"product_cat","embeddable":true,"href":"https:\/\/truusk.store\/sv\/wp-json\/wp\/v2\/product_cat?post=46528"},{"taxonomy":"product_tag","embeddable":true,"href":"https:\/\/truusk.store\/sv\/wp-json\/wp\/v2\/product_tag?post=46528"}],"curies":[{"name":"wp","href":"https:\/\/api.w.org\/{rel}","templated":true}]}}