{"id":46557,"date":"2024-02-14T06:38:52","date_gmt":"2024-02-14T05:38:52","guid":{"rendered":"https:\/\/truusk.store\/product\/valplopp-modular-design-hopfallbar-stalram-for-inomhusbruk-vit-90-x-123-x-102cm\/"},"modified":"2026-03-12T09:31:24","modified_gmt":"2026-03-12T08:31:24","slug":"truusk-valplopp-modular-design-hopfallbar-stalram-for-inomhusbruk-vit-90-x-123-x-102cm","status":"publish","type":"product","link":"https:\/\/truusk.store\/sv\/produkt\/truusk-valplopp-modular-design-hopfallbar-stalram-for-inomhusbruk-vit-90-x-123-x-102cm\/","title":{"rendered":"TRUUSK Valplopp &#8211; Modul\u00e4r Design &#8211; Hopf\u00e4llbar &#8211; St\u00e5lram &#8211; F\u00f6r Inomhusbruk &#8211; Vit &#8211; 90 x 123 x 102cm"},"content":{"rendered":"<p>Valploppet erbjuder dig den perfekta l\u00f6sningen f\u00f6r att h\u00e5lla din valp s\u00e4ker och skyddad. Med 6 gallerpaneler som kan s\u00e4ttas ihop efter \u00f6nskem\u00e5l kan du designa l\u00f6pningen efter dina behov. Den pulverlackerade st\u00e5lramen s\u00e4kerst\u00e4ller tillf\u00f6rlitlighet och h\u00e5llbarhet, medan l\u00e5smekanismen s\u00e4kerst\u00e4ller s\u00e4kerheten f\u00f6r dina valpar.<\/p>\n<h3>Beskrivning:<\/h3>\n<ul>\n<li>Det finns sex paneler som kan s\u00e4ttas ihop till olika former<\/li>\n<li>Panelerna \u00e4r gjorda av pulverlackerat st\u00e5l och erbjuder tillf\u00f6rlitlighet och h\u00e5llbarhet<\/li>\n<li>L\u00e4mplig f\u00f6r inomhusbruk<\/li>\n<li>L\u00e4mplig f\u00f6r valpar, kaniner, marsvin, igelkottar och andra sm\u00e5djur<\/li>\n<li>Dubbel l\u00e5sning och st\u00f6dd l\u00e5sfunktion s\u00e4kerst\u00e4ller s\u00e4kerheten f\u00f6r dina husdjur<\/li>\n<li>Montering kr\u00e4vs<\/li>\n<\/ul>\n<h3>Teknisk data:<\/h3>\n<ul>\n<li>F\u00e4rg vit<\/li>\n<li>Material: st\u00e5l, plast<\/li>\n<li>\u00d6vergripande m\u00e5tt (hexagonform): 123L x 102W x 90H cm<\/li>\n<li>Vikstorlek: 90L x 64W x 16H cm<\/li>\n<li>Passar: Medelstora hundar med axelh\u00f6jd &lt; 50 cm<\/li>\n<\/ul>\n<h3>Leveransens omfattning:<\/h3>\n<ul>\n<li>1 x Puppy Run<\/li>\n<li>1 x Instruktioner<\/li>\n<\/ul>\n","protected":false},"excerpt":{"rendered":"<p>Valploppet erbjuder dig den perfekta l\u00f6sningen f\u00f6r att h\u00e5lla din valp s\u00e4ker och skyddad. Med 6 gallerpaneler som kan s\u00e4ttas&#8230;<\/p>\n","protected":false},"featured_media":46558,"template":"","meta":[],"product_brand":[],"product_cat":[573,597,600],"product_tag":[],"class_list":{"0":"post-46557","1":"product","2":"type-product","3":"status-publish","4":"has-post-thumbnail","6":"product_cat-husdjursmaterial","7":"product_cat-sma-djurtillbehor","8":"product_cat-utomhusholje","10":"first","11":"instock","12":"sale","13":"taxable","14":"shipping-taxable","15":"purchasable","16":"product-type-simple"},"yoast_head":"<!-- This site is optimized with the Yoast SEO plugin v25.4 - https:\/\/yoast.com\/wordpress\/plugins\/seo\/ -->\n<title>TRUUSK Valplopp - Modul\u00e4r Design - Hopf\u00e4llbar - St\u00e5lram - F\u00f6r Inomhusbruk - Vit - 90 x 123 x 102cm - TRUUSK - Hem, Tr\u00e4dg\u00e5rd &amp; Fritid<\/title>\n<meta name=\"robots\" content=\"index, follow, max-snippet:-1, max-image-preview:large, max-video-preview:-1\" \/>\n<link rel=\"canonical\" href=\"https:\/\/truusk.store\/sv\/produkt\/truusk-valplopp-modular-design-hopfallbar-stalram-for-inomhusbruk-vit-90-x-123-x-102cm\/\" \/>\n<meta property=\"og:locale\" content=\"sv_SE\" \/>\n<meta property=\"og:type\" content=\"article\" \/>\n<meta property=\"og:title\" content=\"TRUUSK Valplopp - Modul\u00e4r Design - Hopf\u00e4llbar - St\u00e5lram - F\u00f6r Inomhusbruk - Vit - 90 x 123 x 102cm - TRUUSK - Hem, Tr\u00e4dg\u00e5rd &amp; Fritid\" \/>\n<meta property=\"og:description\" content=\"Valploppet erbjuder dig den perfekta l\u00f6sningen f\u00f6r att h\u00e5lla din valp s\u00e4ker och skyddad. Med 6 gallerpaneler som kan s\u00e4ttas...\" \/>\n<meta property=\"og:url\" content=\"https:\/\/truusk.store\/sv\/produkt\/truusk-valplopp-modular-design-hopfallbar-stalram-for-inomhusbruk-vit-90-x-123-x-102cm\/\" \/>\n<meta property=\"og:site_name\" content=\"TRUUSK - Hem, Tr\u00e4dg\u00e5rd &amp; Fritid\" \/>\n<meta property=\"article:modified_time\" content=\"2026-03-12T08:31:24+00:00\" \/>\n<meta property=\"og:image\" content=\"https:\/\/i0.wp.com\/truusk.se\/wp-content\/uploads\/2024\/02\/valplopp-modular-design-hopfallbar-stalram-for-inomhusbruk-vit-90-x-123-x-102cm.webp?fit=800%2C800&ssl=1\" \/>\n\t<meta property=\"og:image:width\" content=\"800\" \/>\n\t<meta property=\"og:image:height\" content=\"800\" \/>\n\t<meta property=\"og:image:type\" content=\"image\/webp\" \/>\n<meta name=\"twitter:card\" content=\"summary_large_image\" \/>\n<meta name=\"twitter:label1\" content=\"Ber\u00e4knad l\u00e4stid\" \/>\n\t<meta name=\"twitter:data1\" content=\"1 minut\" \/>\n<!-- \/ Yoast SEO plugin. -->","yoast_head_json":{"title":"TRUUSK Valplopp - Modul\u00e4r Design - Hopf\u00e4llbar - St\u00e5lram - F\u00f6r Inomhusbruk - Vit - 90 x 123 x 102cm - TRUUSK - Hem, Tr\u00e4dg\u00e5rd &amp; Fritid","robots":{"index":"index","follow":"follow","max-snippet":"max-snippet:-1","max-image-preview":"max-image-preview:large","max-video-preview":"max-video-preview:-1"},"canonical":"https:\/\/truusk.store\/sv\/produkt\/truusk-valplopp-modular-design-hopfallbar-stalram-for-inomhusbruk-vit-90-x-123-x-102cm\/","og_locale":"sv_SE","og_type":"article","og_title":"TRUUSK Valplopp - Modul\u00e4r Design - Hopf\u00e4llbar - St\u00e5lram - F\u00f6r Inomhusbruk - Vit - 90 x 123 x 102cm - TRUUSK - Hem, Tr\u00e4dg\u00e5rd &amp; Fritid","og_description":"Valploppet erbjuder dig den perfekta l\u00f6sningen f\u00f6r att h\u00e5lla din valp s\u00e4ker och skyddad. Med 6 gallerpaneler som kan s\u00e4ttas...","og_url":"https:\/\/truusk.store\/sv\/produkt\/truusk-valplopp-modular-design-hopfallbar-stalram-for-inomhusbruk-vit-90-x-123-x-102cm\/","og_site_name":"TRUUSK - Hem, Tr\u00e4dg\u00e5rd &amp; Fritid","article_modified_time":"2026-03-12T08:31:24+00:00","og_image":[{"width":800,"height":800,"url":"https:\/\/i0.wp.com\/truusk.se\/wp-content\/uploads\/2024\/02\/valplopp-modular-design-hopfallbar-stalram-for-inomhusbruk-vit-90-x-123-x-102cm.webp?fit=800%2C800&ssl=1","type":"image\/webp"}],"twitter_card":"summary_large_image","twitter_misc":{"Ber\u00e4knad l\u00e4stid":"1 minut"},"schema":{"@context":"https:\/\/schema.org","@graph":[{"@type":"WebPage","@id":"https:\/\/truusk.store\/sv\/produkt\/truusk-valplopp-modular-design-hopfallbar-stalram-for-inomhusbruk-vit-90-x-123-x-102cm\/","url":"https:\/\/truusk.store\/sv\/produkt\/truusk-valplopp-modular-design-hopfallbar-stalram-for-inomhusbruk-vit-90-x-123-x-102cm\/","name":"TRUUSK Valplopp - Modul\u00e4r Design - Hopf\u00e4llbar - St\u00e5lram - F\u00f6r Inomhusbruk - Vit - 90 x 123 x 102cm - TRUUSK - Hem, Tr\u00e4dg\u00e5rd &amp; Fritid","isPartOf":{"@id":"https:\/\/truusk.store\/sv\/#website"},"primaryImageOfPage":{"@id":"https:\/\/truusk.store\/sv\/produkt\/truusk-valplopp-modular-design-hopfallbar-stalram-for-inomhusbruk-vit-90-x-123-x-102cm\/#primaryimage"},"image":{"@id":"https:\/\/truusk.store\/sv\/produkt\/truusk-valplopp-modular-design-hopfallbar-stalram-for-inomhusbruk-vit-90-x-123-x-102cm\/#primaryimage"},"thumbnailUrl":"https:\/\/i0.wp.com\/truusk.store\/wp-content\/uploads\/2024\/02\/valplopp-modular-design-hopfallbar-stalram-for-inomhusbruk-vit-90-x-123-x-102cm.webp?fit=800%2C800&ssl=1","datePublished":"2024-02-14T05:38:52+00:00","dateModified":"2026-03-12T08:31:24+00:00","breadcrumb":{"@id":"https:\/\/truusk.store\/sv\/produkt\/truusk-valplopp-modular-design-hopfallbar-stalram-for-inomhusbruk-vit-90-x-123-x-102cm\/#breadcrumb"},"inLanguage":"sv-SE","potentialAction":[{"@type":"ReadAction","target":["https:\/\/truusk.store\/sv\/produkt\/truusk-valplopp-modular-design-hopfallbar-stalram-for-inomhusbruk-vit-90-x-123-x-102cm\/"]}]},{"@type":"ImageObject","inLanguage":"sv-SE","@id":"https:\/\/truusk.store\/sv\/produkt\/truusk-valplopp-modular-design-hopfallbar-stalram-for-inomhusbruk-vit-90-x-123-x-102cm\/#primaryimage","url":"https:\/\/i0.wp.com\/truusk.store\/wp-content\/uploads\/2024\/02\/valplopp-modular-design-hopfallbar-stalram-for-inomhusbruk-vit-90-x-123-x-102cm.webp?fit=800%2C800&ssl=1","contentUrl":"https:\/\/i0.wp.com\/truusk.store\/wp-content\/uploads\/2024\/02\/valplopp-modular-design-hopfallbar-stalram-for-inomhusbruk-vit-90-x-123-x-102cm.webp?fit=800%2C800&ssl=1","width":800,"height":800,"caption":"Valplopp, Modul\u00e4r Design, Hopf\u00e4llbar, St\u00e5lram, F\u00f6r Inomhusbruk, Vit, 90 X 123 X 102cm 1"},{"@type":"BreadcrumbList","@id":"https:\/\/truusk.store\/sv\/produkt\/truusk-valplopp-modular-design-hopfallbar-stalram-for-inomhusbruk-vit-90-x-123-x-102cm\/#breadcrumb","itemListElement":[{"@type":"ListItem","position":1,"name":"Home","item":"https:\/\/truusk.store\/sv\/"},{"@type":"ListItem","position":2,"name":"Shop","item":"https:\/\/truusk.store\/shop\/"},{"@type":"ListItem","position":3,"name":"TRUUSK Valplopp &#8211; Modul\u00e4r Design &#8211; Hopf\u00e4llbar &#8211; St\u00e5lram &#8211; F\u00f6r Inomhusbruk &#8211; Vit &#8211; 90 x 123 x 102cm"}]},{"@type":"WebSite","@id":"https:\/\/truusk.store\/sv\/#website","url":"https:\/\/truusk.store\/sv\/","name":"TRUUSK - Hem, Tr\u00e4dg\u00e5rd & Fritid","description":"","publisher":{"@id":"https:\/\/truusk.store\/sv\/#organization"},"potentialAction":[{"@type":"SearchAction","target":{"@type":"EntryPoint","urlTemplate":"https:\/\/truusk.store\/sv\/?s={search_term_string}"},"query-input":{"@type":"PropertyValueSpecification","valueRequired":true,"valueName":"search_term_string"}}],"inLanguage":"sv-SE"},{"@type":"Organization","@id":"https:\/\/truusk.store\/sv\/#organization","name":"TRUUSK - Hem, Tr\u00e4dg\u00e5rd & Fritid","url":"https:\/\/truusk.store\/sv\/","logo":{"@type":"ImageObject","inLanguage":"sv-SE","@id":"https:\/\/truusk.store\/sv\/#\/schema\/logo\/image\/","url":"https:\/\/i0.wp.com\/truusk.store\/wp-content\/uploads\/2026\/03\/cropped-TRUUSK.png?fit=2032%2C917&ssl=1","contentUrl":"https:\/\/i0.wp.com\/truusk.store\/wp-content\/uploads\/2026\/03\/cropped-TRUUSK.png?fit=2032%2C917&ssl=1","width":2032,"height":917,"caption":"TRUUSK - Hem, Tr\u00e4dg\u00e5rd & Fritid"},"image":{"@id":"https:\/\/truusk.store\/sv\/#\/schema\/logo\/image\/"}}]}},"jetpack_sharing_enabled":true,"_links":{"self":[{"href":"https:\/\/truusk.store\/sv\/wp-json\/wp\/v2\/product\/46557","targetHints":{"allow":["GET"]}}],"collection":[{"href":"https:\/\/truusk.store\/sv\/wp-json\/wp\/v2\/product"}],"about":[{"href":"https:\/\/truusk.store\/sv\/wp-json\/wp\/v2\/types\/product"}],"wp:featuredmedia":[{"embeddable":true,"href":"https:\/\/truusk.store\/sv\/wp-json\/wp\/v2\/media\/46558"}],"wp:attachment":[{"href":"https:\/\/truusk.store\/sv\/wp-json\/wp\/v2\/media?parent=46557"}],"wp:term":[{"taxonomy":"product_brand","embeddable":true,"href":"https:\/\/truusk.store\/sv\/wp-json\/wp\/v2\/product_brand?post=46557"},{"taxonomy":"product_cat","embeddable":true,"href":"https:\/\/truusk.store\/sv\/wp-json\/wp\/v2\/product_cat?post=46557"},{"taxonomy":"product_tag","embeddable":true,"href":"https:\/\/truusk.store\/sv\/wp-json\/wp\/v2\/product_tag?post=46557"}],"curies":[{"name":"wp","href":"https:\/\/api.w.org\/{rel}","templated":true}]}}