{"id":46589,"date":"2024-02-14T06:40:05","date_gmt":"2024-02-14T05:40:05","guid":{"rendered":"https:\/\/truusk.store\/product\/cat-house-cat-hut-pet-hut-asfalttak-2-niva-1-stege-naturlig-gron\/"},"modified":"2026-03-12T09:31:27","modified_gmt":"2026-03-12T08:31:27","slug":"truusk-kattstuga-naturlig-gron-2-nivaer-asfalttak-stege-pet-hut","status":"publish","type":"product","link":"https:\/\/truusk.store\/sv\/produkt\/truusk-kattstuga-naturlig-gron-2-nivaer-asfalttak-stege-pet-hut\/","title":{"rendered":"TRUUSK Kattstuga &#8211; Naturlig + Gr\u00f6n &#8211; 2 Niv\u00e5er &#8211; Asfalttak &#8211; Stege &#8211; Pet Hut"},"content":{"rendered":"<p>V\u00e5rt tv\u00e5v\u00e5nings katthus \u00e4r idealiskt f\u00f6r sm\u00e5 sammetstassar. Katthuset har ett asfalttak och en vattent\u00e4t f\u00e4rg, vilket g\u00f6r det vattent\u00e4tt och v\u00e4derbest\u00e4ndigt. Huset har tre kattgrottor, hoppbr\u00e4dor, d\u00f6rrar och en rolig entr\u00e9 f\u00f6r din katt. En kattl\u00e5da kan placeras i den l\u00e4gsta grottan. Detta katthus \u00e4r ett underbart hem f\u00f6r din katt.<\/p>\n<h3>Beskrivning:<\/h3>\n<ul>\n<li>Tillverkad av massivt grantr\u00e4 f\u00f6r dagligt bruk<\/li>\n<li>Den upph\u00f6jda designen skyddar mot kyla och insekter och s\u00e4kerst\u00e4ller ventilation<\/li>\n<li>Med balkong och tr\u00e4trappor<\/li>\n<li>Asfalttaket skyddar mot sol och regn<\/li>\n<li>Det dekorativa staketet ser bra ut och ger ytterligare s\u00e4kerhet<\/li>\n<li>L\u00e4mplig f\u00f6r inomhus och utomhus<\/li>\n<li>Idealisk f\u00f6r katter och sm\u00e5 hundar.<\/li>\n<li>Montering kr\u00e4vs<\/li>\n<\/ul>\n<h3>Teknisk data:<\/h3>\n<ul>\n<li>F\u00e4rg: naturlig+gr\u00f6n<\/li>\n<li>Material: gran, asfalttak<\/li>\n<li>\u00d6vergripande m\u00e5tt: L77 x B50 x H73 cm<\/li>\n<li>Huvudhusets storlek: L49 x B36,5 x H30 cm<\/li>\n<li>Staketets h\u00f6jd: 15 cm<\/li>\n<li>Trappstorlek: B22 x H40,5 cm<\/li>\n<li>Tr storlek: B14 x H19 cm<\/li>\n<\/ul>\n<h3>Leveransens omfattning:<\/h3>\n<ul>\n<li>1 x Katthus<\/li>\n<li>1 x Monteringsanvisning<\/li>\n<\/ul>\n","protected":false},"excerpt":{"rendered":"<p>V\u00e5rt tv\u00e5v\u00e5nings katthus \u00e4r idealiskt f\u00f6r sm\u00e5 sammetstassar. Katthuset har ett asfalttak och en vattent\u00e4t f\u00e4rg, vilket g\u00f6r det vattent\u00e4tt&#8230;<\/p>\n","protected":false},"featured_media":46590,"template":"","meta":[],"product_brand":[],"product_cat":[573,591,588],"product_tag":[],"class_list":{"0":"post-46589","1":"product","2":"type-product","3":"status-publish","4":"has-post-thumbnail","6":"product_cat-husdjursmaterial","7":"product_cat-katthus","8":"product_cat-katttillbehor","10":"first","11":"instock","12":"sale","13":"taxable","14":"shipping-taxable","15":"purchasable","16":"product-type-simple"},"yoast_head":"<!-- This site is optimized with the Yoast SEO plugin v25.4 - https:\/\/yoast.com\/wordpress\/plugins\/seo\/ -->\n<title>TRUUSK Kattstuga - Naturlig + Gr\u00f6n - 2 Niv\u00e5er - Asfalttak - Stege - Pet Hut - TRUUSK - Hem, Tr\u00e4dg\u00e5rd &amp; Fritid<\/title>\n<meta name=\"robots\" content=\"index, follow, max-snippet:-1, max-image-preview:large, max-video-preview:-1\" \/>\n<link rel=\"canonical\" href=\"https:\/\/truusk.store\/sv\/produkt\/truusk-kattstuga-naturlig-gron-2-nivaer-asfalttak-stege-pet-hut\/\" \/>\n<meta property=\"og:locale\" content=\"sv_SE\" \/>\n<meta property=\"og:type\" content=\"article\" \/>\n<meta property=\"og:title\" content=\"TRUUSK Kattstuga - Naturlig + Gr\u00f6n - 2 Niv\u00e5er - Asfalttak - Stege - Pet Hut - TRUUSK - Hem, Tr\u00e4dg\u00e5rd &amp; Fritid\" \/>\n<meta property=\"og:description\" content=\"V\u00e5rt tv\u00e5v\u00e5nings katthus \u00e4r idealiskt f\u00f6r sm\u00e5 sammetstassar. Katthuset har ett asfalttak och en vattent\u00e4t f\u00e4rg, vilket g\u00f6r det vattent\u00e4tt...\" \/>\n<meta property=\"og:url\" content=\"https:\/\/truusk.store\/sv\/produkt\/truusk-kattstuga-naturlig-gron-2-nivaer-asfalttak-stege-pet-hut\/\" \/>\n<meta property=\"og:site_name\" content=\"TRUUSK - Hem, Tr\u00e4dg\u00e5rd &amp; Fritid\" \/>\n<meta property=\"article:modified_time\" content=\"2026-03-12T08:31:27+00:00\" \/>\n<meta property=\"og:image\" content=\"https:\/\/i0.wp.com\/truusk.se\/wp-content\/uploads\/2024\/02\/cat-house-cat-hut-pet-hut-asfalttak-2-niva-1-stege-naturlig-gron.webp?fit=800%2C800&ssl=1\" \/>\n\t<meta property=\"og:image:width\" content=\"800\" \/>\n\t<meta property=\"og:image:height\" content=\"800\" \/>\n\t<meta property=\"og:image:type\" content=\"image\/webp\" \/>\n<meta name=\"twitter:card\" content=\"summary_large_image\" \/>\n<meta name=\"twitter:label1\" content=\"Ber\u00e4knad l\u00e4stid\" \/>\n\t<meta name=\"twitter:data1\" content=\"1 minut\" \/>\n<!-- \/ Yoast SEO plugin. -->","yoast_head_json":{"title":"TRUUSK Kattstuga - Naturlig + Gr\u00f6n - 2 Niv\u00e5er - Asfalttak - Stege - Pet Hut - TRUUSK - Hem, Tr\u00e4dg\u00e5rd &amp; Fritid","robots":{"index":"index","follow":"follow","max-snippet":"max-snippet:-1","max-image-preview":"max-image-preview:large","max-video-preview":"max-video-preview:-1"},"canonical":"https:\/\/truusk.store\/sv\/produkt\/truusk-kattstuga-naturlig-gron-2-nivaer-asfalttak-stege-pet-hut\/","og_locale":"sv_SE","og_type":"article","og_title":"TRUUSK Kattstuga - Naturlig + Gr\u00f6n - 2 Niv\u00e5er - Asfalttak - Stege - Pet Hut - TRUUSK - Hem, Tr\u00e4dg\u00e5rd &amp; Fritid","og_description":"V\u00e5rt tv\u00e5v\u00e5nings katthus \u00e4r idealiskt f\u00f6r sm\u00e5 sammetstassar. Katthuset har ett asfalttak och en vattent\u00e4t f\u00e4rg, vilket g\u00f6r det vattent\u00e4tt...","og_url":"https:\/\/truusk.store\/sv\/produkt\/truusk-kattstuga-naturlig-gron-2-nivaer-asfalttak-stege-pet-hut\/","og_site_name":"TRUUSK - Hem, Tr\u00e4dg\u00e5rd &amp; Fritid","article_modified_time":"2026-03-12T08:31:27+00:00","og_image":[{"width":800,"height":800,"url":"https:\/\/i0.wp.com\/truusk.se\/wp-content\/uploads\/2024\/02\/cat-house-cat-hut-pet-hut-asfalttak-2-niva-1-stege-naturlig-gron.webp?fit=800%2C800&ssl=1","type":"image\/webp"}],"twitter_card":"summary_large_image","twitter_misc":{"Ber\u00e4knad l\u00e4stid":"1 minut"},"schema":{"@context":"https:\/\/schema.org","@graph":[{"@type":"WebPage","@id":"https:\/\/truusk.store\/sv\/produkt\/truusk-kattstuga-naturlig-gron-2-nivaer-asfalttak-stege-pet-hut\/","url":"https:\/\/truusk.store\/sv\/produkt\/truusk-kattstuga-naturlig-gron-2-nivaer-asfalttak-stege-pet-hut\/","name":"TRUUSK Kattstuga - Naturlig + Gr\u00f6n - 2 Niv\u00e5er - Asfalttak - Stege - Pet Hut - TRUUSK - Hem, Tr\u00e4dg\u00e5rd &amp; Fritid","isPartOf":{"@id":"https:\/\/truusk.store\/sv\/#website"},"primaryImageOfPage":{"@id":"https:\/\/truusk.store\/sv\/produkt\/truusk-kattstuga-naturlig-gron-2-nivaer-asfalttak-stege-pet-hut\/#primaryimage"},"image":{"@id":"https:\/\/truusk.store\/sv\/produkt\/truusk-kattstuga-naturlig-gron-2-nivaer-asfalttak-stege-pet-hut\/#primaryimage"},"thumbnailUrl":"https:\/\/i0.wp.com\/truusk.store\/wp-content\/uploads\/2024\/02\/cat-house-cat-hut-pet-hut-asfalttak-2-niva-1-stege-naturlig-gron.webp?fit=800%2C800&ssl=1","datePublished":"2024-02-14T05:40:05+00:00","dateModified":"2026-03-12T08:31:27+00:00","breadcrumb":{"@id":"https:\/\/truusk.store\/sv\/produkt\/truusk-kattstuga-naturlig-gron-2-nivaer-asfalttak-stege-pet-hut\/#breadcrumb"},"inLanguage":"sv-SE","potentialAction":[{"@type":"ReadAction","target":["https:\/\/truusk.store\/sv\/produkt\/truusk-kattstuga-naturlig-gron-2-nivaer-asfalttak-stege-pet-hut\/"]}]},{"@type":"ImageObject","inLanguage":"sv-SE","@id":"https:\/\/truusk.store\/sv\/produkt\/truusk-kattstuga-naturlig-gron-2-nivaer-asfalttak-stege-pet-hut\/#primaryimage","url":"https:\/\/i0.wp.com\/truusk.store\/wp-content\/uploads\/2024\/02\/cat-house-cat-hut-pet-hut-asfalttak-2-niva-1-stege-naturlig-gron.webp?fit=800%2C800&ssl=1","contentUrl":"https:\/\/i0.wp.com\/truusk.store\/wp-content\/uploads\/2024\/02\/cat-house-cat-hut-pet-hut-asfalttak-2-niva-1-stege-naturlig-gron.webp?fit=800%2C800&ssl=1","width":800,"height":800,"caption":"Cat House Cat Hut Pet Hut Asfalttak 2 Niv\u00e5 1 Stege Naturlig + Gr\u00f6n 1"},{"@type":"BreadcrumbList","@id":"https:\/\/truusk.store\/sv\/produkt\/truusk-kattstuga-naturlig-gron-2-nivaer-asfalttak-stege-pet-hut\/#breadcrumb","itemListElement":[{"@type":"ListItem","position":1,"name":"Home","item":"https:\/\/truusk.store\/sv\/"},{"@type":"ListItem","position":2,"name":"Shop","item":"https:\/\/truusk.store\/shop\/"},{"@type":"ListItem","position":3,"name":"TRUUSK Kattstuga &#8211; Naturlig + Gr\u00f6n &#8211; 2 Niv\u00e5er &#8211; Asfalttak &#8211; Stege &#8211; Pet Hut"}]},{"@type":"WebSite","@id":"https:\/\/truusk.store\/sv\/#website","url":"https:\/\/truusk.store\/sv\/","name":"TRUUSK - Hem, Tr\u00e4dg\u00e5rd & Fritid","description":"","publisher":{"@id":"https:\/\/truusk.store\/sv\/#organization"},"potentialAction":[{"@type":"SearchAction","target":{"@type":"EntryPoint","urlTemplate":"https:\/\/truusk.store\/sv\/?s={search_term_string}"},"query-input":{"@type":"PropertyValueSpecification","valueRequired":true,"valueName":"search_term_string"}}],"inLanguage":"sv-SE"},{"@type":"Organization","@id":"https:\/\/truusk.store\/sv\/#organization","name":"TRUUSK - Hem, Tr\u00e4dg\u00e5rd & Fritid","url":"https:\/\/truusk.store\/sv\/","logo":{"@type":"ImageObject","inLanguage":"sv-SE","@id":"https:\/\/truusk.store\/sv\/#\/schema\/logo\/image\/","url":"https:\/\/i0.wp.com\/truusk.store\/wp-content\/uploads\/2026\/03\/cropped-TRUUSK.png?fit=2032%2C917&ssl=1","contentUrl":"https:\/\/i0.wp.com\/truusk.store\/wp-content\/uploads\/2026\/03\/cropped-TRUUSK.png?fit=2032%2C917&ssl=1","width":2032,"height":917,"caption":"TRUUSK - Hem, Tr\u00e4dg\u00e5rd & Fritid"},"image":{"@id":"https:\/\/truusk.store\/sv\/#\/schema\/logo\/image\/"}}]}},"jetpack_sharing_enabled":true,"_links":{"self":[{"href":"https:\/\/truusk.store\/sv\/wp-json\/wp\/v2\/product\/46589","targetHints":{"allow":["GET"]}}],"collection":[{"href":"https:\/\/truusk.store\/sv\/wp-json\/wp\/v2\/product"}],"about":[{"href":"https:\/\/truusk.store\/sv\/wp-json\/wp\/v2\/types\/product"}],"wp:featuredmedia":[{"embeddable":true,"href":"https:\/\/truusk.store\/sv\/wp-json\/wp\/v2\/media\/46590"}],"wp:attachment":[{"href":"https:\/\/truusk.store\/sv\/wp-json\/wp\/v2\/media?parent=46589"}],"wp:term":[{"taxonomy":"product_brand","embeddable":true,"href":"https:\/\/truusk.store\/sv\/wp-json\/wp\/v2\/product_brand?post=46589"},{"taxonomy":"product_cat","embeddable":true,"href":"https:\/\/truusk.store\/sv\/wp-json\/wp\/v2\/product_cat?post=46589"},{"taxonomy":"product_tag","embeddable":true,"href":"https:\/\/truusk.store\/sv\/wp-json\/wp\/v2\/product_tag?post=46589"}],"curies":[{"name":"wp","href":"https:\/\/api.w.org\/{rel}","templated":true}]}}