{"id":46611,"date":"2024-02-14T06:41:03","date_gmt":"2024-02-14T05:41:03","guid":{"rendered":"https:\/\/truusk.store\/product\/tunnelvaxthus-vaxthus-dragkedjedorrar-natfonster-metallram-35-x-2-x-2m-vit\/"},"modified":"2026-03-12T09:31:31","modified_gmt":"2026-03-12T08:31:31","slug":"truusk-tunnelvaxthus-vaxthus-med-dragkedjedorrar-natfonster-metallram-35-x-2-x-2m-vit","status":"publish","type":"product","link":"https:\/\/truusk.store\/sv\/produkt\/truusk-tunnelvaxthus-vaxthus-med-dragkedjedorrar-natfonster-metallram-35-x-2-x-2m-vit\/","title":{"rendered":"TRUUSK Tunnelv\u00e4xthus &#8211; V\u00e4xthus med dragkedjed\u00f6rrar &#8211; N\u00e4tf\u00f6nster &#8211; Metallram &#8211; 3,5 x 2 x 2m &#8211; Vit"},"content":{"rendered":"<p>Sk\u00f6rda en riklig sk\u00f6rd, oavsett v\u00e4der, tack vare detta tunnelv\u00e4xthus. Den rymliga interi\u00f6ren erbjuder tillr\u00e4ckligt med utrymme f\u00f6r dina v\u00e4xter &#8211; och den \u00f6ppna designen g\u00f6r att du kan anpassa den efter dina \u00f6nskem\u00e5l. Med sina upprullbara dragkedjor och sex n\u00e4tf\u00f6nster ger den enkel \u00e5tkomst och optimal ventilation f\u00f6r dina v\u00e4xter. Den h\u00e5llbara, galvaniserade st\u00e5lramen s\u00e4kerst\u00e4ller maximal stabilitet.<\/p>\n<h3>Beskrivning:<\/h3>\n<ul>\n<li>V\u00e4xthusets folieskydd ger UV och l\u00e4tt v\u00e4derskydd s\u00e5 att v\u00e4xter kan v\u00e4xa bra<\/li>\n<li>Polyesterf\u00f6rst\u00e4rkningar p\u00e5 v\u00e4xthuset f\u00f6rst\u00e4rker de anslutande s\u00f6mmarna<\/li>\n<li>Upprullbara d\u00f6rrar och f\u00f6nster ger enkel \u00e5tkomst och justerbar ventilation<\/li>\n<li>F\u00f6nster med flugn\u00e4t f\u00f6r att h\u00e5lla insekter ute<\/li>\n<li>Galvaniserad st\u00e5lram med f\u00f6rst\u00e4rkta tv\u00e4rst\u00e4nger f\u00f6r stabilitet<\/li>\n<li>L\u00e5nga foliekanter f\u00f6r att gr\u00e4va ner i marken, inklusive sp\u00e4nnlinor och pinnar<\/li>\n<li>Montering kr\u00e4vs, rekommenderas f\u00f6r 2-3 personer<\/li>\n<\/ul>\n<h3>Teknisk data:<\/h3>\n<ul>\n<li>F\u00e4rg vit<\/li>\n<li>Material: Galvaniserat st\u00e5l, 140 GSM PE, polyester<\/li>\n<li>\u00d6vergripande m\u00e5tt: 358L x 210W x 210H cm<\/li>\n<li>Sidod\u00f6rrens m\u00e5tt: 46W x 46H cm<\/li>\n<li>Entr\u00e9d\u00f6rrens m\u00e5tt: 112W x 180H cm<\/li>\n<li>Vindmotst\u00e5ndsniv\u00e5 (n\u00e4r helt fixerad): 4-5 (vindhastighet mindre \u00e4n 28 km\/h)<\/li>\n<\/ul>\n<h3>Leveransens omfattning:<\/h3>\n<ul>\n<li>1 x V\u00e4xthus<\/li>\n<li>4 x sill<\/li>\n<li>4 x Sp\u00e4nnlina<\/li>\n<li>1 x Instruktioner<\/li>\n<\/ul>\n","protected":false},"excerpt":{"rendered":"<p>Sk\u00f6rda en riklig sk\u00f6rd, oavsett v\u00e4der, tack vare detta tunnelv\u00e4xthus. Den rymliga interi\u00f6ren erbjuder tillr\u00e4ckligt med utrymme f\u00f6r dina v\u00e4xter&#8230;<\/p>\n","protected":false},"featured_media":46612,"template":"","meta":[],"product_brand":[],"product_cat":[444,435,443],"product_tag":[],"class_list":{"0":"post-46611","1":"product","2":"type-product","3":"status-publish","4":"has-post-thumbnail","6":"product_cat-filma-vaxthus","7":"product_cat-tradgard-och-terrass","8":"product_cat-vaxthus-tradgardsskotsel","10":"first","11":"instock","12":"sale","13":"taxable","14":"shipping-taxable","15":"purchasable","16":"product-type-simple"},"yoast_head":"<!-- This site is optimized with the Yoast SEO plugin v25.4 - https:\/\/yoast.com\/wordpress\/plugins\/seo\/ -->\n<title>TRUUSK Tunnelv\u00e4xthus - V\u00e4xthus med dragkedjed\u00f6rrar - N\u00e4tf\u00f6nster - Metallram - 3,5 x 2 x 2m - Vit - TRUUSK - Hem, Tr\u00e4dg\u00e5rd &amp; Fritid<\/title>\n<meta name=\"robots\" content=\"index, follow, max-snippet:-1, max-image-preview:large, max-video-preview:-1\" \/>\n<link rel=\"canonical\" href=\"https:\/\/truusk.store\/sv\/produkt\/truusk-tunnelvaxthus-vaxthus-med-dragkedjedorrar-natfonster-metallram-35-x-2-x-2m-vit\/\" \/>\n<meta property=\"og:locale\" content=\"sv_SE\" \/>\n<meta property=\"og:type\" content=\"article\" \/>\n<meta property=\"og:title\" content=\"TRUUSK Tunnelv\u00e4xthus - V\u00e4xthus med dragkedjed\u00f6rrar - N\u00e4tf\u00f6nster - Metallram - 3,5 x 2 x 2m - Vit - TRUUSK - Hem, Tr\u00e4dg\u00e5rd &amp; Fritid\" \/>\n<meta property=\"og:description\" content=\"Sk\u00f6rda en riklig sk\u00f6rd, oavsett v\u00e4der, tack vare detta tunnelv\u00e4xthus. Den rymliga interi\u00f6ren erbjuder tillr\u00e4ckligt med utrymme f\u00f6r dina v\u00e4xter...\" \/>\n<meta property=\"og:url\" content=\"https:\/\/truusk.store\/sv\/produkt\/truusk-tunnelvaxthus-vaxthus-med-dragkedjedorrar-natfonster-metallram-35-x-2-x-2m-vit\/\" \/>\n<meta property=\"og:site_name\" content=\"TRUUSK - Hem, Tr\u00e4dg\u00e5rd &amp; Fritid\" \/>\n<meta property=\"article:modified_time\" content=\"2026-03-12T08:31:31+00:00\" \/>\n<meta property=\"og:image\" content=\"https:\/\/i0.wp.com\/truusk.se\/wp-content\/uploads\/2024\/02\/tunnelvaxthus-vaxthus-dragkedjedorrar-natfonster-metallram-35-x-2-x-2m-vit.webp?fit=800%2C800&ssl=1\" \/>\n\t<meta property=\"og:image:width\" content=\"800\" \/>\n\t<meta property=\"og:image:height\" content=\"800\" \/>\n\t<meta property=\"og:image:type\" content=\"image\/webp\" \/>\n<meta name=\"twitter:card\" content=\"summary_large_image\" \/>\n<meta name=\"twitter:label1\" content=\"Ber\u00e4knad l\u00e4stid\" \/>\n\t<meta name=\"twitter:data1\" content=\"1 minut\" \/>\n<!-- \/ Yoast SEO plugin. -->","yoast_head_json":{"title":"TRUUSK Tunnelv\u00e4xthus - V\u00e4xthus med dragkedjed\u00f6rrar - N\u00e4tf\u00f6nster - Metallram - 3,5 x 2 x 2m - Vit - TRUUSK - Hem, Tr\u00e4dg\u00e5rd &amp; Fritid","robots":{"index":"index","follow":"follow","max-snippet":"max-snippet:-1","max-image-preview":"max-image-preview:large","max-video-preview":"max-video-preview:-1"},"canonical":"https:\/\/truusk.store\/sv\/produkt\/truusk-tunnelvaxthus-vaxthus-med-dragkedjedorrar-natfonster-metallram-35-x-2-x-2m-vit\/","og_locale":"sv_SE","og_type":"article","og_title":"TRUUSK Tunnelv\u00e4xthus - V\u00e4xthus med dragkedjed\u00f6rrar - N\u00e4tf\u00f6nster - Metallram - 3,5 x 2 x 2m - Vit - TRUUSK - Hem, Tr\u00e4dg\u00e5rd &amp; Fritid","og_description":"Sk\u00f6rda en riklig sk\u00f6rd, oavsett v\u00e4der, tack vare detta tunnelv\u00e4xthus. Den rymliga interi\u00f6ren erbjuder tillr\u00e4ckligt med utrymme f\u00f6r dina v\u00e4xter...","og_url":"https:\/\/truusk.store\/sv\/produkt\/truusk-tunnelvaxthus-vaxthus-med-dragkedjedorrar-natfonster-metallram-35-x-2-x-2m-vit\/","og_site_name":"TRUUSK - Hem, Tr\u00e4dg\u00e5rd &amp; Fritid","article_modified_time":"2026-03-12T08:31:31+00:00","og_image":[{"width":800,"height":800,"url":"https:\/\/i0.wp.com\/truusk.se\/wp-content\/uploads\/2024\/02\/tunnelvaxthus-vaxthus-dragkedjedorrar-natfonster-metallram-35-x-2-x-2m-vit.webp?fit=800%2C800&ssl=1","type":"image\/webp"}],"twitter_card":"summary_large_image","twitter_misc":{"Ber\u00e4knad l\u00e4stid":"1 minut"},"schema":{"@context":"https:\/\/schema.org","@graph":[{"@type":"WebPage","@id":"https:\/\/truusk.store\/sv\/produkt\/truusk-tunnelvaxthus-vaxthus-med-dragkedjedorrar-natfonster-metallram-35-x-2-x-2m-vit\/","url":"https:\/\/truusk.store\/sv\/produkt\/truusk-tunnelvaxthus-vaxthus-med-dragkedjedorrar-natfonster-metallram-35-x-2-x-2m-vit\/","name":"TRUUSK Tunnelv\u00e4xthus - V\u00e4xthus med dragkedjed\u00f6rrar - N\u00e4tf\u00f6nster - Metallram - 3,5 x 2 x 2m - Vit - TRUUSK - Hem, Tr\u00e4dg\u00e5rd &amp; Fritid","isPartOf":{"@id":"https:\/\/truusk.store\/sv\/#website"},"primaryImageOfPage":{"@id":"https:\/\/truusk.store\/sv\/produkt\/truusk-tunnelvaxthus-vaxthus-med-dragkedjedorrar-natfonster-metallram-35-x-2-x-2m-vit\/#primaryimage"},"image":{"@id":"https:\/\/truusk.store\/sv\/produkt\/truusk-tunnelvaxthus-vaxthus-med-dragkedjedorrar-natfonster-metallram-35-x-2-x-2m-vit\/#primaryimage"},"thumbnailUrl":"https:\/\/i0.wp.com\/truusk.store\/wp-content\/uploads\/2024\/02\/tunnelvaxthus-vaxthus-dragkedjedorrar-natfonster-metallram-35-x-2-x-2m-vit.webp?fit=800%2C800&ssl=1","datePublished":"2024-02-14T05:41:03+00:00","dateModified":"2026-03-12T08:31:31+00:00","breadcrumb":{"@id":"https:\/\/truusk.store\/sv\/produkt\/truusk-tunnelvaxthus-vaxthus-med-dragkedjedorrar-natfonster-metallram-35-x-2-x-2m-vit\/#breadcrumb"},"inLanguage":"sv-SE","potentialAction":[{"@type":"ReadAction","target":["https:\/\/truusk.store\/sv\/produkt\/truusk-tunnelvaxthus-vaxthus-med-dragkedjedorrar-natfonster-metallram-35-x-2-x-2m-vit\/"]}]},{"@type":"ImageObject","inLanguage":"sv-SE","@id":"https:\/\/truusk.store\/sv\/produkt\/truusk-tunnelvaxthus-vaxthus-med-dragkedjedorrar-natfonster-metallram-35-x-2-x-2m-vit\/#primaryimage","url":"https:\/\/i0.wp.com\/truusk.store\/wp-content\/uploads\/2024\/02\/tunnelvaxthus-vaxthus-dragkedjedorrar-natfonster-metallram-35-x-2-x-2m-vit.webp?fit=800%2C800&ssl=1","contentUrl":"https:\/\/i0.wp.com\/truusk.store\/wp-content\/uploads\/2024\/02\/tunnelvaxthus-vaxthus-dragkedjedorrar-natfonster-metallram-35-x-2-x-2m-vit.webp?fit=800%2C800&ssl=1","width":800,"height":800,"caption":"Tunnelv\u00e4xthus, V\u00e4xthus, Dragkedjed\u00f6rrar, N\u00e4tf\u00f6nster, Metallram, 3,5 X 2 X 2m, Vit 1"},{"@type":"BreadcrumbList","@id":"https:\/\/truusk.store\/sv\/produkt\/truusk-tunnelvaxthus-vaxthus-med-dragkedjedorrar-natfonster-metallram-35-x-2-x-2m-vit\/#breadcrumb","itemListElement":[{"@type":"ListItem","position":1,"name":"Home","item":"https:\/\/truusk.store\/sv\/"},{"@type":"ListItem","position":2,"name":"Shop","item":"https:\/\/truusk.store\/shop\/"},{"@type":"ListItem","position":3,"name":"TRUUSK Tunnelv\u00e4xthus &#8211; V\u00e4xthus med dragkedjed\u00f6rrar &#8211; N\u00e4tf\u00f6nster &#8211; Metallram &#8211; 3,5 x 2 x 2m &#8211; Vit"}]},{"@type":"WebSite","@id":"https:\/\/truusk.store\/sv\/#website","url":"https:\/\/truusk.store\/sv\/","name":"TRUUSK - Hem, Tr\u00e4dg\u00e5rd & Fritid","description":"","publisher":{"@id":"https:\/\/truusk.store\/sv\/#organization"},"potentialAction":[{"@type":"SearchAction","target":{"@type":"EntryPoint","urlTemplate":"https:\/\/truusk.store\/sv\/?s={search_term_string}"},"query-input":{"@type":"PropertyValueSpecification","valueRequired":true,"valueName":"search_term_string"}}],"inLanguage":"sv-SE"},{"@type":"Organization","@id":"https:\/\/truusk.store\/sv\/#organization","name":"TRUUSK - Hem, Tr\u00e4dg\u00e5rd & Fritid","url":"https:\/\/truusk.store\/sv\/","logo":{"@type":"ImageObject","inLanguage":"sv-SE","@id":"https:\/\/truusk.store\/sv\/#\/schema\/logo\/image\/","url":"https:\/\/i0.wp.com\/truusk.store\/wp-content\/uploads\/2026\/03\/cropped-TRUUSK.png?fit=2032%2C917&ssl=1","contentUrl":"https:\/\/i0.wp.com\/truusk.store\/wp-content\/uploads\/2026\/03\/cropped-TRUUSK.png?fit=2032%2C917&ssl=1","width":2032,"height":917,"caption":"TRUUSK - Hem, Tr\u00e4dg\u00e5rd & Fritid"},"image":{"@id":"https:\/\/truusk.store\/sv\/#\/schema\/logo\/image\/"}}]}},"jetpack_sharing_enabled":true,"_links":{"self":[{"href":"https:\/\/truusk.store\/sv\/wp-json\/wp\/v2\/product\/46611","targetHints":{"allow":["GET"]}}],"collection":[{"href":"https:\/\/truusk.store\/sv\/wp-json\/wp\/v2\/product"}],"about":[{"href":"https:\/\/truusk.store\/sv\/wp-json\/wp\/v2\/types\/product"}],"wp:featuredmedia":[{"embeddable":true,"href":"https:\/\/truusk.store\/sv\/wp-json\/wp\/v2\/media\/46612"}],"wp:attachment":[{"href":"https:\/\/truusk.store\/sv\/wp-json\/wp\/v2\/media?parent=46611"}],"wp:term":[{"taxonomy":"product_brand","embeddable":true,"href":"https:\/\/truusk.store\/sv\/wp-json\/wp\/v2\/product_brand?post=46611"},{"taxonomy":"product_cat","embeddable":true,"href":"https:\/\/truusk.store\/sv\/wp-json\/wp\/v2\/product_cat?post=46611"},{"taxonomy":"product_tag","embeddable":true,"href":"https:\/\/truusk.store\/sv\/wp-json\/wp\/v2\/product_tag?post=46611"}],"curies":[{"name":"wp","href":"https:\/\/api.w.org\/{rel}","templated":true}]}}